{"id":9409,"date":"2023-04-23T14:52:27","date_gmt":"2023-04-23T14:52:27","guid":{"rendered":"https:\/\/starlediluminacion.com\/?post_type=product&#038;p=9409"},"modified":"2023-07-27T13:00:30","modified_gmt":"2023-07-27T13:00:30","slug":"neon-led-flexible-24v-10w-m-bobina-50m-6x12mm-6000k","status":"publish","type":"product","link":"https:\/\/starlediluminacion.com\/de\/product\/neon-led-flexible-24v-10w-m-bobina-50m-6x12mm-6000k\/","title":{"rendered":"<p>Ne&oacute;n LED Flexible 24V -10W\/m &ndash; Bobina 50m &ndash; 6x12mm &ndash; 6000K<\/p>"},"content":{"rendered":"<h4>MEHR<div class=\"rte\">\n<h1>Ne&oacute;n LED Flexible 24V -10W\/m &ndash; Bobina 50m &ndash; 6x12mm&nbsp;&ndash;&nbsp;6000K<\/h1>\n<p>Die&nbsp;<strong>Flexible LED-Leuchte 24V<\/strong>&nbsp;ist eine moderne und effiziente Option f\u00fcr die Innen- und Au\u00dfenbeleuchtung, die eine hervorragende Lichtqualit\u00e4t und eine breite Palette von Gestaltungsm\u00f6glichkeiten bietet. Dieses Produkt wird auf einer Spule mit&nbsp;<strong>50 Meter<\/strong>&nbsp;in der L\u00e4nge, mit einem Durchmesser von<strong>&nbsp;6x12mm<\/strong>&nbsp;und einer Dichte von 120 SMD2835-Dioden pro Meter.<\/p>\n<p>Eine der herausragendsten Eigenschaften der 24 V Flexible LED Neon ist ihre Abschaltf\u00e4higkeit, wodurch sie in einer Vielzahl von Anwendungen eingesetzt werden kann.&nbsp;<strong>alle 1 cm schneiden<\/strong>&nbsp;ohne die Integrit\u00e4t der Spule zu besch\u00e4digen. Dies erm\u00f6glicht eine vollst\u00e4ndige Anpassung der Beleuchtung und eine einfache Installation. Dar\u00fcber hinaus erm\u00f6glicht die Flexibilit\u00e4t dieses Produkts eine gro\u00dfe Vielfalt an Formen und Designs, die zu jedem Projekt passen.<\/p>\n<p>Die&nbsp;<strong>Beleuchtung<\/strong>&nbsp;LED ist hochgradig&nbsp;<strong>effizient und langlebig<\/strong>und diese 24 V flexible LED-Leuchte.  Mit einem Stromverbrauch von nur 10 Watt pro Meter ist sie eine wirtschaftliche und nachhaltige Wahl f\u00fcr alle, die eine hochwertige und energieeffiziente Beleuchtungsl\u00f6sung suchen. Dar\u00fcber hinaus ist die Lebensdauer dieses Produkts lang, was bedeutet, dass es f\u00fcr eine lange Zeit verwendet werden kann, ohne dass es ersetzt werden muss.<\/p>\n<p>Ein weiterer Vorteil der 24V Flexible LED Neon ist ihre&nbsp;<strong>Widerstand<\/strong>&nbsp;im Freien und in der&nbsp;<strong>Wasser<\/strong>und ist damit ideal f\u00fcr Ihre&nbsp;<strong>verwenden.<\/strong>&nbsp;sowohl im Innen- als auch im Au\u00dfenbereich&nbsp;<strong>im Freien<\/strong>. Dieses Produkt h\u00e4lt extremen Wetterbedingungen wie Regen, Schnee und Sonne stand, was es zu einer ausgezeichneten Wahl f\u00fcr die Beleuchtung von Fassaden, G\u00e4rten, Terrassen und anderen Au\u00dfenbereichen macht. F\u00fcr die Verwendung im Freien ist es notwendig, Silikonkleber zu verwenden, den Sie auf unserer Website finden.<\/p>\n<p>Die Flexibilit\u00e4t dieses Produkts erlaubt es, es \u00fcberall zu installieren, von W\u00e4nden \u00fcber Decken bis hin zu S\u00e4ulen.<\/p>\n<p>Das in unseren Neon-LED-Streifen verwendete Silikon ist verkapselndes Silikon. Das in LED-Streifen verwendete Einkapselungssilikon ist so konzipiert, dass es UV-Strahlen, hohen Temperaturen und rauen Witterungsbedingungen standh\u00e4lt, die die Leistung von LED-Streifen beeintr\u00e4chtigen k\u00f6nnen.<\/p>\n<p>Die&nbsp;<strong>24V Neon-LED-Streifen<\/strong>&nbsp;LED-Streifen werden \u00fcber ein Netzteil betrieben, das den Netzstrom (85\/265 V) in einen Gleichstrom von 24 V umwandelt, mit dem die LED-Streifen betrieben werden. Es ist wichtig sicherzustellen, dass der Transformator oder das Netzteil \u00fcber eine ausreichende Kapazit\u00e4t verf\u00fcgt, um die Anzahl der Meter LED-Streifen zu versorgen, die Sie verwenden m\u00f6chten, denn wenn die Leistung des Transformators nicht ausreicht, kann dies zu einer Fehlfunktion und einer Verschlechterung der Lebensdauer der LED-Neon f\u00fchren.<\/p>\n<p>Wenn Sie zum Beispiel eine 24V, 10W\/m Neon-LED-Leiste haben, die 10 Watt pro Meter verbraucht, k\u00f6nnen Sie die Gesamtlast der Installation berechnen, indem Sie die Meter der LED-Leiste, die Sie installieren m\u00f6chten, mit den Watt pro Meter (10W\/m) multiplizieren. Wenn Sie also 20 Meter LED-Streifen installieren m\u00f6chten, betr\u00e4gt die Gesamtlast 200 Watt. Daher sollten Sie ein Netzteil oder einen Transformator w\u00e4hlen, der einer Mindestlast von 200 Watt standh\u00e4lt. Es ist wichtig, darauf zu achten, dass das Netzteil oder der Transformator eine ausreichende Kapazit\u00e4t hat, um der Belastung der Installation standzuhalten, da sonst die LED-Streifen ausfallen oder sogar besch\u00e4digt werden k\u00f6nnen.<\/p>\n<p>Kurz gesagt, die 24V Flexible LED Neon ist eine moderne, effiziente und langlebige Beleuchtungsl\u00f6sung, die eine breite Palette von Design- und Anpassungsm\u00f6glichkeiten bietet. Mit seiner Abschaltfunktion, Flexibilit\u00e4t, Wetter- und Wasserbest\u00e4ndigkeit und der einfachen Installation ist dieses Produkt ideal f\u00fcr jedes Beleuchtungsprojekt im Innen- oder Au\u00dfenbereich. Dar\u00fcber hinaus ist seine&nbsp;<strong>geringer Energieverbrauch<\/strong>&nbsp;und die lange Lebensdauer machen sie zu einer nachhaltigen und wirtschaftlichen Wahl f\u00fcr alle, die eine hochwertige Beleuchtungsl\u00f6sung suchen.<\/p>\n<p>&nbsp;<\/p>\n<h2>Einige der h\u00e4ufigsten Orte, an denen unsere 24V LED Neon montiert werden k\u00f6nnen, sind:<\/h2>\n<h2><\/h2>\n<ul>\n<li>Au\u00dfenbeschilderung f\u00fcr Unternehmen: LED-Neon wird verwendet, um individuelle Neonschilder f\u00fcr die Au\u00dfenbeschilderung von Gesch\u00e4ften, Restaurants und Bars zu erstellen.<\/li>\n<li>Dekoration in Innenr\u00e4umen: LED-Neon eignet sich perfekt f\u00fcr dekorative Lichteffekte in Innenr\u00e4umen, z. B. in Nachtclubs, Bars und Wohnungen.<\/li>\n<li>Architekturbeleuchtung: LED-Neon wird in der Architekturbeleuchtung eingesetzt, um einzigartige Beleuchtungseffekte an Geb\u00e4uden und Strukturen zu erzeugen.<\/li>\n<li>Werbung: LED-Neon wird in der Werbung eingesetzt, um auff\u00e4llige und attraktive Beschilderungen auf Werbefl\u00e4chen wie Plakatw\u00e4nden und Postern zu schaffen.<\/li>\n<\/ul>\n<h3 class=\"page-product-heading\">TECHNISCHE DATEN<\/h3>\n<div class=\"col-xs-12 col-md-6\">\n<table class=\"table table-data-sheet 1\">\n<tbody>\n<tr class=\"odd\">\n<td valign=\"middle\" width=\"32\"><\/td>\n<td valign=\"middle\">REFERENZEN :<\/td>\n<td valign=\"middle\">SLLD10-6000K<\/td>\n<\/tr>\n<tr class=\"even\">\n<td valign=\"middle\" width=\"32\"><\/td>\n<td valign=\"middle\">Nennleistung :<\/td>\n<td valign=\"middle\">10W<\/td>\n<\/tr>\n<tr class=\"odd\">\n<td valign=\"middle\" width=\"32\"><\/td>\n<td valign=\"middle\">Nennspannung:<\/td>\n<td valign=\"middle\">24V DC<\/td>\n<\/tr>\n<tr class=\"even\">\n<td valign=\"middle\" width=\"32\"><\/td>\n<td valign=\"middle\">CRI - Farbwiedergabeindex:<\/td>\n<td valign=\"middle\">80<\/td>\n<\/tr>\n<tr class=\"odd\">\n<td valign=\"middle\" width=\"32\"><\/td>\n<td valign=\"middle\">Baumaterial:<\/td>\n<td valign=\"middle\">Silikon<\/td>\n<\/tr>\n<tr class=\"even\">\n<td valign=\"middle\" width=\"32\"><\/td>\n<td valign=\"middle\">Leuchtkraft-Lm:<\/td>\n<td valign=\"middle\">900<\/td>\n<\/tr>\n<tr class=\"odd\">\n<td valign=\"middle\" width=\"32\"><\/td>\n<td valign=\"middle\">Art der LEDs:<\/td>\n<td valign=\"middle\">SMD 2835<\/td>\n<\/tr>\n<tr class=\"even\">\n<td valign=\"middle\" width=\"32\"><\/td>\n<td valign=\"middle\">\u00d6ffnungswinkel (\u00ba):<\/td>\n<td valign=\"middle\">150\u00ba<\/td>\n<\/tr>\n<tr class=\"odd\">\n<td valign=\"middle\" width=\"32\"><\/td>\n<td valign=\"middle\">Effizienz der LED-Diode (Lm\/W):<\/td>\n<td valign=\"middle\">120Lm\/W<\/td>\n<\/tr>\n<tr class=\"even\">\n<td valign=\"middle\" width=\"32\"><\/td>\n<td valign=\"middle\">Lichtausbeute (Lm\/W):<\/td>\n<td valign=\"middle\">90 Lm\/W<\/td>\n<\/tr>\n<\/tbody>\n<\/table>\n<\/div>\n<div class=\"col-xs-12 col-md-6 2\">\n<table class=\"table table-data-sheet 2\">\n<tbody>\n<tr class=\"odd\">\n<td valign=\"middle\" width=\"32\"><\/td>\n<td valign=\"middle\">Dimmbar:<\/td>\n<td valign=\"middle\">YES<\/td>\n<\/tr>\n<tr class=\"even\">\n<td valign=\"middle\" width=\"32\"><\/td>\n<td valign=\"middle\">Bescheinigungen:<\/td>\n<td valign=\"middle\">CE - ROHS<\/td>\n<\/tr>\n<tr class=\"odd\">\n<td valign=\"middle\" width=\"32\"><\/td>\n<td valign=\"middle\">IP-Bewertung:<\/td>\n<td valign=\"middle\">IP65-Au\u00dfenbereich<\/td>\n<\/tr>\n<tr class=\"even\">\n<td valign=\"middle\" width=\"32\"><\/td>\n<td valign=\"middle\">Gesch\u00e4tzte Lebensdauer der LED-Diode (H):<\/td>\n<td valign=\"middle\">30.000<\/td>\n<\/tr>\n<tr class=\"odd\">\n<td valign=\"middle\" width=\"32\"><\/td>\n<td valign=\"middle\">Temperaturbereich (\u00baC):<\/td>\n<td valign=\"middle\">-20\u00b0C ~ +55\u00b0C<\/td>\n<\/tr>\n<tr class=\"even\">\n<td valign=\"middle\" width=\"32\"><\/td>\n<td valign=\"middle\">Z\u00fcndungszyklen:<\/td>\n<td valign=\"middle\">100.000<\/td>\n<\/tr>\n<tr class=\"odd\">\n<td valign=\"middle\" width=\"32\"><\/td>\n<td valign=\"middle\">Energieklasse (2021-EU-2019\/2015):<\/td>\n<td valign=\"middle\">A+<\/td>\n<\/tr>\n<tr class=\"even\">\n<td valign=\"middle\" width=\"32\"><\/td>\n<td valign=\"middle\">Energieklasse (2023 - EU-2019\/2015):<\/td>\n<td valign=\"middle\">F<\/td>\n<\/tr>\n<tr class=\"odd\">\n<td valign=\"middle\" width=\"32\"><\/td>\n<td valign=\"middle\">Gew\u00e4hrleistungsjahre:<\/td>\n<td valign=\"middle\">3<\/td>\n<\/tr>\n<\/tbody>\n<\/table>\n<p>&nbsp;<\/p>\n<\/div>\n<\/div><\/h4>","protected":false},"excerpt":{"rendered":"<div class=\"woocommerce-product-details__short-description\">\n<p><label>REFERENCIA: SLLD10-6000K<\/label><\/p>\n<p><strong>SPEZIALETIKETTIERUNG PRODUKT<\/strong>. Spule von 50 METRES .&nbsp;<strong>Erm\u00f6glicht es, die Neon LED 24V alle 1cm zu schneiden.<\/strong>&nbsp;Unser LED Neon hat 120 SMD 2835 Dioden\/Meter.  Dieses Produkt ist sehr flexibel und kann in verschiedene Formen gebogen werden.<\/p>\n<p><strong>FARBTEMPERATUR:<\/strong><\/p>\n<p><strong>ORANGE\/ BLAU\/ ROSA\/ GR\u00dcN\/ GELB\/ HELLBLAU\/ LILA\/ ROT\/ 3000K\/ 6000K<\/strong><\/p>\n<div class=\"col-md-12\"><i class=\"fa fa-truck\"><\/i>&nbsp;<span class=\"text-muted textprop\">Lieferung innerhalb von 24\/48 Stunden<\/span><\/div>\n<div class=\"col-md-12\"><i class=\"fa fa-exchange\"><\/i>&nbsp;<span class=\"text-muted textprop\">Versicherte Garantie<\/span><\/div>\n<div class=\"col-md-12\"><i class=\"fa fa-box\"><\/i>&nbsp;<span class=\"text-muted textprop\">1 Einheit(en) pro Masterbox<\/span><\/div>\n<div><\/div>\n<\/div>","protected":false},"featured_media":9410,"template":"","meta":{"site-sidebar-layout":"default","site-content-layout":"default","ast-global-header-display":"","ast-main-header-display":"","ast-hfb-above-header-display":"","ast-hfb-below-header-display":"","ast-hfb-mobile-header-display":"","site-post-title":"","ast-breadcrumbs-content":"","ast-featured-img":"","footer-sml-layout":"","theme-transparent-header-meta":"default","adv-header-id-meta":"","stick-header-meta":"","header-above-stick-meta":"","header-main-stick-meta":"","header-below-stick-meta":""},"product_cat":[108,45],"product_tag":[],"class_list":["post-9409","product","type-product","status-publish","has-post-thumbnail","hentry","product_cat-neon-led-flexible-24v","product_cat-tiras-led-y-neon-flexible"],"_links":{"self":[{"href":"https:\/\/starlediluminacion.com\/de\/wp-json\/wp\/v3\/product\/9409","targetHints":{"allow":["GET"]}}],"collection":[{"href":"https:\/\/starlediluminacion.com\/de\/wp-json\/wp\/v3\/product"}],"about":[{"href":"https:\/\/starlediluminacion.com\/de\/wp-json\/wp\/v2\/types\/product"}],"wp:featuredmedia":[{"embeddable":true,"href":"https:\/\/starlediluminacion.com\/de\/wp-json\/wp\/v2\/media\/9410"}],"wp:attachment":[{"href":"https:\/\/starlediluminacion.com\/de\/wp-json\/wp\/v2\/media?parent=9409"}],"wp:term":[{"taxonomy":"product_cat","embeddable":true,"href":"https:\/\/starlediluminacion.com\/de\/wp-json\/wp\/v2\/product_cat?post=9409"},{"taxonomy":"product_tag","embeddable":true,"href":"https:\/\/starlediluminacion.com\/de\/wp-json\/wp\/v2\/product_tag?post=9409"}],"curies":[{"name":"wp","href":"https:\/\/api.w.org\/{rel}","templated":true}]}}