{"id":9355,"date":"2023-04-23T13:10:16","date_gmt":"2023-04-23T13:10:16","guid":{"rendered":"https:\/\/starlediluminacion.com\/?post_type=product&#038;p=9355"},"modified":"2023-07-27T13:42:03","modified_gmt":"2023-07-27T13:42:03","slug":"tira-led-220v-120xled-m-20m-smd2835-1540lm-m-14w-m-ip67-corte-cada-10cm","status":"publish","type":"product","link":"https:\/\/starlediluminacion.com\/de\/product\/tira-led-220v-120xled-m-20m-smd2835-1540lm-m-14w-m-ip67-corte-cada-10cm\/","title":{"rendered":"<p>Tira LED 220V | 120xLED\/m | 20m | SMD2835 | 1540Lm\/M | 14W\/M | IP67 | Corte cada 10cm<\/p>"},"content":{"rendered":"<h1>Tira LED 220V | 120xLED\/m | 20m | SMD2835 | 1450Lm\/M | 14W\/M | IP67 | Corte cada 10cm<p>Diese&nbsp;<strong>LED-Streifen 220V<\/strong>&nbsp;DC 120LED\/m<strong>&nbsp;IP67<\/strong>&nbsp;hat eine L\u00e4nge von&nbsp;<strong>20 Meter<\/strong>&nbsp;und integriert&nbsp;<b data-stringify-type=\"bold\">120&nbsp;<\/b><strong>LED<\/strong>&nbsp;der Technologie&nbsp;<strong>SMD2835<\/strong>&nbsp;die nur eine geringe Menge an Energie verbrauchen.&nbsp;<strong>14w&nbsp;<\/strong>pro Meter. Das helle und farbenfrohe Licht wird in einem Winkel von 120\u00b0 ausgestrahlt.<\/p><p>Unser LED-Streifen ist selbstklebend und l\u00e4sst sich leicht installieren. Es kann sein&nbsp;<strong>regelm\u00e4\u00dfig<\/strong>&nbsp;die Intensit\u00e4t der LED-Streifen<\/p><p>Esta Tira Led SMD2835&nbsp; dispone de&nbsp;<strong>120 chips por metro<\/strong>, con su&nbsp;<b data-stringify-type=\"bold\">CRI &gt;82<\/b>&nbsp;sehen die Farben sehr realistisch aus. Das macht diesen LED-Streifen perfekt f\u00fcr die Beleuchtung von R\u00e4umen, in denen wir die Farben perfekt aussehen lassen wollen.<\/p><p>Die&nbsp;<strong>LED-Streifen<\/strong>&nbsp;k\u00f6nnen an den auf dem Band angegebenen Stellen (Kupferverbindungsstelle) abgeschnitten und verbunden werden, wobei die entsprechenden Anweisungen zu beachten sind (beim L\u00f6ten ist darauf zu achten, dass der L\u00f6tkolben nur kurz mit dem Band in Kontakt bleibt, da eine zu gro\u00dfe Hitze den Leiter besch\u00e4digt).<\/p><p>Um die Lebensdauer des LED-Streifens zu erh\u00f6hen, ist es&nbsp;<strong>empfohlen<\/strong>&nbsp;Verwenden Sie das doppelseitige K\u00fchlband und legen Sie es auf den&nbsp;<strong>Aluminiumprofil<\/strong>f\u00fcr das richtige W\u00e4rmemanagement des LED-Streifens selbst.<\/p><p>LED-Streifen sind dank ihrer Flexibilit\u00e4t ideal f\u00fcr die Beleuchtung jeder Art von Ecke oder Element in Ihrem Gesch\u00e4ft oder Zuhause. Man kann sagen, dass einer ihrer Hauptvorteile ihre gro\u00dfe Flexibilit\u00e4t ist.&nbsp;<strong>Vielseitigkeit der Nutzung<\/strong>&nbsp;Sie k\u00f6nnen in jedem Bereich installiert werden und passen sich jeder Ecke an, und k\u00f6nnen somit in jeder Position platziert werden, dank ihrer&nbsp;<strong>linear anpassbares Design.<\/strong><\/p><h2>\n<strong>Usos de la&nbsp;Tira LED 220V | 120xLED\/m | 20m | SMD2835 | 1450Lm\/M | 14W\/M | IP67 | Corte cada 10cm<\/strong><\/h2><ul>\n<li>&nbsp;&nbsp;&nbsp; In Bibliotheken<\/li>\n<li>&nbsp;&nbsp;&nbsp; Bars<\/li>\n<li>&nbsp;&nbsp;&nbsp; Startseite<\/li>\n<li>&nbsp;&nbsp;&nbsp; Restaurants<\/li>\n<li>&nbsp;&nbsp;&nbsp; Abdeckungen<\/li>\n<\/ul><h3 class=\"page-product-heading\">TECHNISCHE DATEN<\/h3><div class=\"col-xs-12 col-md-6\">\n<table class=\"table table-data-sheet 1\">\n<tbody>\n<tr class=\"odd\">\n<td valign=\"middle\" width=\"32\"><\/td>\n<td valign=\"middle\">REFERENZEN :<\/td>\n<td valign=\"middle\">SLSP120D20M14W<\/td>\n<\/tr>\n<tr class=\"even\">\n<td valign=\"middle\" width=\"32\"><\/td>\n<td valign=\"middle\">Nennleistung :<\/td>\n<td valign=\"middle\">14W<\/td>\n<\/tr>\n<tr class=\"odd\">\n<td valign=\"middle\" width=\"32\"><\/td>\n<td valign=\"middle\">Nennspannung:<\/td>\n<td valign=\"middle\">220-240 V AC<\/td>\n<\/tr>\n<tr class=\"even\">\n<td valign=\"middle\" width=\"32\"><\/td>\n<td valign=\"middle\">Lichttemperatur:<\/td>\n<td valign=\"middle\">2300K - 2700K - 4000K - 6000K<\/td>\n<\/tr>\n<tr class=\"odd\">\n<td valign=\"middle\" width=\"32\"><\/td>\n<td valign=\"middle\">CRI - Farbwiedergabeindex:<\/td>\n<td valign=\"middle\">82<\/td>\n<\/tr>\n<tr class=\"even\">\n<td valign=\"middle\" width=\"32\"><\/td>\n<td valign=\"middle\">Baumaterial:<\/td>\n<td valign=\"middle\">Silikon<\/td>\n<\/tr>\n<tr class=\"odd\">\n<td valign=\"middle\" width=\"32\"><\/td>\n<td valign=\"middle\">Leuchtkraft-Lm:<\/td>\n<td valign=\"middle\">1M: 1540Lm -10M: 15400 Lm - 20M: 30800Lm<\/td>\n<\/tr>\n<tr class=\"even\">\n<td valign=\"middle\" width=\"32\"><\/td>\n<td valign=\"middle\">Art der LEDs:<\/td>\n<td valign=\"middle\">140 LEDs\/M - SMD2835 BRIDGELUX CHIP<\/td>\n<\/tr>\n<tr class=\"odd\">\n<td valign=\"middle\" width=\"32\"><\/td>\n<td valign=\"middle\">\u00d6ffnungswinkel (\u00ba):<\/td>\n<td valign=\"middle\">120\u00ba<\/td>\n<\/tr>\n<tr class=\"even\">\n<td valign=\"middle\" width=\"32\"><\/td>\n<td valign=\"middle\">Effizienz der LED-Diode (Lm\/W):<\/td>\n<td valign=\"middle\">155 Lm\/W<\/td>\n<\/tr>\n<tr class=\"odd\">\n<td valign=\"middle\" width=\"32\"><\/td>\n<td valign=\"middle\">Lichtausbeute (Lm\/W):<\/td>\n<td valign=\"middle\">135 Lm\/W<\/td>\n<\/tr>\n<\/tbody>\n<\/table>\n<\/div><div class=\"col-xs-12 col-md-6 2\">\n<table class=\"table table-data-sheet 2\">\n<tbody>\n<tr class=\"odd\">\n<td valign=\"middle\" width=\"32\"><\/td>\n<td valign=\"middle\">Dimmbar:<\/td>\n<td valign=\"middle\">TRIAC<\/td>\n<\/tr>\n<tr class=\"even\">\n<td valign=\"middle\" width=\"32\"><\/td>\n<td valign=\"middle\">Bescheinigungen:<\/td>\n<td valign=\"middle\">CE - ROHS<\/td>\n<\/tr>\n<tr class=\"odd\">\n<td valign=\"middle\" width=\"32\"><\/td>\n<td valign=\"middle\">IP-Bewertung:<\/td>\n<td valign=\"middle\">IP67-Au\u00dfenbereich<\/td>\n<\/tr>\n<tr class=\"even\">\n<td valign=\"middle\" width=\"32\"><\/td>\n<td valign=\"middle\">Gesch\u00e4tzte Lebensdauer der LED-Diode (H):<\/td>\n<td valign=\"middle\">100.000<\/td>\n<\/tr>\n<tr class=\"odd\">\n<td valign=\"middle\" width=\"32\"><\/td>\n<td valign=\"middle\">Abmessungen (mm):<\/td>\n<td valign=\"middle\">L20m x 10mm<\/td>\n<\/tr>\n<tr class=\"even\">\n<td valign=\"middle\" width=\"32\"><\/td>\n<td valign=\"middle\">Leistungsfaktor (PF):<\/td>\n<td valign=\"middle\">0,91<\/td>\n<\/tr>\n<tr class=\"odd\">\n<td valign=\"middle\" width=\"32\"><\/td>\n<td valign=\"middle\">Arbeitsfrequenz (Hz):<\/td>\n<td valign=\"middle\">50\/60Hz<\/td>\n<\/tr>\n<tr class=\"even\">\n<td valign=\"middle\" width=\"32\"><\/td>\n<td valign=\"middle\">Temperaturbereich (\u00baC):<\/td>\n<td valign=\"middle\">-20\u00b0C ~ +55\u00b0C<\/td>\n<\/tr>\n<tr class=\"odd\">\n<td valign=\"middle\" width=\"32\"><\/td>\n<td valign=\"middle\">Z\u00fcndungszyklen:<\/td>\n<td valign=\"middle\">100.000<\/td>\n<\/tr>\n<tr class=\"even\">\n<td valign=\"middle\" width=\"32\"><\/td>\n<td valign=\"middle\">Energieklasse (2021-EU-2019\/2015):<\/td>\n<td valign=\"middle\">A+<\/td>\n<\/tr>\n<tr class=\"odd\">\n<td valign=\"middle\" width=\"32\"><\/td>\n<td valign=\"middle\">Gew\u00e4hrleistungsjahre:<\/td>\n<td valign=\"middle\">3<\/td>\n<\/tr>\n<\/tbody>\n<\/table>\n<p>&nbsp;<\/p>\n<\/div><\/h1>","protected":false},"excerpt":{"rendered":"<p>REFERENCIA: SLSP120D20M14W-90963-4K<p><strong>LED-Streifen<\/strong>&nbsp;<strong>PROFESSIONELL<\/strong>&nbsp;<strong>14W<\/strong>&nbsp;pro Meter<strong>,<\/strong>&nbsp;von&nbsp;<strong>220V<\/strong>&nbsp;mit einer L\u00e4nge&nbsp;<strong>20<\/strong>&nbsp;<strong>Meter<\/strong>. Konzipiert f\u00fcr die Inneninstallation. Perfekt f\u00fcr die Beleuchtung aller Arten von R\u00e4umen. Es ist KEINE Stromversorgung erforderlich und es ist ratsam, es auf einem Aluminiumprofil f\u00fcr eine gute W\u00e4rmeableitung zu installieren.<b data-stringify-type=\"bold\">&nbsp;<\/b><\/p><p><b data-stringify-type=\"bold\">120 Leds\/metro SMD2835 CHIP de alta potencia.<\/b><\/p><p><strong>FARBTEMPERATUR: 2300K\/2700K\/4000K\/5700K<\/strong><\/p><div class=\"col-md-12\"><i class=\"fa fa-truck\"><\/i>&nbsp;<span class=\"text-muted textprop\">Lieferung innerhalb von 24\/48 Stunden<\/span><\/div><div class=\"col-md-12\"><i class=\"fa fa-exchange\"><\/i>&nbsp;<span class=\"text-muted textprop\">Versicherte Garantie<\/span><\/div><div class=\"col-md-12\"><i class=\"fa fa-box\"><\/i>&nbsp;<span class=\"text-muted textprop\">4 Einheit(en) pro Masterbox<\/span><\/div><p>&nbsp;<\/p><\/p>","protected":false},"featured_media":9358,"template":"","meta":{"site-sidebar-layout":"default","site-content-layout":"default","ast-global-header-display":"","ast-main-header-display":"","ast-hfb-above-header-display":"","ast-hfb-below-header-display":"","ast-hfb-mobile-header-display":"","site-post-title":"","ast-breadcrumbs-content":"","ast-featured-img":"","footer-sml-layout":"","theme-transparent-header-meta":"default","adv-header-id-meta":"","stick-header-meta":"","header-above-stick-meta":"","header-main-stick-meta":"","header-below-stick-meta":""},"product_cat":[90,45],"product_tag":[],"class_list":["post-9355","product","type-product","status-publish","has-post-thumbnail","hentry","product_cat-tiras-led-220v-240v-ac","product_cat-tiras-led-y-neon-flexible"],"_links":{"self":[{"href":"https:\/\/starlediluminacion.com\/de\/wp-json\/wp\/v3\/product\/9355","targetHints":{"allow":["GET"]}}],"collection":[{"href":"https:\/\/starlediluminacion.com\/de\/wp-json\/wp\/v3\/product"}],"about":[{"href":"https:\/\/starlediluminacion.com\/de\/wp-json\/wp\/v2\/types\/product"}],"wp:featuredmedia":[{"embeddable":true,"href":"https:\/\/starlediluminacion.com\/de\/wp-json\/wp\/v2\/media\/9358"}],"wp:attachment":[{"href":"https:\/\/starlediluminacion.com\/de\/wp-json\/wp\/v2\/media?parent=9355"}],"wp:term":[{"taxonomy":"product_cat","embeddable":true,"href":"https:\/\/starlediluminacion.com\/de\/wp-json\/wp\/v2\/product_cat?post=9355"},{"taxonomy":"product_tag","embeddable":true,"href":"https:\/\/starlediluminacion.com\/de\/wp-json\/wp\/v2\/product_tag?post=9355"}],"curies":[{"name":"wp","href":"https:\/\/api.w.org\/{rel}","templated":true}]}}