{"id":9192,"date":"2023-04-23T11:30:27","date_gmt":"2023-04-23T11:30:27","guid":{"rendered":"https:\/\/starlediluminacion.com\/?post_type=product&#038;p=9192"},"modified":"2023-07-27T13:04:21","modified_gmt":"2023-07-27T13:04:21","slug":"foco-proyector-led-30w-new-avant-osram-chip-duris-e-2835-sensor-movimiento-pir-2","status":"publish","type":"product","link":"https:\/\/starlediluminacion.com\/de\/product\/foco-proyector-led-30w-new-avant-osram-chip-duris-e-2835-sensor-movimiento-pir-2\/","title":{"rendered":"<p>Foco Proyector LED 30W NEW AVANT OSRAM CHIP DURIS E 2835 &ndash; Sensor Movimiento PIR<\/p>"},"content":{"rendered":"<h1 dir=\"ltr\">Foco Proyector LED 30W NEW&nbsp;AVANT OSRAM CHIP &ndash; Sensor Movimiento PIR<p>Die&nbsp;<strong>LED-Strahler<\/strong>&nbsp;hat eine Leistung von&nbsp;<strong>30W<\/strong>&nbsp;und sieht vor&nbsp;<strong>Bewegungsmelder<\/strong>&nbsp;um Ihre Beleuchtung zu optimieren, wenn&nbsp;<strong>erkennt<\/strong>&nbsp;jede Art von&nbsp;<strong>Pr\u00e4senz<\/strong>. Es ist hergestellt aus&nbsp;<strong>Aluminium&nbsp;<\/strong>mit Behandlung&nbsp;<strong>Korrosionsschutz<\/strong>&nbsp;y&nbsp;<strong>Glas<\/strong>&nbsp;Die Montage erfolgt \u00fcber eine Halterung, mit der der Strahler in verschiedene Positionen geschwenkt werden kann.<\/p><p dir=\"ltr\">Seine leistungsstarke Lichtquelle ist mehr als ausreichend, um Leuchten zu ersetzen, selbst in industriellen Umgebungen, und bietet eine&nbsp;<strong>Einsparungen<\/strong>&nbsp;Die neuen Hochleistungs-LEDs mit einer Leistungsaufnahme von bis zu 80% zeichnen sich durch ihre hohe Helligkeit aus.&nbsp;<strong>OSRAM<\/strong>.<\/p><p dir=\"ltr\">Sie zeichnet sich durch ihre Effizienz, ihren hohen CRI, ihren hohen Leistungsfaktor und ihre Robustheit aus. Sie hat eine hohe&nbsp;<strong>IP65<\/strong>&nbsp;und mit Aufprallschutz&nbsp;<strong>IK08<\/strong>. Ihr&nbsp;<strong>90\u00b0 \u00d6ffnungswinkel<\/strong>&nbsp;machen ihn ideal, um einen gro\u00dfen Raum auf sehr effiziente Weise abzudecken.<\/p><p dir=\"ltr\">Diese&nbsp;<strong>Spotlight<\/strong>&nbsp;bietet eine extrem hohe Beleuchtungsst\u00e4rke&nbsp;<strong>Qualit\u00e4t<\/strong>&nbsp;f\u00fcr seinen hohen Farbwiedergabeindex (CRI) +80, selbst bei Installationen in einer H\u00f6he von 5 oder 6 Metern. Es ist ideal f\u00fcr alle Arten von Installationen sowohl&nbsp;<strong>innerhalb<\/strong>ab dem&nbsp;<strong>au\u00dferhalb<\/strong>.<\/p><p dir=\"ltr\">Genie\u00dfen Sie in unserem Online Shop&nbsp;<strong>Beleuchtung<\/strong>&nbsp;FactorLED von h\u00f6chster Qualit\u00e4t, zum besten Preis f\u00fcr dieses Produkt und mit&nbsp;<strong>drei Jahre Garantie.<\/strong><\/p><h2 dir=\"ltr\">Usos del&nbsp;Foco Proyector LED 30W NEW&nbsp;AVANT OSRAM CHIP &ndash; Sensor Movimiento PIR<\/h2><ul>\n<li>G\u00e4rten<\/li>\n<li>Parks<\/li>\n<li>Orte<\/li>\n<li>Kreisverkehre<\/li>\n<li>Museen<\/li>\n<li>Wege<\/li>\n<li>Galerien<\/li>\n<\/ul><h3 class=\"page-product-heading\">TECHNISCHE DATEN<\/h3><div class=\"col-xs-12 col-md-6\">\n<table class=\"table table-data-sheet 1\">\n<tbody>\n<tr class=\"odd\">\n<td valign=\"middle\" width=\"32\"><\/td>\n<td valign=\"middle\">REFERENZEN :<\/td>\n<td valign=\"middle\">SLNEWAVANT-30PIR<\/td>\n<\/tr>\n<tr class=\"even\">\n<td valign=\"middle\" width=\"32\"><\/td>\n<td valign=\"middle\">Nennleistung :<\/td>\n<td valign=\"middle\">30W<\/td>\n<\/tr>\n<tr class=\"odd\">\n<td valign=\"middle\" width=\"32\"><\/td>\n<td valign=\"middle\">Nennspannung:<\/td>\n<td valign=\"middle\">AC180-265V<\/td>\n<\/tr>\n<tr class=\"even\">\n<td valign=\"middle\" width=\"32\"><\/td>\n<td valign=\"middle\">Lichttemperatur:<\/td>\n<td valign=\"middle\">4000K<\/td>\n<\/tr>\n<tr class=\"odd\">\n<td valign=\"middle\" width=\"32\"><\/td>\n<td valign=\"middle\">CRI - Farbwiedergabeindex:<\/td>\n<td valign=\"middle\">80<\/td>\n<\/tr>\n<tr class=\"even\">\n<td valign=\"middle\" width=\"32\"><\/td>\n<td valign=\"middle\">Baumaterial:<\/td>\n<td valign=\"middle\">Aluminium +PC<\/td>\n<\/tr>\n<tr class=\"odd\">\n<td valign=\"middle\" width=\"32\"><\/td>\n<td valign=\"middle\">Leuchtkraft-Lm:<\/td>\n<td valign=\"middle\">3600<\/td>\n<\/tr>\n<tr class=\"even\">\n<td valign=\"middle\" width=\"32\"><\/td>\n<td valign=\"middle\">Art der LEDs:<\/td>\n<td valign=\"middle\">SMD 2835 OSRAM CHIP<\/td>\n<\/tr>\n<tr class=\"odd\">\n<td valign=\"middle\" width=\"32\"><\/td>\n<td valign=\"middle\">\u00d6ffnungswinkel (\u00ba):<\/td>\n<td valign=\"middle\">90\u00b0<\/td>\n<\/tr>\n<tr class=\"even\">\n<td valign=\"middle\" width=\"32\"><\/td>\n<td valign=\"middle\">Effizienz der LED-Diode (Lm\/W):<\/td>\n<td valign=\"middle\">130Lm\/W<\/td>\n<\/tr>\n<tr class=\"odd\">\n<td valign=\"middle\" width=\"32\"><\/td>\n<td valign=\"middle\">Lichtausbeute (Lm\/W):<\/td>\n<td valign=\"middle\">120 Lm\/W<\/td>\n<\/tr>\n<tr class=\"even\">\n<td valign=\"middle\" width=\"32\"><\/td>\n<td valign=\"middle\">Bescheinigungen:<\/td>\n<td valign=\"middle\">CE - ROHS<\/td>\n<\/tr>\n<tr class=\"odd\">\n<td valign=\"middle\" width=\"32\"><\/td>\n<td valign=\"middle\">IP-Bewertung:<\/td>\n<td valign=\"middle\">IP65-Au\u00dfenbereich<\/td>\n<\/tr>\n<\/tbody>\n<\/table>\n<\/div><div class=\"col-xs-12 col-md-6 2\">\n<table class=\"table table-data-sheet 2\">\n<tbody>\n<tr class=\"odd\">\n<td valign=\"middle\" width=\"32\"><\/td>\n<td valign=\"middle\">Gesch\u00e4tzte Lebensdauer der LED-Diode (H):<\/td>\n<td valign=\"middle\">30.000<\/td>\n<\/tr>\n<tr class=\"even\">\n<td valign=\"middle\" width=\"32\"><\/td>\n<td valign=\"middle\">Abmessungen (mm):<\/td>\n<td valign=\"middle\">168*194*51mm<\/td>\n<\/tr>\n<tr class=\"odd\">\n<td valign=\"middle\" width=\"32\"><\/td>\n<td valign=\"middle\">Leistungsfaktor (PF):<\/td>\n<td valign=\"middle\">0.9<\/td>\n<\/tr>\n<tr class=\"even\">\n<td valign=\"middle\" width=\"32\"><\/td>\n<td valign=\"middle\">Arbeitsfrequenz (Hz):<\/td>\n<td valign=\"middle\">50\/60Hz<\/td>\n<\/tr>\n<tr class=\"odd\">\n<td valign=\"middle\" width=\"32\"><\/td>\n<td valign=\"middle\">Temperaturbereich (\u00baC):<\/td>\n<td valign=\"middle\">-20\u00b0C ~ +55\u00b0C<\/td>\n<\/tr>\n<tr class=\"even\">\n<td valign=\"middle\" width=\"32\"><\/td>\n<td valign=\"middle\">Z\u00fcndungszyklen:<\/td>\n<td valign=\"middle\">100.000<\/td>\n<\/tr>\n<tr class=\"odd\">\n<td valign=\"middle\" width=\"32\"><\/td>\n<td valign=\"middle\">Einschaltzeit (s):<\/td>\n<td valign=\"middle\">0,2s<\/td>\n<\/tr>\n<tr class=\"even\">\n<td valign=\"middle\" width=\"32\"><\/td>\n<td valign=\"middle\">Aufprallschutz (IK):<\/td>\n<td valign=\"middle\">IK08<\/td>\n<\/tr>\n<tr class=\"odd\">\n<td valign=\"middle\" width=\"32\"><\/td>\n<td valign=\"middle\">Energieklasse (2021-EU-2019\/2015):<\/td>\n<td valign=\"middle\">A+<\/td>\n<\/tr>\n<tr class=\"even\">\n<td valign=\"middle\" width=\"32\"><\/td>\n<td valign=\"middle\">Energieklasse (2023 - EU-2019\/2015):<\/td>\n<td valign=\"middle\">F<\/td>\n<\/tr>\n<tr class=\"odd\">\n<td valign=\"middle\" width=\"32\"><\/td>\n<td valign=\"middle\">Gew\u00e4hrleistungsjahre:<\/td>\n<td valign=\"middle\">3<\/td>\n<\/tr>\n<tr class=\"even\">\n<td valign=\"middle\" width=\"32\"><\/td>\n<td valign=\"middle\">Reichweite (m) :<\/td>\n<td valign=\"middle\">10 m.<\/td>\n<\/tr>\n<\/tbody>\n<\/table>\n<p>&nbsp;<\/p>\n<\/div><\/h1>","protected":false},"excerpt":{"rendered":"<p><label>REFERENCIA: SLNEWAVANT-30PIR-90378-4K<\/label><p>Die<strong>&nbsp;LED-Strahler NEW AVANT OSRAM CHIP<\/strong>hat eine Leistung von&nbsp;<strong>30W<\/strong>&nbsp;und hat eine&nbsp;<strong>PIR-Bewegungssensor<\/strong>ist ein technologischer Durchbruch f\u00fcr hohe Effizienz. Er schaltet sich automatisch ein, wenn er eine Bewegung erkennt. Sein Grad an&nbsp;<strong>Schutzart IP65<\/strong>&nbsp;macht es regenfest und rostet nicht, auch nicht bei Schnee oder Regen.<\/p><div class=\"col-md-12\"><i class=\"fa fa-truck\"><\/i>&nbsp;<span class=\"text-muted textprop\">Lieferung innerhalb von 24\/48 Stunden<\/span><\/div><div class=\"col-md-12\"><i class=\"fa fa-exchange\"><\/i>&nbsp;<span class=\"text-muted textprop\">Versicherte Garantie<\/span><\/div><div class=\"col-md-12\"><i class=\"fa fa-box\"><\/i>&nbsp;<span class=\"text-muted textprop\">20 Einheit(en) pro Masterbox<\/span><\/div><div><\/div><\/p>","protected":false},"featured_media":9949,"template":"","meta":{"site-sidebar-layout":"default","site-content-layout":"default","ast-global-header-display":"","ast-main-header-display":"","ast-hfb-above-header-display":"","ast-hfb-below-header-display":"","ast-hfb-mobile-header-display":"","site-post-title":"","ast-breadcrumbs-content":"","ast-featured-img":"","footer-sml-layout":"","theme-transparent-header-meta":"default","adv-header-id-meta":"","stick-header-meta":"","header-above-stick-meta":"","header-main-stick-meta":"","header-below-stick-meta":""},"product_cat":[81,28],"product_tag":[],"class_list":["post-9192","product","type-product","status-publish","has-post-thumbnail","hentry","product_cat-foco-proyector-serie-avant","product_cat-proyectores-led-exterior-y-jardin"],"_links":{"self":[{"href":"https:\/\/starlediluminacion.com\/de\/wp-json\/wp\/v3\/product\/9192","targetHints":{"allow":["GET"]}}],"collection":[{"href":"https:\/\/starlediluminacion.com\/de\/wp-json\/wp\/v3\/product"}],"about":[{"href":"https:\/\/starlediluminacion.com\/de\/wp-json\/wp\/v2\/types\/product"}],"wp:featuredmedia":[{"embeddable":true,"href":"https:\/\/starlediluminacion.com\/de\/wp-json\/wp\/v2\/media\/9949"}],"wp:attachment":[{"href":"https:\/\/starlediluminacion.com\/de\/wp-json\/wp\/v2\/media?parent=9192"}],"wp:term":[{"taxonomy":"product_cat","embeddable":true,"href":"https:\/\/starlediluminacion.com\/de\/wp-json\/wp\/v2\/product_cat?post=9192"},{"taxonomy":"product_tag","embeddable":true,"href":"https:\/\/starlediluminacion.com\/de\/wp-json\/wp\/v2\/product_tag?post=9192"}],"curies":[{"name":"wp","href":"https:\/\/api.w.org\/{rel}","templated":true}]}}