{"id":9125,"date":"2023-03-12T13:28:29","date_gmt":"2023-03-12T13:28:29","guid":{"rendered":"https:\/\/starlediluminacion.com\/?post_type=product&#038;p=9125"},"modified":"2023-07-27T13:06:23","modified_gmt":"2023-07-27T13:06:23","slug":"downlight-led-15w-bronce-cri92-ugr13","status":"publish","type":"product","link":"https:\/\/starlediluminacion.com\/de\/product\/downlight-led-15w-bronce-cri92-ugr13\/","title":{"rendered":"<p>Downlight LED 15W - BRONZE - CRI+92 - UGR13<\/p>"},"content":{"rendered":"<h1>Downlight LED 15W - BRONZE - CRI+92 - UGR13<p>Die&nbsp;<strong>LED-Downlight 15W<\/strong>&nbsp;ist ein sehr vielseitiges Produkt, das gute Leistung mit gro\u00dfer Energieeinsparung verbindet. Seine geringe Gr\u00f6\u00dfe macht sein Design perfekt<\/p><p>Unser Modul enth\u00e4lt ein<strong>&nbsp;Externer Treiber erm\u00f6glicht<\/strong>&nbsp;machen.<strong>&nbsp;Betrieb der LED<\/strong>&nbsp;<strong>an Gro\u00dfm\u00e4chte<\/strong>Die vom Treiber erzeugte W\u00e4rme beeintr\u00e4chtigt die LED-Diode nicht, was ihre Lebensdauer verl\u00e4ngert und die Lichtleistung der LED erh\u00f6ht.&nbsp;<strong>die Lebensdauer erh\u00f6hen<\/strong>&nbsp;der Leuchtenbaugruppe.<\/p><p>Ihre Diode&nbsp;<strong>COB-Bridgelux<\/strong>&nbsp;liefert 130 lm\/W und ist damit \u00e4u\u00dferst effizient und energiesparend. Bridgelux ist eine anerkannte Marke f\u00fcr die Herstellung von hochwertigen COB-Dioden. Zu den besonderen Vorteilen der Bridgelux COB-Diode geh\u00f6ren:<\/p><ol>\n<li>Hohe Energieeffizienz: Bridgelux COB-Dioden bieten eine hohe Energieeffizienz und erm\u00f6glichen eine starke Lichtleistung bei relativ geringem Stromverbrauch.<\/li>\n<li>Hohe Lichtqualit\u00e4t: Bridgelux COB-Dioden bieten eine hervorragende Lichtqualit\u00e4t mit exzellenter Farbwiedergabe (hoher CRI) und konstanter Farbtemperatur, wodurch Objekte und R\u00e4ume nat\u00fcrlicher und lebendiger wirken.<\/li>\n<li>Kompaktes Design: Bridgelux COB-Dioden haben ein kompaktes und leichtes Design, wodurch sie leicht in verschiedene Arten von Leuchten und Beleuchtungsanwendungen integriert werden k\u00f6nnen.<\/li>\n<li>Erh\u00f6hte Zuverl\u00e4ssigkeit und Haltbarkeit: Bridgelux COB-Dioden sind f\u00fcr eine lange Lebensdauer und Zuverl\u00e4ssigkeit ausgelegt.<\/li>\n<\/ol><p>Unser Downlight ist mit einem Niveau ausgestattet&nbsp;&nbsp;<strong>UGR&lt;13<\/strong>&nbsp;- Niedriges Niveau der UGR -<\/p><p>UGR steht f\u00fcr \"Unified Glare Ratio\" (einheitlicher Blendungsgrad) und wird verwendet, um den Grad der Blendung zu messen, der von einer Person in einer beleuchteten Umgebung wahrgenommen werden kann. Ein niedriger UGR-Wert zeigt an, dass die Umgebung einen geringeren Blendungsgrad aufweist und daher eine bessere Beleuchtungsqualit\u00e4t bietet.<\/p><p>Einige Vorteile einer niedrigen UGR sind:<\/p><ol>\n<li>Erh\u00f6hter Sehkomfort: Durch die Verringerung der Blendwirkung wird die Umgebung angenehmer f\u00fcr die Augen und reduziert die Erm\u00fcdung der Augen, was Produktivit\u00e4t und Konzentration verbessern kann.<\/li>\n<li>Verbesserte Leistung: Eine Umgebung mit niedrigem UGR-Wert bietet eine bessere Lichtqualit\u00e4t und kann die Sehleistung verbessern, was besonders in Arbeits- und Lernumgebungen wichtig ist.<\/li>\n<li>Erh\u00f6hte Sicherheit: Eine niedrige UGR kann auch die Sicherheit am Arbeitsplatz verbessern, indem sie das Risiko von Unf\u00e4llen durch Blendung verringert.<\/li>\n<li>\u00c4sthetisch ansprechend: Umgebungen mit einem niedrigen UGR k\u00f6nnen \u00e4sthetisch ansprechender sein, da Objekte und Oberfl\u00e4chen klarer und sch\u00e4rfer erscheinen, was eine angenehmere Umgebung schafft.<\/li>\n<\/ol><p>Zusammenfassend l\u00e4sst sich sagen, dass eine niedrige UGR eine Reihe von Vorteilen bieten kann, wie z. B. erh\u00f6hter Sehkomfort, verbesserte Leistung, erh\u00f6hte Sicherheit und attraktive \u00c4sthetik, was sie zu einem wichtigen Faktor macht, der bei der Gestaltung und Planung der Beleuchtung von Arbeitspl\u00e4tzen, Arbeitszimmern und anderen Umgebungen ber\u00fccksichtigt werden muss.<\/p><p>&nbsp;<\/p><p>Ihr&nbsp;<strong>CRI +92<\/strong>&nbsp;Die Farbwiedergabe des Lichts erm\u00f6glicht eine professionelle und akkurate Farbwahrnehmung, die sich auch perfekt f\u00fcr Fotostudios und Gesch\u00e4ftsr\u00e4ume eignet, in denen eine professionelle und leistungsstarke Beleuchtung erforderlich ist.<\/p><p>Der CRI oder \"Farbwiedergabeindex\" ist ein Ma\u00df f\u00fcr die F\u00e4higkeit einer Lichtquelle, die Farben von Objekten im Vergleich zu einer nat\u00fcrlichen Lichtquelle genau wiederzugeben. Ein hoher CRI bedeutet, dass die Lichtquelle Farben genauer und detaillierter wiedergeben kann. Die Vorteile eines hohen CRI sind:<\/p><ol>\n<li>Nat\u00fcrlichere und lebendigere Farben: Mit einem hohen CRI erscheinen die Farben von Objekten nat\u00fcrlicher und lebendiger, was das Aussehen und die Wahrnehmung von Objekten und R\u00e4umen verbessern kann.<\/li>\n<li>Genauere Farbwahrnehmung: Eine Lichtquelle mit einem hohen CRI erm\u00f6glicht eine genauere Wahrnehmung von Farbunterschieden, was besonders bei Anwendungen wie Mode, Innenarchitektur, Kunst und Museumsbeleuchtung wichtig sein kann.<\/li>\n<li>Verbesserte Lichtqualit\u00e4t: Eine Lichtquelle mit einem hohen CRI kann auch die Lichtqualit\u00e4t in Bezug auf Kontrast und Helligkeit verbessern, wodurch Objekte und Oberfl\u00e4chen sch\u00e4rfer und klarer erscheinen.<\/li>\n<li>Verbesserte Sehleistung: Eine Lichtquelle mit einem hohen CRI kann die Sehleistung bei Aufgaben verbessern, die eine gute Farbwahrnehmung und Detailgenauigkeit erfordern, wie z. B. Lesen, N\u00e4hen oder Pr\u00e4zisionsarbeit.<\/li>\n<li>H\u00f6herer Sehkomfort: Nat\u00fcrlichere, lebendigere Farben und eine bessere Detailwahrnehmung verringern die visuelle Erm\u00fcdung und verbessern den Sehkomfort, was das Wohlbefinden und die Produktivit\u00e4t in Arbeits- und Lernumgebungen steigern kann.<\/li>\n<\/ol><p>Zusammenfassend l\u00e4sst sich sagen, dass ein hoher CRI eine Reihe von Vorteilen in Bezug auf die Lichtqualit\u00e4t, die Farbwahrnehmung, die Sehleistung und den Sehkomfort bieten kann und somit ein wichtiger Faktor ist, der bei der Auswahl von Lichtquellen f\u00fcr verschiedene Anwendungen zu ber\u00fccksichtigen ist.<\/p><p>Das Lichtb\u00fcndel ist von hoher Qualit\u00e4t, da es eine hohe&nbsp;<strong>CRI+92,<\/strong>&nbsp;und seine&nbsp;<strong>Winkel&nbsp;<\/strong>prim\u00e4r von<strong>&nbsp;36\u00ba<\/strong>Das neue Beleuchtungssystem, das uns die M\u00f6glichkeit gibt, bestimmte Elemente eines Raumes hervorzuheben; gleichzeitig erm\u00f6glicht es uns erhebliche Einsparungen beim Stromverbrauch.<\/p><p>Unser Downlingt 15W besteht aus Aluminium, das ein guter W\u00e4rmeleiter ist und dazu beitr\u00e4gt, die von den LEDs erzeugte W\u00e4rme abzuleiten, was wiederum ihre Lebensdauer verl\u00e4ngert.<\/p><p>&nbsp;<\/p><h2>Verwendungsm\u00f6glichkeiten des Downlights LED 15W - BRONZE - CRI+92 - UGR13<\/h2><ul>\n<li>Toiletten<\/li>\n<li>Schr\u00e4nke<\/li>\n<li>Schlafr\u00e4ume<\/li>\n<li>Schauk\u00e4sten<\/li>\n<li>Schaufenster<\/li>\n<li>Korridore<\/li>\n<li>Gesch\u00e4fte<\/li>\n<li>Gewerbliche R\u00e4ume<\/li>\n<li>Arbeitsbereiche<\/li>\n<\/ul><h3 class=\"page-product-heading\">TECHNISCHE DATEN<\/h3><div class=\"col-xs-12 col-md-6\">\n<table class=\"table table-data-sheet 1\">\n<tbody>\n<tr class=\"odd\">\n<td valign=\"middle\" width=\"32\"><\/td>\n<td valign=\"middle\">REFERENZEN :<\/td>\n<td valign=\"middle\">SLNC1855R-15WUGR13<\/td>\n<\/tr>\n<tr class=\"even\">\n<td valign=\"middle\" width=\"32\"><\/td>\n<td valign=\"middle\">Nennleistung :<\/td>\n<td valign=\"middle\">15w<\/td>\n<\/tr>\n<tr class=\"odd\">\n<td valign=\"middle\" width=\"32\"><\/td>\n<td valign=\"middle\">Nennspannung:<\/td>\n<td valign=\"middle\">85V-265V<\/td>\n<\/tr>\n<tr class=\"even\">\n<td valign=\"middle\" width=\"32\"><\/td>\n<td valign=\"middle\">Lichttemperatur:<\/td>\n<td valign=\"middle\">3000K - 4000K<\/td>\n<\/tr>\n<tr class=\"odd\">\n<td valign=\"middle\" width=\"32\"><\/td>\n<td valign=\"middle\">CRI - Farbwiedergabeindex:<\/td>\n<td valign=\"middle\">92<\/td>\n<\/tr>\n<tr class=\"even\">\n<td valign=\"middle\" width=\"32\"><\/td>\n<td valign=\"middle\">Baumaterial:<\/td>\n<td valign=\"middle\">Aluminium +PC<\/td>\n<\/tr>\n<tr class=\"odd\">\n<td valign=\"middle\" width=\"32\"><\/td>\n<td valign=\"middle\">Leuchtkraft-Lm:<\/td>\n<td valign=\"middle\">1950 Lm<\/td>\n<\/tr>\n<tr class=\"even\">\n<td valign=\"middle\" width=\"32\"><\/td>\n<td valign=\"middle\">Art der LEDs:<\/td>\n<td valign=\"middle\">Bridgelux-Chip im Inneren des 12C3B<\/td>\n<\/tr>\n<tr class=\"odd\">\n<td valign=\"middle\" width=\"32\"><\/td>\n<td valign=\"middle\">\u00d6ffnungswinkel (\u00ba):<\/td>\n<td valign=\"middle\">36\u00ba<\/td>\n<\/tr>\n<tr class=\"even\">\n<td valign=\"middle\" width=\"32\"><\/td>\n<td valign=\"middle\">Effizienz der LED-Diode (Lm\/W):<\/td>\n<td valign=\"middle\">160 Lm\/w<\/td>\n<\/tr>\n<tr class=\"odd\">\n<td valign=\"middle\" width=\"32\"><\/td>\n<td valign=\"middle\">Lichtausbeute (Lm\/W):<\/td>\n<td valign=\"middle\">130 Lm\/W<\/td>\n<\/tr>\n<tr class=\"even\">\n<td valign=\"middle\" width=\"32\"><\/td>\n<td valign=\"middle\">Bescheinigungen:<\/td>\n<td valign=\"middle\">CE - ROHS<\/td>\n<\/tr>\n<\/tbody>\n<\/table>\n<\/div><div class=\"col-xs-12 col-md-6 2\">\n<table class=\"table table-data-sheet 2\">\n<tbody>\n<tr class=\"odd\">\n<td valign=\"middle\" width=\"32\"><\/td>\n<td valign=\"middle\">IP-Bewertung:<\/td>\n<td valign=\"middle\">IP44<\/td>\n<\/tr>\n<tr class=\"even\">\n<td valign=\"middle\" width=\"32\"><\/td>\n<td valign=\"middle\">Gesch\u00e4tzte Lebensdauer der LED-Diode (H):<\/td>\n<td valign=\"middle\">35.000<\/td>\n<\/tr>\n<tr class=\"odd\">\n<td valign=\"middle\" width=\"32\"><\/td>\n<td valign=\"middle\">Abmessungen (mm):<\/td>\n<td valign=\"middle\">\u00d898xH75mm<\/td>\n<\/tr>\n<tr class=\"even\">\n<td valign=\"middle\" width=\"32\"><\/td>\n<td valign=\"middle\">Arbeitsfrequenz (Hz):<\/td>\n<td valign=\"middle\">50\/60Hz<\/td>\n<\/tr>\n<tr class=\"odd\">\n<td valign=\"middle\" width=\"32\"><\/td>\n<td valign=\"middle\">Temperaturbereich (\u00baC):<\/td>\n<td valign=\"middle\">-20\u00b0C ~ +55\u00b0C<\/td>\n<\/tr>\n<tr class=\"even\">\n<td valign=\"middle\" width=\"32\"><\/td>\n<td valign=\"middle\">Z\u00fcndungszyklen:<\/td>\n<td valign=\"middle\">100.000<\/td>\n<\/tr>\n<tr class=\"odd\">\n<td valign=\"middle\" width=\"32\"><\/td>\n<td valign=\"middle\">Einschaltzeit (s):<\/td>\n<td valign=\"middle\">0,2s<\/td>\n<\/tr>\n<tr class=\"even\">\n<td valign=\"middle\" width=\"32\"><\/td>\n<td valign=\"middle\">Deckenausschnitt (mm):<\/td>\n<td valign=\"middle\">\u00d865mm<\/td>\n<\/tr>\n<tr class=\"odd\">\n<td valign=\"middle\" width=\"32\"><\/td>\n<td valign=\"middle\">Blendungsindex (UGR):<\/td>\n<td valign=\"middle\">13<\/td>\n<\/tr>\n<tr class=\"even\">\n<td valign=\"middle\" width=\"32\"><\/td>\n<td valign=\"middle\">Energieklasse (2021-EU-2019\/2015):<\/td>\n<td valign=\"middle\">A+<\/td>\n<\/tr>\n<tr class=\"odd\">\n<td valign=\"middle\" width=\"32\"><\/td>\n<td valign=\"middle\">Energieklasse (2023 - EU-2019\/2015):<\/td>\n<td valign=\"middle\">E<\/td>\n<\/tr>\n<tr class=\"even\">\n<td valign=\"middle\" width=\"32\"><\/td>\n<td valign=\"middle\">Gew\u00e4hrleistungsjahre:<\/td>\n<td valign=\"middle\">3<\/td>\n<\/tr>\n<\/tbody>\n<\/table>\n<p>&nbsp;<\/p>\n<\/div><\/h1>","protected":false},"excerpt":{"rendered":"<p>Die&nbsp;<strong>Downlight LED 15W<\/strong>&nbsp;Die Bridgelux COB-Diode ist aus Aluminium gefertigt und hat eine hohe Leistung und einen externen Treiber, mit einer guten Lichtleistung.&nbsp;<strong>130Lm\/W.<\/strong>&nbsp;Hohe Rate von&nbsp;<strong>Farbwiedergabe +92<\/strong>&nbsp;- PROFESSIONAL COLOUR - zum Genie\u00dfen&nbsp;<strong>Qualit\u00e4t des Lichts<\/strong>&nbsp;und verf\u00fcgen \u00fcber&nbsp;<strong>Echtfarben<\/strong>&nbsp;<strong>und Fachleute<\/strong>.<p>Sie hat eine&nbsp;<strong>UGR&lt;13&nbsp;<\/strong>Das bedeutet, dass sie eine blendfreie Leuchte ist, die sich perfekt f\u00fcr Arbeitsbereiche eignet.<\/p><p><strong><label>REFERENZ: SLNC1855R-90926<\/label><\/strong><\/p><p><strong>FARBTEMPERATUR: 3000K\/4000K<\/strong><\/p><div class=\"col-md-12\"><i class=\"fa fa-truck\"><\/i>&nbsp;<span class=\"text-muted textprop\">Lieferung innerhalb von 24\/48 Stunden<\/span><\/div><div class=\"col-md-12\"><i class=\"fa fa-exchange\"><\/i>&nbsp;<span class=\"text-muted textprop\">Versicherte Garantie<\/span><\/div><div class=\"col-md-12\"><i class=\"fa fa-box\"><\/i>&nbsp;<span class=\"text-muted textprop\">60 Einheit(en) pro Masterbox<\/span><\/div><\/p>","protected":false},"featured_media":9136,"template":"","meta":{"site-sidebar-layout":"default","site-content-layout":"default","ast-global-header-display":"","ast-main-header-display":"","ast-hfb-above-header-display":"","ast-hfb-below-header-display":"","ast-hfb-mobile-header-display":"","site-post-title":"","ast-breadcrumbs-content":"","ast-featured-img":"","footer-sml-layout":"","theme-transparent-header-meta":"default","adv-header-id-meta":"","stick-header-meta":"","header-above-stick-meta":"","header-main-stick-meta":"","header-below-stick-meta":""},"product_cat":[27,70],"product_tag":[],"class_list":["post-9125","product","type-product","status-publish","has-post-thumbnail","hentry","product_cat-downlight-plafones-y-placas-led","product_cat-focos-downlight-led"],"_links":{"self":[{"href":"https:\/\/starlediluminacion.com\/de\/wp-json\/wp\/v3\/product\/9125","targetHints":{"allow":["GET"]}}],"collection":[{"href":"https:\/\/starlediluminacion.com\/de\/wp-json\/wp\/v3\/product"}],"about":[{"href":"https:\/\/starlediluminacion.com\/de\/wp-json\/wp\/v2\/types\/product"}],"wp:featuredmedia":[{"embeddable":true,"href":"https:\/\/starlediluminacion.com\/de\/wp-json\/wp\/v2\/media\/9136"}],"wp:attachment":[{"href":"https:\/\/starlediluminacion.com\/de\/wp-json\/wp\/v2\/media?parent=9125"}],"wp:term":[{"taxonomy":"product_cat","embeddable":true,"href":"https:\/\/starlediluminacion.com\/de\/wp-json\/wp\/v2\/product_cat?post=9125"},{"taxonomy":"product_tag","embeddable":true,"href":"https:\/\/starlediluminacion.com\/de\/wp-json\/wp\/v2\/product_tag?post=9125"}],"curies":[{"name":"wp","href":"https:\/\/api.w.org\/{rel}","templated":true}]}}