{"id":8887,"date":"2023-02-10T14:22:49","date_gmt":"2023-02-10T14:22:49","guid":{"rendered":"https:\/\/starlediluminacion.com\/?post_type=product&#038;p=8887"},"modified":"2023-02-10T14:22:49","modified_gmt":"2023-02-10T14:22:49","slug":"ventilador-led-de-techo-nerhea-38w-cct-132cm","status":"publish","type":"product","link":"https:\/\/starlediluminacion.com\/de\/product\/ceiling-led-fan-nerhea-38w-cct-132cm\/","title":{"rendered":"<p>NERHEA LED-Deckenventilator - 38W - CCT -132cm<\/p>"},"content":{"rendered":"<h1>NERHEA LED-Deckenventilator - 38W - CCT - IP20<p>Fan&nbsp;<strong>137cm<\/strong>&nbsp;und DC-Motor und matt vernickelt. Gro\u00dfe Gr\u00f6\u00dfe mit einer angepassten H\u00f6he, f\u00fcr nicht sehr hohe Decken. Mit seinem Gleichstrommotor sorgt er f\u00fcr eine ausreichende Bel\u00fcftung bei minimalem Ger\u00e4uschpegel und Stromverbrauch. Erm\u00f6glicht die Auswahl&nbsp;<strong>3<\/strong>&nbsp;verschiedene helle, warme, neutrale und kalte Farbt\u00f6ne, so dass sie je nach den Bed\u00fcrfnissen des Kunden an verschiedene Verwendungszwecke angepasst werden k\u00f6nnen. Klingen in&nbsp;<strong>ABS<\/strong>&nbsp;mit hellbraunem Ton. Sommer\/Winter-Funktion und Verz\u00f6gerungsfunktion.<\/p><p>Dank seiner&nbsp;<strong>Umgekehrtes System<\/strong>der Ventilator hat&nbsp;<strong>zwei Funktionen<\/strong>Option&nbsp;<strong>Sommer\/Winter<\/strong>In diesem Modus kehrt der Motor die Drehung der Lamellen um, um im Sommer die warme Luft abzuf\u00fchren und im Winter die warme Luft der Heizung gleichm\u00e4\u00dfig zu verteilen, was das W\u00e4rmeempfinden verbessert und den Betrieb der Heizung optimiert.<\/p><p>Die&nbsp;<strong>Licht<\/strong>&nbsp;umfasst Technologie&nbsp;<strong>CCT<\/strong>Jetzt k\u00f6nnen Sie die wei\u00dfe Farbe zwischen warmem Licht und warmem Licht w\u00e4hlen.&nbsp;<strong>3000K<\/strong>nat\u00fcrliches Licht&nbsp;<strong>4000K<\/strong>kaltes Licht&nbsp;<strong>6000K<\/strong>.<\/p><p>Alle unsere Ventilatoren verwenden die beste Technologie f\u00fcr optimale Leistung. Ihr&nbsp;<strong>leises System<\/strong>&nbsp;sorgt daf\u00fcr, dass es funktioniert, ohne unangenehme Ger\u00e4usche in der Umgebung zu verursachen.<\/p><p>&nbsp;<\/p><h2>\nEinsatzm\u00f6glichkeiten des LED-Deckenventilators NERHEA- 38W - CCT - IP20<\/h2><ul>\n<li>Salons<\/li>\n<li>\u00c4mter<\/li>\n<li>Zimmer<\/li>\n<li>K\u00fcchen<\/li>\n<li>Veranden<\/li>\n<li>Warter\u00e4ume<\/li>\n<li>Restaurants<\/li>\n<\/ul><h3 class=\"page-product-heading\">TECHNISCHE DATEN<\/h3><div class=\"col-xs-12 col-md-6\">\n<table class=\"table table-data-sheet 1\">\n<tbody>\n<tr class=\"odd\">\n<td valign=\"middle\" width=\"32\"><\/td>\n<td valign=\"middle\">REFERENZEN :<\/td>\n<td valign=\"middle\">SLVT13738WCCT<\/td>\n<\/tr>\n<tr class=\"even\">\n<td valign=\"middle\" width=\"32\"><\/td>\n<td valign=\"middle\">Nennleistung :<\/td>\n<td valign=\"middle\">38W<\/td>\n<\/tr>\n<tr class=\"odd\">\n<td valign=\"middle\" width=\"32\"><\/td>\n<td valign=\"middle\">Nennspannung:<\/td>\n<td valign=\"middle\">220-240 V<\/td>\n<\/tr>\n<tr class=\"even\">\n<td valign=\"middle\" width=\"32\"><\/td>\n<td valign=\"middle\">Lichttemperatur:<\/td>\n<td valign=\"middle\">3000K - 4000K - 6000K<\/td>\n<\/tr>\n<tr class=\"odd\">\n<td valign=\"middle\" width=\"32\"><\/td>\n<td valign=\"middle\">CRI - Farbwiedergabeindex:<\/td>\n<td valign=\"middle\">80<\/td>\n<\/tr>\n<tr class=\"even\">\n<td valign=\"middle\" width=\"32\"><\/td>\n<td valign=\"middle\">Leuchtkraft-Lm:<\/td>\n<td valign=\"middle\">1600Lm<\/td>\n<\/tr>\n<tr class=\"odd\">\n<td valign=\"middle\" width=\"32\"><\/td>\n<td valign=\"middle\">\u00d6ffnungswinkel (\u00ba):<\/td>\n<td valign=\"middle\">180\u00ba<\/td>\n<\/tr>\n<tr class=\"even\">\n<td valign=\"middle\" width=\"32\"><\/td>\n<td valign=\"middle\">Bescheinigungen:<\/td>\n<td valign=\"middle\">CE - ROHS<\/td>\n<\/tr>\n<tr class=\"odd\">\n<td valign=\"middle\" width=\"32\"><\/td>\n<td valign=\"middle\">IP-Bewertung:<\/td>\n<td valign=\"middle\">IP20<\/td>\n<\/tr>\n<tr class=\"even\">\n<td valign=\"middle\" width=\"32\"><\/td>\n<td valign=\"middle\">Gesch\u00e4tzte Lebensdauer der LED-Diode (H):<\/td>\n<td valign=\"middle\">35.000<\/td>\n<\/tr>\n<tr class=\"odd\">\n<td valign=\"middle\" width=\"32\"><\/td>\n<td valign=\"middle\">Arbeitsfrequenz (Hz):<\/td>\n<td valign=\"middle\">50\/60Hz<\/td>\n<\/tr>\n<tr class=\"even\">\n<td valign=\"middle\" width=\"32\"><\/td>\n<td valign=\"middle\">Z\u00fcndungszyklen:<\/td>\n<td valign=\"middle\">100.000<\/td>\n<\/tr>\n<tr class=\"odd\">\n<td valign=\"middle\" width=\"32\"><\/td>\n<td valign=\"middle\">Energieklasse (2023 - EU-2019\/2015):<\/td>\n<td valign=\"middle\">F<\/td>\n<\/tr>\n<\/tbody>\n<\/table>\n<\/div><div class=\"col-xs-12 col-md-6 2\">\n<table class=\"table table-data-sheet 2\">\n<tbody>\n<tr class=\"odd\">\n<td valign=\"middle\" width=\"32\"><\/td>\n<td valign=\"middle\">Gew\u00e4hrleistungsjahre:<\/td>\n<td valign=\"middle\">3<\/td>\n<\/tr>\n<tr class=\"even\">\n<td valign=\"middle\" width=\"32\"><\/td>\n<td valign=\"middle\">Farbe des K\u00f6rpers:<\/td>\n<td valign=\"middle\">Nickel<\/td>\n<\/tr>\n<tr class=\"odd\">\n<td valign=\"middle\" width=\"32\"><\/td>\n<td valign=\"middle\">Fertigstellung:<\/td>\n<td valign=\"middle\">Helligkeit<\/td>\n<\/tr>\n<tr class=\"even\">\n<td valign=\"middle\" width=\"32\"><\/td>\n<td valign=\"middle\">Farbe der Klingen:<\/td>\n<td valign=\"middle\">Wei\u00df \/ Holz<\/td>\n<\/tr>\n<tr class=\"odd\">\n<td valign=\"middle\" width=\"32\"><\/td>\n<td valign=\"middle\">Material der Klinge :<\/td>\n<td valign=\"middle\">ABS<\/td>\n<\/tr>\n<tr class=\"even\">\n<td valign=\"middle\" width=\"32\"><\/td>\n<td valign=\"middle\">Anzahl der Klingen :<\/td>\n<td valign=\"middle\">3<\/td>\n<\/tr>\n<tr class=\"odd\">\n<td valign=\"middle\" width=\"32\"><\/td>\n<td valign=\"middle\">Material des Diffusors :<\/td>\n<td valign=\"middle\">Acryl<\/td>\n<\/tr>\n<tr class=\"even\">\n<td valign=\"middle\" width=\"32\"><\/td>\n<td valign=\"middle\">Umkehrbare Klingen:<\/td>\n<td valign=\"middle\">Ja<\/td>\n<\/tr>\n<tr class=\"odd\">\n<td valign=\"middle\" width=\"32\"><\/td>\n<td valign=\"middle\">Motortyp:<\/td>\n<td valign=\"middle\">DC<\/td>\n<\/tr>\n<tr class=\"even\">\n<td valign=\"middle\" width=\"32\"><\/td>\n<td valign=\"middle\">Sommer\/Winter-Modus:<\/td>\n<td valign=\"middle\">Ja<\/td>\n<\/tr>\n<tr class=\"odd\">\n<td valign=\"middle\" width=\"32\"><\/td>\n<td valign=\"middle\">Maximale Dachneigung:<\/td>\n<td valign=\"middle\">15\u00ba<\/td>\n<\/tr>\n<tr class=\"even\">\n<td valign=\"middle\" width=\"32\"><\/td>\n<td valign=\"middle\">Einbau:<\/td>\n<td valign=\"middle\">Eine Sattelst\u00fctze<\/td>\n<\/tr>\n<tr class=\"odd\">\n<td valign=\"middle\" width=\"32\"><\/td>\n<td valign=\"middle\">Lautst\u00e4rke:<\/td>\n<td valign=\"middle\">0.0329m3<\/td>\n<\/tr>\n<\/tbody>\n<\/table>\n<\/div><\/h1>","protected":false},"excerpt":{"rendered":"<p><strong><label>REFERENZ: SLVT13738WCCT<\/label><\/strong><p><strong>Ventilator 137cm<\/strong>&nbsp;und DC-Motor und Finish&nbsp;<strong>Nickel<\/strong>&nbsp;matt. Gro\u00dfes Format mit niedriger H\u00f6he, f\u00fcr nicht sehr hohe Decken.<\/p><p>Senken Sie die Raumtemperatur mit der k\u00fchlen Luft unserer Ventilatoren und sparen Sie dank der LED-Beleuchtung gleichzeitig Stromkosten.<\/p><div class=\"col-md-12\"><i class=\"fa fa-truck\"><\/i>&nbsp;<span class=\"text-muted textprop\">Lieferung innerhalb von 24\/48 Stunden<\/span><\/div><div class=\"col-md-12\"><i class=\"fa fa-exchange\"><\/i>&nbsp;<span class=\"text-muted textprop\">Versicherte Garantie<\/span><\/div><div class=\"col-md-12\"><i class=\"fa fa-box\"><\/i>&nbsp;<span class=\"text-muted textprop\">1 Einheit(en) pro Masterbox<\/span><\/div><\/p>","protected":false},"featured_media":8892,"template":"","meta":{"site-sidebar-layout":"default","site-content-layout":"default","ast-global-header-display":"","ast-main-header-display":"","ast-hfb-above-header-display":"","ast-hfb-below-header-display":"","ast-hfb-mobile-header-display":"","site-post-title":"","ast-breadcrumbs-content":"","ast-featured-img":"","footer-sml-layout":"","theme-transparent-header-meta":"default","adv-header-id-meta":"","stick-header-meta":"","header-above-stick-meta":"","header-main-stick-meta":"","header-below-stick-meta":""},"product_cat":[36,67],"product_tag":[],"class_list":["post-8887","product","type-product","status-publish","has-post-thumbnail","hentry","product_cat-apliques-led-y-decoracion","product_cat-ventiladores-techo-led"],"_links":{"self":[{"href":"https:\/\/starlediluminacion.com\/de\/wp-json\/wp\/v3\/product\/8887","targetHints":{"allow":["GET"]}}],"collection":[{"href":"https:\/\/starlediluminacion.com\/de\/wp-json\/wp\/v3\/product"}],"about":[{"href":"https:\/\/starlediluminacion.com\/de\/wp-json\/wp\/v2\/types\/product"}],"wp:featuredmedia":[{"embeddable":true,"href":"https:\/\/starlediluminacion.com\/de\/wp-json\/wp\/v2\/media\/8892"}],"wp:attachment":[{"href":"https:\/\/starlediluminacion.com\/de\/wp-json\/wp\/v2\/media?parent=8887"}],"wp:term":[{"taxonomy":"product_cat","embeddable":true,"href":"https:\/\/starlediluminacion.com\/de\/wp-json\/wp\/v2\/product_cat?post=8887"},{"taxonomy":"product_tag","embeddable":true,"href":"https:\/\/starlediluminacion.com\/de\/wp-json\/wp\/v2\/product_tag?post=8887"}],"curies":[{"name":"wp","href":"https:\/\/api.w.org\/{rel}","templated":true}]}}