{"id":8798,"date":"2023-02-10T13:10:11","date_gmt":"2023-02-10T13:10:11","guid":{"rendered":"https:\/\/starlediluminacion.com\/?post_type=product&#038;p=8798"},"modified":"2023-02-10T13:10:11","modified_gmt":"2023-02-10T13:10:11","slug":"lampara-colgante-dorada-diseno-simple-1xe27","status":"publish","type":"product","link":"https:\/\/starlediluminacion.com\/de\/product\/lampara-colgante-dorada-diseno-simple-1xe27\/","title":{"rendered":"<p>L&Aacute;MPARA COLGANTE DORADA DISE&Ntilde;O SIMPLE 1XE27<\/p>"},"content":{"rendered":"<table class=\"woocommerce-product-attributes shop_attributes\">\n<tbody>\n<tr class=\"woocommerce-product-attributes-item woocommerce-product-attributes-item--attribute_pa_tension\">\n<th class=\"woocommerce-product-attributes-item__label\">Spannung<\/th>\n<td class=\"woocommerce-product-attributes-item__value\">220V<\/td>\n<\/tr>\n<tr class=\"woocommerce-product-attributes-item woocommerce-product-attributes-item--attribute_pa_casquillo\">\n<th class=\"woocommerce-product-attributes-item__label\">Kappe<\/th>\n<td class=\"woocommerce-product-attributes-item__value\">E27-Gl\u00fchbirne<\/td>\n<\/tr>\n<tr class=\"woocommerce-product-attributes-item woocommerce-product-attributes-item--attribute_pa_ip\">\n<th class=\"woocommerce-product-attributes-item__label\">IP Grad<\/th>\n<td class=\"woocommerce-product-attributes-item__value\">IP20<\/td>\n<\/tr>\n<tr class=\"woocommerce-product-attributes-item woocommerce-product-attributes-item--attribute_pa_garantia\">\n<th class=\"woocommerce-product-attributes-item__label\">B\u00fcrgschaft<\/th>\n<td class=\"woocommerce-product-attributes-item__value\">2 Jahre<\/td>\n<\/tr>\n<\/tbody>\n<\/table>","protected":false},"excerpt":{"rendered":"<p>2 Jahre Garantie.<p><i class=\"fas fa-history\"><\/i>&nbsp;15 Kalendertage f\u00fcr R\u00fccksendungen.<\/p><p><i class=\"fas fa-dolly\"><\/i>&nbsp;Entrega de pedidos en 24\/48 horas<\/p><\/p>","protected":false},"featured_media":8802,"template":"","meta":{"site-sidebar-layout":"default","site-content-layout":"default","ast-global-header-display":"","ast-main-header-display":"","ast-hfb-above-header-display":"","ast-hfb-below-header-display":"","ast-hfb-mobile-header-display":"","site-post-title":"","ast-breadcrumbs-content":"","ast-featured-img":"","footer-sml-layout":"","theme-transparent-header-meta":"default","adv-header-id-meta":"","stick-header-meta":"","header-above-stick-meta":"","header-main-stick-meta":"","header-below-stick-meta":""},"product_cat":[36,65],"product_tag":[],"class_list":["post-8798","product","type-product","status-publish","has-post-thumbnail","hentry","product_cat-apliques-led-y-decoracion","product_cat-decoracion-led"],"yoast_head":"<!-- This site is optimized with the Yoast SEO plugin v27.4 - https:\/\/yoast.com\/product\/yoast-seo-wordpress\/ -->\n<title>L\u00c1MPARA COLGANTE DORADA DISE\u00d1O SIMPLE 1XE27 - STARLED Iluminacion<\/title>\n<meta name=\"robots\" content=\"index, follow, max-snippet:-1, max-image-preview:large, max-video-preview:-1\" \/>\n<link rel=\"canonical\" href=\"https:\/\/starlediluminacion.com\/de\/product\/lampara-colgante-dorada-diseno-simple-1xe27\/\" \/>\n<meta property=\"og:locale\" content=\"de_DE\" \/>\n<meta property=\"og:type\" content=\"article\" \/>\n<meta property=\"og:title\" content=\"L\u00c1MPARA COLGANTE DORADA DISE\u00d1O SIMPLE 1XE27 - STARLED Iluminacion\" \/>\n<meta property=\"og:description\" content=\"Garant\u00eda de 2 A\u00f1os.  \u00a015 d\u00edas naturales para realizar devoluciones.  \u00a0Entrega de pedidos en 24\/48 horas\" \/>\n<meta property=\"og:url\" content=\"https:\/\/starlediluminacion.com\/de\/product\/lampara-colgante-dorada-diseno-simple-1xe27\/\" \/>\n<meta property=\"og:site_name\" content=\"STARLED Iluminacion\" \/>\n<meta property=\"og:image\" content=\"https:\/\/starlediluminacion.com\/wp-content\/uploads\/2023\/02\/4101643559533_.pic_.jpg\" \/>\n\t<meta property=\"og:image:width\" content=\"790\" \/>\n\t<meta property=\"og:image:height\" content=\"909\" \/>\n\t<meta property=\"og:image:type\" content=\"image\/jpeg\" \/>\n<meta name=\"twitter:card\" content=\"summary_large_image\" \/>\n<script type=\"application\/ld+json\" class=\"yoast-schema-graph\">{\"@context\":\"https:\\\/\\\/schema.org\",\"@graph\":[{\"@type\":\"WebPage\",\"@id\":\"https:\\\/\\\/starlediluminacion.com\\\/pt\\\/product\\\/lampara-colgante-dorada-diseno-simple-1xe27\\\/\",\"url\":\"https:\\\/\\\/starlediluminacion.com\\\/pt\\\/product\\\/lampara-colgante-dorada-diseno-simple-1xe27\\\/\",\"name\":\"L\u00c1MPARA COLGANTE DORADA DISE\u00d1O SIMPLE 1XE27 - STARLED Iluminacion\",\"isPartOf\":{\"@id\":\"https:\\\/\\\/starlediluminacion.com\\\/#website\"},\"primaryImageOfPage\":{\"@id\":\"https:\\\/\\\/starlediluminacion.com\\\/pt\\\/product\\\/lampara-colgante-dorada-diseno-simple-1xe27\\\/#primaryimage\"},\"image\":{\"@id\":\"https:\\\/\\\/starlediluminacion.com\\\/pt\\\/product\\\/lampara-colgante-dorada-diseno-simple-1xe27\\\/#primaryimage\"},\"thumbnailUrl\":\"https:\\\/\\\/starlediluminacion.com\\\/wp-content\\\/uploads\\\/2023\\\/02\\\/4101643559533_.pic_.jpg\",\"datePublished\":\"2023-02-10T13:10:11+00:00\",\"breadcrumb\":{\"@id\":\"https:\\\/\\\/starlediluminacion.com\\\/pt\\\/product\\\/lampara-colgante-dorada-diseno-simple-1xe27\\\/#breadcrumb\"},\"inLanguage\":\"de\",\"potentialAction\":[{\"@type\":\"ReadAction\",\"target\":[\"https:\\\/\\\/starlediluminacion.com\\\/pt\\\/product\\\/lampara-colgante-dorada-diseno-simple-1xe27\\\/\"]}]},{\"@type\":\"ImageObject\",\"inLanguage\":\"de\",\"@id\":\"https:\\\/\\\/starlediluminacion.com\\\/pt\\\/product\\\/lampara-colgante-dorada-diseno-simple-1xe27\\\/#primaryimage\",\"url\":\"https:\\\/\\\/starlediluminacion.com\\\/wp-content\\\/uploads\\\/2023\\\/02\\\/4101643559533_.pic_.jpg\",\"contentUrl\":\"https:\\\/\\\/starlediluminacion.com\\\/wp-content\\\/uploads\\\/2023\\\/02\\\/4101643559533_.pic_.jpg\",\"width\":790,\"height\":909},{\"@type\":\"BreadcrumbList\",\"@id\":\"https:\\\/\\\/starlediluminacion.com\\\/pt\\\/product\\\/lampara-colgante-dorada-diseno-simple-1xe27\\\/#breadcrumb\",\"itemListElement\":[{\"@type\":\"ListItem\",\"position\":1,\"name\":\"Portada\",\"item\":\"https:\\\/\\\/starlediluminacion.com\\\/\"},{\"@type\":\"ListItem\",\"position\":2,\"name\":\"Shop\",\"item\":\"https:\\\/\\\/starlediluminacion.com\\\/shop-2\\\/\"},{\"@type\":\"ListItem\",\"position\":3,\"name\":\"L\u00c1MPARA COLGANTE DORADA DISE\u00d1O SIMPLE 1XE27\"}]},{\"@type\":\"WebSite\",\"@id\":\"https:\\\/\\\/starlediluminacion.com\\\/#website\",\"url\":\"https:\\\/\\\/starlediluminacion.com\\\/\",\"name\":\"STARLED Iluminacion\",\"description\":\"\",\"potentialAction\":[{\"@type\":\"SearchAction\",\"target\":{\"@type\":\"EntryPoint\",\"urlTemplate\":\"https:\\\/\\\/starlediluminacion.com\\\/?s={search_term_string}\"},\"query-input\":{\"@type\":\"PropertyValueSpecification\",\"valueRequired\":true,\"valueName\":\"search_term_string\"}}],\"inLanguage\":\"de\"}]}<\/script>\n<!-- \/ Yoast SEO plugin. -->","yoast_head_json":{"title":"L\u00c1MPARA COLGANTE DORADA DISE\u00d1O SIMPLE 1XE27 - STARLED Iluminacion","robots":{"index":"index","follow":"follow","max-snippet":"max-snippet:-1","max-image-preview":"max-image-preview:large","max-video-preview":"max-video-preview:-1"},"canonical":"https:\/\/starlediluminacion.com\/de\/product\/lampara-colgante-dorada-diseno-simple-1xe27\/","og_locale":"de_DE","og_type":"article","og_title":"L\u00c1MPARA COLGANTE DORADA DISE\u00d1O SIMPLE 1XE27 - STARLED Iluminacion","og_description":"Garant\u00eda de 2 A\u00f1os.  \u00a015 d\u00edas naturales para realizar devoluciones.  \u00a0Entrega de pedidos en 24\/48 horas","og_url":"https:\/\/starlediluminacion.com\/de\/product\/lampara-colgante-dorada-diseno-simple-1xe27\/","og_site_name":"STARLED Iluminacion","og_image":[{"width":790,"height":909,"url":"https:\/\/starlediluminacion.com\/wp-content\/uploads\/2023\/02\/4101643559533_.pic_.jpg","type":"image\/jpeg"}],"twitter_card":"summary_large_image","schema":{"@context":"https:\/\/schema.org","@graph":[{"@type":"WebPage","@id":"https:\/\/starlediluminacion.com\/pt\/product\/lampara-colgante-dorada-diseno-simple-1xe27\/","url":"https:\/\/starlediluminacion.com\/pt\/product\/lampara-colgante-dorada-diseno-simple-1xe27\/","name":"L\u00c1MPARA COLGANTE DORADA DISE\u00d1O SIMPLE 1XE27 - STARLED Iluminacion","isPartOf":{"@id":"https:\/\/starlediluminacion.com\/#website"},"primaryImageOfPage":{"@id":"https:\/\/starlediluminacion.com\/pt\/product\/lampara-colgante-dorada-diseno-simple-1xe27\/#primaryimage"},"image":{"@id":"https:\/\/starlediluminacion.com\/pt\/product\/lampara-colgante-dorada-diseno-simple-1xe27\/#primaryimage"},"thumbnailUrl":"https:\/\/starlediluminacion.com\/wp-content\/uploads\/2023\/02\/4101643559533_.pic_.jpg","datePublished":"2023-02-10T13:10:11+00:00","breadcrumb":{"@id":"https:\/\/starlediluminacion.com\/pt\/product\/lampara-colgante-dorada-diseno-simple-1xe27\/#breadcrumb"},"inLanguage":"de","potentialAction":[{"@type":"ReadAction","target":["https:\/\/starlediluminacion.com\/pt\/product\/lampara-colgante-dorada-diseno-simple-1xe27\/"]}]},{"@type":"ImageObject","inLanguage":"de","@id":"https:\/\/starlediluminacion.com\/pt\/product\/lampara-colgante-dorada-diseno-simple-1xe27\/#primaryimage","url":"https:\/\/starlediluminacion.com\/wp-content\/uploads\/2023\/02\/4101643559533_.pic_.jpg","contentUrl":"https:\/\/starlediluminacion.com\/wp-content\/uploads\/2023\/02\/4101643559533_.pic_.jpg","width":790,"height":909},{"@type":"BreadcrumbList","@id":"https:\/\/starlediluminacion.com\/pt\/product\/lampara-colgante-dorada-diseno-simple-1xe27\/#breadcrumb","itemListElement":[{"@type":"ListItem","position":1,"name":"Portada","item":"https:\/\/starlediluminacion.com\/"},{"@type":"ListItem","position":2,"name":"Shop","item":"https:\/\/starlediluminacion.com\/shop-2\/"},{"@type":"ListItem","position":3,"name":"L\u00c1MPARA COLGANTE DORADA DISE\u00d1O SIMPLE 1XE27"}]},{"@type":"WebSite","@id":"https:\/\/starlediluminacion.com\/#website","url":"https:\/\/starlediluminacion.com\/","name":"STARLED Iluminacion","description":"","potentialAction":[{"@type":"SearchAction","target":{"@type":"EntryPoint","urlTemplate":"https:\/\/starlediluminacion.com\/?s={search_term_string}"},"query-input":{"@type":"PropertyValueSpecification","valueRequired":true,"valueName":"search_term_string"}}],"inLanguage":"de"}]}},"_links":{"self":[{"href":"https:\/\/starlediluminacion.com\/de\/wp-json\/wp\/v3\/product\/8798","targetHints":{"allow":["GET"]}}],"collection":[{"href":"https:\/\/starlediluminacion.com\/de\/wp-json\/wp\/v3\/product"}],"about":[{"href":"https:\/\/starlediluminacion.com\/de\/wp-json\/wp\/v2\/types\/product"}],"wp:featuredmedia":[{"embeddable":true,"href":"https:\/\/starlediluminacion.com\/de\/wp-json\/wp\/v2\/media\/8802"}],"wp:attachment":[{"href":"https:\/\/starlediluminacion.com\/de\/wp-json\/wp\/v2\/media?parent=8798"}],"wp:term":[{"taxonomy":"product_cat","embeddable":true,"href":"https:\/\/starlediluminacion.com\/de\/wp-json\/wp\/v2\/product_cat?post=8798"},{"taxonomy":"product_tag","embeddable":true,"href":"https:\/\/starlediluminacion.com\/de\/wp-json\/wp\/v2\/product_tag?post=8798"}],"curies":[{"name":"wp","href":"https:\/\/api.w.org\/{rel}","templated":true}]}}