{"id":8570,"date":"2023-02-10T10:18:57","date_gmt":"2023-02-10T10:18:57","guid":{"rendered":"https:\/\/starlediluminacion.com\/?post_type=product&#038;p=8570"},"modified":"2023-07-27T13:19:10","modified_gmt":"2023-07-27T13:19:10","slug":"bombilla-led-filamento-vintage-8w-e27-gold-st64-dimmable","status":"publish","type":"product","link":"https:\/\/starlediluminacion.com\/de\/product\/gluhbirne-led-filament-vintage-8w-e27-gold-st64-dimmbar\/","title":{"rendered":"<p>LED Vintage Gl\u00fchbirne 8W E27 Gold ST64 - dimmbar<\/p>"},"content":{"rendered":"<h1 dir=\"ltr\">LED Vintage Gl\u00fchbirne 8W E27 Gold ST64 - dimmbar<p dir=\"ltr\">Diese<strong>&nbsp;Vintage E27 LED-Gl\u00fchbirne<\/strong>&nbsp;von<strong>&nbsp;8W&nbsp;<\/strong>Das energieeffiziente, umweltfreundliche System reduziert die Stromkosten um mehr als 90%.<\/p><p dir=\"ltr\">Sie zeichnet sich dadurch aus, dass sie dimmbar ist, so dass die&nbsp;<strong>Gl\u00fchbirne<\/strong>&nbsp;kann&nbsp;<strong>regelm\u00e4\u00dfig<\/strong>&nbsp;seine Intensit\u00e4t von&nbsp;<strong>Licht<\/strong>&nbsp;zwischen 0-100%, um diese Funktion ausf\u00fchren zu k\u00f6nnen, ist der Kauf eines Reglers erforderlich.<\/p><p dir=\"ltr\">Es ist ideal, um Ihrem Zuhause zu besonderen Anl\u00e4ssen oder in Ihrem Gesch\u00e4ft einen Retro-Stil zu verleihen, hat einen sehr hohen Farbwiedergabeindex, der die echten Farben zeigt, und hat eine Art Kappe.&nbsp;<strong>E27<\/strong>&nbsp;und eine hohe Lichtausbeute von&nbsp;<strong>100lm\/w<\/strong>.<\/p><h2>Verwendungsm\u00f6glichkeiten der LED-Gl\u00fchbirne Filament Vintage Dimmbar 8W E27 Gold ST64<\/h2><ul>\n<li>Dekorative Beleuchtung<\/li>\n<li>H\u00e4ngelampen<\/li>\n<li>Industrielle Wandleuchten<\/li>\n<li>Schreibtischlampen oder Nachttischlampen<\/li>\n<\/ul><h3 class=\"page-product-heading\">TECHNISCHE DATEN<\/h3><div class=\"col-xs-12 col-md-6\">\n<table class=\"table table-data-sheet 1\">\n<tbody>\n<tr class=\"odd\">\n<td valign=\"middle\" width=\"32\"><\/td>\n<td valign=\"middle\">REFERENZEN :<\/td>\n<td valign=\"middle\">SLST64DIM8W<\/td>\n<\/tr>\n<tr class=\"even\">\n<td valign=\"middle\" width=\"32\"><\/td>\n<td valign=\"middle\">Nennleistung :<\/td>\n<td valign=\"middle\">8w<\/td>\n<\/tr>\n<tr class=\"odd\">\n<td valign=\"middle\" width=\"32\"><\/td>\n<td valign=\"middle\">Nennspannung:<\/td>\n<td valign=\"middle\">175-265V<\/td>\n<\/tr>\n<tr class=\"even\">\n<td valign=\"middle\" width=\"32\"><\/td>\n<td valign=\"middle\">Lichttemperatur:<\/td>\n<td valign=\"middle\">2200K<\/td>\n<\/tr>\n<tr class=\"odd\">\n<td valign=\"middle\" width=\"32\"><\/td>\n<td valign=\"middle\">CRI - Farbwiedergabeindex:<\/td>\n<td valign=\"middle\">80<\/td>\n<\/tr>\n<tr class=\"even\">\n<td valign=\"middle\" width=\"32\"><\/td>\n<td valign=\"middle\">Baumaterial:<\/td>\n<td valign=\"middle\">Glas<\/td>\n<\/tr>\n<tr class=\"odd\">\n<td valign=\"middle\" width=\"32\"><\/td>\n<td valign=\"middle\">Leuchtkraft-Lm:<\/td>\n<td valign=\"middle\">960<\/td>\n<\/tr>\n<tr class=\"even\">\n<td valign=\"middle\" width=\"32\"><\/td>\n<td valign=\"middle\">\u00d6ffnungswinkel (\u00ba):<\/td>\n<td valign=\"middle\">360\u00ba<\/td>\n<\/tr>\n<tr class=\"odd\">\n<td valign=\"middle\" width=\"32\"><\/td>\n<td valign=\"middle\">Effizienz der LED-Diode (Lm\/W):<\/td>\n<td valign=\"middle\">115Lm\/W<\/td>\n<\/tr>\n<tr class=\"even\">\n<td valign=\"middle\" width=\"32\"><\/td>\n<td valign=\"middle\">Lichtausbeute (Lm\/W):<\/td>\n<td valign=\"middle\">101Lm\/W<\/td>\n<\/tr>\n<tr class=\"odd\">\n<td valign=\"middle\" width=\"32\"><\/td>\n<td valign=\"middle\">Dimmbar:<\/td>\n<td valign=\"middle\">YES<\/td>\n<\/tr>\n<\/tbody>\n<\/table>\n<\/div><div class=\"col-xs-12 col-md-6 2\">\n<table class=\"table table-data-sheet 2\">\n<tbody>\n<tr class=\"odd\">\n<td valign=\"middle\" width=\"32\"><\/td>\n<td valign=\"middle\">Buchse:<\/td>\n<td valign=\"middle\">E27<\/td>\n<\/tr>\n<tr class=\"even\">\n<td valign=\"middle\" width=\"32\"><\/td>\n<td valign=\"middle\">Bescheinigungen:<\/td>\n<td valign=\"middle\">CE - ROHS<\/td>\n<\/tr>\n<tr class=\"odd\">\n<td valign=\"middle\" width=\"32\"><\/td>\n<td valign=\"middle\">IP-Bewertung:<\/td>\n<td valign=\"middle\">IP20<\/td>\n<\/tr>\n<tr class=\"even\">\n<td valign=\"middle\" width=\"32\"><\/td>\n<td valign=\"middle\">Abmessungen (mm):<\/td>\n<td valign=\"middle\">?65*H144mm<\/td>\n<\/tr>\n<tr class=\"odd\">\n<td valign=\"middle\" width=\"32\"><\/td>\n<td valign=\"middle\">Arbeitsfrequenz (Hz):<\/td>\n<td valign=\"middle\">50\/60Hz<\/td>\n<\/tr>\n<tr class=\"even\">\n<td valign=\"middle\" width=\"32\"><\/td>\n<td valign=\"middle\">Temperaturbereich (\u00baC):<\/td>\n<td valign=\"middle\">-20\u00b0C ~ +55\u00b0C<\/td>\n<\/tr>\n<tr class=\"odd\">\n<td valign=\"middle\" width=\"32\"><\/td>\n<td valign=\"middle\">Z\u00fcndungszyklen:<\/td>\n<td valign=\"middle\">100.000<\/td>\n<\/tr>\n<tr class=\"even\">\n<td valign=\"middle\" width=\"32\"><\/td>\n<td valign=\"middle\">Einschaltzeit (s):<\/td>\n<td valign=\"middle\">0,2s<\/td>\n<\/tr>\n<tr class=\"odd\">\n<td valign=\"middle\" width=\"32\"><\/td>\n<td valign=\"middle\">Energieklasse (2021-EU-2019\/2015):<\/td>\n<td valign=\"middle\">A+<\/td>\n<\/tr>\n<tr class=\"even\">\n<td valign=\"middle\" width=\"32\"><\/td>\n<td valign=\"middle\">Energieklasse (2023 - EU-2019\/2015):<\/td>\n<td valign=\"middle\">F<\/td>\n<\/tr>\n<tr class=\"odd\">\n<td valign=\"middle\" width=\"32\"><\/td>\n<td valign=\"middle\">Gew\u00e4hrleistungsjahre:<\/td>\n<td valign=\"middle\">2<\/td>\n<\/tr>\n<\/tbody>\n<\/table>\n<p>&nbsp;<\/p>\n<\/div><\/h1>","protected":false},"excerpt":{"rendered":"<p><strong>REFERENCIA: SLST64DIM8W-90920-22K-UND<\/strong><p style=\"font-weight: 400;\"><span style=\"font-style: inherit; font-weight: inherit;\">Sie sind bei&nbsp;<b><strong style=\"font-style: inherit;\">Vintage-Gl\u00fchbirnen<\/strong><\/b>&nbsp;von&nbsp;<b><strong style=\"font-style: inherit;\">Dimmbarer Gl\u00fchfaden&nbsp;<\/strong><\/b>von<b><strong style=\"font-style: inherit;\">&nbsp;8W&nbsp;<\/strong><\/b>Die Power-Lampen schaffen eine authentische und gem\u00fctliche Atmosph\u00e4re, die uns in vergangene Zeiten versetzt. Ihr birnenf\u00f6rmiger Stil schafft sowohl in Unternehmen als auch in Lounges und Restaurants eine warme Atmosph\u00e4re im Retro-Stil.&nbsp;<\/span><\/p><p style=\"font-weight: 400;\"><span style=\"font-style: inherit; font-weight: inherit;\">Die Gl\u00fchbirne ist&nbsp;<b><strong style=\"font-style: inherit;\">einstellbar<\/strong><\/b>&nbsp;von&nbsp;<b><strong style=\"font-style: inherit;\">TRIAC<\/strong><\/b><\/span><\/p><p><strong>FARBTEMPERATUR: 1800K<\/strong><\/p><div class=\"col-md-12\"><i class=\"fa fa-truck\"><\/i>&nbsp;<span class=\"text-muted textprop\">Lieferung innerhalb von 24\/48 Stunden<\/span><\/div><div class=\"col-md-12\"><i class=\"fa fa-exchange\"><\/i>&nbsp;<span class=\"text-muted textprop\">Versicherte Garantie<\/span><\/div><div class=\"col-md-12\"><i class=\"fa fa-box\"><\/i>&nbsp;<span class=\"text-muted textprop\">60 Einheit(en) pro Masterbox<\/span><\/div><p>&nbsp;<\/p><\/p>","protected":false},"featured_media":8574,"template":"","meta":{"site-sidebar-layout":"default","site-content-layout":"default","ast-global-header-display":"","ast-main-header-display":"","ast-hfb-above-header-display":"","ast-hfb-below-header-display":"","ast-hfb-mobile-header-display":"","site-post-title":"","ast-breadcrumbs-content":"","ast-featured-img":"","footer-sml-layout":"","theme-transparent-header-meta":"default","adv-header-id-meta":"","stick-header-meta":"","header-above-stick-meta":"","header-main-stick-meta":"","header-below-stick-meta":""},"product_cat":[46,23],"product_tag":[],"class_list":["post-8570","product","type-product","status-publish","has-post-thumbnail","hentry","product_cat-bombillas-led-e27","product_cat-bombillas-y-lamparas-led"],"yoast_head":"<!-- This site is optimized with the Yoast SEO plugin v27.4 - https:\/\/yoast.com\/product\/yoast-seo-wordpress\/ -->\n<title>Bombilla LED Filamento Vintage 8W E27 Gold ST64 - Dimmable - STARLED Iluminacion<\/title>\n<meta name=\"robots\" content=\"index, follow, max-snippet:-1, max-image-preview:large, max-video-preview:-1\" \/>\n<link rel=\"canonical\" href=\"https:\/\/starlediluminacion.com\/de\/product\/gluhbirne-led-filament-vintage-8w-e27-gold-st64-dimmbar\/\" \/>\n<meta property=\"og:locale\" content=\"de_DE\" \/>\n<meta property=\"og:type\" content=\"article\" \/>\n<meta property=\"og:title\" content=\"Bombilla LED Filamento Vintage 8W E27 Gold ST64 - Dimmable - STARLED Iluminacion\" \/>\n<meta property=\"og:description\" content=\"REFERENCIA: SLST64DIM8W-90920-22K-UND Estas\u00a0Bombillas Vintage\u00a0de\u00a0Filamento\u00a0Dimmable\u00a0de\u00a08W\u00a0de potencia recrean un ambiente aut\u00e9ntico y acogedor que nos transportan a \u00e9pocas pasadas, su estilo en forma de pera. crea ambientes c\u00e1lidos con estilo retro tanto en negocios como en salones, restaurantes.\u00a0 La bombilla es\u00a0regulable\u00a0por\u00a0TRIAC TEMPERATURA DE COLOR: 1800K \u00a0Entrega en 24\/48 horas \u00a0Garant\u00eda asegurada \u00a060 unidad(es) por Masterbox &nbsp;\" \/>\n<meta property=\"og:url\" content=\"https:\/\/starlediluminacion.com\/de\/product\/gluhbirne-led-filament-vintage-8w-e27-gold-st64-dimmbar\/\" \/>\n<meta property=\"og:site_name\" content=\"STARLED Iluminacion\" \/>\n<meta property=\"article:modified_time\" content=\"2023-07-27T13:19:10+00:00\" \/>\n<meta property=\"og:image\" content=\"https:\/\/starlediluminacion.com\/wp-content\/uploads\/2023\/02\/bombilla-led-filamento-vintage-8w-e27-gold-st64-dimmable-factorled.jpg\" \/>\n\t<meta property=\"og:image:width\" content=\"1000\" \/>\n\t<meta property=\"og:image:height\" content=\"1000\" \/>\n\t<meta property=\"og:image:type\" content=\"image\/jpeg\" \/>\n<meta name=\"twitter:card\" content=\"summary_large_image\" \/>\n<meta name=\"twitter:label1\" content=\"Gesch\u00e4tzte Lesezeit\" \/>\n\t<meta name=\"twitter:data1\" content=\"1\u00a0Minute\" \/>\n<script type=\"application\/ld+json\" class=\"yoast-schema-graph\">{\"@context\":\"https:\\\/\\\/schema.org\",\"@graph\":[{\"@type\":\"WebPage\",\"@id\":\"https:\\\/\\\/starlediluminacion.com\\\/producto\\\/bombilla-led-filamento-vintage-8w-e27-gold-st64-dimmable\\\/\",\"url\":\"https:\\\/\\\/starlediluminacion.com\\\/producto\\\/bombilla-led-filamento-vintage-8w-e27-gold-st64-dimmable\\\/\",\"name\":\"Bombilla LED Filamento Vintage 8W E27 Gold ST64 - Dimmable - STARLED Iluminacion\",\"isPartOf\":{\"@id\":\"https:\\\/\\\/starlediluminacion.com\\\/#website\"},\"primaryImageOfPage\":{\"@id\":\"https:\\\/\\\/starlediluminacion.com\\\/producto\\\/bombilla-led-filamento-vintage-8w-e27-gold-st64-dimmable\\\/#primaryimage\"},\"image\":{\"@id\":\"https:\\\/\\\/starlediluminacion.com\\\/producto\\\/bombilla-led-filamento-vintage-8w-e27-gold-st64-dimmable\\\/#primaryimage\"},\"thumbnailUrl\":\"https:\\\/\\\/starlediluminacion.com\\\/wp-content\\\/uploads\\\/2023\\\/02\\\/bombilla-led-filamento-vintage-8w-e27-gold-st64-dimmable-factorled.jpg\",\"datePublished\":\"2023-02-10T10:18:57+00:00\",\"dateModified\":\"2023-07-27T13:19:10+00:00\",\"breadcrumb\":{\"@id\":\"https:\\\/\\\/starlediluminacion.com\\\/producto\\\/bombilla-led-filamento-vintage-8w-e27-gold-st64-dimmable\\\/#breadcrumb\"},\"inLanguage\":\"de\",\"potentialAction\":[{\"@type\":\"ReadAction\",\"target\":[\"https:\\\/\\\/starlediluminacion.com\\\/producto\\\/bombilla-led-filamento-vintage-8w-e27-gold-st64-dimmable\\\/\"]}]},{\"@type\":\"ImageObject\",\"inLanguage\":\"de\",\"@id\":\"https:\\\/\\\/starlediluminacion.com\\\/producto\\\/bombilla-led-filamento-vintage-8w-e27-gold-st64-dimmable\\\/#primaryimage\",\"url\":\"https:\\\/\\\/starlediluminacion.com\\\/wp-content\\\/uploads\\\/2023\\\/02\\\/bombilla-led-filamento-vintage-8w-e27-gold-st64-dimmable-factorled.jpg\",\"contentUrl\":\"https:\\\/\\\/starlediluminacion.com\\\/wp-content\\\/uploads\\\/2023\\\/02\\\/bombilla-led-filamento-vintage-8w-e27-gold-st64-dimmable-factorled.jpg\",\"width\":1000,\"height\":1000},{\"@type\":\"BreadcrumbList\",\"@id\":\"https:\\\/\\\/starlediluminacion.com\\\/producto\\\/bombilla-led-filamento-vintage-8w-e27-gold-st64-dimmable\\\/#breadcrumb\",\"itemListElement\":[{\"@type\":\"ListItem\",\"position\":1,\"name\":\"Portada\",\"item\":\"https:\\\/\\\/starlediluminacion.com\\\/\"},{\"@type\":\"ListItem\",\"position\":2,\"name\":\"Shop\",\"item\":\"https:\\\/\\\/starlediluminacion.com\\\/shop-2\\\/\"},{\"@type\":\"ListItem\",\"position\":3,\"name\":\"Bombilla LED Filamento Vintage 8W E27 Gold ST64 &#8211; Dimmable\"}]},{\"@type\":\"WebSite\",\"@id\":\"https:\\\/\\\/starlediluminacion.com\\\/#website\",\"url\":\"https:\\\/\\\/starlediluminacion.com\\\/\",\"name\":\"STARLED Iluminacion\",\"description\":\"\",\"potentialAction\":[{\"@type\":\"SearchAction\",\"target\":{\"@type\":\"EntryPoint\",\"urlTemplate\":\"https:\\\/\\\/starlediluminacion.com\\\/?s={search_term_string}\"},\"query-input\":{\"@type\":\"PropertyValueSpecification\",\"valueRequired\":true,\"valueName\":\"search_term_string\"}}],\"inLanguage\":\"de\"}]}<\/script>\n<!-- \/ Yoast SEO plugin. -->","yoast_head_json":{"title":"Bombilla LED Filamento Vintage 8W E27 Gold ST64 - Dimmable - STARLED Iluminacion","robots":{"index":"index","follow":"follow","max-snippet":"max-snippet:-1","max-image-preview":"max-image-preview:large","max-video-preview":"max-video-preview:-1"},"canonical":"https:\/\/starlediluminacion.com\/de\/product\/gluhbirne-led-filament-vintage-8w-e27-gold-st64-dimmbar\/","og_locale":"de_DE","og_type":"article","og_title":"Bombilla LED Filamento Vintage 8W E27 Gold ST64 - Dimmable - STARLED Iluminacion","og_description":"REFERENCIA: SLST64DIM8W-90920-22K-UND Estas\u00a0Bombillas Vintage\u00a0de\u00a0Filamento\u00a0Dimmable\u00a0de\u00a08W\u00a0de potencia recrean un ambiente aut\u00e9ntico y acogedor que nos transportan a \u00e9pocas pasadas, su estilo en forma de pera. crea ambientes c\u00e1lidos con estilo retro tanto en negocios como en salones, restaurantes.\u00a0 La bombilla es\u00a0regulable\u00a0por\u00a0TRIAC TEMPERATURA DE COLOR: 1800K \u00a0Entrega en 24\/48 horas \u00a0Garant\u00eda asegurada \u00a060 unidad(es) por Masterbox &nbsp;","og_url":"https:\/\/starlediluminacion.com\/de\/product\/gluhbirne-led-filament-vintage-8w-e27-gold-st64-dimmbar\/","og_site_name":"STARLED Iluminacion","article_modified_time":"2023-07-27T13:19:10+00:00","og_image":[{"width":1000,"height":1000,"url":"https:\/\/starlediluminacion.com\/wp-content\/uploads\/2023\/02\/bombilla-led-filamento-vintage-8w-e27-gold-st64-dimmable-factorled.jpg","type":"image\/jpeg"}],"twitter_card":"summary_large_image","twitter_misc":{"Gesch\u00e4tzte Lesezeit":"1\u00a0Minute"},"schema":{"@context":"https:\/\/schema.org","@graph":[{"@type":"WebPage","@id":"https:\/\/starlediluminacion.com\/producto\/bombilla-led-filamento-vintage-8w-e27-gold-st64-dimmable\/","url":"https:\/\/starlediluminacion.com\/producto\/bombilla-led-filamento-vintage-8w-e27-gold-st64-dimmable\/","name":"Bombilla LED Filamento Vintage 8W E27 Gold ST64 - Dimmable - STARLED Iluminacion","isPartOf":{"@id":"https:\/\/starlediluminacion.com\/#website"},"primaryImageOfPage":{"@id":"https:\/\/starlediluminacion.com\/producto\/bombilla-led-filamento-vintage-8w-e27-gold-st64-dimmable\/#primaryimage"},"image":{"@id":"https:\/\/starlediluminacion.com\/producto\/bombilla-led-filamento-vintage-8w-e27-gold-st64-dimmable\/#primaryimage"},"thumbnailUrl":"https:\/\/starlediluminacion.com\/wp-content\/uploads\/2023\/02\/bombilla-led-filamento-vintage-8w-e27-gold-st64-dimmable-factorled.jpg","datePublished":"2023-02-10T10:18:57+00:00","dateModified":"2023-07-27T13:19:10+00:00","breadcrumb":{"@id":"https:\/\/starlediluminacion.com\/producto\/bombilla-led-filamento-vintage-8w-e27-gold-st64-dimmable\/#breadcrumb"},"inLanguage":"de","potentialAction":[{"@type":"ReadAction","target":["https:\/\/starlediluminacion.com\/producto\/bombilla-led-filamento-vintage-8w-e27-gold-st64-dimmable\/"]}]},{"@type":"ImageObject","inLanguage":"de","@id":"https:\/\/starlediluminacion.com\/producto\/bombilla-led-filamento-vintage-8w-e27-gold-st64-dimmable\/#primaryimage","url":"https:\/\/starlediluminacion.com\/wp-content\/uploads\/2023\/02\/bombilla-led-filamento-vintage-8w-e27-gold-st64-dimmable-factorled.jpg","contentUrl":"https:\/\/starlediluminacion.com\/wp-content\/uploads\/2023\/02\/bombilla-led-filamento-vintage-8w-e27-gold-st64-dimmable-factorled.jpg","width":1000,"height":1000},{"@type":"BreadcrumbList","@id":"https:\/\/starlediluminacion.com\/producto\/bombilla-led-filamento-vintage-8w-e27-gold-st64-dimmable\/#breadcrumb","itemListElement":[{"@type":"ListItem","position":1,"name":"Portada","item":"https:\/\/starlediluminacion.com\/"},{"@type":"ListItem","position":2,"name":"Shop","item":"https:\/\/starlediluminacion.com\/shop-2\/"},{"@type":"ListItem","position":3,"name":"Bombilla LED Filamento Vintage 8W E27 Gold ST64 &#8211; Dimmable"}]},{"@type":"WebSite","@id":"https:\/\/starlediluminacion.com\/#website","url":"https:\/\/starlediluminacion.com\/","name":"STARLED Iluminacion","description":"","potentialAction":[{"@type":"SearchAction","target":{"@type":"EntryPoint","urlTemplate":"https:\/\/starlediluminacion.com\/?s={search_term_string}"},"query-input":{"@type":"PropertyValueSpecification","valueRequired":true,"valueName":"search_term_string"}}],"inLanguage":"de"}]}},"_links":{"self":[{"href":"https:\/\/starlediluminacion.com\/de\/wp-json\/wp\/v3\/product\/8570","targetHints":{"allow":["GET"]}}],"collection":[{"href":"https:\/\/starlediluminacion.com\/de\/wp-json\/wp\/v3\/product"}],"about":[{"href":"https:\/\/starlediluminacion.com\/de\/wp-json\/wp\/v2\/types\/product"}],"wp:featuredmedia":[{"embeddable":true,"href":"https:\/\/starlediluminacion.com\/de\/wp-json\/wp\/v2\/media\/8574"}],"wp:attachment":[{"href":"https:\/\/starlediluminacion.com\/de\/wp-json\/wp\/v2\/media?parent=8570"}],"wp:term":[{"taxonomy":"product_cat","embeddable":true,"href":"https:\/\/starlediluminacion.com\/de\/wp-json\/wp\/v2\/product_cat?post=8570"},{"taxonomy":"product_tag","embeddable":true,"href":"https:\/\/starlediluminacion.com\/de\/wp-json\/wp\/v2\/product_tag?post=8570"}],"curies":[{"name":"wp","href":"https:\/\/api.w.org\/{rel}","templated":true}]}}