{"id":8536,"date":"2023-02-10T09:47:05","date_gmt":"2023-02-10T09:47:05","guid":{"rendered":"https:\/\/starlediluminacion.com\/?post_type=product&#038;p=8536"},"modified":"2023-07-27T13:30:36","modified_gmt":"2023-07-27T13:30:36","slug":"modulo-led-15w-gu10-mr16-para-aro-downlight-cri92-ugr13","status":"publish","type":"product","link":"https:\/\/starlediluminacion.com\/de\/product\/modulo-led-15w-gu10-mr16-para-aro-downlight-cri92-ugr13\/","title":{"rendered":"<p>15W GU10 \/ MR16 LED Modul f\u00fcr Downlight Ring - CRI+92 - UGR13<\/p>"},"content":{"rendered":"<p><strong>REFERENZ: SL5WUGR13-90926-3K<\/strong><p>Die&nbsp;<strong>LED-Modul 15W MR16 \/ GU10<\/strong>&nbsp;f\u00fcr&nbsp;<strong>Downlight-Ringe<\/strong>&nbsp;ist ein Produkt, mit dem Sie GU10- oder MR16-Gl\u00fchlampen durch ein Hochleistungs-LED-Modul und einen externen Treiber ersetzen k\u00f6nnen. Leistung von&nbsp;<strong>130Lm\/W.<\/strong>&nbsp;Hohe Rate von&nbsp;<strong>Farbwiedergabe +92<\/strong>&nbsp;- PROFESSIONAL COLOUR - zum Genie\u00dfen&nbsp;<strong>Qualit\u00e4t des Lichts<\/strong>&nbsp;und verf\u00fcgen \u00fcber&nbsp;<strong>Echtfarben<\/strong>&nbsp;<strong>und Fachleute<\/strong>. Es hat eine&nbsp;<strong>UGR&lt;13&nbsp;<\/strong>Das bedeutet, dass es schwierig sein wird, den Bereich zu betreten, in dem er uns blenden kann.<\/p><h1>15W GU10 \/ MR16 LED Modul f\u00fcr Downlight Ring - CRI+92<\/h1><p>Unser LED-Modul kann sein&nbsp;<strong>f\u00fcr Zwischendecken als dichroitische GU10 \/MR16-Lampe.<\/strong><\/p><p>Unser Modul enth\u00e4lt ein<strong>&nbsp;Externer Treiber erm\u00f6glicht<\/strong>&nbsp;machen.<strong>&nbsp;Betrieb der LED<\/strong>&nbsp;<strong>an Gro\u00dfm\u00e4chte<\/strong>Die vom Treiber erzeugte W\u00e4rme beeintr\u00e4chtigt die LED-Diode nicht, was ihre Lebensdauer verl\u00e4ngert und die Lichtleistung der LED erh\u00f6ht.&nbsp;<strong>die Lebensdauer erh\u00f6hen<\/strong>&nbsp;der Leuchtenbaugruppe.<\/p><p><strong>Ein Ring ist als Zubeh\u00f6r f\u00fcr die korrekte Installation des Produkts erforderlich.<\/strong><\/p><p>&nbsp;<\/p><p>Das Lichtb\u00fcndel ist von hoher Qualit\u00e4t, da es eine hohe&nbsp;<strong>CRI+92,<\/strong>&nbsp;und seine&nbsp;<strong>Winkel&nbsp;<\/strong>prim\u00e4r von<strong>&nbsp;36\u00ba<\/strong>Das neue Beleuchtungssystem, das uns die M\u00f6glichkeit gibt, bestimmte Elemente eines Raumes hervorzuheben; gleichzeitig erm\u00f6glicht es uns erhebliche Einsparungen beim Stromverbrauch.<\/p><p>&nbsp;<\/p><p>Ideal f\u00fcr den Einsatz in&nbsp;<strong>Innenr\u00e4ume<\/strong>&nbsp;wo der Einsatz einer gro\u00dfen Lichtmenge nicht erforderlich ist.<\/p><p>&nbsp;<\/p><p>&nbsp;<\/p><h2>Verwendung von 15W GU10 \/ MR16 LED Modul f\u00fcr Downlight Ring - CRI+92<\/h2><ul>\n<li>Toiletten<\/li>\n<li>Schr\u00e4nke<\/li>\n<li>Schlafr\u00e4ume<\/li>\n<li>Schauk\u00e4sten<\/li>\n<li>Schaufenster<\/li>\n<li>Korridore<\/li>\n<li>Gesch\u00e4fte<\/li>\n<li>Gewerbliche R\u00e4ume<\/li>\n<\/ul><h3 class=\"page-product-heading\">TECHNISCHE DATEN<\/h3><div class=\"col-xs-12 col-md-6\">\n<table class=\"table table-data-sheet 1\">\n<tbody>\n<tr class=\"odd\">\n<td valign=\"middle\" width=\"32\"><\/td>\n<td valign=\"middle\">REFERENZEN :<\/td>\n<td valign=\"middle\">15WUGR13<\/td>\n<\/tr>\n<tr class=\"even\">\n<td valign=\"middle\" width=\"32\"><\/td>\n<td valign=\"middle\">Nennleistung :<\/td>\n<td valign=\"middle\">15w<\/td>\n<\/tr>\n<tr class=\"odd\">\n<td valign=\"middle\" width=\"32\"><\/td>\n<td valign=\"middle\">Nennspannung:<\/td>\n<td valign=\"middle\">85V-265V<\/td>\n<\/tr>\n<tr class=\"even\">\n<td valign=\"middle\" width=\"32\"><\/td>\n<td valign=\"middle\">Lichttemperatur:<\/td>\n<td valign=\"middle\">3000K - 4000K<\/td>\n<\/tr>\n<tr class=\"odd\">\n<td valign=\"middle\" width=\"32\"><\/td>\n<td valign=\"middle\">CRI - Farbwiedergabeindex:<\/td>\n<td valign=\"middle\">92<\/td>\n<\/tr>\n<tr class=\"even\">\n<td valign=\"middle\" width=\"32\"><\/td>\n<td valign=\"middle\">Baumaterial:<\/td>\n<td valign=\"middle\">Aluminium +PC<\/td>\n<\/tr>\n<tr class=\"odd\">\n<td valign=\"middle\" width=\"32\"><\/td>\n<td valign=\"middle\">Leuchtkraft-Lm:<\/td>\n<td valign=\"middle\">1950 Lm<\/td>\n<\/tr>\n<tr class=\"even\">\n<td valign=\"middle\" width=\"32\"><\/td>\n<td valign=\"middle\">Art der LEDs:<\/td>\n<td valign=\"middle\">Bridgelux-Chip im Inneren des 12C3B<\/td>\n<\/tr>\n<tr class=\"odd\">\n<td valign=\"middle\" width=\"32\"><\/td>\n<td valign=\"middle\">\u00d6ffnungswinkel (\u00ba):<\/td>\n<td valign=\"middle\">38\u00ba<\/td>\n<\/tr>\n<tr class=\"even\">\n<td valign=\"middle\" width=\"32\"><\/td>\n<td valign=\"middle\">Effizienz der LED-Diode (Lm\/W):<\/td>\n<td valign=\"middle\">160 Lm\/w<\/td>\n<\/tr>\n<tr class=\"odd\">\n<td valign=\"middle\" width=\"32\"><\/td>\n<td valign=\"middle\">Lichtausbeute (Lm\/W):<\/td>\n<td valign=\"middle\">130 Lm\/W<\/td>\n<\/tr>\n<tr class=\"even\">\n<td valign=\"middle\" width=\"32\"><\/td>\n<td valign=\"middle\">Bescheinigungen:<\/td>\n<td valign=\"middle\">CE - ROHS<\/td>\n<\/tr>\n<tr class=\"odd\">\n<td valign=\"middle\" width=\"32\"><\/td>\n<td valign=\"middle\">IP-Bewertung:<\/td>\n<td valign=\"middle\">IP44<\/td>\n<\/tr>\n<\/tbody>\n<\/table>\n<\/div><div class=\"col-xs-12 col-md-6 2\">\n<table class=\"table table-data-sheet 2\">\n<tbody>\n<tr class=\"odd\">\n<td valign=\"middle\" width=\"32\"><\/td>\n<td valign=\"middle\">Gesch\u00e4tzte Lebensdauer der LED-Diode (H):<\/td>\n<td valign=\"middle\">35.000<\/td>\n<\/tr>\n<tr class=\"even\">\n<td valign=\"middle\" width=\"32\"><\/td>\n<td valign=\"middle\">Abmessungen (mm):<\/td>\n<td valign=\"middle\">\u00d857x68mm<\/td>\n<\/tr>\n<tr class=\"odd\">\n<td valign=\"middle\" width=\"32\"><\/td>\n<td valign=\"middle\">Arbeitsfrequenz (Hz):<\/td>\n<td valign=\"middle\">50\/60Hz<\/td>\n<\/tr>\n<tr class=\"even\">\n<td valign=\"middle\" width=\"32\"><\/td>\n<td valign=\"middle\">Temperaturbereich (\u00baC):<\/td>\n<td valign=\"middle\">-20\u00b0C ~ +55\u00b0C<\/td>\n<\/tr>\n<tr class=\"odd\">\n<td valign=\"middle\" width=\"32\"><\/td>\n<td valign=\"middle\">Z\u00fcndungszyklen:<\/td>\n<td valign=\"middle\">100.000<\/td>\n<\/tr>\n<tr class=\"even\">\n<td valign=\"middle\" width=\"32\"><\/td>\n<td valign=\"middle\">Einschaltzeit (s):<\/td>\n<td valign=\"middle\">0,2s<\/td>\n<\/tr>\n<tr class=\"odd\">\n<td valign=\"middle\" width=\"32\"><\/td>\n<td valign=\"middle\">Deckenausschnitt (mm):<\/td>\n<td valign=\"middle\">\u00d857mm<\/td>\n<\/tr>\n<tr class=\"even\">\n<td valign=\"middle\" width=\"32\"><\/td>\n<td valign=\"middle\">Blendungsindex (UGR):<\/td>\n<td valign=\"middle\">13<\/td>\n<\/tr>\n<tr class=\"odd\">\n<td valign=\"middle\" width=\"32\"><\/td>\n<td valign=\"middle\">Aufprallschutz (IK):<\/td>\n<td valign=\"middle\">IK10<\/td>\n<\/tr>\n<tr class=\"even\">\n<td valign=\"middle\" width=\"32\"><\/td>\n<td valign=\"middle\">Energieklasse (2021-EU-2019\/2015):<\/td>\n<td valign=\"middle\">A++<\/td>\n<\/tr>\n<tr class=\"odd\">\n<td valign=\"middle\" width=\"32\"><\/td>\n<td valign=\"middle\">Energieklasse (2023 - EU-2019\/2015):<\/td>\n<td valign=\"middle\">E<\/td>\n<\/tr>\n<tr class=\"even\">\n<td valign=\"middle\" width=\"32\"><\/td>\n<td valign=\"middle\">Gew\u00e4hrleistungsjahre:<\/td>\n<td valign=\"middle\">3<\/td>\n<\/tr>\n<\/tbody>\n<\/table>\n<p>&nbsp;<\/p>\n<\/div><\/p>","protected":false},"excerpt":{"rendered":"<div class=\"col-md-12\"><i class=\"fa fa-truck\"><\/i>&nbsp;<span class=\"text-muted textprop\">Lieferung innerhalb von 24\/48 Stunden<\/span><div class=\"col-md-12\"><i class=\"fa fa-exchange\"><\/i>&nbsp;<span class=\"text-muted textprop\">Versicherte Garantie<\/span><\/div><div class=\"col-md-12\"><i class=\"fa fa-box\"><\/i>&nbsp;<span class=\"text-muted textprop\">60 Einheit(en) pro Masterbox<\/span><\/div><div><strong>FARBTEMPERATUR: 3000K\/4000K<\/strong><\/div><\/div>","protected":false},"featured_media":8538,"template":"","meta":{"site-sidebar-layout":"default","site-content-layout":"default","ast-global-header-display":"","ast-main-header-display":"","ast-hfb-above-header-display":"","ast-hfb-below-header-display":"","ast-hfb-mobile-header-display":"","site-post-title":"","ast-breadcrumbs-content":"","ast-featured-img":"","footer-sml-layout":"","theme-transparent-header-meta":"default","adv-header-id-meta":"","stick-header-meta":"","header-above-stick-meta":"","header-main-stick-meta":"","header-below-stick-meta":""},"product_cat":[48,23],"product_tag":[],"class_list":["post-8536","product","type-product","status-publish","has-post-thumbnail","hentry","product_cat-bombillas-led-gu10-mr16-g4","product_cat-bombillas-y-lamparas-led"],"_links":{"self":[{"href":"https:\/\/starlediluminacion.com\/de\/wp-json\/wp\/v3\/product\/8536","targetHints":{"allow":["GET"]}}],"collection":[{"href":"https:\/\/starlediluminacion.com\/de\/wp-json\/wp\/v3\/product"}],"about":[{"href":"https:\/\/starlediluminacion.com\/de\/wp-json\/wp\/v2\/types\/product"}],"wp:featuredmedia":[{"embeddable":true,"href":"https:\/\/starlediluminacion.com\/de\/wp-json\/wp\/v2\/media\/8538"}],"wp:attachment":[{"href":"https:\/\/starlediluminacion.com\/de\/wp-json\/wp\/v2\/media?parent=8536"}],"wp:term":[{"taxonomy":"product_cat","embeddable":true,"href":"https:\/\/starlediluminacion.com\/de\/wp-json\/wp\/v2\/product_cat?post=8536"},{"taxonomy":"product_tag","embeddable":true,"href":"https:\/\/starlediluminacion.com\/de\/wp-json\/wp\/v2\/product_tag?post=8536"}],"curies":[{"name":"wp","href":"https:\/\/api.w.org\/{rel}","templated":true}]}}