{"id":8367,"date":"2022-12-05T09:41:50","date_gmt":"2022-12-05T09:41:50","guid":{"rendered":"https:\/\/starlediluminacion.com\/?post_type=product&#038;p=8367"},"modified":"2023-02-10T09:40:13","modified_gmt":"2023-02-10T09:40:13","slug":"driver-programable-regulable-moso-x6-075m-para-luminarias-led-de-hasta-75w-5-anos-garantia","status":"publish","type":"product","link":"https:\/\/starlediluminacion.com\/de\/product\/treiber-programmierbarer-treiber-dimmbar-moso-x6-075m-fur-led-leuchten-bis-75w-5-jahre-garantie\/","title":{"rendered":"<p>MOSO X6-075M Programmierbarer dimmbarer Treiber f\u00fcr LED-Leuchten bis zu 75W - 5 Jahre Garantie<\/p>"},"content":{"rendered":"<p><label>REFERENZ:<span style=\"font-size: 16px;\"> SL<\/span><span class=\"editable\" style=\"font-size: 16px;\">MOSO-75W-PR<\/span><\/label><p>Die<strong>&nbsp;MOSO LED-Treiber - Dimmbar und programmierbar - X6-075M -&nbsp;<\/strong>f\u00fcr Leuchten<strong>&nbsp;LEDs bis zu 75W,<\/strong>&nbsp;ist einsatzbereit f\u00fcr mehr als&nbsp;<strong>50.000 Stunden (13 Jahre Lebensdauer bei 10 Stunden\/365 Tagen).&nbsp;<\/strong>Universelle Eingangsspannung \/ hoher Bereich: 90 bis 305 V AC. \u00dcberspannungsschutz: 5KV Leitung-zu-Leitung, 10KV Leitung-zu-Erde. Einstellbarer und programmierbarer Ausgangsstrom (AOC). 3-in-1 dimmbar: 0 ~ 10Vdc, PWM, Dimm-Timer. Dimmbar bis aus. Kompaktes Aluminiumgeh\u00e4use mit perfekter thermischer Isolierung. SCHUTZART IP67. Mit \"BLACK BOX\"-Registerfunktion. 7 Programmierschritte.<\/p><h1>MOSO X6-075M Programmierbarer dimmbarer Treiber f\u00fcr LED-Leuchten bis zu 75W - 5 Jahre Garantie<\/h1><p>Die&nbsp;<strong>MOSO PROGRAMMABLE Treiber&nbsp;<\/strong>sind speziell f\u00fcr maximale Zuverl\u00e4ssigkeit und Flexibilit\u00e4t in der \u00f6ffentlichen LED-Stra\u00dfenbeleuchtung konzipiert.<\/p><p>&nbsp;<\/p><p>Ausgestattet mit einem \u00dcberspannungsschutz sind diese Treiber sehr robust und haben eine lange Lebensdauer.&nbsp;<b>Lebensdauer von mehr als 50.000 Stunden (13 Jahre bei 10 Stunden\/Tag Betrieb)&nbsp;<\/b>die auch nach mehreren indirekten Blitzeinschl\u00e4gen eine gleichbleibend hohe Leistung der Leuchte gew\u00e4hrleisten (besonderer Schutz f\u00fcr den Au\u00dfenbereich).<\/p><p>Der programmierbare Treiber erm\u00f6glicht die automatische \u00c4nderung der Helligkeit zur intelligenten Anpassung an die verschiedenen Nachtszenarien, die in der Leuchte ben\u00f6tigt werden. Es sind bis zu 7 verschiedene Programmierstufen m\u00f6glich.<\/p><p>Es erm\u00f6glicht auch die Programmierung der Dauer der Umschaltvorg\u00e4nge, so dass die Stromleitungen und die elektrischen Anschl\u00fcsse w\u00e4hrend der Umschaltvorg\u00e4nge nicht beeintr\u00e4chtigt werden; so ist es beispielsweise m\u00f6glich, die Inbetriebnahme der Leitungen so zu programmieren, dass sie schrittweise f\u00fcr 60 Sekunden erfolgt, wodurch eine \u00dcberlastung der Anschl\u00fcsse und der Stromleitungen vermieden wird.<\/p><h2><\/h2><h2><strong>Vorteile:<\/strong><\/h2><ul>\n<li>Universelle Eingangsspannung \/ hoher Bereich: 90 bis 305 V AC.<\/li>\n<li>\u00dcberspannungsschutz: 5KV Leitung-zu-Leitung, 10KV Leitung-zu-Erde.<\/li>\n<li>AOC (<strong>Einstellbarer Ausgangsstrom<\/strong>) gibt die volle Flexibilit\u00e4t, um verschiedene Str\u00f6me nach Spezifikation in verschiedenen Projekten auszugeben: Dimmbar 3 in 1: 0 ~ 10Vdc, PWM, Dimm-Timer. Dimmbar bis aus.<\/li>\n<li>Kompaktes Aluminiumgeh\u00e4use mit perfekter W\u00e4rmed\u00e4mmung.<\/li>\n<li>Hervorragender Wasser- und Staubschutz nach IP67.<\/li>\n<li>Es verf\u00fcgt \u00fcber eine eingebaute \"BLACK BOX\"-Aufzeichnungsfunktion, um die Diagnose m\u00f6glicher Fehler zu erleichtern.<\/li>\n<li>Hohe Lichtqualit\u00e4t w\u00e4hrend der Lebensdauer des Treibers, da er es erm\u00f6glicht, die Milliampere des Treibers und die Lumen der Leuchte zu erh\u00f6hen, um den Verlust der Diodenhelligkeit an die tats\u00e4chliche Helligkeit anzupassen, die die Leuchte w\u00e4hrend ihrer Lebensdauer liefern muss.<\/li>\n<li>Robuste Spezifikationen zum Schutz vor Feuchtigkeit, Vibrationen und extremen Temperaturen.<\/li>\n<li>5 Jahre Garantie.<\/li>\n<\/ul><p>&nbsp;<\/p><h2><\/h2><h2>MOSO X6-075M Programmierbare dimmbare Treiberanwendungen f\u00fcr LED-Leuchten bis zu 75W - 5 Jahre Garantie<\/h2><p>? Stra\u00dfen- und Wegebeleuchtung.<br>\n? Beleuchtung von gro\u00dfen Fl\u00e4chen.<br>\n? die Tunnelbeleuchtung.<br>\n? Hohe Beleuchtungsst\u00e4rke.<\/p><h3 class=\"page-product-heading\">TECHNISCHE DATEN<\/h3><div class=\"col-xs-12 col-md-6\">\n<table class=\"table table-data-sheet 1\">\n<tbody>\n<tr class=\"odd\">\n<td valign=\"middle\" width=\"32\"><\/td>\n<td valign=\"middle\">REFERENZEN :<\/td>\n<td valign=\"middle\">SLMOSO-75W-PR<\/td>\n<\/tr>\n<tr class=\"even\">\n<td valign=\"middle\" width=\"32\"><\/td>\n<td valign=\"middle\">Nennleistung :<\/td>\n<td valign=\"middle\">65W<\/td>\n<\/tr>\n<tr class=\"odd\">\n<td valign=\"middle\" width=\"32\"><\/td>\n<td valign=\"middle\">Nennspannung:<\/td>\n<td valign=\"middle\">220-240V<\/td>\n<\/tr>\n<tr class=\"even\">\n<td valign=\"middle\" width=\"32\"><\/td>\n<td valign=\"middle\">Baumaterial:<\/td>\n<td valign=\"middle\">Aluminium<\/td>\n<\/tr>\n<tr class=\"odd\">\n<td valign=\"middle\" width=\"32\"><\/td>\n<td valign=\"middle\">Bescheinigungen:<\/td>\n<td valign=\"middle\">CE - ENEC 05 - CCC - RoHS<\/td>\n<\/tr>\n<tr class=\"even\">\n<td valign=\"middle\" width=\"32\"><\/td>\n<td valign=\"middle\">IP-Bewertung:<\/td>\n<td valign=\"middle\">IP67-Au\u00dfenbereich<\/td>\n<\/tr>\n<\/tbody>\n<\/table>\n<\/div><div class=\"col-xs-12 col-md-6 2\">\n<table class=\"table table-data-sheet 2\">\n<tbody>\n<tr class=\"odd\">\n<td valign=\"middle\" width=\"32\"><\/td>\n<td valign=\"middle\">Abmessungen (mm):<\/td>\n<td valign=\"middle\">15*4.5*7cm<\/td>\n<\/tr>\n<tr class=\"even\">\n<td valign=\"middle\" width=\"32\"><\/td>\n<td valign=\"middle\">Leistungsfaktor (PF):<\/td>\n<td valign=\"middle\">0.95<\/td>\n<\/tr>\n<tr class=\"odd\">\n<td valign=\"middle\" width=\"32\"><\/td>\n<td valign=\"middle\">Arbeitsfrequenz (Hz):<\/td>\n<td valign=\"middle\">50\/60Hz<\/td>\n<\/tr>\n<tr class=\"even\">\n<td valign=\"middle\" width=\"32\"><\/td>\n<td valign=\"middle\">Temperaturbereich (\u00baC):<\/td>\n<td valign=\"middle\">-40\u00baC +55\u00baC<\/td>\n<\/tr>\n<tr class=\"odd\">\n<td valign=\"middle\" width=\"32\"><\/td>\n<td valign=\"middle\">Zus\u00e4tzliche Informationen:<\/td>\n<td valign=\"middle\">Innen: AC220-240V - Au\u00dfen: DC31-93V - 0,3A-1,05Adc<\/td>\n<\/tr>\n<tr class=\"even\">\n<td valign=\"middle\" width=\"32\"><\/td>\n<td valign=\"middle\">Gew\u00e4hrleistungsjahre:<\/td>\n<td valign=\"middle\">5<\/td>\n<\/tr>\n<\/tbody>\n<\/table>\n<p>&nbsp;<\/p>\n<\/div><\/p>","protected":false},"excerpt":{"rendered":"<div class=\"col-md-12\"><i class=\"fa fa-truck\"><\/i>&nbsp;<span class=\"text-muted textprop\">Lieferung innerhalb von 24\/48 Stunden<\/span><div class=\"col-md-12\"><i class=\"fa fa-exchange\"><\/i>&nbsp;<span class=\"text-muted textprop\">Versicherte Garantie<\/span><\/div><div class=\"col-md-12\"><i class=\"fa fa-box\"><\/i>&nbsp;<span class=\"text-muted textprop\">1 Einheit(en) pro Masterbox<\/span><\/div><\/div>","protected":false},"featured_media":8377,"template":"","meta":{"site-sidebar-layout":"default","site-content-layout":"default","ast-global-header-display":"","ast-main-header-display":"","ast-hfb-above-header-display":"","ast-hfb-below-header-display":"","ast-hfb-mobile-header-display":"","site-post-title":"","ast-breadcrumbs-content":"","ast-featured-img":"","footer-sml-layout":"","theme-transparent-header-meta":"default","adv-header-id-meta":"","stick-header-meta":"","header-above-stick-meta":"","header-main-stick-meta":"","header-below-stick-meta":""},"product_cat":[75,35],"product_tag":[],"class_list":["post-8367","product","type-product","status-publish","has-post-thumbnail","hentry","product_cat-drivers-led","product_cat-fuentes-de-alimentacion-y-driver"],"yoast_head":"<!-- This site is optimized with the Yoast SEO plugin v27.4 - https:\/\/yoast.com\/product\/yoast-seo-wordpress\/ -->\n<title>Driver Programable Regulable MOSO X6-075M para Luminarias LED de hasta 75W - 5 a\u00f1os Garant\u00eda - STARLED Iluminacion<\/title>\n<meta name=\"robots\" content=\"index, follow, max-snippet:-1, max-image-preview:large, max-video-preview:-1\" \/>\n<link rel=\"canonical\" href=\"https:\/\/starlediluminacion.com\/de\/product\/treiber-programmierbarer-treiber-dimmbar-moso-x6-075m-fur-led-leuchten-bis-75w-5-jahre-garantie\/\" \/>\n<meta property=\"og:locale\" content=\"de_DE\" \/>\n<meta property=\"og:type\" content=\"article\" \/>\n<meta property=\"og:title\" content=\"Driver Programable Regulable MOSO X6-075M para Luminarias LED de hasta 75W - 5 a\u00f1os Garant\u00eda - STARLED Iluminacion\" \/>\n<meta property=\"og:description\" content=\"\u00a0Entrega en 24\/48 horas \u00a0Garant\u00eda asegurada \u00a01 unidad(es) por Masterbox\" \/>\n<meta property=\"og:url\" content=\"https:\/\/starlediluminacion.com\/de\/product\/treiber-programmierbarer-treiber-dimmbar-moso-x6-075m-fur-led-leuchten-bis-75w-5-jahre-garantie\/\" \/>\n<meta property=\"og:site_name\" content=\"STARLED Iluminacion\" \/>\n<meta property=\"article:modified_time\" content=\"2023-02-10T09:40:13+00:00\" \/>\n<meta property=\"og:image\" content=\"https:\/\/starlediluminacion.com\/wp-content\/uploads\/2022\/12\/driver-programable-regulable-moso-x6-075m-para-luminarias-led-de-hasta-75w-5-anos-garantia-factorled.jpg\" \/>\n\t<meta property=\"og:image:width\" content=\"1000\" \/>\n\t<meta property=\"og:image:height\" content=\"1000\" \/>\n\t<meta property=\"og:image:type\" content=\"image\/jpeg\" \/>\n<meta name=\"twitter:card\" content=\"summary_large_image\" \/>\n<meta name=\"twitter:label1\" content=\"Gesch\u00e4tzte Lesezeit\" \/>\n\t<meta name=\"twitter:data1\" content=\"3\u00a0Minuten\" \/>\n<script type=\"application\/ld+json\" class=\"yoast-schema-graph\">{\"@context\":\"https:\\\/\\\/schema.org\",\"@graph\":[{\"@type\":\"WebPage\",\"@id\":\"https:\\\/\\\/starlediluminacion.com\\\/producto\\\/driver-programable-regulable-moso-x6-075m-para-luminarias-led-de-hasta-75w-5-anos-garantia\\\/\",\"url\":\"https:\\\/\\\/starlediluminacion.com\\\/producto\\\/driver-programable-regulable-moso-x6-075m-para-luminarias-led-de-hasta-75w-5-anos-garantia\\\/\",\"name\":\"Driver Programable Regulable MOSO X6-075M para Luminarias LED de hasta 75W - 5 a\u00f1os Garant\u00eda - STARLED Iluminacion\",\"isPartOf\":{\"@id\":\"https:\\\/\\\/starlediluminacion.com\\\/#website\"},\"primaryImageOfPage\":{\"@id\":\"https:\\\/\\\/starlediluminacion.com\\\/producto\\\/driver-programable-regulable-moso-x6-075m-para-luminarias-led-de-hasta-75w-5-anos-garantia\\\/#primaryimage\"},\"image\":{\"@id\":\"https:\\\/\\\/starlediluminacion.com\\\/producto\\\/driver-programable-regulable-moso-x6-075m-para-luminarias-led-de-hasta-75w-5-anos-garantia\\\/#primaryimage\"},\"thumbnailUrl\":\"https:\\\/\\\/starlediluminacion.com\\\/wp-content\\\/uploads\\\/2022\\\/12\\\/driver-programable-regulable-moso-x6-075m-para-luminarias-led-de-hasta-75w-5-anos-garantia-factorled.jpg\",\"datePublished\":\"2022-12-05T09:41:50+00:00\",\"dateModified\":\"2023-02-10T09:40:13+00:00\",\"breadcrumb\":{\"@id\":\"https:\\\/\\\/starlediluminacion.com\\\/producto\\\/driver-programable-regulable-moso-x6-075m-para-luminarias-led-de-hasta-75w-5-anos-garantia\\\/#breadcrumb\"},\"inLanguage\":\"de\",\"potentialAction\":[{\"@type\":\"ReadAction\",\"target\":[\"https:\\\/\\\/starlediluminacion.com\\\/producto\\\/driver-programable-regulable-moso-x6-075m-para-luminarias-led-de-hasta-75w-5-anos-garantia\\\/\"]}]},{\"@type\":\"ImageObject\",\"inLanguage\":\"de\",\"@id\":\"https:\\\/\\\/starlediluminacion.com\\\/producto\\\/driver-programable-regulable-moso-x6-075m-para-luminarias-led-de-hasta-75w-5-anos-garantia\\\/#primaryimage\",\"url\":\"https:\\\/\\\/starlediluminacion.com\\\/wp-content\\\/uploads\\\/2022\\\/12\\\/driver-programable-regulable-moso-x6-075m-para-luminarias-led-de-hasta-75w-5-anos-garantia-factorled.jpg\",\"contentUrl\":\"https:\\\/\\\/starlediluminacion.com\\\/wp-content\\\/uploads\\\/2022\\\/12\\\/driver-programable-regulable-moso-x6-075m-para-luminarias-led-de-hasta-75w-5-anos-garantia-factorled.jpg\",\"width\":1000,\"height\":1000},{\"@type\":\"BreadcrumbList\",\"@id\":\"https:\\\/\\\/starlediluminacion.com\\\/producto\\\/driver-programable-regulable-moso-x6-075m-para-luminarias-led-de-hasta-75w-5-anos-garantia\\\/#breadcrumb\",\"itemListElement\":[{\"@type\":\"ListItem\",\"position\":1,\"name\":\"Portada\",\"item\":\"https:\\\/\\\/starlediluminacion.com\\\/\"},{\"@type\":\"ListItem\",\"position\":2,\"name\":\"Shop\",\"item\":\"https:\\\/\\\/starlediluminacion.com\\\/shop-2\\\/\"},{\"@type\":\"ListItem\",\"position\":3,\"name\":\"Driver Programable Regulable MOSO X6-075M para Luminarias LED de hasta 75W &#8211; 5 a\u00f1os Garant\u00eda\"}]},{\"@type\":\"WebSite\",\"@id\":\"https:\\\/\\\/starlediluminacion.com\\\/#website\",\"url\":\"https:\\\/\\\/starlediluminacion.com\\\/\",\"name\":\"STARLED Iluminacion\",\"description\":\"\",\"potentialAction\":[{\"@type\":\"SearchAction\",\"target\":{\"@type\":\"EntryPoint\",\"urlTemplate\":\"https:\\\/\\\/starlediluminacion.com\\\/?s={search_term_string}\"},\"query-input\":{\"@type\":\"PropertyValueSpecification\",\"valueRequired\":true,\"valueName\":\"search_term_string\"}}],\"inLanguage\":\"de\"}]}<\/script>\n<!-- \/ Yoast SEO plugin. -->","yoast_head_json":{"title":"Driver Programable Regulable MOSO X6-075M para Luminarias LED de hasta 75W - 5 a\u00f1os Garant\u00eda - STARLED Iluminacion","robots":{"index":"index","follow":"follow","max-snippet":"max-snippet:-1","max-image-preview":"max-image-preview:large","max-video-preview":"max-video-preview:-1"},"canonical":"https:\/\/starlediluminacion.com\/de\/product\/treiber-programmierbarer-treiber-dimmbar-moso-x6-075m-fur-led-leuchten-bis-75w-5-jahre-garantie\/","og_locale":"de_DE","og_type":"article","og_title":"Driver Programable Regulable MOSO X6-075M para Luminarias LED de hasta 75W - 5 a\u00f1os Garant\u00eda - STARLED Iluminacion","og_description":"\u00a0Entrega en 24\/48 horas \u00a0Garant\u00eda asegurada \u00a01 unidad(es) por Masterbox","og_url":"https:\/\/starlediluminacion.com\/de\/product\/treiber-programmierbarer-treiber-dimmbar-moso-x6-075m-fur-led-leuchten-bis-75w-5-jahre-garantie\/","og_site_name":"STARLED Iluminacion","article_modified_time":"2023-02-10T09:40:13+00:00","og_image":[{"width":1000,"height":1000,"url":"https:\/\/starlediluminacion.com\/wp-content\/uploads\/2022\/12\/driver-programable-regulable-moso-x6-075m-para-luminarias-led-de-hasta-75w-5-anos-garantia-factorled.jpg","type":"image\/jpeg"}],"twitter_card":"summary_large_image","twitter_misc":{"Gesch\u00e4tzte Lesezeit":"3\u00a0Minuten"},"schema":{"@context":"https:\/\/schema.org","@graph":[{"@type":"WebPage","@id":"https:\/\/starlediluminacion.com\/producto\/driver-programable-regulable-moso-x6-075m-para-luminarias-led-de-hasta-75w-5-anos-garantia\/","url":"https:\/\/starlediluminacion.com\/producto\/driver-programable-regulable-moso-x6-075m-para-luminarias-led-de-hasta-75w-5-anos-garantia\/","name":"Driver Programable Regulable MOSO X6-075M para Luminarias LED de hasta 75W - 5 a\u00f1os Garant\u00eda - STARLED Iluminacion","isPartOf":{"@id":"https:\/\/starlediluminacion.com\/#website"},"primaryImageOfPage":{"@id":"https:\/\/starlediluminacion.com\/producto\/driver-programable-regulable-moso-x6-075m-para-luminarias-led-de-hasta-75w-5-anos-garantia\/#primaryimage"},"image":{"@id":"https:\/\/starlediluminacion.com\/producto\/driver-programable-regulable-moso-x6-075m-para-luminarias-led-de-hasta-75w-5-anos-garantia\/#primaryimage"},"thumbnailUrl":"https:\/\/starlediluminacion.com\/wp-content\/uploads\/2022\/12\/driver-programable-regulable-moso-x6-075m-para-luminarias-led-de-hasta-75w-5-anos-garantia-factorled.jpg","datePublished":"2022-12-05T09:41:50+00:00","dateModified":"2023-02-10T09:40:13+00:00","breadcrumb":{"@id":"https:\/\/starlediluminacion.com\/producto\/driver-programable-regulable-moso-x6-075m-para-luminarias-led-de-hasta-75w-5-anos-garantia\/#breadcrumb"},"inLanguage":"de","potentialAction":[{"@type":"ReadAction","target":["https:\/\/starlediluminacion.com\/producto\/driver-programable-regulable-moso-x6-075m-para-luminarias-led-de-hasta-75w-5-anos-garantia\/"]}]},{"@type":"ImageObject","inLanguage":"de","@id":"https:\/\/starlediluminacion.com\/producto\/driver-programable-regulable-moso-x6-075m-para-luminarias-led-de-hasta-75w-5-anos-garantia\/#primaryimage","url":"https:\/\/starlediluminacion.com\/wp-content\/uploads\/2022\/12\/driver-programable-regulable-moso-x6-075m-para-luminarias-led-de-hasta-75w-5-anos-garantia-factorled.jpg","contentUrl":"https:\/\/starlediluminacion.com\/wp-content\/uploads\/2022\/12\/driver-programable-regulable-moso-x6-075m-para-luminarias-led-de-hasta-75w-5-anos-garantia-factorled.jpg","width":1000,"height":1000},{"@type":"BreadcrumbList","@id":"https:\/\/starlediluminacion.com\/producto\/driver-programable-regulable-moso-x6-075m-para-luminarias-led-de-hasta-75w-5-anos-garantia\/#breadcrumb","itemListElement":[{"@type":"ListItem","position":1,"name":"Portada","item":"https:\/\/starlediluminacion.com\/"},{"@type":"ListItem","position":2,"name":"Shop","item":"https:\/\/starlediluminacion.com\/shop-2\/"},{"@type":"ListItem","position":3,"name":"Driver Programable Regulable MOSO X6-075M para Luminarias LED de hasta 75W &#8211; 5 a\u00f1os Garant\u00eda"}]},{"@type":"WebSite","@id":"https:\/\/starlediluminacion.com\/#website","url":"https:\/\/starlediluminacion.com\/","name":"STARLED Iluminacion","description":"","potentialAction":[{"@type":"SearchAction","target":{"@type":"EntryPoint","urlTemplate":"https:\/\/starlediluminacion.com\/?s={search_term_string}"},"query-input":{"@type":"PropertyValueSpecification","valueRequired":true,"valueName":"search_term_string"}}],"inLanguage":"de"}]}},"_links":{"self":[{"href":"https:\/\/starlediluminacion.com\/de\/wp-json\/wp\/v3\/product\/8367","targetHints":{"allow":["GET"]}}],"collection":[{"href":"https:\/\/starlediluminacion.com\/de\/wp-json\/wp\/v3\/product"}],"about":[{"href":"https:\/\/starlediluminacion.com\/de\/wp-json\/wp\/v2\/types\/product"}],"wp:featuredmedia":[{"embeddable":true,"href":"https:\/\/starlediluminacion.com\/de\/wp-json\/wp\/v2\/media\/8377"}],"wp:attachment":[{"href":"https:\/\/starlediluminacion.com\/de\/wp-json\/wp\/v2\/media?parent=8367"}],"wp:term":[{"taxonomy":"product_cat","embeddable":true,"href":"https:\/\/starlediluminacion.com\/de\/wp-json\/wp\/v2\/product_cat?post=8367"},{"taxonomy":"product_tag","embeddable":true,"href":"https:\/\/starlediluminacion.com\/de\/wp-json\/wp\/v2\/product_tag?post=8367"}],"curies":[{"name":"wp","href":"https:\/\/api.w.org\/{rel}","templated":true}]}}