{"id":8338,"date":"2022-11-23T10:23:04","date_gmt":"2022-11-23T10:23:04","guid":{"rendered":"https:\/\/starlediluminacion.com\/?post_type=product&#038;p=8338"},"modified":"2023-02-10T09:33:56","modified_gmt":"2023-02-10T09:33:56","slug":"sensor-regulable-de-luz-crepuscular-fotoelectrico-1-10v","status":"publish","type":"product","link":"https:\/\/starlediluminacion.com\/de\/product\/dimmbares-krepuskulares-licht-photoelektrischer-sensor-1-10v\/","title":{"rendered":"<p>Dimmbarer Lichtsensor - D\u00e4mmerung - Photoelektrisch - 1-10V<\/p>"},"content":{"rendered":"<p><label>REFERENZ: SLFLMS10<\/label><p>Wenn Sie&nbsp;<strong>weitere Einsparungen,<\/strong>&nbsp;ohne die Lichtmenge zu reduzieren, ist dieses Produkt f\u00fcr diesen Zweck konzipiert. Es nutzt das solare Tageslicht, um den Verbrauch der Leuchten zu senken. Dieser Dimmer erkennt die Menge an Tageslicht, die in den Sensor eintritt, und<strong>&nbsp;dimmt automatisch Ihre Leuchten 1-10V<\/strong>,&nbsp;<strong>erhebliche Senkung des Stromverbrauchs<\/strong>.<\/p><p>Konzipiert f\u00fcr die Verwendung in Innenr\u00e4umen mit Montage in der N\u00e4he von nat\u00fcrlichen Lichteing\u00e4ngen wie Fenstern, Dachfenstert\u00fcren usw...<\/p><h1>IP20 D\u00e4mmerungssensor<\/h1><p><b>Dieser D\u00e4mmerungssensor f\u00fcr Innenr\u00e4ume spart eine Menge Energie, indem er Ihre Leuchten 1-10V automatisch entsprechend dem nat\u00fcrlichen Umgebungslicht dimmt.&nbsp;<\/b><\/p><p>Der fotoelektrische\/krepuskulare Sensor 1-10V hat einen Erfassungswinkel von 360\u00b0 und einen Einstellbereich von 1-100%.<\/p><p>Dieser D\u00e4mmerungssensor ist f\u00fcr den Einsatz in Leuchten mit dimmbaren 1-10V-Treibern vorgesehen.<\/p><h3 class=\"page-product-heading\">TECHNISCHE DATEN<\/h3><div class=\"col-xs-12 col-md-6\">\n<table class=\"table table-data-sheet 1\">\n<tbody>\n<tr class=\"odd\">\n<td valign=\"middle\" width=\"32\"><\/td>\n<td valign=\"middle\">REFERENZEN :<\/td>\n<td valign=\"middle\">SLFLMS10<\/td>\n<\/tr>\n<tr class=\"even\">\n<td valign=\"middle\" width=\"32\"><\/td>\n<td valign=\"middle\">Nennspannung:<\/td>\n<td valign=\"middle\">1-10V<\/td>\n<\/tr>\n<tr class=\"odd\">\n<td valign=\"middle\" width=\"32\"><\/td>\n<td valign=\"middle\">Baumaterial:<\/td>\n<td valign=\"middle\">Thermoplastischer Kunststoff<\/td>\n<\/tr>\n<tr class=\"even\">\n<td valign=\"middle\" width=\"32\"><\/td>\n<td valign=\"middle\">\u00d6ffnungswinkel (\u00ba):<\/td>\n<td valign=\"middle\">360\u00ba<\/td>\n<\/tr>\n<tr class=\"odd\">\n<td valign=\"middle\" width=\"32\"><\/td>\n<td valign=\"middle\">Bescheinigungen:<\/td>\n<td valign=\"middle\">EC<\/td>\n<\/tr>\n<\/tbody>\n<\/table>\n<\/div><div class=\"col-xs-12 col-md-6 2\">\n<table class=\"table table-data-sheet 2\">\n<tbody>\n<tr class=\"odd\">\n<td valign=\"middle\" width=\"32\"><\/td>\n<td valign=\"middle\">IP-Bewertung:<\/td>\n<td valign=\"middle\">IP20<\/td>\n<\/tr>\n<tr class=\"even\">\n<td valign=\"middle\" width=\"32\"><\/td>\n<td valign=\"middle\">Abmessungen (mm):<\/td>\n<td valign=\"middle\">?70 x 60 mm<\/td>\n<\/tr>\n<tr class=\"odd\">\n<td valign=\"middle\" width=\"32\"><\/td>\n<td valign=\"middle\">Arbeitsfrequenz (Hz):<\/td>\n<td valign=\"middle\">50\/60Hz<\/td>\n<\/tr>\n<tr class=\"even\">\n<td valign=\"middle\" width=\"32\"><\/td>\n<td valign=\"middle\">Temperaturbereich (\u00baC):<\/td>\n<td valign=\"middle\">-10\u00b0C ~ +40\u00b0C<\/td>\n<\/tr>\n<tr class=\"odd\">\n<td valign=\"middle\" width=\"32\"><\/td>\n<td valign=\"middle\">Gew\u00e4hrleistungsjahre:<\/td>\n<td valign=\"middle\">3<\/td>\n<\/tr>\n<\/tbody>\n<\/table>\n<p>&nbsp;<\/p>\n<\/div><\/p>","protected":false},"excerpt":{"rendered":"<div class=\"col-md-12\"><i class=\"fa fa-truck\"><\/i>&nbsp;<span class=\"text-muted textprop\">Lieferung innerhalb von 24\/48 Stunden<\/span><div class=\"col-md-12\"><i class=\"fa fa-exchange\"><\/i>&nbsp;<span class=\"text-muted textprop\">Versicherte Garantie<\/span><\/div><div class=\"col-md-12\"><i class=\"fa fa-box\"><\/i>&nbsp;<span class=\"text-muted textprop\">1 Einheit(en) pro Masterbox<\/span><\/div><\/div>","protected":false},"featured_media":8347,"template":"","meta":{"site-sidebar-layout":"default","site-content-layout":"default","ast-global-header-display":"","ast-main-header-display":"","ast-hfb-above-header-display":"","ast-hfb-below-header-display":"","ast-hfb-mobile-header-display":"","site-post-title":"","ast-breadcrumbs-content":"","ast-featured-img":"","footer-sml-layout":"","theme-transparent-header-meta":"default","adv-header-id-meta":"","stick-header-meta":"","header-above-stick-meta":"","header-main-stick-meta":"","header-below-stick-meta":""},"product_cat":[15],"product_tag":[],"class_list":["post-8338","product","type-product","status-publish","has-post-thumbnail","hentry","product_cat-bombillas-led-par"],"yoast_head":"<!-- This site is optimized with the Yoast SEO plugin v27.4 - https:\/\/yoast.com\/product\/yoast-seo-wordpress\/ -->\n<title>Sensor regulable de Luz - Crepuscular - Fotoel\u00e9ctrico - 1-10V - STARLED Iluminacion<\/title>\n<meta name=\"robots\" content=\"index, follow, max-snippet:-1, max-image-preview:large, max-video-preview:-1\" \/>\n<link rel=\"canonical\" href=\"https:\/\/starlediluminacion.com\/de\/product\/dimmbares-krepuskulares-licht-photoelektrischer-sensor-1-10v\/\" \/>\n<meta property=\"og:locale\" content=\"de_DE\" \/>\n<meta property=\"og:type\" content=\"article\" \/>\n<meta property=\"og:title\" content=\"Sensor regulable de Luz - Crepuscular - Fotoel\u00e9ctrico - 1-10V - STARLED Iluminacion\" \/>\n<meta property=\"og:description\" content=\"\u00a0Entrega en 24\/48 horas \u00a0Garant\u00eda asegurada \u00a01 unidad(es) por Masterbox\" \/>\n<meta property=\"og:url\" content=\"https:\/\/starlediluminacion.com\/de\/product\/dimmbares-krepuskulares-licht-photoelektrischer-sensor-1-10v\/\" \/>\n<meta property=\"og:site_name\" content=\"STARLED Iluminacion\" \/>\n<meta property=\"article:modified_time\" content=\"2023-02-10T09:33:56+00:00\" \/>\n<meta property=\"og:image\" content=\"https:\/\/starlediluminacion.com\/wp-content\/uploads\/2022\/11\/sensor-regulable-de-luz-crepuscular-fotoelectrico-1-10v-factorled.jpg\" \/>\n\t<meta property=\"og:image:width\" content=\"1000\" \/>\n\t<meta property=\"og:image:height\" content=\"1000\" \/>\n\t<meta property=\"og:image:type\" content=\"image\/jpeg\" \/>\n<meta name=\"twitter:card\" content=\"summary_large_image\" \/>\n<meta name=\"twitter:label1\" content=\"Gesch\u00e4tzte Lesezeit\" \/>\n\t<meta name=\"twitter:data1\" content=\"1\u00a0Minute\" \/>\n<script type=\"application\/ld+json\" class=\"yoast-schema-graph\">{\"@context\":\"https:\\\/\\\/schema.org\",\"@graph\":[{\"@type\":\"WebPage\",\"@id\":\"https:\\\/\\\/starlediluminacion.com\\\/producto\\\/sensor-regulable-de-luz-crepuscular-fotoelectrico-1-10v\\\/\",\"url\":\"https:\\\/\\\/starlediluminacion.com\\\/producto\\\/sensor-regulable-de-luz-crepuscular-fotoelectrico-1-10v\\\/\",\"name\":\"Sensor regulable de Luz - Crepuscular - Fotoel\u00e9ctrico - 1-10V - STARLED Iluminacion\",\"isPartOf\":{\"@id\":\"https:\\\/\\\/starlediluminacion.com\\\/#website\"},\"primaryImageOfPage\":{\"@id\":\"https:\\\/\\\/starlediluminacion.com\\\/producto\\\/sensor-regulable-de-luz-crepuscular-fotoelectrico-1-10v\\\/#primaryimage\"},\"image\":{\"@id\":\"https:\\\/\\\/starlediluminacion.com\\\/producto\\\/sensor-regulable-de-luz-crepuscular-fotoelectrico-1-10v\\\/#primaryimage\"},\"thumbnailUrl\":\"https:\\\/\\\/starlediluminacion.com\\\/wp-content\\\/uploads\\\/2022\\\/11\\\/sensor-regulable-de-luz-crepuscular-fotoelectrico-1-10v-factorled.jpg\",\"datePublished\":\"2022-11-23T10:23:04+00:00\",\"dateModified\":\"2023-02-10T09:33:56+00:00\",\"breadcrumb\":{\"@id\":\"https:\\\/\\\/starlediluminacion.com\\\/producto\\\/sensor-regulable-de-luz-crepuscular-fotoelectrico-1-10v\\\/#breadcrumb\"},\"inLanguage\":\"de\",\"potentialAction\":[{\"@type\":\"ReadAction\",\"target\":[\"https:\\\/\\\/starlediluminacion.com\\\/producto\\\/sensor-regulable-de-luz-crepuscular-fotoelectrico-1-10v\\\/\"]}]},{\"@type\":\"ImageObject\",\"inLanguage\":\"de\",\"@id\":\"https:\\\/\\\/starlediluminacion.com\\\/producto\\\/sensor-regulable-de-luz-crepuscular-fotoelectrico-1-10v\\\/#primaryimage\",\"url\":\"https:\\\/\\\/starlediluminacion.com\\\/wp-content\\\/uploads\\\/2022\\\/11\\\/sensor-regulable-de-luz-crepuscular-fotoelectrico-1-10v-factorled.jpg\",\"contentUrl\":\"https:\\\/\\\/starlediluminacion.com\\\/wp-content\\\/uploads\\\/2022\\\/11\\\/sensor-regulable-de-luz-crepuscular-fotoelectrico-1-10v-factorled.jpg\",\"width\":1000,\"height\":1000},{\"@type\":\"BreadcrumbList\",\"@id\":\"https:\\\/\\\/starlediluminacion.com\\\/producto\\\/sensor-regulable-de-luz-crepuscular-fotoelectrico-1-10v\\\/#breadcrumb\",\"itemListElement\":[{\"@type\":\"ListItem\",\"position\":1,\"name\":\"Portada\",\"item\":\"https:\\\/\\\/starlediluminacion.com\\\/\"},{\"@type\":\"ListItem\",\"position\":2,\"name\":\"Shop\",\"item\":\"https:\\\/\\\/starlediluminacion.com\\\/shop-2\\\/\"},{\"@type\":\"ListItem\",\"position\":3,\"name\":\"Sensor regulable de Luz &#8211; Crepuscular &#8211; Fotoel\u00e9ctrico &#8211; 1-10V\"}]},{\"@type\":\"WebSite\",\"@id\":\"https:\\\/\\\/starlediluminacion.com\\\/#website\",\"url\":\"https:\\\/\\\/starlediluminacion.com\\\/\",\"name\":\"STARLED Iluminacion\",\"description\":\"\",\"potentialAction\":[{\"@type\":\"SearchAction\",\"target\":{\"@type\":\"EntryPoint\",\"urlTemplate\":\"https:\\\/\\\/starlediluminacion.com\\\/?s={search_term_string}\"},\"query-input\":{\"@type\":\"PropertyValueSpecification\",\"valueRequired\":true,\"valueName\":\"search_term_string\"}}],\"inLanguage\":\"de\"}]}<\/script>\n<!-- \/ Yoast SEO plugin. -->","yoast_head_json":{"title":"Sensor regulable de Luz - Crepuscular - Fotoel\u00e9ctrico - 1-10V - STARLED Iluminacion","robots":{"index":"index","follow":"follow","max-snippet":"max-snippet:-1","max-image-preview":"max-image-preview:large","max-video-preview":"max-video-preview:-1"},"canonical":"https:\/\/starlediluminacion.com\/de\/product\/dimmbares-krepuskulares-licht-photoelektrischer-sensor-1-10v\/","og_locale":"de_DE","og_type":"article","og_title":"Sensor regulable de Luz - Crepuscular - Fotoel\u00e9ctrico - 1-10V - STARLED Iluminacion","og_description":"\u00a0Entrega en 24\/48 horas \u00a0Garant\u00eda asegurada \u00a01 unidad(es) por Masterbox","og_url":"https:\/\/starlediluminacion.com\/de\/product\/dimmbares-krepuskulares-licht-photoelektrischer-sensor-1-10v\/","og_site_name":"STARLED Iluminacion","article_modified_time":"2023-02-10T09:33:56+00:00","og_image":[{"width":1000,"height":1000,"url":"https:\/\/starlediluminacion.com\/wp-content\/uploads\/2022\/11\/sensor-regulable-de-luz-crepuscular-fotoelectrico-1-10v-factorled.jpg","type":"image\/jpeg"}],"twitter_card":"summary_large_image","twitter_misc":{"Gesch\u00e4tzte Lesezeit":"1\u00a0Minute"},"schema":{"@context":"https:\/\/schema.org","@graph":[{"@type":"WebPage","@id":"https:\/\/starlediluminacion.com\/producto\/sensor-regulable-de-luz-crepuscular-fotoelectrico-1-10v\/","url":"https:\/\/starlediluminacion.com\/producto\/sensor-regulable-de-luz-crepuscular-fotoelectrico-1-10v\/","name":"Sensor regulable de Luz - Crepuscular - Fotoel\u00e9ctrico - 1-10V - STARLED Iluminacion","isPartOf":{"@id":"https:\/\/starlediluminacion.com\/#website"},"primaryImageOfPage":{"@id":"https:\/\/starlediluminacion.com\/producto\/sensor-regulable-de-luz-crepuscular-fotoelectrico-1-10v\/#primaryimage"},"image":{"@id":"https:\/\/starlediluminacion.com\/producto\/sensor-regulable-de-luz-crepuscular-fotoelectrico-1-10v\/#primaryimage"},"thumbnailUrl":"https:\/\/starlediluminacion.com\/wp-content\/uploads\/2022\/11\/sensor-regulable-de-luz-crepuscular-fotoelectrico-1-10v-factorled.jpg","datePublished":"2022-11-23T10:23:04+00:00","dateModified":"2023-02-10T09:33:56+00:00","breadcrumb":{"@id":"https:\/\/starlediluminacion.com\/producto\/sensor-regulable-de-luz-crepuscular-fotoelectrico-1-10v\/#breadcrumb"},"inLanguage":"de","potentialAction":[{"@type":"ReadAction","target":["https:\/\/starlediluminacion.com\/producto\/sensor-regulable-de-luz-crepuscular-fotoelectrico-1-10v\/"]}]},{"@type":"ImageObject","inLanguage":"de","@id":"https:\/\/starlediluminacion.com\/producto\/sensor-regulable-de-luz-crepuscular-fotoelectrico-1-10v\/#primaryimage","url":"https:\/\/starlediluminacion.com\/wp-content\/uploads\/2022\/11\/sensor-regulable-de-luz-crepuscular-fotoelectrico-1-10v-factorled.jpg","contentUrl":"https:\/\/starlediluminacion.com\/wp-content\/uploads\/2022\/11\/sensor-regulable-de-luz-crepuscular-fotoelectrico-1-10v-factorled.jpg","width":1000,"height":1000},{"@type":"BreadcrumbList","@id":"https:\/\/starlediluminacion.com\/producto\/sensor-regulable-de-luz-crepuscular-fotoelectrico-1-10v\/#breadcrumb","itemListElement":[{"@type":"ListItem","position":1,"name":"Portada","item":"https:\/\/starlediluminacion.com\/"},{"@type":"ListItem","position":2,"name":"Shop","item":"https:\/\/starlediluminacion.com\/shop-2\/"},{"@type":"ListItem","position":3,"name":"Sensor regulable de Luz &#8211; Crepuscular &#8211; Fotoel\u00e9ctrico &#8211; 1-10V"}]},{"@type":"WebSite","@id":"https:\/\/starlediluminacion.com\/#website","url":"https:\/\/starlediluminacion.com\/","name":"STARLED Iluminacion","description":"","potentialAction":[{"@type":"SearchAction","target":{"@type":"EntryPoint","urlTemplate":"https:\/\/starlediluminacion.com\/?s={search_term_string}"},"query-input":{"@type":"PropertyValueSpecification","valueRequired":true,"valueName":"search_term_string"}}],"inLanguage":"de"}]}},"_links":{"self":[{"href":"https:\/\/starlediluminacion.com\/de\/wp-json\/wp\/v3\/product\/8338","targetHints":{"allow":["GET"]}}],"collection":[{"href":"https:\/\/starlediluminacion.com\/de\/wp-json\/wp\/v3\/product"}],"about":[{"href":"https:\/\/starlediluminacion.com\/de\/wp-json\/wp\/v2\/types\/product"}],"wp:featuredmedia":[{"embeddable":true,"href":"https:\/\/starlediluminacion.com\/de\/wp-json\/wp\/v2\/media\/8347"}],"wp:attachment":[{"href":"https:\/\/starlediluminacion.com\/de\/wp-json\/wp\/v2\/media?parent=8338"}],"wp:term":[{"taxonomy":"product_cat","embeddable":true,"href":"https:\/\/starlediluminacion.com\/de\/wp-json\/wp\/v2\/product_cat?post=8338"},{"taxonomy":"product_tag","embeddable":true,"href":"https:\/\/starlediluminacion.com\/de\/wp-json\/wp\/v2\/product_tag?post=8338"}],"curies":[{"name":"wp","href":"https:\/\/api.w.org\/{rel}","templated":true}]}}