{"id":8159,"date":"2022-09-09T13:36:15","date_gmt":"2022-09-09T13:36:15","guid":{"rendered":"https:\/\/starlediluminacion.com\/?post_type=product&#038;p=8159"},"modified":"2022-09-09T13:36:15","modified_gmt":"2022-09-09T13:36:15","slug":"aplique-led-6w-sotra-cromado-4000k","status":"publish","type":"product","link":"https:\/\/starlediluminacion.com\/de\/product\/aplique-led-6w-sotra-cromado-4000k\/","title":{"rendered":"<p>SOTRA 6W LED-Wandleuchte - Chrom - 4000K<\/p>"},"content":{"rendered":"<p>AKTENZEICHEN: SL90534<p>Diese<strong>&nbsp;LED-Wandleuchte 6W<\/strong>&nbsp;eignet sich hervorragend zum Hervorheben von Objekten,&nbsp;<strong>Tabellen<\/strong>&nbsp;und auch zur Verwendung in&nbsp;<strong>Toiletten<\/strong>&nbsp;und Toiletten. Mit diesem LED-Produkt geh\u00f6rt die t\u00e4gliche Suche nach der perfekten Beleuchtung in Bad und Toilette der Vergangenheit an.<\/p><p>Unsere moderne LED-Lampe ist auch perfekt f\u00fcr die Beleuchtung von&nbsp;<strong>Spiegel<\/strong>Die r\u00f6hrenf\u00f6rmigen, 4000K tageslichtwei\u00dfen LEDs garantieren eine gute Ausleuchtung. Ihr modernes Design wertet Ihre Objekte und B\u00e4der auf.<\/p><h1>Wandleuchte LED 6W SOTRA- Chrom - 4000K<\/h1><p><strong>LED-Lampe<\/strong>f\u00fcr&nbsp;<strong>Tabellen<\/strong>und wertet Objekte und&nbsp;<strong>Toiletten<\/strong>&nbsp;minimalistischer Stil mit Frontprofil.<\/p><p>Diese&nbsp;<strong>LED-Wandleuchte<\/strong>&nbsp;ist gl\u00e4nzend verchromt und besteht aus PC, was Rost in Gebieten mit hoher Luftfeuchtigkeit verhindert. Es hat eine&nbsp;<strong>6W Leistung<\/strong>.<\/p><p>Diese Applikation ist resistent gegen nasse Bereiche,&nbsp;<strong>IP44<\/strong>Sie eignet sich perfekt als Zusatzlicht, da sie eine zus\u00e4tzliche Helligkeit ausstrahlt, die z. B. beim Schminken ideal ist. Ideal f\u00fcr jeden Raum in Ihrem Zuhause, auch f\u00fcr das Badezimmer oder die Toilette.<\/p><p>Das Aussehen der LED-Wandleuchte ist sehr \u00e4sthetisch und hat einen harmonischen Ausdruck. Eine sch\u00f6ne Erg\u00e4nzung f\u00fcr moderne Wohnr\u00e4ume, denen sie eine elegante und gem\u00fctliche Wirkung verleiht.<\/p><p>&nbsp;<\/p><h2>Verwendungsm\u00f6glichkeiten der SOTRA LED-Wandleuchte 6W - Chrom - 4000K<\/h2><ul>\n<li>Spiegel<\/li>\n<li>Bilder<\/li>\n<li>Hotels<\/li>\n<\/ul><h3 class=\"page-product-heading\">TECHNISCHE DATEN<\/h3><div class=\"col-xs-12 col-md-6\">\n<table class=\"table table-data-sheet 1\">\n<tbody>\n<tr class=\"odd\">\n<td valign=\"middle\" width=\"32\"><\/td>\n<td valign=\"middle\">REFERENZEN :<\/td>\n<td valign=\"middle\">SL90534<\/td>\n<\/tr>\n<tr class=\"even\">\n<td valign=\"middle\" width=\"32\"><\/td>\n<td valign=\"middle\">Nennleistung :<\/td>\n<td valign=\"middle\">6w<\/td>\n<\/tr>\n<tr class=\"odd\">\n<td valign=\"middle\" width=\"32\"><\/td>\n<td valign=\"middle\">Nennspannung:<\/td>\n<td valign=\"middle\">220V-240V<\/td>\n<\/tr>\n<tr class=\"even\">\n<td valign=\"middle\" width=\"32\"><\/td>\n<td valign=\"middle\">Lichttemperatur:<\/td>\n<td valign=\"middle\">4000K<\/td>\n<\/tr>\n<tr class=\"odd\">\n<td valign=\"middle\" width=\"32\"><\/td>\n<td valign=\"middle\">CRI - Farbwiedergabeindex:<\/td>\n<td valign=\"middle\">85<\/td>\n<\/tr>\n<tr class=\"even\">\n<td valign=\"middle\" width=\"32\"><\/td>\n<td valign=\"middle\">Art der LEDs:<\/td>\n<td valign=\"middle\">SMD 2835<\/td>\n<\/tr>\n<tr class=\"odd\">\n<td valign=\"middle\" width=\"32\"><\/td>\n<td valign=\"middle\">\u00d6ffnungswinkel (\u00ba):<\/td>\n<td valign=\"middle\">120\u00b0<\/td>\n<\/tr>\n<\/tbody>\n<\/table>\n<\/div><div class=\"col-xs-12 col-md-6 2\">\n<table class=\"table table-data-sheet 2\">\n<tbody>\n<tr class=\"odd\">\n<td valign=\"middle\" width=\"32\"><\/td>\n<td valign=\"middle\">Bescheinigungen:<\/td>\n<td valign=\"middle\">CE - ROHS<\/td>\n<\/tr>\n<tr class=\"even\">\n<td valign=\"middle\" width=\"32\"><\/td>\n<td valign=\"middle\">IP-Bewertung:<\/td>\n<td valign=\"middle\">IP44<\/td>\n<\/tr>\n<tr class=\"odd\">\n<td valign=\"middle\" width=\"32\"><\/td>\n<td valign=\"middle\">Abmessungen (mm):<\/td>\n<td valign=\"middle\">300x110mm<\/td>\n<\/tr>\n<tr class=\"even\">\n<td valign=\"middle\" width=\"32\"><\/td>\n<td valign=\"middle\">Arbeitsfrequenz (Hz):<\/td>\n<td valign=\"middle\">50\/60Hz<\/td>\n<\/tr>\n<tr class=\"odd\">\n<td valign=\"middle\" width=\"32\"><\/td>\n<td valign=\"middle\">Energieklasse (2021-EU-2019\/2015):<\/td>\n<td valign=\"middle\">A<\/td>\n<\/tr>\n<tr class=\"even\">\n<td valign=\"middle\" width=\"32\"><\/td>\n<td valign=\"middle\">Gew\u00e4hrleistungsjahre:<\/td>\n<td valign=\"middle\">2<\/td>\n<\/tr>\n<\/tbody>\n<\/table>\n<\/div><\/p>","protected":false},"excerpt":{"rendered":"<div class=\"col-md-12\"><i class=\"fa fa-truck\"><\/i>&nbsp;<span class=\"text-muted textprop\">Lieferung innerhalb von 24\/48 Stunden<\/span><div class=\"col-md-12\"><i class=\"fa fa-exchange\"><\/i>&nbsp;<span class=\"text-muted textprop\">Versicherte Garantie<\/span><\/div><div class=\"col-md-12\"><i class=\"fa fa-box\"><\/i>&nbsp;<span class=\"text-muted textprop\">20 Einheit(en) pro Masterbox<\/span><\/div><\/div>","protected":false},"featured_media":8166,"template":"","meta":{"site-sidebar-layout":"default","site-content-layout":"default","ast-global-header-display":"","ast-main-header-display":"","ast-hfb-above-header-display":"","ast-hfb-below-header-display":"","ast-hfb-mobile-header-display":"","site-post-title":"","ast-breadcrumbs-content":"","ast-featured-img":"","footer-sml-layout":"","theme-transparent-header-meta":"default","adv-header-id-meta":"","stick-header-meta":"","header-above-stick-meta":"","header-main-stick-meta":"","header-below-stick-meta":""},"product_cat":[64,36],"product_tag":[],"class_list":["post-8159","product","type-product","status-publish","has-post-thumbnail","hentry","product_cat-apliques-led","product_cat-apliques-led-y-decoracion"],"_links":{"self":[{"href":"https:\/\/starlediluminacion.com\/de\/wp-json\/wp\/v3\/product\/8159","targetHints":{"allow":["GET"]}}],"collection":[{"href":"https:\/\/starlediluminacion.com\/de\/wp-json\/wp\/v3\/product"}],"about":[{"href":"https:\/\/starlediluminacion.com\/de\/wp-json\/wp\/v2\/types\/product"}],"wp:featuredmedia":[{"embeddable":true,"href":"https:\/\/starlediluminacion.com\/de\/wp-json\/wp\/v2\/media\/8166"}],"wp:attachment":[{"href":"https:\/\/starlediluminacion.com\/de\/wp-json\/wp\/v2\/media?parent=8159"}],"wp:term":[{"taxonomy":"product_cat","embeddable":true,"href":"https:\/\/starlediluminacion.com\/de\/wp-json\/wp\/v2\/product_cat?post=8159"},{"taxonomy":"product_tag","embeddable":true,"href":"https:\/\/starlediluminacion.com\/de\/wp-json\/wp\/v2\/product_tag?post=8159"}],"curies":[{"name":"wp","href":"https:\/\/api.w.org\/{rel}","templated":true}]}}