{"id":8150,"date":"2022-09-09T13:28:41","date_gmt":"2022-09-09T13:28:41","guid":{"rendered":"https:\/\/starlediluminacion.com\/?post_type=product&#038;p=8150"},"modified":"2022-09-09T13:28:41","modified_gmt":"2022-09-09T13:28:41","slug":"aplique-lineal-led-washington-blanco-0-44m-0-94m-1-44m-1-94m-ip54","status":"publish","type":"product","link":"https:\/\/starlediluminacion.com\/de\/product\/aplique-lineal-led-washington-blanco-0-44m-0-94m-1-44m-1-94m-ip54\/","title":{"rendered":"<p>Lineare LED-Wandleuchte - WASHINGTON WEISS - 0,44m - 0,94m - 1,44m - 1,94m - IP54<\/p>"},"content":{"rendered":"<p>REFERENZ: SLA-09054-B<p>Unser&nbsp;<strong>Professionelle Leuchte<\/strong>&nbsp;linear<strong>&nbsp;<\/strong>&nbsp;<strong>-&nbsp;<\/strong>WASHINGTON Wei\u00df&nbsp;<strong>-<\/strong>&nbsp;ist f\u00fcr eine intensive, 24-st\u00fcndige, ununterbrochene Nutzung ausgelegt. Unser&nbsp;<strong>anwenden.&nbsp;<\/strong>f\u00fcr<strong>&nbsp;Wand<\/strong>&nbsp;wird in Europa handgefertigt - keine R\u00fcckgabe m\u00f6glich, da es sich um eine Sonderanfertigung handelt.  Reines Aluminium 98%, die Lichtquelle&nbsp;<strong>IP54<\/strong>&nbsp;liefert 2 x 1.500 Lumen pro Meter - 140 Leds\/Meter SMD 2835 ? Dimmbar \u00fcber TRIAC.  5 Jahre Garantie.<\/p><p>Unser Diffusor ist opalwei\u00df.<\/p><p>Die Produktionszeit betr\u00e4gt 5 bis 7 Arbeitstage.<strong>&nbsp;<\/strong>(Montag bis Freitag).<\/p><h1>Lineare LED-Wandleuchte - WASHINGTON WHITE - IP54<\/h1><p>&nbsp;<\/p><p>Unser&nbsp;<strong>lineare Wandleuchten<\/strong>&nbsp;LED -&nbsp;<strong>WASHINGTON&nbsp;<\/strong>- ist ein vielseitiges und zeitloses Sortiment, das die Hauptrolle in der Inneneinrichtung eines Raums spielen oder sich an sie anpassen kann. Dank der verschiedenen Gr\u00f6\u00dfen und Farben, die zur Verf\u00fcgung stehen, kann es eine gro\u00dfe Vielfalt an visuellen Eindr\u00fccken bieten, die den Raum aus einer neuen Perspektive definieren werden.<\/p><p>Die lineare LED<strong>&nbsp;-WASHINGTON-<\/strong>&nbsp;&nbsp;zeichnet homogene Lichtlinien, die sich mit minimaler visueller Beeintr\u00e4chtigung an eine Vielzahl von R\u00e4umen anpassen und sowohl den allgemeinen Beleuchtungsbedarf als auch die Flutung vertikaler Fl\u00e4chen l\u00f6sen.<\/p><p>Das Design unserer&nbsp;<strong>anwenden.<\/strong>&nbsp;f\u00fcr&nbsp;<strong>Wand<\/strong>&nbsp;kombiniert Diffusoren mit hoher Lichtdurchl\u00e4ssigkeit, die hohen visuellen Komfort und Energieeffizienz bieten.<\/p><p>Die Lichtquelle unserer&nbsp;<strong>LED-Langfeldleuchte<\/strong>&nbsp;enth\u00e4lt 2 LED-Streifen von 140 Leds\/Meter von hoher Leuchtkraft SMD2835, die 1500lm\/Meter liefert; die LED-Dioden enthalten doppelte Golddraht-L\u00f6tung f\u00fcr l\u00e4ngere Lebensdauer und Zuverl\u00e4ssigkeit. Sehr niedriger Flimmerpegel.<\/p><p><strong>Die 140 LEDs \/ Meter von 0,6 W arbeiten allein mit 0,1 W; danach arbeitet sie allein mit 17% ihrer Nennleistung, so dass sich die LED-Lichtquelle \u00fcberhaupt nicht erw\u00e4rmt. Sie kann ununterbrochen 24 Stunden am Tag arbeiten und erh\u00f6ht die Lebensdauer auf mehr als 50.000 Stunden.<\/strong><\/p><p>Dank seiner Lichtquelle kann er auch in Bereichen mit hoher Luftfeuchtigkeit eingesetzt werden.<strong>&nbsp;IP54<\/strong>&nbsp;ist mit hochwertigem Silikon (UC Class F1 UL94 und VOC-frei) isoliert, das im Laufe der Jahre Vergilbung und Rissbildung verhindert.<\/p><p>Es stellt eine direkte Verbindung her zu&nbsp;<strong>220v<\/strong>Das Netzteil und der Br\u00fcckengleichrichter sind nicht erforderlich.<\/p><p>Der Verbrauch der Leuchte betr\u00e4gt 14 W bei 44 cm, 28 W bei 94 cm, 42 W bei 144 cm und 56 W bei 194 cm.<\/p><p>Sie besteht aus hochreinem 6063\/6060 Aluminium (98%), mit UNE EN 755 und UNE EN 12020-1 W\u00e4rmebehandlung. Die Lackierung der Leuchte ist von hoher Widerstandsf\u00e4higkeit und Qualit\u00e4t und ist in Schwarz und Wei\u00df - Qualicoat - strukturiert und in Silber - Qualanod - mit einer Dicke von 15 Mikron f\u00fcr eine lange Nutzungsdauer eloxiert.<\/p><p>Unsere LED-Langfeldleuchte -<strong>&nbsp;WASHINGTON -<\/strong>&nbsp; Da es sich um eine Ma\u00dfanfertigung handelt, bietet es mehrere M\u00f6glichkeiten, zwischen einer w\u00e4rmeren, neutralen oder kalten Beleuchtung und eloxierten Oberfl\u00e4chen in Silber, Wei\u00df und Schwarz zu w\u00e4hlen. Die Leuchte wird in Europa auf die vom Kunden gew\u00fcnschte Gr\u00f6\u00dfe handgefertigt. Da es sich um eine Sonderanfertigung handelt, ist eine R\u00fcckgabe nicht m\u00f6glich.<\/p><p>Die Produktionszeit betr\u00e4gt 5 bis 7 Arbeitstage.<\/p><p>&nbsp;<\/p><h2>Verwendung der linearen LED-Wandleuchte - WASHINGTON WHITE - IP54<\/h2><ul>\n<li>Gesch\u00e4fte<\/li>\n<li>Ausstellungen<\/li>\n<li>Branchen<\/li>\n<li>\u00c4mter<\/li>\n<li>Haushalte<\/li>\n<\/ul><h3 class=\"page-product-heading\">TECHNISCHE DATEN<\/h3><div class=\"col-xs-12 col-md-6\">\n<table class=\"table table-data-sheet 1\">\n<tbody>\n<tr class=\"odd\">\n<td valign=\"middle\" width=\"32\"><\/td>\n<td valign=\"middle\">REFERENZEN :<\/td>\n<td valign=\"middle\">SLA-09054-B<\/td>\n<\/tr>\n<tr class=\"even\">\n<td valign=\"middle\" width=\"32\"><\/td>\n<td valign=\"middle\">Nennleistung :<\/td>\n<td valign=\"middle\">14W 0,44m - 28W 0,94m - 42W 1,44m - 56W 1,94m - IP54<\/td>\n<\/tr>\n<tr class=\"odd\">\n<td valign=\"middle\" width=\"32\"><\/td>\n<td valign=\"middle\">Nennspannung:<\/td>\n<td valign=\"middle\">85-265V<\/td>\n<\/tr>\n<tr class=\"even\">\n<td valign=\"middle\" width=\"32\"><\/td>\n<td valign=\"middle\">Lichttemperatur:<\/td>\n<td valign=\"middle\">2700K - 3000K - 4000K - 6000K<\/td>\n<\/tr>\n<tr class=\"odd\">\n<td valign=\"middle\" width=\"32\"><\/td>\n<td valign=\"middle\">CRI - Farbwiedergabeindex:<\/td>\n<td valign=\"middle\">80<\/td>\n<\/tr>\n<tr class=\"even\">\n<td valign=\"middle\" width=\"32\"><\/td>\n<td valign=\"middle\">Baumaterial:<\/td>\n<td valign=\"middle\">Aluminium +PC<\/td>\n<\/tr>\n<tr class=\"odd\">\n<td valign=\"middle\" width=\"32\"><\/td>\n<td valign=\"middle\">Leuchtkraft-Lm:<\/td>\n<td valign=\"middle\">1M:1500\u00d72 Lm\/2M: 3000 Lmx2 - LED-Streifen<\/td>\n<\/tr>\n<tr class=\"even\">\n<td valign=\"middle\" width=\"32\"><\/td>\n<td valign=\"middle\">Art der LEDs:<\/td>\n<td valign=\"middle\">SMD2835 - 140 LEDs\/M PCB12mm<\/td>\n<\/tr>\n<tr class=\"odd\">\n<td valign=\"middle\" width=\"32\"><\/td>\n<td valign=\"middle\">\u00d6ffnungswinkel (\u00ba):<\/td>\n<td valign=\"middle\">120\u00ba<\/td>\n<\/tr>\n<tr class=\"even\">\n<td valign=\"middle\" width=\"32\"><\/td>\n<td valign=\"middle\">Effizienz der LED-Diode (Lm\/W):<\/td>\n<td valign=\"middle\">160 Lm\/w<\/td>\n<\/tr>\n<tr class=\"odd\">\n<td valign=\"middle\" width=\"32\"><\/td>\n<td valign=\"middle\">Lichtausbeute (Lm\/W):<\/td>\n<td valign=\"middle\">110 Lm\/W<\/td>\n<\/tr>\n<tr class=\"even\">\n<td valign=\"middle\" width=\"32\"><\/td>\n<td valign=\"middle\">Dimmbar:<\/td>\n<td valign=\"middle\">TRIAC 40%-100%<\/td>\n<\/tr>\n<\/tbody>\n<\/table>\n<\/div><div class=\"col-xs-12 col-md-6 2\">\n<table class=\"table table-data-sheet 2\">\n<tbody>\n<tr class=\"odd\">\n<td valign=\"middle\" width=\"32\"><\/td>\n<td valign=\"middle\">Bescheinigungen:<\/td>\n<td valign=\"middle\">CE - ROHS<\/td>\n<\/tr>\n<tr class=\"even\">\n<td valign=\"middle\" width=\"32\"><\/td>\n<td valign=\"middle\">IP-Bewertung:<\/td>\n<td valign=\"middle\">IP54<\/td>\n<\/tr>\n<tr class=\"odd\">\n<td valign=\"middle\" width=\"32\"><\/td>\n<td valign=\"middle\">Gesch\u00e4tzte Lebensdauer der LED-Diode (H):<\/td>\n<td valign=\"middle\">40.000<\/td>\n<\/tr>\n<tr class=\"even\">\n<td valign=\"middle\" width=\"32\"><\/td>\n<td valign=\"middle\">Abmessungen (mm):<\/td>\n<td valign=\"middle\">L: 0,44 m - 0,94 m - 1,44 m - 1,94 m<\/td>\n<\/tr>\n<tr class=\"odd\">\n<td valign=\"middle\" width=\"32\"><\/td>\n<td valign=\"middle\">Leistungsfaktor (PF):<\/td>\n<td valign=\"middle\">0,91<\/td>\n<\/tr>\n<tr class=\"even\">\n<td valign=\"middle\" width=\"32\"><\/td>\n<td valign=\"middle\">Arbeitsfrequenz (Hz):<\/td>\n<td valign=\"middle\">50\/60Hz<\/td>\n<\/tr>\n<tr class=\"odd\">\n<td valign=\"middle\" width=\"32\"><\/td>\n<td valign=\"middle\">Temperaturbereich (\u00baC):<\/td>\n<td valign=\"middle\">-20\u00b0C ~ +55\u00b0C<\/td>\n<\/tr>\n<tr class=\"even\">\n<td valign=\"middle\" width=\"32\"><\/td>\n<td valign=\"middle\">Z\u00fcndungszyklen:<\/td>\n<td valign=\"middle\">100.000<\/td>\n<\/tr>\n<tr class=\"odd\">\n<td valign=\"middle\" width=\"32\"><\/td>\n<td valign=\"middle\">Einschaltzeit (s):<\/td>\n<td valign=\"middle\">0,2s<\/td>\n<\/tr>\n<tr class=\"odd\">\n<td valign=\"middle\" width=\"32\"><\/td>\n<td valign=\"middle\">Energieklasse (2021-EU-2019\/2015):<\/td>\n<td valign=\"middle\">A+<\/td>\n<\/tr>\n<tr class=\"even\">\n<td valign=\"middle\" width=\"32\"><\/td>\n<td valign=\"middle\">Gew\u00e4hrleistungsjahre:<\/td>\n<td valign=\"middle\">5<\/td>\n<\/tr>\n<\/tbody>\n<\/table>\n<\/div><\/p>","protected":false},"excerpt":{"rendered":"<div class=\"col-md-12\">\n<div class=\"col-md-12\"><i class=\"fa fa-truck\"><\/i>&nbsp;<span class=\"text-muted textprop\">Lieferung innerhalb von 24\/48 Stunden<\/span><\/div>\n<div class=\"col-md-12\"><i class=\"fa fa-exchange\"><\/i>&nbsp;<span class=\"text-muted textprop\">Versicherte Garantie<\/span><\/div>\n<div class=\"col-md-12\"><i class=\"fa fa-box\"><\/i>&nbsp;<span class=\"text-muted textprop\">20 Einheit(en) pro Masterbox<\/span><\/div>\n<div><strong>FARBTEMPERATUR: 2700K-3000K-4500K-6500K<\/strong><\/div>\n<p><i class=\"fa fa-truck\"><\/i><\/p><\/div>","protected":false},"featured_media":8158,"template":"","meta":{"site-sidebar-layout":"default","site-content-layout":"default","ast-global-header-display":"","ast-main-header-display":"","ast-hfb-above-header-display":"","ast-hfb-below-header-display":"","ast-hfb-mobile-header-display":"","site-post-title":"","ast-breadcrumbs-content":"","ast-featured-img":"","footer-sml-layout":"","theme-transparent-header-meta":"default","adv-header-id-meta":"","stick-header-meta":"","header-above-stick-meta":"","header-main-stick-meta":"","header-below-stick-meta":""},"product_cat":[64,36],"product_tag":[],"class_list":["post-8150","product","type-product","status-publish","has-post-thumbnail","hentry","product_cat-apliques-led","product_cat-apliques-led-y-decoracion"],"_links":{"self":[{"href":"https:\/\/starlediluminacion.com\/de\/wp-json\/wp\/v3\/product\/8150","targetHints":{"allow":["GET"]}}],"collection":[{"href":"https:\/\/starlediluminacion.com\/de\/wp-json\/wp\/v3\/product"}],"about":[{"href":"https:\/\/starlediluminacion.com\/de\/wp-json\/wp\/v2\/types\/product"}],"wp:featuredmedia":[{"embeddable":true,"href":"https:\/\/starlediluminacion.com\/de\/wp-json\/wp\/v2\/media\/8158"}],"wp:attachment":[{"href":"https:\/\/starlediluminacion.com\/de\/wp-json\/wp\/v2\/media?parent=8150"}],"wp:term":[{"taxonomy":"product_cat","embeddable":true,"href":"https:\/\/starlediluminacion.com\/de\/wp-json\/wp\/v2\/product_cat?post=8150"},{"taxonomy":"product_tag","embeddable":true,"href":"https:\/\/starlediluminacion.com\/de\/wp-json\/wp\/v2\/product_tag?post=8150"}],"curies":[{"name":"wp","href":"https:\/\/api.w.org\/{rel}","templated":true}]}}