{"id":8133,"date":"2022-09-09T13:10:06","date_gmt":"2022-09-09T13:10:06","guid":{"rendered":"https:\/\/starlediluminacion.com\/?post_type=product&#038;p=8133"},"modified":"2022-09-09T13:10:06","modified_gmt":"2022-09-09T13:10:06","slug":"aplique-led-interior-exterior-ip65-gu10-x2-4","status":"publish","type":"product","link":"https:\/\/starlediluminacion.com\/de\/product\/aplique-led-interior-exterior-ip65-gu10-x2-4\/","title":{"rendered":"<p>LED-Wandleuchte Innen Au\u00dfen - IP65 - GU10 x2<\/p>"},"content":{"rendered":"<p>AKTENZEICHEN: SL90571<p><strong>LED-Wandleuchte&nbsp;<\/strong>von&nbsp;<strong>Wand<\/strong>Art des Schutzes&nbsp;<strong>IP65&nbsp;<\/strong>Die Verwendung dieses Produkts ist daher resistent gegen pl\u00f6tzliche Temperaturschwankungen, sowohl im Winter als auch im Sommer.<\/p><p>Diese<strong>&nbsp;anwenden.&nbsp;<\/strong>von<strong>&nbsp;Wand<\/strong>&nbsp;<strong>innerhalb<\/strong>&nbsp;y&nbsp;&nbsp;<strong>au\u00dferhalb&nbsp;<\/strong>ist besonders f\u00fcr die Beleuchtung von Au\u00dfenbereichen geeignet und verleiht ihnen ein modernes Design. Es schafft entspannende Atmosph\u00e4ren, um Ihren Garten, Eing\u00e4nge, Veranden, etc. zu genie\u00dfen...<\/p><h1>Innen - Au\u00dfen LED Projektor Wandleuchte IP65<\/h1><p><strong>Wandleuchte&nbsp;<\/strong>ist ein Element von hoher dekorativer Qualit\u00e4t, das sich an jede Art von Stil anpassen l\u00e4sst. Sie erhalten eine tolle warme Beleuchtung.<\/p><p>Unser&nbsp;<strong>Wandleuchte<\/strong>mit den Abmessungen 155*64*95<em>mm<\/em>aus Aluminium und mit einem Glasdiffusor ausgestattet, eignet sich die Lampe sowohl f\u00fcr den Innen- als auch f\u00fcr den Au\u00dfenbereich, da sie&nbsp;<strong>IP65&nbsp;<\/strong>Das macht sie unempfindlich gegen Staub und Regenspritzer. Ihre Lichtquelle ist eine Gl\u00fchbirne vom Typ GU10.<\/p><p><em>GU10-Lampe separat erh\u00e4ltlich<\/em><\/p><p>&nbsp;<\/p><h2>Verwendet Innen - Au\u00dfen LED Projektor Wandleuchte IP65<\/h2><ul>\n<li>W\u00e4nde<\/li>\n<li>Korridore<\/li>\n<li>Zimmer<\/li>\n<li>Hotels<\/li>\n<li>Eintrittskarten<\/li>\n<li>Veranden<\/li>\n<\/ul><h3 class=\"page-product-heading\">TECHNISCHE DATEN<\/h3><div class=\"col-xs-12 col-md-6\">\n<table class=\"table table-data-sheet 1\">\n<tbody>\n<tr class=\"odd\">\n<td valign=\"middle\" width=\"32\"><\/td>\n<td valign=\"middle\">REFERENZEN :<\/td>\n<td valign=\"middle\">SL90571<\/td>\n<\/tr>\n<tr class=\"even\">\n<td valign=\"middle\" width=\"32\"><\/td>\n<td valign=\"middle\">Nennspannung:<\/td>\n<td valign=\"middle\">175-265V<\/td>\n<\/tr>\n<tr class=\"odd\">\n<td valign=\"middle\" width=\"32\"><\/td>\n<td valign=\"middle\">Baumaterial:<\/td>\n<td valign=\"middle\">Aluminium + Glas<\/td>\n<\/tr>\n<tr class=\"even\">\n<td valign=\"middle\" width=\"32\"><\/td>\n<td valign=\"middle\">Buchse:<\/td>\n<td valign=\"middle\">GU10 x2<\/td>\n<\/tr>\n<tr class=\"odd\">\n<td valign=\"middle\" width=\"32\"><\/td>\n<td valign=\"middle\">Bescheinigungen:<\/td>\n<td valign=\"middle\">CE - ROHS<\/td>\n<\/tr>\n<tr class=\"even\">\n<td valign=\"middle\" width=\"32\"><\/td>\n<td valign=\"middle\">IP-Bewertung:<\/td>\n<td valign=\"middle\">IP65-Au\u00dfenbereich<\/td>\n<\/tr>\n<\/tbody>\n<\/table>\n<\/div><div class=\"col-xs-12 col-md-6 2\">\n<table class=\"table table-data-sheet 2\">\n<tbody>\n<tr class=\"odd\">\n<td valign=\"middle\" width=\"32\"><\/td>\n<td valign=\"middle\">Abmessungen (mm):<\/td>\n<td valign=\"middle\">155*64*95mm<\/td>\n<\/tr>\n<tr class=\"even\">\n<td valign=\"middle\" width=\"32\"><\/td>\n<td valign=\"middle\">Arbeitsfrequenz (Hz):<\/td>\n<td valign=\"middle\">50\/60Hz<\/td>\n<\/tr>\n<tr class=\"odd\">\n<td valign=\"middle\" width=\"32\"><\/td>\n<td valign=\"middle\">Temperaturbereich (\u00baC):<\/td>\n<td valign=\"middle\">-20\u00b0C ~ +55\u00b0C<\/td>\n<\/tr>\n<tr class=\"even\">\n<td valign=\"middle\" width=\"32\"><\/td>\n<td valign=\"middle\">Z\u00fcndungszyklen:<\/td>\n<td valign=\"middle\">100.000<\/td>\n<\/tr>\n<tr class=\"odd\">\n<td valign=\"middle\" width=\"32\"><\/td>\n<td valign=\"middle\">Gew\u00e4hrleistungsjahre:<\/td>\n<td valign=\"middle\">2<\/td>\n<\/tr>\n<\/tbody>\n<\/table>\n<p>&nbsp;<\/p>\n<\/div><\/p>","protected":false},"excerpt":{"rendered":"<div class=\"col-md-12\"><i class=\"fa fa-truck\"><\/i>&nbsp;<span class=\"text-muted textprop\">Lieferung innerhalb von 24\/48 Stunden<\/span><div class=\"col-md-12\"><i class=\"fa fa-exchange\"><\/i>&nbsp;<span class=\"text-muted textprop\">Versicherte Garantie<\/span><\/div><div class=\"col-md-12\"><i class=\"fa fa-box\"><\/i>&nbsp;<span class=\"text-muted textprop\">20 Einheit(en) pro Masterbox<\/span><\/div><\/div>","protected":false},"featured_media":8141,"template":"","meta":{"site-sidebar-layout":"default","site-content-layout":"default","ast-global-header-display":"","ast-main-header-display":"","ast-hfb-above-header-display":"","ast-hfb-below-header-display":"","ast-hfb-mobile-header-display":"","site-post-title":"","ast-breadcrumbs-content":"","ast-featured-img":"","footer-sml-layout":"","theme-transparent-header-meta":"default","adv-header-id-meta":"","stick-header-meta":"","header-above-stick-meta":"","header-main-stick-meta":"","header-below-stick-meta":""},"product_cat":[64,36],"product_tag":[],"class_list":["post-8133","product","type-product","status-publish","has-post-thumbnail","hentry","product_cat-apliques-led","product_cat-apliques-led-y-decoracion"],"_links":{"self":[{"href":"https:\/\/starlediluminacion.com\/de\/wp-json\/wp\/v3\/product\/8133","targetHints":{"allow":["GET"]}}],"collection":[{"href":"https:\/\/starlediluminacion.com\/de\/wp-json\/wp\/v3\/product"}],"about":[{"href":"https:\/\/starlediluminacion.com\/de\/wp-json\/wp\/v2\/types\/product"}],"wp:featuredmedia":[{"embeddable":true,"href":"https:\/\/starlediluminacion.com\/de\/wp-json\/wp\/v2\/media\/8141"}],"wp:attachment":[{"href":"https:\/\/starlediluminacion.com\/de\/wp-json\/wp\/v2\/media?parent=8133"}],"wp:term":[{"taxonomy":"product_cat","embeddable":true,"href":"https:\/\/starlediluminacion.com\/de\/wp-json\/wp\/v2\/product_cat?post=8133"},{"taxonomy":"product_tag","embeddable":true,"href":"https:\/\/starlediluminacion.com\/de\/wp-json\/wp\/v2\/product_tag?post=8133"}],"curies":[{"name":"wp","href":"https:\/\/api.w.org\/{rel}","templated":true}]}}