{"id":8059,"date":"2022-09-09T12:40:47","date_gmt":"2022-09-09T12:40:47","guid":{"rendered":"https:\/\/starlediluminacion.com\/?post_type=product&#038;p=8059"},"modified":"2023-05-22T14:18:37","modified_gmt":"2023-05-22T14:18:37","slug":"aplique-led-6w-apolo-blanco-negro","status":"publish","type":"product","link":"https:\/\/starlediluminacion.com\/de\/product\/wandleuchte-led-6w-apollo-weiss-schwarz\/","title":{"rendered":"<p>Wandleuchte LED 6W APOLO Wei\u00df - Schwarz<\/p>"},"content":{"rendered":"<p>AKTENZEICHEN: SLAP870601<p><strong>Applique de<\/strong>&nbsp;<strong>Aluminium<\/strong>&nbsp;mit einem eleganten, modernen und minimalistischen Design. Sie ist ideal f\u00fcr die Beleuchtung von Fluren, Kopfenden von Betten, Hotelzimmern oder f\u00fcr den h\u00e4uslichen Gebrauch und schafft einen gem\u00fctlichen Lichteffekt mit einem tollen modernen Design.<\/p><p>Dank seiner&nbsp;<strong>IP54<\/strong>&nbsp;ist auch ideal f\u00fcr den Einbau in&nbsp;<strong>au\u00dferhalb<\/strong>.<\/p><h1>Wandleuchte LED 6W APOLO Wei\u00df - Schwarz<\/h1><p>Die&nbsp;<strong>LED-Wandleuchte<\/strong>&nbsp;ist aus Aluminium und Stahl gefertigt, mit hochbest\u00e4ndiger wei\u00dfer Einbrennlackierung. Dank seiner&nbsp;<strong>IP54<\/strong>&nbsp;ist auch ideal f\u00fcr den Einbau in&nbsp;<strong>au\u00dferhalb<\/strong>.<\/p><p>Das Aussehen der&nbsp;<strong>Lampe<\/strong>&nbsp;LEDs von&nbsp;<strong>Wand<\/strong>&nbsp;ist sehr \u00e4sthetisch und hat einen harmonischen Ausdruck. Eine sch\u00f6ne Erg\u00e4nzung f\u00fcr moderne Wohnr\u00e4ume, denen er eine elegante und gem\u00fctliche Wirkung verleiht.<\/p><p>Die&nbsp;<strong>anwenden.<\/strong>&nbsp;LEDs von&nbsp;<strong>Wand<\/strong>&nbsp;hat ein minimalistisches, modernes Design, das in jedes Haus oder jede Wohnung passt und einen exquisiten Abschluss bietet. Ein klares und einfaches Design macht diese attraktive moderne Wandleuchte zu einer willkommenen Erg\u00e4nzung f\u00fcr jeden Raum, die sich ganz einfach an der Wand befestigen l\u00e4sst. Angenehmes Licht f\u00fcr Ihre Bettlekt\u00fcre.<\/p><p>&nbsp;<\/p><h2>Verwendungsm\u00f6glichkeiten der 6W LED-Wandleuchte APOLO Wei\u00df - Schwarz<\/h2><ul>\n<li>W\u00e4nde<\/li>\n<li>Korridore<\/li>\n<li>Zimmer<\/li>\n<li>Eintrittskarten<\/li>\n<li>Bett-Kopfteile<\/li>\n<\/ul><h3 class=\"page-product-heading\">TECHNISCHE DATEN<\/h3><div class=\"col-xs-12 col-md-6\">\n<table class=\"table table-data-sheet 1\">\n<tbody>\n<tr class=\"odd\">\n<td valign=\"middle\" width=\"32\"><\/td>\n<td valign=\"middle\">REFERENZEN :<\/td>\n<td valign=\"middle\">SLAP870601<\/td>\n<\/tr>\n<tr class=\"even\">\n<td valign=\"middle\" width=\"32\"><\/td>\n<td valign=\"middle\">Nennleistung :<\/td>\n<td valign=\"middle\">6w<\/td>\n<\/tr>\n<tr class=\"odd\">\n<td valign=\"middle\" width=\"32\"><\/td>\n<td valign=\"middle\">Nennspannung:<\/td>\n<td valign=\"middle\">85V-265V<\/td>\n<\/tr>\n<tr class=\"even\">\n<td valign=\"middle\" width=\"32\"><\/td>\n<td valign=\"middle\">Lichttemperatur:<\/td>\n<td valign=\"middle\">3000K<\/td>\n<\/tr>\n<tr class=\"odd\">\n<td valign=\"middle\" width=\"32\"><\/td>\n<td valign=\"middle\">CRI - Farbwiedergabeindex:<\/td>\n<td valign=\"middle\">80<\/td>\n<\/tr>\n<tr class=\"even\">\n<td valign=\"middle\" width=\"32\"><\/td>\n<td valign=\"middle\">Baumaterial:<\/td>\n<td valign=\"middle\">Aluminium + Stahl<\/td>\n<\/tr>\n<tr class=\"odd\">\n<td valign=\"middle\" width=\"32\"><\/td>\n<td valign=\"middle\">Leuchtkraft-Lm:<\/td>\n<td valign=\"middle\">360<\/td>\n<\/tr>\n<tr class=\"even\">\n<td valign=\"middle\" width=\"32\"><\/td>\n<td valign=\"middle\">\u00d6ffnungswinkel (\u00ba):<\/td>\n<td valign=\"middle\">120\u00ba<\/td>\n<\/tr>\n<tr class=\"odd\">\n<td valign=\"middle\" width=\"32\"><\/td>\n<td valign=\"middle\">Lichtausbeute (Lm\/W):<\/td>\n<td valign=\"middle\">60Lm\/W<\/td>\n<\/tr>\n<tr class=\"even\">\n<td valign=\"middle\" width=\"32\"><\/td>\n<td valign=\"middle\">Bescheinigungen:<\/td>\n<td valign=\"middle\">CE - ROHS<\/td>\n<\/tr>\n<\/tbody>\n<\/table>\n<\/div><div class=\"col-xs-12 col-md-6 2\">\n<table class=\"table table-data-sheet 2\">\n<tbody>\n<tr class=\"odd\">\n<td valign=\"middle\" width=\"32\"><\/td>\n<td valign=\"middle\">IP-Bewertung:<\/td>\n<td valign=\"middle\">IP54<\/td>\n<\/tr>\n<tr class=\"even\">\n<td valign=\"middle\" width=\"32\"><\/td>\n<td valign=\"middle\">Gesch\u00e4tzte Lebensdauer der LED-Diode (H):<\/td>\n<td valign=\"middle\">30.000<\/td>\n<\/tr>\n<tr class=\"odd\">\n<td valign=\"middle\" width=\"32\"><\/td>\n<td valign=\"middle\">Abmessungen (mm):<\/td>\n<td valign=\"middle\">\u00d8140*60mm<\/td>\n<\/tr>\n<tr class=\"even\">\n<td valign=\"middle\" width=\"32\"><\/td>\n<td valign=\"middle\">Arbeitsfrequenz (Hz):<\/td>\n<td valign=\"middle\">50\/60Hz<\/td>\n<\/tr>\n<tr class=\"odd\">\n<td valign=\"middle\" width=\"32\"><\/td>\n<td valign=\"middle\">Temperaturbereich (\u00baC):<\/td>\n<td valign=\"middle\">-20\u00b0C ~ +55\u00b0C<\/td>\n<\/tr>\n<tr class=\"even\">\n<td valign=\"middle\" width=\"32\"><\/td>\n<td valign=\"middle\">Z\u00fcndungszyklen:<\/td>\n<td valign=\"middle\">25.000<\/td>\n<\/tr>\n<tr class=\"odd\">\n<td valign=\"middle\" width=\"32\"><\/td>\n<td valign=\"middle\">Einschaltzeit (s):<\/td>\n<td valign=\"middle\">0,2s<\/td>\n<\/tr>\n<tr class=\"even\">\n<td valign=\"middle\" width=\"32\"><\/td>\n<td valign=\"middle\">Energieklasse (2021-EU-2019\/2015):<\/td>\n<td valign=\"middle\">A+<\/td>\n<\/tr>\n<tr class=\"odd\">\n<td valign=\"middle\" width=\"32\"><\/td>\n<td valign=\"middle\">Gew\u00e4hrleistungsjahre:<\/td>\n<td valign=\"middle\">2<\/td>\n<\/tr>\n<\/tbody>\n<\/table>\n<p>&nbsp;<\/p>\n<\/div><\/p>","protected":false},"excerpt":{"rendered":"<div class=\"col-md-12\"><i class=\"fa fa-truck\"><\/i>&nbsp;<span class=\"text-muted textprop\">Lieferung innerhalb von 24\/48 Stunden<\/span><div class=\"col-md-12\"><i class=\"fa fa-exchange\"><\/i>&nbsp;<span class=\"text-muted textprop\">Versicherte Garantie<\/span><\/div><div class=\"col-md-12\"><i class=\"fa fa-box\"><\/i>&nbsp;<span class=\"text-muted textprop\">27 Einheit(en) pro Masterbox<\/span><\/div><\/div>","protected":false},"featured_media":9775,"template":"","meta":{"site-sidebar-layout":"default","site-content-layout":"default","ast-global-header-display":"","ast-main-header-display":"","ast-hfb-above-header-display":"","ast-hfb-below-header-display":"","ast-hfb-mobile-header-display":"","site-post-title":"","ast-breadcrumbs-content":"","ast-featured-img":"","footer-sml-layout":"","theme-transparent-header-meta":"default","adv-header-id-meta":"","stick-header-meta":"","header-above-stick-meta":"","header-main-stick-meta":"","header-below-stick-meta":""},"product_cat":[64,36],"product_tag":[],"class_list":["post-8059","product","type-product","status-publish","has-post-thumbnail","hentry","product_cat-apliques-led","product_cat-apliques-led-y-decoracion"],"_links":{"self":[{"href":"https:\/\/starlediluminacion.com\/de\/wp-json\/wp\/v3\/product\/8059","targetHints":{"allow":["GET"]}}],"collection":[{"href":"https:\/\/starlediluminacion.com\/de\/wp-json\/wp\/v3\/product"}],"about":[{"href":"https:\/\/starlediluminacion.com\/de\/wp-json\/wp\/v2\/types\/product"}],"wp:featuredmedia":[{"embeddable":true,"href":"https:\/\/starlediluminacion.com\/de\/wp-json\/wp\/v2\/media\/9775"}],"wp:attachment":[{"href":"https:\/\/starlediluminacion.com\/de\/wp-json\/wp\/v2\/media?parent=8059"}],"wp:term":[{"taxonomy":"product_cat","embeddable":true,"href":"https:\/\/starlediluminacion.com\/de\/wp-json\/wp\/v2\/product_cat?post=8059"},{"taxonomy":"product_tag","embeddable":true,"href":"https:\/\/starlediluminacion.com\/de\/wp-json\/wp\/v2\/product_tag?post=8059"}],"curies":[{"name":"wp","href":"https:\/\/api.w.org\/{rel}","templated":true}]}}