{"id":7616,"date":"2022-08-23T15:56:34","date_gmt":"2022-08-23T15:56:34","guid":{"rendered":"https:\/\/starlediluminacion.com\/?post_type=product&#038;p=7616"},"modified":"2022-09-09T12:41:33","modified_gmt":"2022-09-09T12:41:33","slug":"pack-2-luz-armario-led-magnetica-sensor-de-movimiento-bateria-litio-recargable-usb","status":"publish","type":"product","link":"https:\/\/starlediluminacion.com\/de\/product\/pack-2-closet-light-led-magnetic-motion-sensor-lithium-batterie-aufladbar-usb-batterie\/","title":{"rendered":"<p>2er-Pack - Magnetisches LED-Garderobenlicht - Bewegungssensor - Lithium-Batterie - USB wiederaufladbar<\/p>"},"content":{"rendered":"<p>REFERENZ: JD91431<p><strong>2er-Pack<\/strong>&nbsp;<strong>Magnetische Wandleuchten<\/strong>&nbsp;Leuchten f\u00fcr Schr\u00e4nke, K\u00fcchen, Treppen, Flure, mit Bewegungsmelder, programmierbar mit 3 Beleuchtungsarten (konstant - Bewegung - teilweise).<strong>&nbsp;EINGEBUNDENE LITHIUM-BATTERIE 800mAH.<\/strong><\/p><p>Es hat auch ein USB-Ladekabel. Ladezeit von 2 Stunden, kann 1-2 Monate dauern, wird durch die&nbsp;<strong>USB-Kabel<\/strong>&nbsp;die in das Produkt eingearbeitet wird.<strong>&nbsp;Super einfach zu installieren<\/strong>&nbsp;dank des Klebebandes. Hergestellt aus Aluminium + ABS.<\/p><h1>2er-Pack - Magnetisches LED-Garderobenlicht - Bewegungssensor - Lithium-Batterie - USB wiederaufladbar<\/h1><p>&nbsp;<\/p><p><strong>2er-Pack<\/strong>&nbsp;30cm Einheiten von&nbsp;<strong>LED-Wandleuchten<\/strong>&nbsp;<strong>magnetisch<\/strong>&nbsp;Leuchten f\u00fcr Schr\u00e4nke, K\u00fcchen, Treppen, Flure, mit Bewegungsmelder, programmierbar mit 3 Beleuchtungsarten:<\/p><p>&nbsp;<\/p><p><strong>1.IMMER EINGESCHALTET:&nbsp;<\/strong><\/p><p>Der Dauerlichtmodus, der 8 Stunden lang leuchten kann, h\u00f6rt auf, Bewegung und Licht zu erkennen, bis der Modus ge\u00e4ndert wird.<\/p><p><strong>2. AUTOMATISCH EIN\/AUS:&nbsp;<\/strong><\/p><p>Motion Activated, wenn es Ihre Bewegung innerhalb einer Entfernung von 3-5 Meter in einer dunklen und empfindlichen Reaktion mit einem 120 \u00b0 breiten Winkel erkennt. Es wird automatisch ausgeschaltet, nachdem es den Erfassungsbereich 15s verl\u00e4sst.<\/p><p><strong>3. EINSTELLBARE HELLIGKEIT:&nbsp;<\/strong><\/p><p>Sie k\u00f6nnen die Taste 2 Sekunden lang kurz dr\u00fccken, um die Helligkeit von 25%, 50% oder 100% einzustellen.<\/p><p>Der Bewegungsmelder funktioniert nur bei Dunkelheit. Er schaltet sich automatisch ein, wenn innerhalb eines Bereichs von 3 bis 5 Metern eine Bewegung erkannt wird. Er schaltet sich automatisch nach 15 Sekunden aus, wenn keine Bewegung erkannt wurde.<\/p><p><strong>HOHE LEBENSDAUER DER LITHIUM-BATTERIE:<\/strong><\/p><p>Eingebaute wiederaufladbare Batterie Laden Sie einmal 2 Stunden, kann 1-2 Monate dauern, mit 800mAH Batterie, durch USB-Kabel mit dem Produkt geliefert geladen.<\/p><p>&nbsp;<\/p><p><strong>EINFACHE INSTALLATION:<\/strong><\/p><p>Unsere LED-Leuchte ist mit einem Magneten ausgestattet, sodass Sie sie jederzeit und \u00fcberall direkt auf einer magnetischen Oberfl\u00e4che anbringen k\u00f6nnen. Das Produkt hat einen Klebstoff, um es auf der Oberfl\u00e4che zu platzieren.<\/p><p>&nbsp;<\/p><h2>Verwendungsm\u00f6glichkeiten der magnetischen LED-Schrankleuchte - Bewegungssensor - Lithium-Batterie - USB aufladbar<\/h2><ul>\n<li>Schr\u00e4nke<\/li>\n<li>K\u00fcchen<\/li>\n<li>Korridore<\/li>\n<li>Eintrittskarten<\/li>\n<li>Treppe<\/li>\n<\/ul><h3 class=\"page-product-heading\">TECHNISCHE DATEN<\/h3><div class=\"col-xs-12 col-md-6\">\n<table class=\"table table-data-sheet 1\">\n<tbody>\n<tr class=\"odd\">\n<td valign=\"middle\" width=\"32\"><\/td>\n<td valign=\"middle\">REFERENZEN :<\/td>\n<td valign=\"middle\">SLJD91431<\/td>\n<\/tr>\n<tr class=\"even\">\n<td valign=\"middle\" width=\"32\"><\/td>\n<td valign=\"middle\">Nennspannung:<\/td>\n<td valign=\"middle\">DC5V<\/td>\n<\/tr>\n<tr class=\"odd\">\n<td valign=\"middle\" width=\"32\"><\/td>\n<td valign=\"middle\">Lichttemperatur:<\/td>\n<td valign=\"middle\">3000K-6000K<\/td>\n<\/tr>\n<tr class=\"even\">\n<td valign=\"middle\" width=\"32\"><\/td>\n<td valign=\"middle\">CRI - Farbwiedergabeindex:<\/td>\n<td valign=\"middle\">80<\/td>\n<\/tr>\n<tr class=\"odd\">\n<td valign=\"middle\" width=\"32\"><\/td>\n<td valign=\"middle\">Baumaterial:<\/td>\n<td valign=\"middle\">Aluminium und ABS<\/td>\n<\/tr>\n<tr class=\"even\">\n<td valign=\"middle\" width=\"32\"><\/td>\n<td valign=\"middle\">Art der LEDs:<\/td>\n<td valign=\"middle\">20 SMD2835<\/td>\n<\/tr>\n<tr class=\"odd\">\n<td valign=\"middle\" width=\"32\"><\/td>\n<td valign=\"middle\">Effizienz der LED-Diode (Lm\/W):<\/td>\n<td valign=\"middle\">120Lm\/W<\/td>\n<\/tr>\n<tr class=\"even\">\n<td valign=\"middle\" width=\"32\"><\/td>\n<td valign=\"middle\">Lichtausbeute (Lm\/W):<\/td>\n<td valign=\"middle\">100Lm\/W<\/td>\n<\/tr>\n<tr class=\"odd\">\n<td valign=\"middle\" width=\"32\"><\/td>\n<td valign=\"middle\">Bescheinigungen:<\/td>\n<td valign=\"middle\">CE - ROHS<\/td>\n<\/tr>\n<\/tbody>\n<\/table>\n<\/div><div class=\"col-xs-12 col-md-6 2\">\n<table class=\"table table-data-sheet 2\">\n<tbody>\n<tr class=\"odd\">\n<td valign=\"middle\" width=\"32\"><\/td>\n<td valign=\"middle\">IP-Bewertung:<\/td>\n<td valign=\"middle\">IP20<\/td>\n<\/tr>\n<tr class=\"even\">\n<td valign=\"middle\" width=\"32\"><\/td>\n<td valign=\"middle\">Abmessungen (mm):<\/td>\n<td valign=\"middle\">300mm<\/td>\n<\/tr>\n<tr class=\"odd\">\n<td valign=\"middle\" width=\"32\"><\/td>\n<td valign=\"middle\">Einschaltzeit (s):<\/td>\n<td valign=\"middle\">0,2s<\/td>\n<\/tr>\n<tr class=\"even\">\n<td valign=\"middle\" width=\"32\"><\/td>\n<td valign=\"middle\">Zus\u00e4tzliche Informationen:<\/td>\n<td valign=\"middle\">Batterie Lithium 800mAH<\/td>\n<\/tr>\n<tr class=\"odd\">\n<td valign=\"middle\" width=\"32\"><\/td>\n<td valign=\"middle\">Material der Batterie:<\/td>\n<td valign=\"middle\">LiFePO4 - Lithium-Phosphat -LPF<\/td>\n<\/tr>\n<tr class=\"even\">\n<td valign=\"middle\" width=\"32\"><\/td>\n<td valign=\"middle\">Gew\u00e4hrleistungsjahre:<\/td>\n<td valign=\"middle\">2<\/td>\n<\/tr>\n<tr class=\"odd\">\n<td valign=\"middle\" width=\"32\"><\/td>\n<td valign=\"middle\">Reichweite (m) :<\/td>\n<td valign=\"middle\">3-5m.<\/td>\n<\/tr>\n<tr class=\"even\">\n<td valign=\"middle\" width=\"32\"><\/td>\n<td valign=\"middle\">Einschaltzeit :<\/td>\n<td valign=\"middle\">8 H.<\/td>\n<\/tr>\n<\/tbody>\n<\/table>\n<p>&nbsp;<\/p>\n<\/div><\/p>","protected":false},"excerpt":{"rendered":"<div class=\"col-md-12\"><i class=\"fa fa-truck\"><\/i>&nbsp;<span class=\"text-muted textprop\">Lieferung innerhalb von 24\/48 Stunden<\/span><div class=\"col-md-12\"><i class=\"fa fa-exchange\"><\/i>&nbsp;<span class=\"text-muted textprop\">Versicherte Garantie<\/span><\/div><div class=\"col-md-12\"><i class=\"fa fa-box\"><\/i>&nbsp;<span class=\"text-muted textprop\">100 Einheit(en) pro Masterbox<\/span><\/div><div><strong>FARBTEMPERATUR: 3000K\/6000K<\/strong><\/div><\/div>","protected":false},"featured_media":7625,"template":"","meta":{"site-sidebar-layout":"default","site-content-layout":"default","ast-global-header-display":"","ast-main-header-display":"","ast-hfb-above-header-display":"","ast-hfb-below-header-display":"","ast-hfb-mobile-header-display":"","site-post-title":"","ast-breadcrumbs-content":"","ast-featured-img":"","footer-sml-layout":"","theme-transparent-header-meta":"default","adv-header-id-meta":"","stick-header-meta":"","header-above-stick-meta":"","header-main-stick-meta":"","header-below-stick-meta":""},"product_cat":[64,36,65],"product_tag":[],"class_list":["post-7616","product","type-product","status-publish","has-post-thumbnail","hentry","product_cat-apliques-led","product_cat-apliques-led-y-decoracion","product_cat-decoracion-led"],"_links":{"self":[{"href":"https:\/\/starlediluminacion.com\/de\/wp-json\/wp\/v3\/product\/7616","targetHints":{"allow":["GET"]}}],"collection":[{"href":"https:\/\/starlediluminacion.com\/de\/wp-json\/wp\/v3\/product"}],"about":[{"href":"https:\/\/starlediluminacion.com\/de\/wp-json\/wp\/v2\/types\/product"}],"wp:featuredmedia":[{"embeddable":true,"href":"https:\/\/starlediluminacion.com\/de\/wp-json\/wp\/v2\/media\/7625"}],"wp:attachment":[{"href":"https:\/\/starlediluminacion.com\/de\/wp-json\/wp\/v2\/media?parent=7616"}],"wp:term":[{"taxonomy":"product_cat","embeddable":true,"href":"https:\/\/starlediluminacion.com\/de\/wp-json\/wp\/v2\/product_cat?post=7616"},{"taxonomy":"product_tag","embeddable":true,"href":"https:\/\/starlediluminacion.com\/de\/wp-json\/wp\/v2\/product_tag?post=7616"}],"curies":[{"name":"wp","href":"https:\/\/api.w.org\/{rel}","templated":true}]}}