{"id":7432,"date":"2022-08-22T10:35:14","date_gmt":"2022-08-22T10:35:14","guid":{"rendered":"https:\/\/starlediluminacion.com\/?post_type=product&#038;p=7432"},"modified":"2022-08-22T10:35:14","modified_gmt":"2022-08-22T10:35:14","slug":"farola-led-40w-conic-bridgelux-smd-3030-160lm-w-aluminio","status":"publish","type":"product","link":"https:\/\/starlediluminacion.com\/de\/product\/farola-led-40w-conic-bridgelux-smd-3030-160lm-w-aluminio\/","title":{"rendered":"<p>40W LED Stra\u00dfenleuchte CONIC Bridgelux SMD 3030 160Lm\/W - Aluminium<\/p>"},"content":{"rendered":"<div class=\"product-info-line\">\n<p id=\"product_reference\"><label>TEILENUMMER: SL1008A-40W<br>\n<\/label><\/p>\n<p><strong>Die CONIC 40W LED-Stra\u00dfenleuchte<\/strong>&nbsp;bietet einen sofortigen Start und eine hohe Leistung, was sie zum idealen Ersatz f\u00fcr die alten Quecksilberlampen (in der EU seit 2015 verboten) macht, die Lichtqualit\u00e4t verbessert und den Energieverbrauch deutlich senkt. Die Laterne hat&nbsp;<strong>3030-2 SMD-Diode (Doppelkern) Bridgelux<\/strong>&nbsp;mit einem Ertrag von&nbsp;<strong>160lm\/W.<\/strong><\/p>\n<h1>40W CONIC Bridgelux SMD 3030 160Lm\/W LED Stra\u00dfenleuchte LED 40W CONIC Bridgelux SMD 3030 160Lm\/W<\/h1>\n<p><strong>Die CONIC 40w LED-Stra\u00dfenleuchte<\/strong>&nbsp;in der neuen High-Design-Reihe aus Aluminium und Polycarbonat. Die neue,&nbsp;<strong>robust und langlebig URBAN<\/strong>&nbsp;Das Konzept der \"Erhaltung des Nachthimmels\" verbessert die typischen Konzepte, die sich mit Problemen wie dem Abstand zwischen Stra\u00dfenlaternen, der Erhaltung des Nachthimmels durch Vermeidung von&nbsp;<strong>Lichtverschmutzung<\/strong>&nbsp;und die Verbesserung der&nbsp;<strong>visueller Komfort<\/strong>.<\/p>\n<p>&nbsp;<\/p>\n<p>Unsere Conic-Stra\u00dfenleuchte enth\u00e4lt die neueste Technologie f\u00fcr optische LED-Module mit den folgenden Merkmalen:<\/p>\n<ul>\n<li>Bridgelux Chip 40W optisches Modul + GXTronic Treiber:<\/li>\n<li>Optischer LED-Block mit 40W Leistung und wird mit einem Satz von 54 SMD3030 4-Core Bridgelux 2240 DS-C30 SMD3030 LEDs hergestellt.<\/li>\n<li>\u00d6ffnungswinkel (\u00ba): 70\u00ba - 150\u00ba.<\/li>\n<li>LED-Dioden-Effizienz (Lm\/W): 160 Lm\/W<\/li>\n<li>Lichtausbeute (Lm\/W): 135Lm\/W<\/li>\n<li>CRI: 70<\/li>\n<li>Hochwertiger GXTronic-Treiber mit einer Lebensdauer von mehr als 50.000 Stunden.<\/li>\n<li>Treiber 23-42vDC 1000mA+-5%<\/li>\n<\/ul>\n<p>Die aus hochreinem Aluminium gefertigte Leuchte ist f\u00fcr den Einsatz unter extremsten Au\u00dfenbedingungen konzipiert und f\u00fcr eine maximale Haltbarkeit mit eingebranntem Polyurethan lackiert.<\/p>\n<p>Es handelt sich um ein sehr energieeffizientes Produkt, da es eine hohe Lichtausbeute bietet und die M\u00f6glichkeit bietet, den Stromverbrauch um bis zu 80% zu senken. Gleichzeitig ist es umweltfreundlich, da es keine Schadstoffe erzeugt.<\/p>\n<p>&nbsp;<\/p>\n<h2>Einsatzm\u00f6glichkeiten der 40W CONIC Bridgelux SMD 3030 160Lm\/W LED-Stra\u00dfenleuchte:<\/h2>\n<ul>\n<li>Parks<\/li>\n<li>G\u00e4rten<\/li>\n<li>Orte<\/li>\n<li>Avenues<\/li>\n<li>Hochzeitss\u00e4le<\/li>\n<li>H\u00fctten<\/li>\n<li>L\u00e4ndliche H\u00e4user<\/li>\n<li>Industrielle Geb\u00e4ude<\/li>\n<\/ul>\n<h3 class=\"page-product-heading\">TECHNISCHE DATEN<\/h3>\n<div class=\"col-xs-12 col-md-6\">\n<table class=\"table table-data-sheet 1\">\n<tbody>\n<tr class=\"odd\">\n<td valign=\"middle\" width=\"32\"><\/td>\n<td valign=\"middle\">REFERENZEN :<\/td>\n<td valign=\"middle\">SL1008A-40W<\/td>\n<\/tr>\n<tr class=\"even\">\n<td valign=\"middle\" width=\"32\"><\/td>\n<td valign=\"middle\">Nennleistung :<\/td>\n<td valign=\"middle\">40w<\/td>\n<\/tr>\n<tr class=\"odd\">\n<td valign=\"middle\" width=\"32\"><\/td>\n<td valign=\"middle\">Nennspannung:<\/td>\n<td valign=\"middle\">85V-265V<\/td>\n<\/tr>\n<tr class=\"even\">\n<td valign=\"middle\" width=\"32\"><\/td>\n<td valign=\"middle\">Lichttemperatur:<\/td>\n<td valign=\"middle\">4000K<\/td>\n<\/tr>\n<tr class=\"odd\">\n<td valign=\"middle\" width=\"32\"><\/td>\n<td valign=\"middle\">CRI - Farbwiedergabeindex:<\/td>\n<td valign=\"middle\">70<\/td>\n<\/tr>\n<tr class=\"even\">\n<td valign=\"middle\" width=\"32\"><\/td>\n<td valign=\"middle\">Baumaterial:<\/td>\n<td valign=\"middle\">Aluminium +PC<\/td>\n<\/tr>\n<tr class=\"odd\">\n<td valign=\"middle\" width=\"32\"><\/td>\n<td valign=\"middle\">Leuchtkraft-Lm:<\/td>\n<td valign=\"middle\">5200 Lm<\/td>\n<\/tr>\n<tr class=\"even\">\n<td valign=\"middle\" width=\"32\"><\/td>\n<td valign=\"middle\">Art der LEDs:<\/td>\n<td valign=\"middle\">SMD 3030<\/td>\n<\/tr>\n<tr class=\"odd\">\n<td valign=\"middle\" width=\"32\"><\/td>\n<td valign=\"middle\">\u00d6ffnungswinkel (\u00ba):<\/td>\n<td valign=\"middle\">80\u00ba-150\u00ba.<\/td>\n<\/tr>\n<tr class=\"even\">\n<td valign=\"middle\" width=\"32\"><\/td>\n<td valign=\"middle\">Effizienz der LED-Diode (Lm\/W):<\/td>\n<td valign=\"middle\">160 Lm\/w<\/td>\n<\/tr>\n<tr class=\"odd\">\n<td valign=\"middle\" width=\"32\"><\/td>\n<td valign=\"middle\">Lichtausbeute (Lm\/W):<\/td>\n<td valign=\"middle\">130Lm\/W<\/td>\n<\/tr>\n<tr class=\"even\">\n<td valign=\"middle\" width=\"32\"><\/td>\n<td valign=\"middle\">Bescheinigungen:<\/td>\n<td valign=\"middle\">CE - ROHS<\/td>\n<\/tr>\n<tr class=\"odd\">\n<td valign=\"middle\" width=\"32\"><\/td>\n<td valign=\"middle\">IP-Bewertung:<\/td>\n<td valign=\"middle\">IP65-Au\u00dfenbereich<\/td>\n<\/tr>\n<\/tbody>\n<\/table>\n<\/div>\n<div class=\"col-xs-12 col-md-6 2\">\n<table class=\"table table-data-sheet 2\">\n<tbody>\n<tr class=\"odd\">\n<td valign=\"middle\" width=\"32\"><\/td>\n<td valign=\"middle\">Gesch\u00e4tzte Lebensdauer der LED-Diode (H):<\/td>\n<td valign=\"middle\">50.000<\/td>\n<\/tr>\n<tr class=\"even\">\n<td valign=\"middle\" width=\"32\"><\/td>\n<td valign=\"middle\">Abmessungen (mm):<\/td>\n<td valign=\"middle\">\u00d8370mm x 497mm - Bohrung?74mm<\/td>\n<\/tr>\n<tr class=\"odd\">\n<td valign=\"middle\" width=\"32\"><\/td>\n<td valign=\"middle\">Leistungsfaktor (PF):<\/td>\n<td valign=\"middle\">0.9<\/td>\n<\/tr>\n<tr class=\"even\">\n<td valign=\"middle\" width=\"32\"><\/td>\n<td valign=\"middle\">Arbeitsfrequenz (Hz):<\/td>\n<td valign=\"middle\">50\/60Hz<\/td>\n<\/tr>\n<tr class=\"odd\">\n<td valign=\"middle\" width=\"32\"><\/td>\n<td valign=\"middle\">Temperaturbereich (\u00baC):<\/td>\n<td valign=\"middle\">-15\u00ba+70\u00ba -15\u00ba+70\u00ba -15\u00ba+70\u00ba -15\u00ba+70\u00ba -15\u00ba+70\u00ba<\/td>\n<\/tr>\n<tr class=\"even\">\n<td valign=\"middle\" width=\"32\"><\/td>\n<td valign=\"middle\">Z\u00fcndungszyklen:<\/td>\n<td valign=\"middle\">100.000<\/td>\n<\/tr>\n<tr class=\"odd\">\n<td valign=\"middle\" width=\"32\"><\/td>\n<td valign=\"middle\">Einschaltzeit (s):<\/td>\n<td valign=\"middle\">0,2s<\/td>\n<\/tr>\n<tr class=\"even\">\n<td valign=\"middle\" width=\"32\"><\/td>\n<td valign=\"middle\">Zus\u00e4tzliche Informationen:<\/td>\n<td valign=\"middle\">Treiber: 23-42VDC- 1200mA+-5%<\/td>\n<\/tr>\n<tr class=\"odd\">\n<td valign=\"middle\" width=\"32\"><\/td>\n<td valign=\"middle\">Aufprallschutz (IK):<\/td>\n<td valign=\"middle\">IK08<\/td>\n<\/tr>\n<tr class=\"even\">\n<td valign=\"middle\" width=\"32\"><\/td>\n<td valign=\"middle\">Treiber enthalten:<\/td>\n<td valign=\"middle\">Fahrer GXTronic - 5 Jahre<\/td>\n<\/tr>\n<tr class=\"odd\">\n<td valign=\"middle\" width=\"32\"><\/td>\n<td valign=\"middle\">Energieklasse (2021-EU-2019\/2015):<\/td>\n<td valign=\"middle\">A++<\/td>\n<\/tr>\n<tr class=\"even\">\n<td valign=\"middle\" width=\"32\"><\/td>\n<td valign=\"middle\">Gew\u00e4hrleistungsjahre:<\/td>\n<td valign=\"middle\">5<\/td>\n<\/tr>\n<\/tbody>\n<\/table>\n<\/div>\n<\/div>","protected":false},"excerpt":{"rendered":"<div class=\"col-md-12\"><i class=\"fa fa-truck\"><\/i>&nbsp;<span class=\"text-muted textprop\">Lieferung innerhalb von 24\/48 Stunden<\/span><div class=\"col-md-12\"><i class=\"fa fa-exchange\"><\/i>&nbsp;<span class=\"text-muted textprop\">Versicherte Garantie<\/span><\/div><div class=\"col-md-12\"><i class=\"fa fa-box\"><\/i>&nbsp;<span class=\"text-muted textprop\">1 Einheit(en) pro Masterbox<\/span><\/div><\/div>","protected":false},"featured_media":7443,"template":"","meta":{"site-sidebar-layout":"default","site-content-layout":"default","ast-global-header-display":"","ast-main-header-display":"","ast-hfb-above-header-display":"","ast-hfb-below-header-display":"","ast-hfb-mobile-header-display":"","site-post-title":"","ast-breadcrumbs-content":"","ast-featured-img":"","footer-sml-layout":"","theme-transparent-header-meta":"default","adv-header-id-meta":"","stick-header-meta":"","header-above-stick-meta":"","header-main-stick-meta":"","header-below-stick-meta":""},"product_cat":[95,30],"product_tag":[],"class_list":["post-7432","product","type-product","status-publish","has-post-thumbnail","hentry","product_cat-farolas-led-urbanas","product_cat-iluminacion-publica-y-vial"],"yoast_head":"<!-- This site is optimized with the Yoast SEO plugin v27.4 - https:\/\/yoast.com\/product\/yoast-seo-wordpress\/ -->\n<title>Farola LED 40W CONIC Bridgelux SMD 3030 160Lm\/W- Aluminio - STARLED Iluminacion<\/title>\n<meta name=\"robots\" content=\"index, follow, max-snippet:-1, max-image-preview:large, max-video-preview:-1\" \/>\n<link rel=\"canonical\" href=\"https:\/\/starlediluminacion.com\/de\/product\/farola-led-40w-conic-bridgelux-smd-3030-160lm-w-aluminio\/\" \/>\n<meta property=\"og:locale\" content=\"de_DE\" \/>\n<meta property=\"og:type\" content=\"article\" \/>\n<meta property=\"og:title\" content=\"Farola LED 40W CONIC Bridgelux SMD 3030 160Lm\/W- Aluminio - STARLED Iluminacion\" \/>\n<meta property=\"og:description\" content=\"\u00a0Entrega en 24\/48 horas \u00a0Garant\u00eda asegurada \u00a01 unidad(es) por Masterbox\" \/>\n<meta property=\"og:url\" content=\"https:\/\/starlediluminacion.com\/de\/product\/farola-led-40w-conic-bridgelux-smd-3030-160lm-w-aluminio\/\" \/>\n<meta property=\"og:site_name\" content=\"STARLED Iluminacion\" \/>\n<meta property=\"og:image\" content=\"https:\/\/starlediluminacion.com\/wp-content\/uploads\/2022\/08\/farola-led-40w-conic-philips-lumileds-smd-3030-165lmw-factorled.jpg\" \/>\n\t<meta property=\"og:image:width\" content=\"1000\" \/>\n\t<meta property=\"og:image:height\" content=\"1000\" \/>\n\t<meta property=\"og:image:type\" content=\"image\/jpeg\" \/>\n<meta name=\"twitter:card\" content=\"summary_large_image\" \/>\n<meta name=\"twitter:label1\" content=\"Gesch\u00e4tzte Lesezeit\" \/>\n\t<meta name=\"twitter:data1\" content=\"2\u00a0Minuten\" \/>\n<script type=\"application\/ld+json\" class=\"yoast-schema-graph\">{\"@context\":\"https:\\\/\\\/schema.org\",\"@graph\":[{\"@type\":\"WebPage\",\"@id\":\"https:\\\/\\\/starlediluminacion.com\\\/producto\\\/farola-led-40w-conic-bridgelux-smd-3030-160lm-w-aluminio\\\/\",\"url\":\"https:\\\/\\\/starlediluminacion.com\\\/producto\\\/farola-led-40w-conic-bridgelux-smd-3030-160lm-w-aluminio\\\/\",\"name\":\"Farola LED 40W CONIC Bridgelux SMD 3030 160Lm\\\/W- Aluminio - STARLED Iluminacion\",\"isPartOf\":{\"@id\":\"https:\\\/\\\/starlediluminacion.com\\\/#website\"},\"primaryImageOfPage\":{\"@id\":\"https:\\\/\\\/starlediluminacion.com\\\/producto\\\/farola-led-40w-conic-bridgelux-smd-3030-160lm-w-aluminio\\\/#primaryimage\"},\"image\":{\"@id\":\"https:\\\/\\\/starlediluminacion.com\\\/producto\\\/farola-led-40w-conic-bridgelux-smd-3030-160lm-w-aluminio\\\/#primaryimage\"},\"thumbnailUrl\":\"https:\\\/\\\/starlediluminacion.com\\\/wp-content\\\/uploads\\\/2022\\\/08\\\/farola-led-40w-conic-philips-lumileds-smd-3030-165lmw-factorled.jpg\",\"datePublished\":\"2022-08-22T10:35:14+00:00\",\"breadcrumb\":{\"@id\":\"https:\\\/\\\/starlediluminacion.com\\\/producto\\\/farola-led-40w-conic-bridgelux-smd-3030-160lm-w-aluminio\\\/#breadcrumb\"},\"inLanguage\":\"de\",\"potentialAction\":[{\"@type\":\"ReadAction\",\"target\":[\"https:\\\/\\\/starlediluminacion.com\\\/producto\\\/farola-led-40w-conic-bridgelux-smd-3030-160lm-w-aluminio\\\/\"]}]},{\"@type\":\"ImageObject\",\"inLanguage\":\"de\",\"@id\":\"https:\\\/\\\/starlediluminacion.com\\\/producto\\\/farola-led-40w-conic-bridgelux-smd-3030-160lm-w-aluminio\\\/#primaryimage\",\"url\":\"https:\\\/\\\/starlediluminacion.com\\\/wp-content\\\/uploads\\\/2022\\\/08\\\/farola-led-40w-conic-philips-lumileds-smd-3030-165lmw-factorled.jpg\",\"contentUrl\":\"https:\\\/\\\/starlediluminacion.com\\\/wp-content\\\/uploads\\\/2022\\\/08\\\/farola-led-40w-conic-philips-lumileds-smd-3030-165lmw-factorled.jpg\",\"width\":1000,\"height\":1000},{\"@type\":\"BreadcrumbList\",\"@id\":\"https:\\\/\\\/starlediluminacion.com\\\/producto\\\/farola-led-40w-conic-bridgelux-smd-3030-160lm-w-aluminio\\\/#breadcrumb\",\"itemListElement\":[{\"@type\":\"ListItem\",\"position\":1,\"name\":\"Portada\",\"item\":\"https:\\\/\\\/starlediluminacion.com\\\/\"},{\"@type\":\"ListItem\",\"position\":2,\"name\":\"Shop\",\"item\":\"https:\\\/\\\/starlediluminacion.com\\\/shop-2\\\/\"},{\"@type\":\"ListItem\",\"position\":3,\"name\":\"Farola LED 40W CONIC Bridgelux SMD 3030 160Lm\\\/W- Aluminio\"}]},{\"@type\":\"WebSite\",\"@id\":\"https:\\\/\\\/starlediluminacion.com\\\/#website\",\"url\":\"https:\\\/\\\/starlediluminacion.com\\\/\",\"name\":\"STARLED Iluminacion\",\"description\":\"\",\"potentialAction\":[{\"@type\":\"SearchAction\",\"target\":{\"@type\":\"EntryPoint\",\"urlTemplate\":\"https:\\\/\\\/starlediluminacion.com\\\/?s={search_term_string}\"},\"query-input\":{\"@type\":\"PropertyValueSpecification\",\"valueRequired\":true,\"valueName\":\"search_term_string\"}}],\"inLanguage\":\"de\"}]}<\/script>\n<!-- \/ Yoast SEO plugin. -->","yoast_head_json":{"title":"Farola LED 40W CONIC Bridgelux SMD 3030 160Lm\/W- Aluminio - STARLED Iluminacion","robots":{"index":"index","follow":"follow","max-snippet":"max-snippet:-1","max-image-preview":"max-image-preview:large","max-video-preview":"max-video-preview:-1"},"canonical":"https:\/\/starlediluminacion.com\/de\/product\/farola-led-40w-conic-bridgelux-smd-3030-160lm-w-aluminio\/","og_locale":"de_DE","og_type":"article","og_title":"Farola LED 40W CONIC Bridgelux SMD 3030 160Lm\/W- Aluminio - STARLED Iluminacion","og_description":"\u00a0Entrega en 24\/48 horas \u00a0Garant\u00eda asegurada \u00a01 unidad(es) por Masterbox","og_url":"https:\/\/starlediluminacion.com\/de\/product\/farola-led-40w-conic-bridgelux-smd-3030-160lm-w-aluminio\/","og_site_name":"STARLED Iluminacion","og_image":[{"width":1000,"height":1000,"url":"https:\/\/starlediluminacion.com\/wp-content\/uploads\/2022\/08\/farola-led-40w-conic-philips-lumileds-smd-3030-165lmw-factorled.jpg","type":"image\/jpeg"}],"twitter_card":"summary_large_image","twitter_misc":{"Gesch\u00e4tzte Lesezeit":"2\u00a0Minuten"},"schema":{"@context":"https:\/\/schema.org","@graph":[{"@type":"WebPage","@id":"https:\/\/starlediluminacion.com\/producto\/farola-led-40w-conic-bridgelux-smd-3030-160lm-w-aluminio\/","url":"https:\/\/starlediluminacion.com\/producto\/farola-led-40w-conic-bridgelux-smd-3030-160lm-w-aluminio\/","name":"Farola LED 40W CONIC Bridgelux SMD 3030 160Lm\/W- Aluminio - STARLED Iluminacion","isPartOf":{"@id":"https:\/\/starlediluminacion.com\/#website"},"primaryImageOfPage":{"@id":"https:\/\/starlediluminacion.com\/producto\/farola-led-40w-conic-bridgelux-smd-3030-160lm-w-aluminio\/#primaryimage"},"image":{"@id":"https:\/\/starlediluminacion.com\/producto\/farola-led-40w-conic-bridgelux-smd-3030-160lm-w-aluminio\/#primaryimage"},"thumbnailUrl":"https:\/\/starlediluminacion.com\/wp-content\/uploads\/2022\/08\/farola-led-40w-conic-philips-lumileds-smd-3030-165lmw-factorled.jpg","datePublished":"2022-08-22T10:35:14+00:00","breadcrumb":{"@id":"https:\/\/starlediluminacion.com\/producto\/farola-led-40w-conic-bridgelux-smd-3030-160lm-w-aluminio\/#breadcrumb"},"inLanguage":"de","potentialAction":[{"@type":"ReadAction","target":["https:\/\/starlediluminacion.com\/producto\/farola-led-40w-conic-bridgelux-smd-3030-160lm-w-aluminio\/"]}]},{"@type":"ImageObject","inLanguage":"de","@id":"https:\/\/starlediluminacion.com\/producto\/farola-led-40w-conic-bridgelux-smd-3030-160lm-w-aluminio\/#primaryimage","url":"https:\/\/starlediluminacion.com\/wp-content\/uploads\/2022\/08\/farola-led-40w-conic-philips-lumileds-smd-3030-165lmw-factorled.jpg","contentUrl":"https:\/\/starlediluminacion.com\/wp-content\/uploads\/2022\/08\/farola-led-40w-conic-philips-lumileds-smd-3030-165lmw-factorled.jpg","width":1000,"height":1000},{"@type":"BreadcrumbList","@id":"https:\/\/starlediluminacion.com\/producto\/farola-led-40w-conic-bridgelux-smd-3030-160lm-w-aluminio\/#breadcrumb","itemListElement":[{"@type":"ListItem","position":1,"name":"Portada","item":"https:\/\/starlediluminacion.com\/"},{"@type":"ListItem","position":2,"name":"Shop","item":"https:\/\/starlediluminacion.com\/shop-2\/"},{"@type":"ListItem","position":3,"name":"Farola LED 40W CONIC Bridgelux SMD 3030 160Lm\/W- Aluminio"}]},{"@type":"WebSite","@id":"https:\/\/starlediluminacion.com\/#website","url":"https:\/\/starlediluminacion.com\/","name":"STARLED Iluminacion","description":"","potentialAction":[{"@type":"SearchAction","target":{"@type":"EntryPoint","urlTemplate":"https:\/\/starlediluminacion.com\/?s={search_term_string}"},"query-input":{"@type":"PropertyValueSpecification","valueRequired":true,"valueName":"search_term_string"}}],"inLanguage":"de"}]}},"_links":{"self":[{"href":"https:\/\/starlediluminacion.com\/de\/wp-json\/wp\/v3\/product\/7432","targetHints":{"allow":["GET"]}}],"collection":[{"href":"https:\/\/starlediluminacion.com\/de\/wp-json\/wp\/v3\/product"}],"about":[{"href":"https:\/\/starlediluminacion.com\/de\/wp-json\/wp\/v2\/types\/product"}],"wp:featuredmedia":[{"embeddable":true,"href":"https:\/\/starlediluminacion.com\/de\/wp-json\/wp\/v2\/media\/7443"}],"wp:attachment":[{"href":"https:\/\/starlediluminacion.com\/de\/wp-json\/wp\/v2\/media?parent=7432"}],"wp:term":[{"taxonomy":"product_cat","embeddable":true,"href":"https:\/\/starlediluminacion.com\/de\/wp-json\/wp\/v2\/product_cat?post=7432"},{"taxonomy":"product_tag","embeddable":true,"href":"https:\/\/starlediluminacion.com\/de\/wp-json\/wp\/v2\/product_tag?post=7432"}],"curies":[{"name":"wp","href":"https:\/\/api.w.org\/{rel}","templated":true}]}}