{"id":7284,"date":"2022-08-22T09:21:42","date_gmt":"2022-08-22T09:21:42","guid":{"rendered":"https:\/\/starlediluminacion.com\/?post_type=product&#038;p=7284"},"modified":"2022-08-22T09:21:43","modified_gmt":"2022-08-22T09:21:43","slug":"farola-led-wanda-50w-4-metros-6-metros","status":"publish","type":"product","link":"https:\/\/starlediluminacion.com\/de\/product\/farola-led-wanda-50w-4-metros-6-metros\/","title":{"rendered":"<p>WANDA 50W LED-Stra\u00dfenleuchte - 4 Meter - 6 Meter<\/p>"},"content":{"rendered":"<p><label>ARTIKELNUMMER: SLWND50W-4M<\/label><div class=\"hidden-xs parrafo\">\n<p>Die<strong>&nbsp;Stra\u00dfenlaterne<\/strong><strong>&nbsp;LED 50W&nbsp;<\/strong>wird der Stadt eine spezifische Beleuchtung f\u00fcr st\u00e4dtische R\u00e4ume bieten. Die Leuchte enth\u00e4lt 1 optisches Modul mit 84 Dioden.&nbsp;<strong>LEDs<\/strong>&nbsp;<strong>SMD 3030 3D von OSRAM CHIP,&nbsp;<\/strong>seine<strong>&nbsp;<\/strong><strong>\u00d6ffnungswinkel&nbsp;<\/strong>ist<strong>&nbsp;136\u00bax78\u00ba.&nbsp;<\/strong>Dank der hohen Verlustleistung kann die Lebensdauer des Produkts wesentlich l\u00e4nger sein. Die Palette der S\u00e4ulen&nbsp;<strong>Wanda<\/strong>&nbsp;deckt dank seiner zahlreichen Modelle jede Art von Anforderung ab.<\/p>\n<\/div><div id=\"views_block-1\" class=\"clearfix\">\n<div id=\"thumbs_list\">\n<h1>Wanda 50W LED-Stra\u00dfenleuchte&nbsp;<strong>OSRAM CHIP<\/strong><\/h1>\n<p>Die Art der Leuchte&nbsp;<strong>Wanda&nbsp;<\/strong>enth\u00e4lt ein Modul&nbsp;<strong>LED<\/strong>&nbsp;<strong>&nbsp;optisch 50W von OSRAM CHIP&nbsp;<\/strong>die als Ersatz f\u00fcr die alten E40- und E27-Gl\u00fchbirnen verwendet werden, erzeugen dank ihrer Leistung eine gro\u00dfartige Beleuchtung in den R\u00e4umen, in denen sie verwendet werden.&nbsp;<strong>Stra\u00dfenlaternen<\/strong>&nbsp;Erreichen der&nbsp;<strong>7500 Lumen<\/strong>.<\/p>\n<p>Mit&nbsp;<strong>modernes Architekturdesign<\/strong>&nbsp;k\u00f6nnen einheitliche Lichtumgebungen mit den modernen R\u00e4umen schaffen, die in erstklassigen St\u00e4dten gefragt sind. Au\u00dferdem k\u00f6nnen Sie die richtige Lichttemperatur je nach den Bed\u00fcrfnissen der jeweiligen Installation w\u00e4hlen, entweder neutralwei\u00df (4000k) oder kaltwei\u00df (5000k). Gefertigt in&nbsp;<strong>Einbrennlackierter Stahl S235JR<\/strong>&nbsp;mit Epoxydfarbe, so dass seine Widerstandsf\u00e4higkeit und sein Gewicht ideal f\u00fcr den Transport und die Installation sind, einen gr\u00f6\u00dferen Schutz und eine lange Lebensdauer bieten, die Qualit\u00e4t seiner Materialien machen es zu einem wesentlichen Produkt, um saubere Energie zu erzeugen und in der Zeit verl\u00e4ngert.<\/p>\n<p>Es zeichnet sich durch sein schlichtes, schlankes und elegantes Aussehen aus und kann auch in&nbsp;<strong>Rost- oder Metallicfarbe.<\/strong><\/p>\n<p>Passt zu jeder Art von Projekt von&nbsp;<strong>Au\u00dfenbeleuchtung<\/strong>&nbsp;dank seiner verschiedenen Armstellungen, da er \u00fcber mehrere H\u00f6henpositionen verf\u00fcgt.<strong>,&nbsp;<\/strong>die sich auf nat\u00fcrliche Weise an jede Art von Stadtlandschaft oder Privatgrundst\u00fcck anpassen.<\/p>\n<p>Dank der LED-Technologie k\u00f6nnen Sie die&nbsp;<strong>speichern<\/strong>&nbsp;bis zu&nbsp;<strong>80% Leistung<\/strong>Au\u00dferdem haben sie im Vergleich zu Halogenlampen eine l\u00e4ngere Lebensdauer. Sie gilt als eine&nbsp;<strong>Bioprodukt<\/strong>&nbsp;da es aus umweltfreundlichen Materialien hergestellt wird, tragen Sie dazu bei, den Planeten zu sch\u00fctzen.<\/p>\n<p>Ihr Schutz&nbsp;<strong>IP67<\/strong>&nbsp;macht es geeignet f\u00fcr den Au\u00dfenbereich und sicher vor Spritzern oder jeder Art von Wetterver\u00e4nderungen. Er wird mit einer 5-Jahres-Garantie geliefert.<\/p>\n<h2>Einsatzm\u00f6glichkeiten der Wanda 50W LED-Stra\u00dfenleuchte&nbsp;<strong>OSRAM CHIP<\/strong><\/h2>\n<ul>\n<li>Stra\u00dfen<\/li>\n<li>Parks<\/li>\n<li>G\u00e4rten<\/li>\n<li>Gemeinden<\/li>\n<li>Baugebiete<\/li>\n<li>Orte<\/li>\n<li>Avenues<\/li>\n<li>Hochzeitss\u00e4le<\/li>\n<li>H\u00fctten<\/li>\n<li>L\u00e4ndliche H\u00e4user<\/li>\n<li>Industrielle Geb\u00e4ude<\/li>\n<\/ul>\n<h3 class=\"page-product-heading\">TECHNISCHE DATEN<\/h3>\n<div class=\"col-xs-12 col-md-6\">\n<table class=\"table table-data-sheet 1\">\n<tbody>\n<tr class=\"odd\">\n<td valign=\"middle\" width=\"32\"><\/td>\n<td valign=\"middle\">REFERENZEN :<\/td>\n<td valign=\"middle\">SLWND50W4M<\/td>\n<\/tr>\n<tr class=\"even\">\n<td valign=\"middle\" width=\"32\"><\/td>\n<td valign=\"middle\">Nennleistung :<\/td>\n<td valign=\"middle\">50w<\/td>\n<\/tr>\n<tr class=\"odd\">\n<td valign=\"middle\" width=\"32\"><\/td>\n<td valign=\"middle\">Nennspannung:<\/td>\n<td valign=\"middle\">85-265V<\/td>\n<\/tr>\n<tr class=\"even\">\n<td valign=\"middle\" width=\"32\"><\/td>\n<td valign=\"middle\">Lichttemperatur:<\/td>\n<td valign=\"middle\">4000K - 5000K<\/td>\n<\/tr>\n<tr class=\"odd\">\n<td valign=\"middle\" width=\"32\"><\/td>\n<td valign=\"middle\">CRI - Farbwiedergabeindex:<\/td>\n<td valign=\"middle\">80<\/td>\n<\/tr>\n<tr class=\"even\">\n<td valign=\"middle\" width=\"32\"><\/td>\n<td valign=\"middle\">Baumaterial:<\/td>\n<td valign=\"middle\">Stell 3mm S235JR + Aluminium +PMMA<\/td>\n<\/tr>\n<tr class=\"odd\">\n<td valign=\"middle\" width=\"32\"><\/td>\n<td valign=\"middle\">Leuchtkraft-Lm:<\/td>\n<td valign=\"middle\">7500<\/td>\n<\/tr>\n<tr class=\"even\">\n<td valign=\"middle\" width=\"32\"><\/td>\n<td valign=\"middle\">Art der LEDs:<\/td>\n<td valign=\"middle\">84 SMD 3030 OSRAM CHIP 3D SMD-Dioden (3 Corel)<\/td>\n<\/tr>\n<tr class=\"odd\">\n<td valign=\"middle\" width=\"32\"><\/td>\n<td valign=\"middle\">\u00d6ffnungswinkel (\u00ba):<\/td>\n<td valign=\"middle\">136\u00d778\u00ba<\/td>\n<\/tr>\n<tr class=\"even\">\n<td valign=\"middle\" width=\"32\"><\/td>\n<td valign=\"middle\">Effizienz der LED-Diode (Lm\/W):<\/td>\n<td valign=\"middle\">186 Lm\/W<\/td>\n<\/tr>\n<tr class=\"odd\">\n<td valign=\"middle\" width=\"32\"><\/td>\n<td valign=\"middle\">Lichtausbeute (Lm\/W):<\/td>\n<td valign=\"middle\">150 Lm\/W<\/td>\n<\/tr>\n<tr class=\"even\">\n<td valign=\"middle\" width=\"32\"><\/td>\n<td valign=\"middle\">Bescheinigungen:<\/td>\n<td valign=\"middle\">CE - ROHS<\/td>\n<\/tr>\n<tr class=\"odd\">\n<td valign=\"middle\" width=\"32\"><\/td>\n<td valign=\"middle\">IP-Bewertung:<\/td>\n<td valign=\"middle\">IP67-Au\u00dfenbereich<\/td>\n<\/tr>\n<\/tbody>\n<\/table>\n<\/div>\n<div class=\"col-xs-12 col-md-6 2\">\n<table class=\"table table-data-sheet 2\">\n<tbody>\n<tr class=\"odd\">\n<td valign=\"middle\" width=\"32\"><\/td>\n<td valign=\"middle\">Gesch\u00e4tzte Lebensdauer der LED-Diode (H):<\/td>\n<td valign=\"middle\">100.000<\/td>\n<\/tr>\n<tr class=\"even\">\n<td valign=\"middle\" width=\"32\"><\/td>\n<td valign=\"middle\">Abmessungen (mm):<\/td>\n<td valign=\"middle\">H4m * 140mm * 80mm (Rohr 3mm) H6m * 140mm * 80mm (Rohr 3mm)<\/td>\n<\/tr>\n<tr class=\"odd\">\n<td valign=\"middle\" width=\"32\"><\/td>\n<td valign=\"middle\">Leistungsfaktor (PF):<\/td>\n<td valign=\"middle\">0.95<\/td>\n<\/tr>\n<tr class=\"even\">\n<td valign=\"middle\" width=\"32\"><\/td>\n<td valign=\"middle\">Arbeitsfrequenz (Hz):<\/td>\n<td valign=\"middle\">50\/60Hz<\/td>\n<\/tr>\n<tr class=\"odd\">\n<td valign=\"middle\" width=\"32\"><\/td>\n<td valign=\"middle\">Temperaturbereich (\u00baC):<\/td>\n<td valign=\"middle\">-15\u00ba+70\u00ba -15\u00ba+70\u00ba -15\u00ba+70\u00ba -15\u00ba+70\u00ba -15\u00ba+70\u00ba<\/td>\n<\/tr>\n<tr class=\"even\">\n<td valign=\"middle\" width=\"32\"><\/td>\n<td valign=\"middle\">Z\u00fcndungszyklen:<\/td>\n<td valign=\"middle\">100.000<\/td>\n<\/tr>\n<tr class=\"odd\">\n<td valign=\"middle\" width=\"32\"><\/td>\n<td valign=\"middle\">Einschaltzeit (s):<\/td>\n<td valign=\"middle\">0,2s<\/td>\n<\/tr>\n<tr class=\"even\">\n<td valign=\"middle\" width=\"32\"><\/td>\n<td valign=\"middle\">Zus\u00e4tzliche Informationen:<\/td>\n<td valign=\"middle\">Voraussichtliche Lieferung 7-15 Tage<\/td>\n<\/tr>\n<tr class=\"odd\">\n<td valign=\"middle\" width=\"32\"><\/td>\n<td valign=\"middle\">Aufprallschutz (IK):<\/td>\n<td valign=\"middle\">IK10<\/td>\n<\/tr>\n<tr class=\"even\">\n<td valign=\"middle\" width=\"32\"><\/td>\n<td valign=\"middle\">Treiber enthalten:<\/td>\n<td valign=\"middle\">GXTronic-Treiber: 23-42 VDC 1300mA +-5% - 10K<\/td>\n<\/tr>\n<tr class=\"odd\">\n<td valign=\"middle\" width=\"32\"><\/td>\n<td valign=\"middle\">Energieklasse (2021-EU-2019\/2015):<\/td>\n<td valign=\"middle\">A++<\/td>\n<\/tr>\n<tr class=\"even\">\n<td valign=\"middle\" width=\"32\"><\/td>\n<td valign=\"middle\">Gew\u00e4hrleistungsjahre:<\/td>\n<td valign=\"middle\">5<\/td>\n<\/tr>\n<\/tbody>\n<\/table>\n<p>&nbsp;<\/p>\n<\/div>\n<\/div>\n<\/div><\/p>","protected":false},"excerpt":{"rendered":"<div class=\"col-md-12\"><i class=\"fa fa-truck\"><\/i>&nbsp;<span class=\"text-muted textprop\">Lieferung innerhalb von 24\/48 Stunden<\/span><div class=\"col-md-12\"><i class=\"fa fa-exchange\"><\/i>&nbsp;<span class=\"text-muted textprop\">Versicherte Garantie<\/span><\/div><div class=\"col-md-12\"><i class=\"fa fa-box\"><\/i>&nbsp;<span class=\"text-muted textprop\">1 Einheit(en) pro Masterbox<\/span><\/div><div><strong>FARBTEMPERATUR: 4000K\/5000K&nbsp;<\/strong><\/div><div><strong>FARBEN: SCHWARZ\/BRAUN<\/strong><\/div><\/div>","protected":false},"featured_media":7297,"template":"","meta":{"site-sidebar-layout":"default","site-content-layout":"default","ast-global-header-display":"","ast-main-header-display":"","ast-hfb-above-header-display":"","ast-hfb-below-header-display":"","ast-hfb-mobile-header-display":"","site-post-title":"","ast-breadcrumbs-content":"","ast-featured-img":"","footer-sml-layout":"","theme-transparent-header-meta":"default","adv-header-id-meta":"","stick-header-meta":"","header-above-stick-meta":"","header-main-stick-meta":"","header-below-stick-meta":""},"product_cat":[95,30],"product_tag":[],"class_list":["post-7284","product","type-product","status-publish","has-post-thumbnail","hentry","product_cat-farolas-led-urbanas","product_cat-iluminacion-publica-y-vial"],"_links":{"self":[{"href":"https:\/\/starlediluminacion.com\/de\/wp-json\/wp\/v3\/product\/7284","targetHints":{"allow":["GET"]}}],"collection":[{"href":"https:\/\/starlediluminacion.com\/de\/wp-json\/wp\/v3\/product"}],"about":[{"href":"https:\/\/starlediluminacion.com\/de\/wp-json\/wp\/v2\/types\/product"}],"wp:featuredmedia":[{"embeddable":true,"href":"https:\/\/starlediluminacion.com\/de\/wp-json\/wp\/v2\/media\/7297"}],"wp:attachment":[{"href":"https:\/\/starlediluminacion.com\/de\/wp-json\/wp\/v2\/media?parent=7284"}],"wp:term":[{"taxonomy":"product_cat","embeddable":true,"href":"https:\/\/starlediluminacion.com\/de\/wp-json\/wp\/v2\/product_cat?post=7284"},{"taxonomy":"product_tag","embeddable":true,"href":"https:\/\/starlediluminacion.com\/de\/wp-json\/wp\/v2\/product_tag?post=7284"}],"curies":[{"name":"wp","href":"https:\/\/api.w.org\/{rel}","templated":true}]}}