{"id":7213,"date":"2022-08-20T21:09:26","date_gmt":"2022-08-20T21:09:26","guid":{"rendered":"https:\/\/starlediluminacion.com\/?post_type=product&#038;p=7213"},"modified":"2022-08-20T21:09:26","modified_gmt":"2022-08-20T21:09:26","slug":"farola-globo-anti-contaminacion-luminica-para-lampara-led-e27-40w-45w-50w","status":"publish","type":"product","link":"https:\/\/starlediluminacion.com\/de\/product\/laterne-gluhbirne-anti-verschmutzungs-lampe-fur-led-lampe-e27-40w-45w-50w\/","title":{"rendered":"<p>Anti-Lichtverschmutzung Globe Street Light f\u00fcr LED-Lampe E27 - 40W - 45W -50W<\/p>"},"content":{"rendered":"<p>REFERENZ: SL8219<p>Die \u00d848cm gro\u00dfe, lichtverschmutzungsfreie Globe-Stra\u00dfenleuchte ist erh\u00e4ltlich bei:<\/p><ul>\n<li>Mit&nbsp;<strong>Lampe<\/strong>&nbsp;von&nbsp;<strong>40W Hochleistung&nbsp;<\/strong>- Ref. FLB40WT7<\/li>\n<li>Mit&nbsp;<strong>Lampe<\/strong>&nbsp;von&nbsp;<strong>45W hoch belastbar&nbsp;<\/strong>- Ref. FLB45WT7<\/li>\n<li>Mit&nbsp;<strong>Lampe<\/strong>&nbsp;von&nbsp;<strong>50W Hochleistung&nbsp;<\/strong>- Ref. FLB50WS2<\/li>\n<li>Mit&nbsp;<strong>E27-Fassung<\/strong>&nbsp;damit Sie die Lampe Ihrer Wahl installieren k\u00f6nnen.<\/li>\n<\/ul><p>Hergestellt aus -PMMA- hochschlagfestem Methacrylat mit Aluminiumreflektor. Nutzungsdauer des Materials 25 Jahre. Vergilbt nicht mit der Zeit (Anti-UV).<\/p><h1>Anti Lichtverschmutzung Globe Stra\u00dfenlaterne f\u00fcr LED-Lampe E27 - 40W - 45W - 50W - \u00d848cm Heavy Duty - Aluminium-Reflektor<\/h1><p>&nbsp;<\/p><p>Die kugelf\u00f6rmige Leuchte gegen Lichtverschmutzung&nbsp;<strong>Globus Typ<\/strong>&nbsp;eine Lampe mit einer E27-Fassung einzubauen<strong>.<\/strong>&nbsp;Die Qualit\u00e4t seiner Materialien macht ihn zu einem unverzichtbaren Produkt f\u00fcr die Erzeugung sauberer und langlebiger Energie.<\/p><p>Unsere Stra\u00dfenlaterne vom Typ Globe wird im Spritzgussverfahren in&nbsp;<strong>Methacrylat + KZBER.&nbsp;<\/strong>Methacrylat (&nbsp;<strong>PMMA<\/strong>&nbsp;) ist von hoher Qualit\u00e4t und Transparenz, um die von der Leuchte abgegebenen Lumen zu verst\u00e4rken; Die Verbindung&nbsp;<strong>KZBER<\/strong>&nbsp;verbessert die Aufpralleigenschaften im Falle von Ersch\u00fctterungen.  Die verwendeten Materialien machen unsere Leuchte zu einem hochwertigen Produkt mit einer Lebensdauer von mehr als 25 Jahren ohne Beeintr\u00e4chtigung.<\/p><p>Der Sockel der Leuchte hat eine E27-Fassung aus spritzgegossenem Polycarbonat (<strong>PC<\/strong>) grau mit hoher Dichte und Aluminium-Innenverriegelung.<\/p><p>Die&nbsp;<strong>der Innenreflektor ist aus Aluminium gefertigt<\/strong>&nbsp;um die Reflexion des Lichts in Innenr\u00e4umen zu maximieren und so die Lux-Zahl zu erh\u00f6hen, die den Boden erreicht.<\/p><p>Ihr Schutz&nbsp;<strong>IP65<\/strong>&nbsp;macht ihn auch f\u00fcr den Au\u00dfeneinsatz geeignet und spritzwassergesch\u00fctzt. Er wird mit einer 3-Jahres-Garantie geliefert.<\/p><p>Dank der LED-Technologie k\u00f6nnen Sie die&nbsp;<strong>speichern<\/strong>&nbsp;bis zu&nbsp;<strong>80% Leistung<\/strong>Au\u00dferdem haben sie im Vergleich zu Halogenlampen eine l\u00e4ngere Lebensdauer.<\/p><h2>Verwendung der Anti-Lichtverschmutzungs-Stra\u00dfenleuchte Globe f\u00fcr LED-Lampe - E27 - 40W - 45W - 45W -50W -\u00d848cm:<\/h2><ul>\n<li>Parks<\/li>\n<li>G\u00e4rten<\/li>\n<li>Orte<\/li>\n<li>Avenues<\/li>\n<li>Hochzeitss\u00e4le<\/li>\n<li>H\u00fctten<\/li>\n<li>L\u00e4ndliche H\u00e4user<\/li>\n<li>Industrielle Geb\u00e4ude<\/li>\n<\/ul><h3 class=\"page-product-heading\">TECHNISCHE DATEN<\/h3><div class=\"col-xs-12 col-md-6\">\n<table class=\"table table-data-sheet 1\">\n<tbody>\n<tr class=\"odd\">\n<td valign=\"middle\" width=\"32\"><\/td>\n<td valign=\"middle\">REFERENZEN :<\/td>\n<td valign=\"middle\">SL8219<\/td>\n<\/tr>\n<tr class=\"even\">\n<td valign=\"middle\" width=\"32\"><\/td>\n<td valign=\"middle\">Nennleistung :<\/td>\n<td valign=\"middle\">40w-50w-45w-E27<\/td>\n<\/tr>\n<\/tbody>\n<\/table>\n<\/div><div class=\"col-xs-12 col-md-6 2\">\n<table class=\"table table-data-sheet 2\">\n<tbody>\n<tr class=\"odd\">\n<td valign=\"middle\" width=\"32\"><\/td>\n<td valign=\"middle\">Lichttemperatur:<\/td>\n<td valign=\"middle\">4000K<\/td>\n<\/tr>\n<tr class=\"even\">\n<td valign=\"middle\" width=\"32\"><\/td>\n<td valign=\"middle\">Baumaterial:<\/td>\n<td valign=\"middle\">Sockel:Aluminium + PC- Abdeckung: PMMA Anti UV<\/td>\n<\/tr>\n<\/tbody>\n<\/table>\n<\/div><p>&nbsp;<\/p><\/p>","protected":false},"excerpt":{"rendered":"<div class=\"col-md-12\"><i class=\"fa fa-truck\"><\/i>&nbsp;<span class=\"text-muted textprop\">Lieferung innerhalb von 24\/48 Stunden<\/span><div class=\"col-md-12\"><i class=\"fa fa-exchange\"><\/i>&nbsp;<span class=\"text-muted textprop\">Versicherte Garantie<\/span><\/div><div class=\"col-md-12\"><i class=\"fa fa-box\"><\/i>&nbsp;<span class=\"text-muted textprop\">1 Einheit(en) pro Masterbox<\/span><\/div><\/div>","protected":false},"featured_media":7219,"template":"","meta":{"site-sidebar-layout":"default","site-content-layout":"default","ast-global-header-display":"","ast-main-header-display":"","ast-hfb-above-header-display":"","ast-hfb-below-header-display":"","ast-hfb-mobile-header-display":"","site-post-title":"","ast-breadcrumbs-content":"","ast-featured-img":"","footer-sml-layout":"","theme-transparent-header-meta":"default","adv-header-id-meta":"","stick-header-meta":"","header-above-stick-meta":"","header-main-stick-meta":"","header-below-stick-meta":""},"product_cat":[95,30],"product_tag":[],"class_list":["post-7213","product","type-product","status-publish","has-post-thumbnail","hentry","product_cat-farolas-led-urbanas","product_cat-iluminacion-publica-y-vial"],"_links":{"self":[{"href":"https:\/\/starlediluminacion.com\/de\/wp-json\/wp\/v3\/product\/7213","targetHints":{"allow":["GET"]}}],"collection":[{"href":"https:\/\/starlediluminacion.com\/de\/wp-json\/wp\/v3\/product"}],"about":[{"href":"https:\/\/starlediluminacion.com\/de\/wp-json\/wp\/v2\/types\/product"}],"wp:featuredmedia":[{"embeddable":true,"href":"https:\/\/starlediluminacion.com\/de\/wp-json\/wp\/v2\/media\/7219"}],"wp:attachment":[{"href":"https:\/\/starlediluminacion.com\/de\/wp-json\/wp\/v2\/media?parent=7213"}],"wp:term":[{"taxonomy":"product_cat","embeddable":true,"href":"https:\/\/starlediluminacion.com\/de\/wp-json\/wp\/v2\/product_cat?post=7213"},{"taxonomy":"product_tag","embeddable":true,"href":"https:\/\/starlediluminacion.com\/de\/wp-json\/wp\/v2\/product_tag?post=7213"}],"curies":[{"name":"wp","href":"https:\/\/api.w.org\/{rel}","templated":true}]}}