{"id":7112,"date":"2022-08-20T20:23:30","date_gmt":"2022-08-20T20:23:30","guid":{"rendered":"https:\/\/starlediluminacion.com\/?post_type=product&#038;p=7112"},"modified":"2025-10-18T08:54:21","modified_gmt":"2025-10-18T08:54:21","slug":"farola-led-150w-capri-philips-driver-programable-smd5050-240lm-w","status":"publish","type":"product","link":"https:\/\/starlediluminacion.com\/de\/product\/farola-led-150w-capri-philips-driver-programable-smd5050-240lm-w\/","title":{"rendered":"<p>farola led 150w capri  driver programable smd5050 240lm\/w<\/p>"},"content":{"rendered":"<div class=\"product-info-line\">\n<p id=\"product_reference\"><label>referencia: sl90799<br>\n<\/label><\/p>\n<div class=\"hidden-xs parrafo\">\n<p><strong>la farola led 150w capri&nbsp;  driver&nbsp;<\/strong>&nbsp;Sie bietet Sofortz\u00fcndung und hohe Leistung und ist der ideale Ersatz f\u00fcr die alten Quecksilber-Stra\u00dfenlampen, verbessert die Lichtqualit\u00e4t und reduziert den Energieverbrauch erheblich.&nbsp;<strong>diodo smd&nbsp;5050 bridgelux.<\/strong><\/p>\n<\/div>\n<div id=\"views_block-1\" class=\"clearfix\">\n<div id=\"thumbs_list\">\n<h1>farola led 150w capri &nbsp; driver programable smd5050 240lm\/w<\/h1>\n<p><strong>la farola led 150w capri &nbsp;con driver &nbsp; programable 100w&nbsp;<\/strong>ist die neue High-Design-Serie aus Aluminiumguss mit einfacher \u00d6ffnung.<\/p>\n<p>su eficacia es muy superior a las farolas&nbsp; tradicionales, siendo la elecci&oacute;n perfecta para su sustituci&oacute;n de dicho tipo de luminarias de calle.<\/p>\n<p>Die Installation und der Zusammenbau sind einfach, vor allem aber ist die&nbsp;<strong>m&oacute;dulo led que cuenta con el diodo smd 5050&nbsp; de bridgelux con 12 n&uacute;cleos<\/strong>Dies sorgt f\u00fcr eine starke und blendfreie Ausleuchtung.<\/p>\n<p>su eficiente y durable&nbsp;<strong>driver programable&nbsp;  xitanium<\/strong>&nbsp;mit einer 5-Jahres-Garantie, sorgen f\u00fcr eine lange Lebensdauer der Stra\u00dfenleuchte.<\/p>\n<p>mediante nuestras luminarias programables, el brillo cambia autom&aacute;ticamente para adaptarse&nbsp;de forma inteligente&nbsp;a los distintos escenarios nocturnos que sean necesarios. el driver  permite 5 programaciones distintas a lo largo de la noche.&nbsp;&nbsp;as&iacute;&nbsp; tambi&eacute;n&nbsp; permite regular el consumo deseado en cada momento.<\/p>\n<p>fabricada en fundici&oacute;n de aluminio: la luminaria&nbsp;es perfecta para dar una gran resistencia por un gran periodo de tiempo, esta protegido&nbsp;<strong>gegen Rost und Korrosion<\/strong>Er vertr\u00e4gt sogar die extremen Temperaturen, die im Sommer und im Winter auftreten.<\/p>\n<p>su sistema de r&aacute;pida apertura, asegura un f&aacute;cil acceso en caso de ser necesario.<\/p>\n<p>ihr Schutzniveau&nbsp;<strong>ip66<\/strong>&nbsp;sch\u00fctzt das Produkt vor dem Eindringen von Staub und ist best\u00e4ndig gegen Spritzer aller Arten von Fl\u00fcssigkeiten aus allen Winkeln, was es perfekt f\u00fcr die Montage im Freien macht.<\/p>\n<h2>usos de la&nbsp;farola led&nbsp;150w&nbsp;capri&nbsp;  driver programable smd5050 240lm\/w<\/h2>\n<ul>\n<li>Stra\u00dfen<\/li>\n<li>Parks<\/li>\n<li>Orte<\/li>\n<li>G\u00e4rten<\/li>\n<li>Stra\u00dfen<\/li>\n<li>H\u00f6fe<\/li>\n<\/ul>\n<h3 class=\"page-product-heading\">technische Details<\/h3>\n<div class=\"col-xs-12 col-md-6\">\n<table class=\"table table-data-sheet 1\">\n<tbody>\n<tr class=\"odd\">\n<td valign=\"middle\" width=\"32\"><\/td>\n<td valign=\"middle\">Hinweis :<\/td>\n<td valign=\"middle\">sl90799<\/td>\n<\/tr>\n<tr class=\"even\">\n<td valign=\"middle\" width=\"32\"><\/td>\n<td valign=\"middle\">Nennleistung :<\/td>\n<td valign=\"middle\">150w -15w (programmable)<\/td>\n<\/tr>\n<tr class=\"odd\">\n<td valign=\"middle\" width=\"32\"><\/td>\n<td valign=\"middle\">Nennspannung:<\/td>\n<td valign=\"middle\">170-305v.<\/td>\n<\/tr>\n<tr class=\"even\">\n<td valign=\"middle\" width=\"32\"><\/td>\n<td valign=\"middle\">Lichttemperatur:<\/td>\n<td valign=\"middle\">3000k &ndash; 4000k<\/td>\n<\/tr>\n<tr class=\"odd\">\n<td valign=\"middle\" width=\"32\"><\/td>\n<td valign=\"middle\">cri -index chromatische Wiedergabe:<\/td>\n<td valign=\"middle\">70<\/td>\n<\/tr>\n<tr class=\"even\">\n<td valign=\"middle\" width=\"32\"><\/td>\n<td valign=\"middle\">Baumaterial:<\/td>\n<td valign=\"middle\">Aluminium<\/td>\n<\/tr>\n<tr class=\"odd\">\n<td valign=\"middle\" width=\"32\"><\/td>\n<td valign=\"middle\">Leuchtkraft-lm:<\/td>\n<td valign=\"middle\">22500<\/td>\n<\/tr>\n<tr class=\"even\">\n<td valign=\"middle\" width=\"32\"><\/td>\n<td valign=\"middle\">Art der LEDs:<\/td>\n<td valign=\"middle\">smd 5050-12d bridgelux chip 2240 bxcd ds-c47<\/td>\n<\/tr>\n<tr class=\"odd\">\n<td valign=\"middle\" width=\"32\"><\/td>\n<td valign=\"middle\">\u00d6ffnungswinkel (\u00ba):<\/td>\n<td valign=\"middle\">150\u00ba x 75\u00ba.<\/td>\n<\/tr>\n<tr class=\"even\">\n<td valign=\"middle\" width=\"32\"><\/td>\n<td valign=\"middle\">Wirkungsgrad der LED-Diode (lm\/w):<\/td>\n<td valign=\"middle\">240lm\/w<\/td>\n<\/tr>\n<tr class=\"odd\">\n<td valign=\"middle\" width=\"32\"><\/td>\n<td valign=\"middle\">Lichtausbeute (lm\/w):<\/td>\n<td valign=\"middle\">150lm\/w<\/td>\n<\/tr>\n<tr class=\"even\">\n<td valign=\"middle\" width=\"32\"><\/td>\n<td valign=\"middle\">dimable:<\/td>\n<td valign=\"middle\">1-10v<\/td>\n<\/tr>\n<tr class=\"odd\">\n<td valign=\"middle\" width=\"32\"><\/td>\n<td valign=\"middle\">Zertifikate:<\/td>\n<td valign=\"middle\">ce-rosh-t&uuml;v-enec<\/td>\n<\/tr>\n<\/tbody>\n<\/table>\n<\/div>\n<div class=\"col-xs-12 col-md-6 2\">\n<table class=\"table table-data-sheet 2\">\n<tbody>\n<tr class=\"odd\">\n<td valign=\"middle\" width=\"32\"><\/td>\n<td valign=\"middle\">Grad von ip:<\/td>\n<td valign=\"middle\">ip66<\/td>\n<\/tr>\n<tr class=\"even\">\n<td valign=\"middle\" width=\"32\"><\/td>\n<td valign=\"middle\">gesch\u00e4tzte Lebensdauer der LED-Diode (h):<\/td>\n<td valign=\"middle\">100.000<\/td>\n<\/tr>\n<tr class=\"odd\">\n<td valign=\"middle\" width=\"32\"><\/td>\n<td valign=\"middle\">Leistungsfaktor (pf):<\/td>\n<td valign=\"middle\">0.95<\/td>\n<\/tr>\n<tr class=\"even\">\n<td valign=\"middle\" width=\"32\"><\/td>\n<td valign=\"middle\">Arbeitsfrequenz (hz):<\/td>\n<td valign=\"middle\">50\/60hz<\/td>\n<\/tr>\n<tr class=\"odd\">\n<td valign=\"middle\" width=\"32\"><\/td>\n<td valign=\"middle\">Temperaturbereich (\u00baC):<\/td>\n<td valign=\"middle\">-15\u00ba+70\u00ba -15\u00ba+70\u00ba -15\u00ba+70\u00ba -15\u00ba+70\u00ba -15\u00ba+70\u00ba<\/td>\n<\/tr>\n<tr class=\"even\">\n<td valign=\"middle\" width=\"32\"><\/td>\n<td valign=\"middle\">Z\u00fcndzyklen:<\/td>\n<td valign=\"middle\">100.000<\/td>\n<\/tr>\n<tr class=\"odd\">\n<td valign=\"middle\" width=\"32\"><\/td>\n<td valign=\"middle\">Anlaufzeit (s):<\/td>\n<td valign=\"middle\">0,2s<\/td>\n<\/tr>\n<tr class=\"even\">\n<td valign=\"middle\" width=\"32\"><\/td>\n<td valign=\"middle\">zus\u00e4tzliche Informationen:<\/td>\n<td valign=\"middle\">surge protection: 10k<\/td>\n<\/tr>\n<tr class=\"odd\">\n<td valign=\"middle\" width=\"32\"><\/td>\n<td valign=\"middle\">Aufprallschutz (IK):<\/td>\n<td valign=\"middle\">ik09<\/td>\n<\/tr>\n<tr class=\"even\">\n<td valign=\"middle\" width=\"32\"><\/td>\n<td valign=\"middle\">Treiber enthalten:<\/td>\n<td valign=\"middle\"> xitanium programmable<\/td>\n<\/tr>\n<tr class=\"odd\">\n<td valign=\"middle\" width=\"32\"><\/td>\n<td valign=\"middle\">Energieklasse (2021-EU-2019\/2015):<\/td>\n<td valign=\"middle\">a++<\/td>\n<\/tr>\n<tr class=\"even\">\n<td valign=\"middle\" width=\"32\"><\/td>\n<td valign=\"middle\">Garantiejahre:<\/td>\n<td valign=\"middle\">5<\/td>\n<\/tr>\n<\/tbody>\n<\/table>\n<p>&nbsp;<\/p>\n<\/div>\n<\/div>\n<\/div>\n<\/div>","protected":false},"excerpt":{"rendered":"<div class=\"col-md-12\"><i class=\"fa fa-truck\"><\/i>&nbsp;<span class=\"text-muted textprop\">Lieferung innerhalb von 24\/48 Stunden<\/span><div class=\"col-md-12\"><i class=\"fa fa-exchange\"><\/i>&nbsp;<span class=\"text-muted textprop\">Versicherte Garantie<\/span><\/div><div class=\"col-md-12\"><i class=\"fa fa-box\"><\/i>&nbsp;<span class=\"text-muted textprop\">1 Einheit(en) pro Masterbox<\/span><\/div><div>\n<div class=\"woocommerce-product-details__short-description\">\n<div class=\"woocommerce-product-details__short-description\">\n<div><strong>FARBTEMPERATUR: 3000K\/4000K<\/strong><\/div>\n<\/div>\n<\/div>\n<\/div><\/div>","protected":false},"featured_media":0,"template":"","meta":{"site-sidebar-layout":"default","site-content-layout":"default","ast-global-header-display":"","ast-main-header-display":"","ast-hfb-above-header-display":"","ast-hfb-below-header-display":"","ast-hfb-mobile-header-display":"","site-post-title":"","ast-breadcrumbs-content":"","ast-featured-img":"","footer-sml-layout":"","theme-transparent-header-meta":"default","adv-header-id-meta":"","stick-header-meta":"","header-above-stick-meta":"","header-main-stick-meta":"","header-below-stick-meta":""},"product_cat":[95,30],"product_tag":[],"class_list":["post-7112","product","type-product","status-publish","hentry","product_cat-farolas-led-urbanas","product_cat-iluminacion-publica-y-vial"],"_links":{"self":[{"href":"https:\/\/starlediluminacion.com\/de\/wp-json\/wp\/v3\/product\/7112","targetHints":{"allow":["GET"]}}],"collection":[{"href":"https:\/\/starlediluminacion.com\/de\/wp-json\/wp\/v3\/product"}],"about":[{"href":"https:\/\/starlediluminacion.com\/de\/wp-json\/wp\/v2\/types\/product"}],"wp:attachment":[{"href":"https:\/\/starlediluminacion.com\/de\/wp-json\/wp\/v2\/media?parent=7112"}],"wp:term":[{"taxonomy":"product_cat","embeddable":true,"href":"https:\/\/starlediluminacion.com\/de\/wp-json\/wp\/v2\/product_cat?post=7112"},{"taxonomy":"product_tag","embeddable":true,"href":"https:\/\/starlediluminacion.com\/de\/wp-json\/wp\/v2\/product_tag?post=7112"}],"curies":[{"name":"wp","href":"https:\/\/api.w.org\/{rel}","templated":true}]}}