{"id":7094,"date":"2022-08-20T19:58:27","date_gmt":"2022-08-20T19:58:27","guid":{"rendered":"https:\/\/starlediluminacion.com\/?post_type=product&#038;p=7094"},"modified":"2022-08-20T19:58:27","modified_gmt":"2022-08-20T19:58:27","slug":"farola-king-para-lampara-led-e27-con-brazo-aluminio","status":"publish","type":"product","link":"https:\/\/starlediluminacion.com\/de\/product\/farola-king-para-lampara-led-e27-con-brazo-aluminio\/","title":{"rendered":"<p>Farola KING para L&aacute;mpara LED E27 con Brazo &ndash; Aluminio<\/p>"},"content":{"rendered":"<div class=\"product-info-line\">\n<p id=\"product_reference\"><label>REFERENCIA: SLKING-E27<br>\n<\/label><\/p>\n<div class=\"hidden-xs parrafo\">\n<p><strong>Farola modelo KING de Aluminio que incorpora&nbsp; soporte a pared&nbsp;<\/strong>um eine Lampe mit E27-Fassung einzubauen.<\/p>\n<\/div>\n<div id=\"views_block-1\" class=\"clearfix\">\n<div id=\"thumbs_list\">\n<h1>Farola KING con casquillo para Lampara LED E27<\/h1>\n<p>Die Leuchte ist komplett aus Aluminium gefertigt<strong>&nbsp;kommt vorbereitet&nbsp;<\/strong>&nbsp;eine Lampe mit einer E27-Fassung einzubauen<strong>.<\/strong>&nbsp;Die Qualit\u00e4t seiner Materialien macht ihn zu einem unverzichtbaren Produkt f\u00fcr die Erzeugung sauberer und langlebiger Energie.<\/p>\n<p>Dank der LED-Technologie k\u00f6nnen Sie die&nbsp;<strong>speichern<\/strong>&nbsp;bis zu&nbsp;<strong>80% Leistung<\/strong>Au\u00dferdem haben sie im Vergleich zu Halogenlampen eine l\u00e4ngere Lebensdauer. Sie gilt als eine&nbsp;<strong>Bioprodukt<\/strong>&nbsp;da es aus umweltfreundlichen Materialien hergestellt wird, tragen Sie dazu bei, den Planeten zu sch\u00fctzen.<\/p>\n<p>Ihr Schutz&nbsp;<strong>IP545<\/strong>&nbsp;macht ihn auch f\u00fcr den Au\u00dfeneinsatz geeignet und spritzwassergesch\u00fctzt.<\/p>\n<p>&nbsp;<\/p>\n<h2>Farola KING con casquillo para Lampara LED E27<\/h2>\n<p>&nbsp;<\/p>\n<ul>\n<li>Parks<\/li>\n<li>G\u00e4rten<\/li>\n<li>Orte<\/li>\n<li>Avenues<\/li>\n<li>Hochzeitss\u00e4le<\/li>\n<li>H\u00fctten<\/li>\n<li>L\u00e4ndliche H\u00e4user<\/li>\n<li>Industrielle Geb\u00e4ude<\/li>\n<\/ul>\n<h3 class=\"page-product-heading\">TECHNISCHE DATEN<\/h3>\n<div class=\"col-xs-12 col-md-6\">\n<table class=\"table table-data-sheet 1\">\n<tbody>\n<tr class=\"odd\">\n<td valign=\"middle\" width=\"32\"><\/td>\n<td valign=\"middle\">REFERENZEN :<\/td>\n<td valign=\"middle\">SLKING-E27<\/td>\n<\/tr>\n<tr class=\"even\">\n<td valign=\"middle\" width=\"32\"><\/td>\n<td valign=\"middle\">Baumaterial:<\/td>\n<td valign=\"middle\">Aluminium + Glas<\/td>\n<\/tr>\n<tr class=\"odd\">\n<td valign=\"middle\" width=\"32\"><\/td>\n<td valign=\"middle\">Buchse:<\/td>\n<td valign=\"middle\">E27<\/td>\n<\/tr>\n<tr class=\"even\">\n<td valign=\"middle\" width=\"32\"><\/td>\n<td valign=\"middle\">Bescheinigungen:<\/td>\n<td valign=\"middle\">CE - ROHS<\/td>\n<\/tr>\n<\/tbody>\n<\/table>\n<\/div>\n<div class=\"col-xs-12 col-md-6 2\">\n<table class=\"table table-data-sheet 2\">\n<tbody>\n<tr class=\"odd\">\n<td valign=\"middle\" width=\"32\"><\/td>\n<td valign=\"middle\">IP-Bewertung:<\/td>\n<td valign=\"middle\">IP54<\/td>\n<\/tr>\n<tr class=\"even\">\n<td valign=\"middle\" width=\"32\"><\/td>\n<td valign=\"middle\">Abmessungen (mm):<\/td>\n<td valign=\"middle\">H600x460mm<\/td>\n<\/tr>\n<tr class=\"odd\">\n<td valign=\"middle\" width=\"32\"><\/td>\n<td valign=\"middle\">Aufprallschutz (IK):<\/td>\n<td valign=\"middle\">IK06<\/td>\n<\/tr>\n<tr class=\"even\">\n<td valign=\"middle\" width=\"32\"><\/td>\n<td valign=\"middle\">Gew\u00e4hrleistungsjahre:<\/td>\n<td valign=\"middle\">3<\/td>\n<\/tr>\n<\/tbody>\n<\/table>\n<p>&nbsp;<\/p>\n<\/div>\n<\/div>\n<\/div>\n<\/div>","protected":false},"excerpt":{"rendered":"<div class=\"col-md-12\"><i class=\"fa fa-truck\"><\/i>&nbsp;<span class=\"text-muted textprop\">Lieferung innerhalb von 24\/48 Stunden<\/span><div class=\"col-md-12\"><i class=\"fa fa-exchange\"><\/i>&nbsp;<span class=\"text-muted textprop\">Versicherte Garantie<\/span><\/div><div class=\"col-md-12\"><i class=\"fa fa-box\"><\/i>&nbsp;<span class=\"text-muted textprop\">1 Einheit(en) pro Masterbox<\/span><\/div><\/div>","protected":false},"featured_media":7095,"template":"","meta":{"site-sidebar-layout":"default","site-content-layout":"default","ast-global-header-display":"","ast-main-header-display":"","ast-hfb-above-header-display":"","ast-hfb-below-header-display":"","ast-hfb-mobile-header-display":"","site-post-title":"","ast-breadcrumbs-content":"","ast-featured-img":"","footer-sml-layout":"","theme-transparent-header-meta":"default","adv-header-id-meta":"","stick-header-meta":"","header-above-stick-meta":"","header-main-stick-meta":"","header-below-stick-meta":""},"product_cat":[96,30],"product_tag":[],"class_list":["post-7094","product","type-product","status-publish","has-post-thumbnail","hentry","product_cat-farolas-led-clasicas","product_cat-iluminacion-publica-y-vial"],"_links":{"self":[{"href":"https:\/\/starlediluminacion.com\/de\/wp-json\/wp\/v3\/product\/7094","targetHints":{"allow":["GET"]}}],"collection":[{"href":"https:\/\/starlediluminacion.com\/de\/wp-json\/wp\/v3\/product"}],"about":[{"href":"https:\/\/starlediluminacion.com\/de\/wp-json\/wp\/v2\/types\/product"}],"wp:featuredmedia":[{"embeddable":true,"href":"https:\/\/starlediluminacion.com\/de\/wp-json\/wp\/v2\/media\/7095"}],"wp:attachment":[{"href":"https:\/\/starlediluminacion.com\/de\/wp-json\/wp\/v2\/media?parent=7094"}],"wp:term":[{"taxonomy":"product_cat","embeddable":true,"href":"https:\/\/starlediluminacion.com\/de\/wp-json\/wp\/v2\/product_cat?post=7094"},{"taxonomy":"product_tag","embeddable":true,"href":"https:\/\/starlediluminacion.com\/de\/wp-json\/wp\/v2\/product_tag?post=7094"}],"curies":[{"name":"wp","href":"https:\/\/api.w.org\/{rel}","templated":true}]}}