{"id":7061,"date":"2022-08-20T18:37:16","date_gmt":"2022-08-20T18:37:16","guid":{"rendered":"https:\/\/starlediluminacion.com\/?post_type=product&#038;p=7061"},"modified":"2022-08-20T18:37:16","modified_gmt":"2022-08-20T18:37:16","slug":"farola-led-romanico-aluminio-40w-50w-65w","status":"publish","type":"product","link":"https:\/\/starlediluminacion.com\/de\/product\/farola-led-romanico-aluminio-40w-50w-65w\/","title":{"rendered":"<p>LED-Stra\u00dfenleuchte ROMANICO Aluminium 40W-50W-65W<\/p>"},"content":{"rendered":"<div class=\"product-info-line\">\n<p id=\"product_reference\"><label>referencia: slrome<br>\n<\/label><\/p>\n<p>Verschiedene Montagem\u00f6glichkeiten sind in unserem&nbsp;<strong>luminaria&nbsp;rom&aacute;nico de aluminio<\/strong>:<\/p>\n<ul>\n<li>optisches Modul&nbsp;<strong>bridgelux 40w<\/strong>&nbsp;+ gxtronic-Treiber<\/li>\n<li>optisches Modul&nbsp;<strong>50w magnum osram chip<\/strong>&nbsp;+ gxtronic-Treiber<\/li>\n<li>optisches Modul&nbsp;<strong>50w magnum dob osram chip<\/strong><\/li>\n<li>optisches Modul&nbsp;<strong>50w smd5050 hohe leuchtkraft bridgelux<\/strong>&nbsp;+ gxtronic-Treiber<\/li>\n<li>optisches Modul&nbsp;<strong>65w smd5050 hohe leuchtkraft bridgelux<\/strong>&nbsp;+ xitanium 1-10v programmierbarer Treiber<\/li>\n<\/ul>\n<h1>farola led rom&aacute;nico&nbsp;aluminio 40w-50w-65w<\/h1>\n<p>diese<strong>&nbsp;led stra\u00dfenlaterne fischer&nbsp;<\/strong>Aluminium, ist er ideal f\u00fcr die Dekoration jedes Au\u00dfenbereichs, hat ein schlichtes, klassisches Design und eine elegante schwarze Oberfl\u00e4che.<\/p>\n<p>die Laterne kann je nach eingebautem LED-Optikmodul unterschiedliche Eigenschaften aufweisen:<\/p>\n<h3><strong>- bridgelux chip 40w optisches Modul + gxtronic Treiber:<\/strong><\/h3>\n<ul>\n<li>led optischer block mit 40w leistung und ist mit einem satz von 54 smd3030 4-core bridgelux 2240 ds-c30 smd30 LED dioden hergestellt.<\/li>\n<li>\u00d6ffnungswinkel (\u00ba): 70\u00ba - 150\u00ba.<\/li>\n<li>LED-Dioden-Wirkungsgrad (lm\/w): 160 lm\/w<\/li>\n<li>Lichtausbeute (lm\/w): 135lm\/w<\/li>\n<li>cri: 70<\/li>\n<li>Hochwertige Treiber von gxtronic mit einer Lebensdauer von mehr als 50.000 Stunden.<\/li>\n<li>Treiber 23-42vdc 1000ma+-5%<\/li>\n<\/ul>\n<h3><strong>- optisches modul 50w magnum osram chip + treiber gxtronic<\/strong><\/h3>\n<ul>\n<li>led optischer block mit einer leistung von 50w und wird mit einem team von 85 osram 3-core smd3030 led dioden smd3030 hergestellt.<\/li>\n<li>\u00d6ffnungswinkel (\u00ba): 136\u00ba-78\u00ba.<\/li>\n<li>LED-Dioden-Wirkungsgrad (lm\/w): 180 lm\/w<\/li>\n<li>Lichtausbeute (lm\/w): 150lm\/w.<\/li>\n<li>cri: 80<\/li>\n<li>Treiber 23-42vdc 1300ma+-5%<\/li>\n<\/ul>\n<h3><strong>- optikmodul 50w magnum dob osram chip<br>\n<\/strong><\/h3>\n<ul>\n<li>led optischer block mit 50w leistung und wird mit einem team von 72 smd3030 3-core osram os-core sapphire odb2235s.a smd3030 led dioden hergestellt.<\/li>\n<li>\u00d6ffnungswinkel (\u00ba): 90\u00bax90\u00ba.<\/li>\n<li>LED-Dioden-Wirkungsgrad (lm\/w): 180 lm\/w<\/li>\n<li>Lichtausbeute (lm\/w): 140lm\/w<\/li>\n<li>cri: 80<\/li>\n<li>Fahrer: dob gxtronic.<\/li>\n<\/ul>\n<h3><strong>- smd505050 bridgelux hochhelles 50w optisches modul + gxtronic treiber<\/strong><\/h3>\n<ul>\n<li>led optischer block mit einer leistung von 50w und wird mit einem team von 36 smd5050 led dioden smd5050 von 8 kernen bridgelux chip 2240ds-30 hergestellt.<\/li>\n<li>\u00d6ffnungswinkel (\u00ba): 90\u00bax90\u00ba.<\/li>\n<li>LED-Dioden-Wirkungsgrad (lm\/w): 220 lm\/w<\/li>\n<li>Lichtausbeute (lm\/w): 188lm\/w.<\/li>\n<li>cri: 70<\/li>\n<li>Treiber 23-42vdc 1300ma+-5%<\/li>\n<\/ul>\n<h3><strong>- smd5050 bridgelux hochhelles 65w optisches modul + treiber <\/strong><\/h3>\n<ul>\n<li>led optischer block mit einer leistung von 50w und wird mit einem team von 36 smd5050 led dioden mit 8 bridgelux kernen hergestellt.<\/li>\n<li>\u00d6ffnungswinkel (\u00ba): 90\u00bax90\u00ba.<\/li>\n<li>LED-Dioden-Wirkungsgrad (lm\/w): 200 lm\/w<\/li>\n<li>Lichtausbeute (lm\/w): 160lm\/w.<\/li>\n<li>cri: 70<\/li>\n<li>Treiber 1-10v - dimmbar + programmierbar (5 Einstellungen)<\/li>\n<\/ul>\n<p>&nbsp;<\/p>\n<p>Die aus Aluminium gefertigte Leuchte ist f\u00fcr den Einsatz unter extremen Au\u00dfenbedingungen konzipiert und f\u00fcr eine lange Lebensdauer mit eingebranntem Polyurethan lackiert.<\/p>\n<p>ist ein sehr energieeffizientes Produkt, da es eine hohe Lichtausbeute bietet und die M\u00f6glichkeit bietet, den Stromverbrauch um bis zu 80% zu senken. Gleichzeitig ist es umweltfreundlich, da es keine Schadstoffe erzeugt.<\/p>\n<p>&nbsp;<\/p>\n<h2>usos de la&nbsp;farola led&nbsp;rom&aacute;nico&nbsp;aluminio 40w-50w-65w:<\/h2>\n<ul>\n<li>Parks<\/li>\n<li>G\u00e4rten<\/li>\n<li>Orte<\/li>\n<li>Alleen<\/li>\n<li>HOCHZEITSH\u00c4LLE<\/li>\n<li>Chalets<\/li>\n<li>l\u00e4ndliche H\u00e4user<\/li>\n<li>Industrielager<\/li>\n<\/ul>\n<h3 class=\"page-product-heading\">technische Details<\/h3>\n<div class=\"col-xs-12 col-md-6\">\n<table class=\"table table-data-sheet 1\">\n<tbody>\n<tr class=\"odd\">\n<td valign=\"middle\" width=\"32\"><\/td>\n<td valign=\"middle\">Hinweis :<\/td>\n<td valign=\"middle\">slrome<\/td>\n<\/tr>\n<tr class=\"even\">\n<td valign=\"middle\" width=\"32\"><\/td>\n<td valign=\"middle\">Nennleistung :<\/td>\n<td valign=\"middle\">40w-50w-65w<\/td>\n<\/tr>\n<tr class=\"odd\">\n<td valign=\"middle\" width=\"32\"><\/td>\n<td valign=\"middle\">Nennspannung:<\/td>\n<td valign=\"middle\">170v-270v<\/td>\n<\/tr>\n<tr class=\"even\">\n<td valign=\"middle\" width=\"32\"><\/td>\n<td valign=\"middle\">Lichttemperatur:<\/td>\n<td valign=\"middle\">3000k-4000k-5000k<\/td>\n<\/tr>\n<tr class=\"odd\">\n<td valign=\"middle\" width=\"32\"><\/td>\n<td valign=\"middle\">cri -index chromatische Wiedergabe:<\/td>\n<td valign=\"middle\">bridgelux: 70 osram: 80<\/td>\n<\/tr>\n<tr class=\"even\">\n<td valign=\"middle\" width=\"32\"><\/td>\n<td valign=\"middle\">Baumaterial:<\/td>\n<td valign=\"middle\">Aluminium +pmma<\/td>\n<\/tr>\n<tr class=\"odd\">\n<td valign=\"middle\" width=\"32\"><\/td>\n<td valign=\"middle\">Art der LEDs:<\/td>\n<td valign=\"middle\">40w: smd3030 bridgelux. 50w magnum: smd3030 osram. 50w dob: smd3030 osram - 50w: smd505050 bridgelux chip.<\/td>\n<\/tr>\n<tr class=\"even\">\n<td valign=\"middle\" width=\"32\"><\/td>\n<td valign=\"middle\">\u00d6ffnungswinkel (\u00ba):<\/td>\n<td valign=\"middle\">40w:70\u00ba-150\u00ba - 50w:136\u00bax78\u00ba - 90\u00bax90\u00ba 100w::136\u00bax78\u00ba - 90\u00bax90\u00ba<\/td>\n<\/tr>\n<tr class=\"odd\">\n<td valign=\"middle\" width=\"32\"><\/td>\n<td valign=\"middle\">Wirkungsgrad der LED-Diode (lm\/w):<\/td>\n<td valign=\"middle\">40w:160lm\/w - 50w:180lm\/w - 50w dob:180lm\/w - 50w 5050: 220lm\/w 65w:200lm\/w<\/td>\n<\/tr>\n<tr class=\"even\">\n<td valign=\"middle\" width=\"32\"><\/td>\n<td valign=\"middle\">Lichtausbeute (lm\/w):<\/td>\n<td valign=\"middle\">40w:135lm\/w - 50w: 150lm\/w - 50w dob: 140lm\/w - 50w 5050: 188lm\/w 65w:160lm\/w<\/td>\n<\/tr>\n<tr class=\"odd\">\n<td valign=\"middle\" width=\"32\"><\/td>\n<td valign=\"middle\">Grad von ip:<\/td>\n<td valign=\"middle\">ip65-au\u00dfen<\/td>\n<\/tr>\n<\/tbody>\n<\/table>\n<\/div>\n<div class=\"col-xs-12 col-md-6 2\">\n<table class=\"table table-data-sheet 2\">\n<tbody>\n<tr class=\"odd\">\n<td valign=\"middle\" width=\"32\"><\/td>\n<td valign=\"middle\">gesch\u00e4tzte Lebensdauer der LED-Diode (h):<\/td>\n<td valign=\"middle\">50.000<\/td>\n<\/tr>\n<tr class=\"even\">\n<td valign=\"middle\" width=\"32\"><\/td>\n<td valign=\"middle\">Abmessungen (mm):<\/td>\n<td valign=\"middle\">550x550xh950mm<\/td>\n<\/tr>\n<tr class=\"odd\">\n<td valign=\"middle\" width=\"32\"><\/td>\n<td valign=\"middle\">Leistungsfaktor (pf):<\/td>\n<td valign=\"middle\">0.95<\/td>\n<\/tr>\n<tr class=\"even\">\n<td valign=\"middle\" width=\"32\"><\/td>\n<td valign=\"middle\">Arbeitsfrequenz (hz):<\/td>\n<td valign=\"middle\">50\/60hz<\/td>\n<\/tr>\n<tr class=\"odd\">\n<td valign=\"middle\" width=\"32\"><\/td>\n<td valign=\"middle\">Temperaturbereich (\u00baC):<\/td>\n<td valign=\"middle\">-20\u00b0c ~ +55\u00b0c<\/td>\n<\/tr>\n<tr class=\"even\">\n<td valign=\"middle\" width=\"32\"><\/td>\n<td valign=\"middle\">Z\u00fcndzyklen:<\/td>\n<td valign=\"middle\">100.000<\/td>\n<\/tr>\n<tr class=\"odd\">\n<td valign=\"middle\" width=\"32\"><\/td>\n<td valign=\"middle\">Anlaufzeit (s):<\/td>\n<td valign=\"middle\">0,2s<\/td>\n<\/tr>\n<tr class=\"even\">\n<td valign=\"middle\" width=\"32\"><\/td>\n<td valign=\"middle\">Aufprallschutz (IK):<\/td>\n<td valign=\"middle\">ik10<\/td>\n<\/tr>\n<tr class=\"odd\">\n<td valign=\"middle\" width=\"32\"><\/td>\n<td valign=\"middle\">Treiber enthalten:<\/td>\n<td valign=\"middle\">40w: gxtronic - 50w:gxtronic - 65w: - 100w: gxtronic<\/td>\n<\/tr>\n<tr class=\"even\">\n<td valign=\"middle\" width=\"32\"><\/td>\n<td valign=\"middle\">Energieklasse (2021-EU-2019\/2015):<\/td>\n<td valign=\"middle\">a+<\/td>\n<\/tr>\n<tr class=\"odd\">\n<td valign=\"middle\" width=\"32\"><\/td>\n<td valign=\"middle\">Garantiejahre:<\/td>\n<td valign=\"middle\">5<\/td>\n<\/tr>\n<\/tbody>\n<\/table>\n<p>&nbsp;<\/p>\n<\/div>\n<\/div>","protected":false},"excerpt":{"rendered":"<div class=\"col-md-12\"><i class=\"fa fa-truck\"><\/i>&nbsp;<span class=\"text-muted textprop\">Lieferung innerhalb von 24\/48 Stunden<\/span><div class=\"col-md-12\"><i class=\"fa fa-exchange\"><\/i>&nbsp;<span class=\"text-muted textprop\">Versicherte Garantie<\/span><\/div><div class=\"col-md-12\"><i class=\"fa fa-box\"><\/i>&nbsp;<span class=\"text-muted textprop\">1 Einheit(en) pro Masterbox<\/span><\/div><div><strong>FARBTEMPERATUR: 3000K\/4000K<\/strong><\/div><\/div>","protected":false},"featured_media":7071,"template":"","meta":{"site-sidebar-layout":"default","site-content-layout":"default","ast-global-header-display":"","ast-main-header-display":"","ast-hfb-above-header-display":"","ast-hfb-below-header-display":"","ast-hfb-mobile-header-display":"","site-post-title":"","ast-breadcrumbs-content":"","ast-featured-img":"","footer-sml-layout":"","theme-transparent-header-meta":"default","adv-header-id-meta":"","stick-header-meta":"","header-above-stick-meta":"","header-main-stick-meta":"","header-below-stick-meta":""},"product_cat":[96,30],"product_tag":[],"class_list":["post-7061","product","type-product","status-publish","has-post-thumbnail","hentry","product_cat-farolas-led-clasicas","product_cat-iluminacion-publica-y-vial"],"_links":{"self":[{"href":"https:\/\/starlediluminacion.com\/de\/wp-json\/wp\/v3\/product\/7061","targetHints":{"allow":["GET"]}}],"collection":[{"href":"https:\/\/starlediluminacion.com\/de\/wp-json\/wp\/v3\/product"}],"about":[{"href":"https:\/\/starlediluminacion.com\/de\/wp-json\/wp\/v2\/types\/product"}],"wp:featuredmedia":[{"embeddable":true,"href":"https:\/\/starlediluminacion.com\/de\/wp-json\/wp\/v2\/media\/7071"}],"wp:attachment":[{"href":"https:\/\/starlediluminacion.com\/de\/wp-json\/wp\/v2\/media?parent=7061"}],"wp:term":[{"taxonomy":"product_cat","embeddable":true,"href":"https:\/\/starlediluminacion.com\/de\/wp-json\/wp\/v2\/product_cat?post=7061"},{"taxonomy":"product_tag","embeddable":true,"href":"https:\/\/starlediluminacion.com\/de\/wp-json\/wp\/v2\/product_tag?post=7061"}],"curies":[{"name":"wp","href":"https:\/\/api.w.org\/{rel}","templated":true}]}}