{"id":7012,"date":"2022-08-19T20:50:59","date_gmt":"2022-08-19T20:50:59","guid":{"rendered":"https:\/\/starlediluminacion.com\/?post_type=product&#038;p=7012"},"modified":"2022-08-19T20:50:59","modified_gmt":"2022-08-19T20:50:59","slug":"perfil-de-aluminio-moldura-doble-luz-para-tira-led-2-metros","status":"publish","type":"product","link":"https:\/\/starlediluminacion.com\/de\/product\/aluminium-aluminium-profil-doppellichtleiste-fur-led-leiste-2-meter\/","title":{"rendered":"<p>Aluminium-Profilleiste DOUBLE LIGHT f\u00fcr LED-Streifen -2 Meter<\/p>"},"content":{"rendered":"<p>REFERENZ: SL2837<div class=\"hidden-xs parrafo\">\n<p>Mit diesem&nbsp;<strong>Profil<\/strong>&nbsp;von&nbsp;<strong>Aluminium<\/strong>&nbsp;von&nbsp;<strong>DOPPELTES LICHT<\/strong>&nbsp;(zu platzieren&nbsp;<strong>zwei LED-Streifen<\/strong>) erhalten Sie den Effekt einer Leiste f\u00fcr Ihre W\u00e4nde und Oberfl\u00e4chen. Schnelle und einfache Montage dank des mitgelieferten Klicksystems. Enth\u00e4lt auch die Profilklemmen.<\/p>\n<\/div><div id=\"views_block-1\" class=\"clearfix\">\n<div id=\"thumbs_list\">\n<h1>Aluminium-Profilleiste DOUBLE LIGHT- 2 Meter<\/h1>\n<p>Die&nbsp;<strong>Profil<\/strong>&nbsp;von&nbsp;<strong>Impressum<\/strong>&nbsp;von&nbsp;<strong>Doppeltes Licht<\/strong>Das Aluminiumprofil ist speziell f\u00fcr eine schnelle Montage konzipiert. Das Profil aus Aluminium wurde speziell mit den folgenden Merkmalen entwickelt&nbsp;&nbsp;<strong>zwei LED-Streifen<\/strong>&nbsp;und eine dekorative Beleuchtung zu erreichen, die spektakul\u00e4re Effekte in der K\u00fcche erm\u00f6glicht.&nbsp;<strong>Dekoration<\/strong>&nbsp;e&nbsp;<strong>Beleuchtung<\/strong>&nbsp;eines jeden Raumes.<\/p>\n<p>Sie verwandeln eine schlichte Wand in ein einzigartiges Kunstwerk, das die linearen Formen Ihrer Wand mit dem indirekten Licht des Profils vervollst\u00e4ndigt.<\/p>\n<p>Dieses Aluminiumprofil erm\u00f6glicht die Platzierung von Leisten mit hoher Leuchtkraft, da es eine ableitende Wirkung auf die LED-Leiste hat und somit die Lebensdauer Ihrer LED-Leisten verl\u00e4ngert.<\/p>\n<h2>Einsatzm\u00f6glichkeiten des Aluminiumprofils DOUBLE LIGHT Moulding<\/h2>\n<ul>\n<li>Hotels<\/li>\n<li>Bibliotheken<\/li>\n<li>Bars<\/li>\n<li>Startseite<\/li>\n<li>M\u00f6bel<\/li>\n<li>Gesch\u00e4fte<\/li>\n<li>Restaurants<\/li>\n<li>Abdeckungen<\/li>\n<\/ul>\n<h3 class=\"page-product-heading\">TECHNISCHE DATEN<\/h3>\n<div class=\"col-xs-12 col-md-6\">\n<table class=\"table table-data-sheet 1\">\n<tbody>\n<tr class=\"odd\">\n<td valign=\"middle\" width=\"32\"><\/td>\n<td valign=\"middle\">REFERENZEN :<\/td>\n<td valign=\"middle\">SL2837<\/td>\n<\/tr>\n<tr class=\"even\">\n<td valign=\"middle\" width=\"32\"><\/td>\n<td valign=\"middle\">Baumaterial:<\/td>\n<td valign=\"middle\">Aluminium +PC<\/td>\n<\/tr>\n<\/tbody>\n<\/table>\n<\/div>\n<div class=\"col-xs-12 col-md-6 2\">\n<table class=\"table table-data-sheet 2\">\n<tbody>\n<tr class=\"odd\">\n<td valign=\"middle\" width=\"32\"><\/td>\n<td valign=\"middle\">Bescheinigungen:<\/td>\n<td valign=\"middle\">CE - ROHS<\/td>\n<\/tr>\n<tr class=\"even\">\n<td valign=\"middle\" width=\"32\"><\/td>\n<td valign=\"middle\">Abmessungen (mm):<\/td>\n<td valign=\"middle\">50mm x 17mm x 2m.<\/td>\n<\/tr>\n<\/tbody>\n<\/table>\n<\/div>\n<\/div>\n<\/div><\/p>","protected":false},"excerpt":{"rendered":"<div class=\"col-md-12\"><i class=\"fa fa-truck\"><\/i>&nbsp;<span class=\"text-muted textprop\">Lieferung innerhalb von 24\/48 Stunden<\/span><div class=\"col-md-12\"><i class=\"fa fa-exchange\"><\/i>&nbsp;<span class=\"text-muted textprop\">Versicherte Garantie<\/span><\/div><div class=\"col-md-12\"><i class=\"fa fa-box\"><\/i>&nbsp;<span class=\"text-muted textprop\">12 Einheit(en) pro Masterbox<\/span><\/div><div class=\"col-md-12 certificados\"><\/div><\/div>","protected":false},"featured_media":7017,"template":"","meta":{"site-sidebar-layout":"default","site-content-layout":"default","ast-global-header-display":"","ast-main-header-display":"","ast-hfb-above-header-display":"","ast-hfb-below-header-display":"","ast-hfb-mobile-header-display":"","site-post-title":"","ast-breadcrumbs-content":"","ast-featured-img":"","footer-sml-layout":"","theme-transparent-header-meta":"default","adv-header-id-meta":"","stick-header-meta":"","header-above-stick-meta":"","header-main-stick-meta":"","header-below-stick-meta":""},"product_cat":[94,45],"product_tag":[],"class_list":["post-7012","product","type-product","status-publish","has-post-thumbnail","hentry","product_cat-perfiles-de-aluminio-led","product_cat-tiras-led-y-neon-flexible"],"_links":{"self":[{"href":"https:\/\/starlediluminacion.com\/de\/wp-json\/wp\/v3\/product\/7012","targetHints":{"allow":["GET"]}}],"collection":[{"href":"https:\/\/starlediluminacion.com\/de\/wp-json\/wp\/v3\/product"}],"about":[{"href":"https:\/\/starlediluminacion.com\/de\/wp-json\/wp\/v2\/types\/product"}],"wp:featuredmedia":[{"embeddable":true,"href":"https:\/\/starlediluminacion.com\/de\/wp-json\/wp\/v2\/media\/7017"}],"wp:attachment":[{"href":"https:\/\/starlediluminacion.com\/de\/wp-json\/wp\/v2\/media?parent=7012"}],"wp:term":[{"taxonomy":"product_cat","embeddable":true,"href":"https:\/\/starlediluminacion.com\/de\/wp-json\/wp\/v2\/product_cat?post=7012"},{"taxonomy":"product_tag","embeddable":true,"href":"https:\/\/starlediluminacion.com\/de\/wp-json\/wp\/v2\/product_tag?post=7012"}],"curies":[{"name":"wp","href":"https:\/\/api.w.org\/{rel}","templated":true}]}}