{"id":6722,"date":"2022-08-15T10:39:41","date_gmt":"2022-08-15T10:39:41","guid":{"rendered":"https:\/\/starlediluminacion.com\/?post_type=product&#038;p=6722"},"modified":"2022-08-19T10:33:32","modified_gmt":"2022-08-19T10:33:32","slug":"perfil-pc-2m-mini-para-tiras-led","status":"publish","type":"product","link":"https:\/\/starlediluminacion.com\/de\/product\/profil-pc-2m-mini-pc-2m-mini-fur-gefuhrte-streifen\/","title":{"rendered":"<p>PC-Profil - 2m - MINI - f\u00fcr LED-Streifen<\/p>"},"content":{"rendered":"<p>REFERENZ: SLPF4320<p align=\"justify\"><strong>Polycarbonat Profil<\/strong>&nbsp;- MINI - die es erm\u00f6glicht, die&nbsp;<strong>LED-Streifen mit niedrigem Stromverbrauch<\/strong>(bis zu 15w\/m Streifen), wodurch eine solide Installation auf einfache Weise erreicht wird.<\/p><p align=\"justify\">Mit diesem Profil ist es m\u00f6glich, dekorative Anwendungen zu schaffen, wie z.B. Lichtlinien in jeder Art von Material, Markierung von Stufen, Beleuchtung von Schildern, K\u00fcchenschranksockel, \u00e4sthetische L\u00f6sungen in Badezimmern, Handl\u00e4ufe, usw.<\/p><p align=\"justify\">Es wird empfohlen, das Profil mit doppelseitigem Klebeband zu befestigen.<\/p><p>Unsere LED Strip Profiles sind vielseitig und zeitlos, sie k\u00f6nnen der Protagonist in der Innenarchitektur eines Raumes sein oder sich ihr anpassen.<\/p><p>Mit unserem Profil - MINI - werden Sie in der Lage sein, eine Vielzahl von visuellen Eindr\u00fccken zu schaffen, die den Raum aus einer neuen Perspektive definieren.<\/p><p>Unser Profil - MINI - mit einer L\u00e4nge von 2 Metern, wird zu sch\u00f6nen Lichtstreifen, die den Raum formen.<\/p><p>Unser Profil erm\u00f6glicht eine einfache und elegante Installation unserer LED-Streifen. Sie k\u00f6nnen in allen Arten von LED-Streifen-Installationen im Innenbereich installiert werden. Sie wurden speziell entwickelt, um die LED-Streifen zu sch\u00fctzen und zu verbergen und erm\u00f6glichen professionelle, saubere und stilvolle Installationen.<\/p><p>Mit unseren Profilschienen werden homogene Lichtlinien gezeichnet, die sich mit einem Minimum an visueller Wirkung an eine Vielzahl von R\u00e4umen anpassen und sowohl den allgemeinen Beleuchtungsbedarf als auch die Flutung vertikaler Fl\u00e4chen l\u00f6sen.<\/p><h3 class=\"page-product-heading\">TECHNISCHE DATEN<\/h3><div class=\"col-xs-12 col-md-6\">\n<table class=\"table table-data-sheet 1\">\n<tbody>\n<tr class=\"odd\">\n<td valign=\"middle\" width=\"32\"><\/td>\n<td valign=\"middle\">REFERENZEN :<\/td>\n<td valign=\"middle\">SLPF4320<\/td>\n<\/tr>\n<tr class=\"even\">\n<td valign=\"middle\" width=\"32\"><\/td>\n<td valign=\"middle\">Baumaterial:<\/td>\n<td valign=\"middle\">PC<\/td>\n<\/tr>\n<tr class=\"odd\">\n<td valign=\"middle\" width=\"32\"><\/td>\n<td valign=\"middle\">Bescheinigungen:<\/td>\n<td valign=\"middle\">EC<\/td>\n<\/tr>\n<\/tbody>\n<\/table>\n<\/div><div class=\"col-xs-12 col-md-6 2\">\n<table class=\"table table-data-sheet 2\">\n<tbody>\n<tr class=\"odd\">\n<td valign=\"middle\" width=\"32\"><\/td>\n<td valign=\"middle\">Abmessungen (mm):<\/td>\n<td valign=\"middle\">L2000*13*12.8mm<\/td>\n<\/tr>\n<tr class=\"even\">\n<td valign=\"middle\" width=\"32\"><\/td>\n<td valign=\"middle\">Gew\u00e4hrleistungsjahre:<\/td>\n<td valign=\"middle\">2<\/td>\n<\/tr>\n<\/tbody>\n<\/table>\n<\/div><\/p>","protected":false},"excerpt":{"rendered":"<div class=\"col-md-12\"><i class=\"fa fa-truck\"><\/i>&nbsp;<span class=\"text-muted textprop\">Lieferung innerhalb von 24\/48 Stunden<\/span><div class=\"col-md-12\"><i class=\"fa fa-exchange\"><\/i>&nbsp;<span class=\"text-muted textprop\">Versicherte Garantie<\/span><\/div><div class=\"col-md-12\"><i class=\"fa fa-box\"><\/i>&nbsp;<span class=\"text-muted textprop\">100 Einheit(en) pro Masterbox<\/span><\/div><\/div>","protected":false},"featured_media":6730,"template":"","meta":{"site-sidebar-layout":"default","site-content-layout":"default","ast-global-header-display":"","ast-main-header-display":"","ast-hfb-above-header-display":"","ast-hfb-below-header-display":"","ast-hfb-mobile-header-display":"","site-post-title":"","ast-breadcrumbs-content":"","ast-featured-img":"","footer-sml-layout":"","theme-transparent-header-meta":"default","adv-header-id-meta":"","stick-header-meta":"","header-above-stick-meta":"","header-main-stick-meta":"","header-below-stick-meta":""},"product_cat":[92,41,94,45],"product_tag":[],"class_list":["post-6722","product","type-product","status-publish","has-post-thumbnail","hentry","product_cat-accesorios-tiras-led","product_cat-ofertas","product_cat-perfiles-de-aluminio-led","product_cat-tiras-led-y-neon-flexible"],"_links":{"self":[{"href":"https:\/\/starlediluminacion.com\/de\/wp-json\/wp\/v3\/product\/6722","targetHints":{"allow":["GET"]}}],"collection":[{"href":"https:\/\/starlediluminacion.com\/de\/wp-json\/wp\/v3\/product"}],"about":[{"href":"https:\/\/starlediluminacion.com\/de\/wp-json\/wp\/v2\/types\/product"}],"wp:featuredmedia":[{"embeddable":true,"href":"https:\/\/starlediluminacion.com\/de\/wp-json\/wp\/v2\/media\/6730"}],"wp:attachment":[{"href":"https:\/\/starlediluminacion.com\/de\/wp-json\/wp\/v2\/media?parent=6722"}],"wp:term":[{"taxonomy":"product_cat","embeddable":true,"href":"https:\/\/starlediluminacion.com\/de\/wp-json\/wp\/v2\/product_cat?post=6722"},{"taxonomy":"product_tag","embeddable":true,"href":"https:\/\/starlediluminacion.com\/de\/wp-json\/wp\/v2\/product_tag?post=6722"}],"curies":[{"name":"wp","href":"https:\/\/api.w.org\/{rel}","templated":true}]}}