{"id":6710,"date":"2022-08-15T10:32:58","date_gmt":"2022-08-15T10:32:58","guid":{"rendered":"https:\/\/starlediluminacion.com\/?post_type=product&#038;p=6710"},"modified":"2022-08-15T10:32:58","modified_gmt":"2022-08-15T10:32:58","slug":"kit-pegamento-de-silicona-para-tiras-led-conector-funda-tapon-final-10mm-ip65","status":"publish","type":"product","link":"https:\/\/starlediluminacion.com\/de\/product\/kit-silikon-silikonkleber-fur-led-strip-verbinder-hulsen-endkappe-10mm-ip65\/","title":{"rendered":"<p>KIT Silikonklebstoff f\u00fcr LED-Streifen + Stecker + H\u00fclse + Endkappe - 10mm -IP65<\/p>"},"content":{"rendered":"<p>TEILENUMMER: SLKIT42004<div class=\"hidden-xs parrafo\">\n<p><strong>Bausatz f\u00fcr den Anschluss von LED-Streifen an 10-mm-Leiterplatten:&nbsp;<\/strong>Wasserdichter Stromversorgungsanschluss f\u00fcr l\u00f6tfreie, wasserdichte flexible Streifen. Beinhaltet Kabel mit 10cm Stecker, Steckerh\u00fclse, Endkappe und Spezialsilikondose f\u00fcr LED-Streifen. Unser Silikon ist klebend und abdichtend und wurde speziell f\u00fcr die Befestigung von LED-Streifen entwickelt. Unser Silikon ist neutral, enth\u00e4lt keinen Alkohol in seiner Zusammensetzung, ist feuchtigkeitsbest\u00e4ndig und hat eine halbstarre Textur. Es h\u00e4lt Temperaturen von -55\u00baC bis 160\u00baC stand. Best\u00e4ndig gegen Alterung und Witterungseinfl\u00fcsse. Flexibel und langzeitstabil.<\/p>\n<\/div><div id=\"views_block-1\" class=\"clearfix\">\n<div id=\"thumbs_list\">\n<h1>KIT Silikonklebstoff f\u00fcr LED-Streifen + Stecker + H\u00fclse + Endkappe - IP65<\/h1>\n<p>Mit unserem Kit k\u00f6nnen Sie alle Arten von 10mm LED-Streifen mit IP65 verbinden und f\u00fcr den Au\u00dfeneinsatz sch\u00fctzen.<\/p>\n<p>&nbsp;<\/p>\n<p>Der Bausatz f\u00fcr wasserdichte LED-Streifen besteht aus:<\/p>\n<ul>\n<li>Kabel mit 10cm Stecker<\/li>\n<li>Steckerh\u00fclse,<\/li>\n<li>Endkappe.<\/li>\n<li>Spezieller Silikontopf f\u00fcr LED-Streifen.<\/li>\n<\/ul>\n<p>&nbsp;<\/p>\n<p>Unser Silikonkleb- und Dichtstoff ist speziell f\u00fcr die Befestigung von elektronischen Ger\u00e4ten und LED-Streifen konzipiert.<\/p>\n<ul>\n<li>Unser Silikon ist neutral, enth\u00e4lt keinen Alkohol in seiner Zusammensetzung, ist feuchtigkeitsbest\u00e4ndig und hat eine halbstarre Textur.<\/li>\n<li>Temperaturbest\u00e4ndig von -55\u00baC bis 160\u00baC.<\/li>\n<li>Best\u00e4ndigkeit gegen Alterung und Witterungseinfl\u00fcsse.<\/li>\n<li>Flexibel und stabil auf lange Sicht.<\/li>\n<li>Entspricht den RoHS-Umweltanforderungen.<\/li>\n<li>Es kann in der Maschinen-, Elektronik-, Chemie- und Hardwareindustrie eingesetzt werden.<\/li>\n<li>Unser Silikon verursacht keine Korrosion auf dem Kunststoff.<\/li>\n<\/ul>\n<p>Es eignet sich hervorragend f\u00fcr den Einsatz in LED-Streifen, aber auch in der Elektronik, in Kommunikationsger\u00e4ten, als Feuchtigkeitsschutz und zum Schutz der Lackierung von Transistoren und Siliziumdioden und -beschichtungen.<\/p>\n<\/div>\n<h3 class=\"page-product-heading\">TECHNISCHE DATEN<\/h3>\n<div class=\"col-xs-12 col-md-6\">\n<table class=\"table table-data-sheet 1\">\n<tbody>\n<tr class=\"odd\">\n<td valign=\"middle\" width=\"32\"><\/td>\n<td valign=\"middle\">REFERENZEN :<\/td>\n<td valign=\"middle\">SLKIT42004<\/td>\n<\/tr>\n<tr class=\"even\">\n<td valign=\"middle\" width=\"32\"><\/td>\n<td valign=\"middle\">Baumaterial:<\/td>\n<td valign=\"middle\">Silikon<\/td>\n<\/tr>\n<tr class=\"odd\">\n<td valign=\"middle\" width=\"32\"><\/td>\n<td valign=\"middle\">Bescheinigungen:<\/td>\n<td valign=\"middle\">CE - ROHS<\/td>\n<\/tr>\n<\/tbody>\n<\/table>\n<\/div>\n<div class=\"col-xs-12 col-md-6 2\">\n<table class=\"table table-data-sheet 2\">\n<tbody>\n<tr class=\"odd\">\n<td valign=\"middle\" width=\"32\"><\/td>\n<td valign=\"middle\">IP-Bewertung:<\/td>\n<td valign=\"middle\">IP65-Au\u00dfenbereich<\/td>\n<\/tr>\n<tr class=\"even\">\n<td valign=\"middle\" width=\"32\"><\/td>\n<td valign=\"middle\">Gew\u00e4hrleistungsjahre:<\/td>\n<td valign=\"middle\">3<\/td>\n<\/tr>\n<\/tbody>\n<\/table>\n<p>&nbsp;<\/p>\n<\/div>\n<\/div><\/p>","protected":false},"excerpt":{"rendered":"<div class=\"col-md-12\"><i class=\"fa fa-truck\"><\/i>&nbsp;<span class=\"text-muted textprop\">Lieferung innerhalb von 24\/48 Stunden<\/span><div class=\"col-md-12\"><i class=\"fa fa-exchange\"><\/i>&nbsp;<span class=\"text-muted textprop\">Versicherte Garantie<\/span><\/div><div class=\"col-md-12\"><i class=\"fa fa-box\"><\/i>&nbsp;<span class=\"text-muted textprop\">100 Einheit(en) pro Masterbox<\/span><\/div><\/div>","protected":false},"featured_media":6717,"template":"","meta":{"site-sidebar-layout":"default","site-content-layout":"default","ast-global-header-display":"","ast-main-header-display":"","ast-hfb-above-header-display":"","ast-hfb-below-header-display":"","ast-hfb-mobile-header-display":"","site-post-title":"","ast-breadcrumbs-content":"","ast-featured-img":"","footer-sml-layout":"","theme-transparent-header-meta":"default","adv-header-id-meta":"","stick-header-meta":"","header-above-stick-meta":"","header-main-stick-meta":"","header-below-stick-meta":""},"product_cat":[92,45],"product_tag":[],"class_list":["post-6710","product","type-product","status-publish","has-post-thumbnail","hentry","product_cat-accesorios-tiras-led","product_cat-tiras-led-y-neon-flexible"],"_links":{"self":[{"href":"https:\/\/starlediluminacion.com\/de\/wp-json\/wp\/v3\/product\/6710","targetHints":{"allow":["GET"]}}],"collection":[{"href":"https:\/\/starlediluminacion.com\/de\/wp-json\/wp\/v3\/product"}],"about":[{"href":"https:\/\/starlediluminacion.com\/de\/wp-json\/wp\/v2\/types\/product"}],"wp:featuredmedia":[{"embeddable":true,"href":"https:\/\/starlediluminacion.com\/de\/wp-json\/wp\/v2\/media\/6717"}],"wp:attachment":[{"href":"https:\/\/starlediluminacion.com\/de\/wp-json\/wp\/v2\/media?parent=6710"}],"wp:term":[{"taxonomy":"product_cat","embeddable":true,"href":"https:\/\/starlediluminacion.com\/de\/wp-json\/wp\/v2\/product_cat?post=6710"},{"taxonomy":"product_tag","embeddable":true,"href":"https:\/\/starlediluminacion.com\/de\/wp-json\/wp\/v2\/product_tag?post=6710"}],"curies":[{"name":"wp","href":"https:\/\/api.w.org\/{rel}","templated":true}]}}