{"id":6547,"date":"2022-08-14T15:43:34","date_gmt":"2022-08-14T15:43:34","guid":{"rendered":"https:\/\/starlediluminacion.com\/?post_type=product&#038;p=6547"},"modified":"2022-08-14T15:43:34","modified_gmt":"2022-08-14T15:43:34","slug":"kit-filtro-antiparpadeo-led-para-tiras-led-220v","status":"publish","type":"product","link":"https:\/\/starlediluminacion.com\/de\/product\/kit-filter-blinkende-anti-flicker-led-fur-led-strips-220v\/","title":{"rendered":"<p>KIT LED-Flackerfilter KIT f\u00fcr LED-Streifen 220V<\/p>"},"content":{"rendered":"<p>REFERENZ: SLPHLDR90568<p>Diese Vorrichtung beseitigt das Flackern der&nbsp;<strong>LED-Streifen 220v<\/strong>&nbsp;wenn die Ursache auf den Strom zur\u00fcckzuf\u00fchren ist, der durch die Spannungslasten erzeugt wird, die die LED-Leuchten speisen. Das Ger\u00e4t speichert die Spannung und regelt ihren Fluss, um ein Flackern der an die LEDs angeschlossenen Streifen zu vermeiden.&nbsp;<strong>220v.<\/strong><\/p><h1>KIT LED-Flackerschutzfilter f\u00fcr LED-Streifen 220V<\/h1><p>Mit unserem Kit f\u00fcr&nbsp;<strong>LED-Streifen 220v<\/strong>&nbsp;beseitigen Sie das l\u00e4stige Flackern der 220-V-LED-Streifen.<\/p><p>Der Bausatz besteht aus einem Satz elektrischer Kondensatoren, einem passiven Bauelement, das in der Lage ist, Energie zu speichern, indem es ein elektrisches Feld aufrechterh\u00e4lt und eine konstante und korrekte Wellenform an die LED-Leiste liefert und das st\u00f6rende Flackern beseitigt.<\/p><h2>Verwendung des LED-Antiflicker-Filter-KIT f\u00fcr 220V-LED-Streifen<strong>:<\/strong><\/h2><ul>\n<li>Bibliotheken<\/li>\n<li>Bars<\/li>\n<li>Startseite<\/li>\n<li>Restaurants<\/li>\n<li>Gesch\u00e4fte<\/li>\n<\/ul><h3 class=\"page-product-heading\">TECHNISCHE DATEN<\/h3><div class=\"col-xs-12 col-md-6\">\n<table class=\"table table-data-sheet 1\">\n<tbody>\n<tr class=\"odd\">\n<td valign=\"middle\" width=\"32\"><\/td>\n<td valign=\"middle\">REFERENZEN :<\/td>\n<td valign=\"middle\">SLPHLDR90568<\/td>\n<\/tr>\n<tr class=\"even\">\n<td valign=\"middle\" width=\"32\"><\/td>\n<td valign=\"middle\">Nennspannung:<\/td>\n<td valign=\"middle\">220-265v<\/td>\n<\/tr>\n<tr class=\"odd\">\n<td valign=\"middle\" width=\"32\"><\/td>\n<td valign=\"middle\">Baumaterial:<\/td>\n<td valign=\"middle\">Polypropylenfolie + Aluminium + Epoxidharz<\/td>\n<\/tr>\n<tr class=\"even\">\n<td valign=\"middle\" width=\"32\"><\/td>\n<td valign=\"middle\">Bescheinigungen:<\/td>\n<td valign=\"middle\">CE - ROHS<\/td>\n<\/tr>\n<\/tbody>\n<\/table>\n<\/div><div class=\"col-xs-12 col-md-6 2\">\n<table class=\"table table-data-sheet 2\">\n<tbody>\n<tr class=\"odd\">\n<td valign=\"middle\" width=\"32\"><\/td>\n<td valign=\"middle\">Arbeitsfrequenz (Hz):<\/td>\n<td valign=\"middle\">50\/60Hz<\/td>\n<\/tr>\n<tr class=\"even\">\n<td valign=\"middle\" width=\"32\"><\/td>\n<td valign=\"middle\">Temperaturbereich (\u00baC):<\/td>\n<td valign=\"middle\">-20\u00ba + 100\u00ba -20\u00ba + 100\u00ba -20\u00ba + 100\u00ba -20\u00ba + 100\u00ba -20\u00ba + 100\u00ba -20\u00ba + 100\u00ba<\/td>\n<\/tr>\n<tr class=\"odd\">\n<td valign=\"middle\" width=\"32\"><\/td>\n<td valign=\"middle\">Zus\u00e4tzliche Informationen:<\/td>\n<td valign=\"middle\">F\u00fcr LED-Leiste 220V Ref. 2835-120P-S-230V<\/td>\n<\/tr>\n<tr class=\"even\">\n<td valign=\"middle\" width=\"32\"><\/td>\n<td valign=\"middle\">Gew\u00e4hrleistungsjahre:<\/td>\n<td valign=\"middle\">2<\/td>\n<\/tr>\n<\/tbody>\n<\/table>\n<p>&nbsp;<\/p>\n<\/div><\/p>","protected":false},"excerpt":{"rendered":"<div class=\"col-md-12\"><i class=\"fa fa-truck\"><\/i>&nbsp;<span class=\"text-muted textprop\">Lieferung innerhalb von 24\/48 Stunden<\/span><div class=\"col-md-12\"><i class=\"fa fa-exchange\"><\/i>&nbsp;<span class=\"text-muted textprop\">Versicherte Garantie<\/span><\/div><div class=\"col-md-12\"><i class=\"fa fa-box\"><\/i>&nbsp;<span class=\"text-muted textprop\">200 Einheit(en) pro Masterbox<\/span><\/div><\/div>","protected":false},"featured_media":6549,"template":"","meta":{"site-sidebar-layout":"default","site-content-layout":"default","ast-global-header-display":"","ast-main-header-display":"","ast-hfb-above-header-display":"","ast-hfb-below-header-display":"","ast-hfb-mobile-header-display":"","site-post-title":"","ast-breadcrumbs-content":"","ast-featured-img":"","footer-sml-layout":"","theme-transparent-header-meta":"default","adv-header-id-meta":"","stick-header-meta":"","header-above-stick-meta":"","header-main-stick-meta":"","header-below-stick-meta":""},"product_cat":[92,45],"product_tag":[],"class_list":["post-6547","product","type-product","status-publish","has-post-thumbnail","hentry","product_cat-accesorios-tiras-led","product_cat-tiras-led-y-neon-flexible"],"_links":{"self":[{"href":"https:\/\/starlediluminacion.com\/de\/wp-json\/wp\/v3\/product\/6547","targetHints":{"allow":["GET"]}}],"collection":[{"href":"https:\/\/starlediluminacion.com\/de\/wp-json\/wp\/v3\/product"}],"about":[{"href":"https:\/\/starlediluminacion.com\/de\/wp-json\/wp\/v2\/types\/product"}],"wp:featuredmedia":[{"embeddable":true,"href":"https:\/\/starlediluminacion.com\/de\/wp-json\/wp\/v2\/media\/6549"}],"wp:attachment":[{"href":"https:\/\/starlediluminacion.com\/de\/wp-json\/wp\/v2\/media?parent=6547"}],"wp:term":[{"taxonomy":"product_cat","embeddable":true,"href":"https:\/\/starlediluminacion.com\/de\/wp-json\/wp\/v2\/product_cat?post=6547"},{"taxonomy":"product_tag","embeddable":true,"href":"https:\/\/starlediluminacion.com\/de\/wp-json\/wp\/v2\/product_tag?post=6547"}],"curies":[{"name":"wp","href":"https:\/\/api.w.org\/{rel}","templated":true}]}}