{"id":6494,"date":"2022-08-14T14:49:40","date_gmt":"2022-08-14T14:49:40","guid":{"rendered":"https:\/\/starlediluminacion.com\/?post_type=product&#038;p=6494"},"modified":"2022-08-14T15:27:53","modified_gmt":"2022-08-14T15:27:53","slug":"tira-led-24v-240xled-m-5m-smd2835-3000lm-30w-m-cri97-ip20-high-lumens","status":"publish","type":"product","link":"https:\/\/starlediluminacion.com\/de\/product\/tira-led-24v-240xled-m-5m-smd2835-3000lm-30w-m-cri97-ip20-high-lumens\/","title":{"rendered":"<p>LED-Streifen 24V | 240xLED\/m | 5m | SMD2835 | 3000Lm | 30W\/M | CRI97 | IP20| HIGH LUMENS<\/p>"},"content":{"rendered":"<p><label>AKTENZEICHEN: SL90503<\/label><div class=\"hidden-xs parrafo\">\n<p><strong>Rolle von 5 Metern<\/strong>&nbsp;von LED-Streifen 24V,&nbsp;<strong>HOHE HELLIGKEIT, mit hohem CRI97<\/strong>Es ist mit Klebeband f\u00fcr eine einfache Installation ausgestattet. Konzipiert f\u00fcr die Innenmontage. Es ist ratsam, ihn auf einem Aluminiumprofil zu installieren, um eine gute W\u00e4rmeableitung und eine lange Lebensdauer zu erreichen.<strong>&nbsp;Perfekt f\u00fcr die Beleuchtung.<\/strong><\/p>\n<\/div><div id=\"views_block\" class=\"clearfix\">\n<div id=\"thumbs_list\">\n<h1>LED-Streifen 24V | 240xLED\/m | 5m | SMD2835 | 3000Lm | 30W\/M | CRI97 | IP20| HIGH LUMENS<\/h1>\n<p>Diese&nbsp;<strong>LED-Streifen 24V<\/strong>&nbsp;DC&nbsp;<strong>240LED\/m IP20<\/strong>&nbsp;hat eine L\u00e4nge von&nbsp;<strong>5 Meter<\/strong>&nbsp;und enth\u00e4lt 240 hocheffiziente LEDs der SMD2835-Technologie, die in einem Winkel von 120\u00ba verteilt sind.<\/p>\n<p>Unser LED-Streifen ist selbstklebend f\u00fcr eine einfache Installation. Der LED-Streifen ben\u00f6tigt eine Konstantstrom-Gleichstromversorgung (DC), um ihn zu betreiben. Die&nbsp;<strong>LED-Streifen<\/strong>&nbsp;kann sein&nbsp;<strong>regelm\u00e4\u00dfig<\/strong>&nbsp;die Intensit\u00e4t (-<strong>Dimmbar<\/strong>-).<\/p>\n<p>Die LED-Leiste kann an den auf der Leiste angegebenen Stellen (Kupferanschlussbereich) abgeschnitten und zusammengef\u00fcgt werden, wobei die entsprechenden Anweisungen zu beachten sind (achten Sie darauf, dass der L\u00f6tkolben beim L\u00f6ten nur kurz mit der Leiste in Ber\u00fchrung kommt, da eine zu gro\u00dfe Hitze den Leiter besch\u00e4digt).<\/p>\n<p>Es wird empfohlen, dass jede Art von Installation dieser Art 10 Meter nicht \u00fcberschreitet, um Spannungsabf\u00e4lle im Gleichstrom, der die LED-Streifen speist, zu vermeiden, obwohl Sie auch die M\u00f6glichkeit haben, den Streifen an beiden Enden zu speisen, eine empfehlenswertere Option, wenn Sie 20 durchgehende Meter installieren wollen. F\u00fcr die Installation von mehr durchgehenden Metern m\u00fcssen Sie Signalverst\u00e4rker f\u00fcr die LED-Streifen installieren.<\/p>\n<p>Um die Lebensdauer des LED-Streifens zu erh\u00f6hen, ist es&nbsp;<strong>empfohlen<\/strong>&nbsp;verwenden Sie die&nbsp;<strong>K\u00fchlk\u00f6rperband<\/strong>&nbsp;doppelseitig, als auch auf der&nbsp;<strong>Aluminiumprofil<\/strong>f\u00fcr das richtige W\u00e4rmemanagement des LED-Streifens selbst.<\/p>\n<p>Auf unserer Website finden Sie sowohl Signalverst\u00e4rker, als auch K\u00fchlk\u00f6rperband, Klebezubeh\u00f6r, Netzteile, Netzteile f\u00fcr&nbsp;<strong>12-24v,<\/strong>&nbsp;sowie Aluminiumprofile.<\/p>\n<p>LED-Streifen sind dank ihrer Flexibilit\u00e4t ideal f\u00fcr die Beleuchtung jeder Art von Ecke oder Element in Ihrem Gesch\u00e4ft oder Zuhause. Man kann sagen, dass einer ihrer Hauptvorteile die gro\u00dfe Vielseitigkeit der Verwendungsm\u00f6glichkeiten ist, da sie in jedem Bereich installiert werden k\u00f6nnen und sich an jede Ecke anpassen und somit in jeder Position platziert werden k\u00f6nnen, aufgrund ihres anpassungsf\u00e4higen linearen Designs.<\/p>\n<h2>Verwendung von LED-Streifen 24V | 240xLED\/m | 5m | SMD2835 | 3000Lm | 30W\/M | CRI97 | IP20| HIGH LUMENS<\/h2>\n<ul>\n<li>&nbsp;&nbsp;&nbsp; In Bibliotheken<\/li>\n<li>&nbsp;&nbsp;&nbsp; Bars<\/li>\n<li>&nbsp;&nbsp;&nbsp; Startseite<\/li>\n<li>&nbsp;&nbsp;&nbsp; Restaurants<\/li>\n<li>&nbsp;&nbsp;&nbsp; Abdeckungen<\/li>\n<\/ul>\n<h3 class=\"page-product-heading\">TECHNISCHE DATEN<\/h3>\n<div class=\"col-xs-12 col-md-6\">\n<table class=\"table table-data-sheet 1\">\n<tbody>\n<tr class=\"odd\">\n<td valign=\"middle\" width=\"32\"><\/td>\n<td valign=\"middle\">REFERENZEN :<\/td>\n<td valign=\"middle\">SLSR30W<\/td>\n<\/tr>\n<tr class=\"even\">\n<td valign=\"middle\" width=\"32\"><\/td>\n<td valign=\"middle\">Nennleistung :<\/td>\n<td valign=\"middle\">30W<\/td>\n<\/tr>\n<tr class=\"odd\">\n<td valign=\"middle\" width=\"32\"><\/td>\n<td valign=\"middle\">Nennspannung:<\/td>\n<td valign=\"middle\">24V DC<\/td>\n<\/tr>\n<tr class=\"even\">\n<td valign=\"middle\" width=\"32\"><\/td>\n<td valign=\"middle\">Lichttemperatur:<\/td>\n<td valign=\"middle\">2200K - 3000K - 4000K - 6000K<\/td>\n<\/tr>\n<tr class=\"odd\">\n<td valign=\"middle\" width=\"32\"><\/td>\n<td valign=\"middle\">CRI - Farbwiedergabeindex:<\/td>\n<td valign=\"middle\">97<\/td>\n<\/tr>\n<tr class=\"even\">\n<td valign=\"middle\" width=\"32\"><\/td>\n<td valign=\"middle\">Baumaterial:<\/td>\n<td valign=\"middle\">PCB<\/td>\n<\/tr>\n<tr class=\"odd\">\n<td valign=\"middle\" width=\"32\"><\/td>\n<td valign=\"middle\">Leuchtkraft-Lm:<\/td>\n<td valign=\"middle\">1M: 3000Lm - 5M: 15000Lm<\/td>\n<\/tr>\n<tr class=\"even\">\n<td valign=\"middle\" width=\"32\"><\/td>\n<td valign=\"middle\">Art der LEDs:<\/td>\n<td valign=\"middle\">SMD 2835<\/td>\n<\/tr>\n<tr class=\"odd\">\n<td valign=\"middle\" width=\"32\"><\/td>\n<td valign=\"middle\">\u00d6ffnungswinkel (\u00ba):<\/td>\n<td valign=\"middle\">120\u00ba<\/td>\n<\/tr>\n<tr class=\"even\">\n<td valign=\"middle\" width=\"32\"><\/td>\n<td valign=\"middle\">Dimmbar:<\/td>\n<td valign=\"middle\">YES<\/td>\n<\/tr>\n<\/tbody>\n<\/table>\n<\/div>\n<div class=\"col-xs-12 col-md-6 2\">\n<table class=\"table table-data-sheet 2\">\n<tbody>\n<tr class=\"odd\">\n<td valign=\"middle\" width=\"32\"><\/td>\n<td valign=\"middle\">Bescheinigungen:<\/td>\n<td valign=\"middle\">CE - ROHS<\/td>\n<\/tr>\n<tr class=\"even\">\n<td valign=\"middle\" width=\"32\"><\/td>\n<td valign=\"middle\">IP-Bewertung:<\/td>\n<td valign=\"middle\">IP20<\/td>\n<\/tr>\n<tr class=\"odd\">\n<td valign=\"middle\" width=\"32\"><\/td>\n<td valign=\"middle\">Gesch\u00e4tzte Lebensdauer der LED-Diode (H):<\/td>\n<td valign=\"middle\">100.000<\/td>\n<\/tr>\n<tr class=\"even\">\n<td valign=\"middle\" width=\"32\"><\/td>\n<td valign=\"middle\">Abmessungen (mm):<\/td>\n<td valign=\"middle\">5m. x 10mm<\/td>\n<\/tr>\n<tr class=\"odd\">\n<td valign=\"middle\" width=\"32\"><\/td>\n<td valign=\"middle\">Arbeitsfrequenz (Hz):<\/td>\n<td valign=\"middle\">50\/60Hz<\/td>\n<\/tr>\n<tr class=\"even\">\n<td valign=\"middle\" width=\"32\"><\/td>\n<td valign=\"middle\">Temperaturbereich (\u00baC):<\/td>\n<td valign=\"middle\">-20\u00b0C ~ +55\u00b0C<\/td>\n<\/tr>\n<tr class=\"odd\">\n<td valign=\"middle\" width=\"32\"><\/td>\n<td valign=\"middle\">Z\u00fcndungszyklen:<\/td>\n<td valign=\"middle\">100.000<\/td>\n<\/tr>\n<tr class=\"even\">\n<td valign=\"middle\" width=\"32\"><\/td>\n<td valign=\"middle\">Energieklasse (2021-EU-2019\/2015):<\/td>\n<td valign=\"middle\">A+<\/td>\n<\/tr>\n<tr class=\"odd\">\n<td valign=\"middle\" width=\"32\"><\/td>\n<td valign=\"middle\">Gew\u00e4hrleistungsjahre:<\/td>\n<td valign=\"middle\">3<\/td>\n<\/tr>\n<\/tbody>\n<\/table>\n<p>&nbsp;<\/p>\n<\/div>\n<\/div>\n<\/div><\/p>","protected":false},"excerpt":{"rendered":"<div class=\"col-md-12\"><i class=\"fa fa-truck\"><\/i>&nbsp;<span class=\"text-muted textprop\">Lieferung innerhalb von 24\/48 Stunden<\/span><div class=\"col-md-12\"><i class=\"fa fa-exchange\"><\/i>&nbsp;<span class=\"text-muted textprop\">Versicherte Garantie<\/span><\/div><div class=\"col-md-12\"><i class=\"fa fa-box\"><\/i>&nbsp;<span class=\"text-muted textprop\">200 Einheit(en) pro Masterbox<\/span><\/div><div>\n<div class=\"woocommerce-product-details__short-description\">\n<div>\n<div id=\"views_block\" class=\"clearfix\">\n<div id=\"thumbs_list\">\n<p><strong>COLOUR TEMPERATURE:2400K\/3000K\/4000K\/6000K&nbsp;<\/strong><\/p>\n<\/div>\n<\/div>\n<\/div>\n<\/div>\n<\/div><\/div>","protected":false},"featured_media":6500,"template":"","meta":{"site-sidebar-layout":"default","site-content-layout":"default","ast-global-header-display":"","ast-main-header-display":"","ast-hfb-above-header-display":"","ast-hfb-below-header-display":"","ast-hfb-mobile-header-display":"","site-post-title":"","ast-breadcrumbs-content":"","ast-featured-img":"","footer-sml-layout":"","theme-transparent-header-meta":"default","adv-header-id-meta":"","stick-header-meta":"","header-above-stick-meta":"","header-main-stick-meta":"","header-below-stick-meta":""},"product_cat":[89,45],"product_tag":[],"class_list":["post-6494","product","type-product","status-publish","has-post-thumbnail","hentry","product_cat-tiras-led-24v-dc","product_cat-tiras-led-y-neon-flexible"],"yoast_head":"<!-- This site is optimized with the Yoast SEO plugin v27.4 - https:\/\/yoast.com\/product\/yoast-seo-wordpress\/ -->\n<title>Tira LED 24V | 240xLED\/m | 5m | SMD2835 | 3000Lm | 30W\/M | CRI97 | | IP20| HIGH LUMENS - STARLED Iluminacion<\/title>\n<meta name=\"robots\" content=\"index, follow, max-snippet:-1, max-image-preview:large, max-video-preview:-1\" \/>\n<link rel=\"canonical\" href=\"https:\/\/starlediluminacion.com\/de\/product\/tira-led-24v-240xled-m-5m-smd2835-3000lm-30w-m-cri97-ip20-high-lumens\/\" \/>\n<meta property=\"og:locale\" content=\"de_DE\" \/>\n<meta property=\"og:type\" content=\"article\" \/>\n<meta property=\"og:title\" content=\"Tira LED 24V | 240xLED\/m | 5m | SMD2835 | 3000Lm | 30W\/M | CRI97 | | IP20| HIGH LUMENS - STARLED Iluminacion\" \/>\n<meta property=\"og:description\" content=\"\u00a0Entrega en 24\/48 horas \u00a0Garant\u00eda asegurada \u00a0200 unidad(es) por Masterbox       TEMPERATURA DE COLOR:2400K\/3000K\/4000K\/6000K\u00a0\" \/>\n<meta property=\"og:url\" content=\"https:\/\/starlediluminacion.com\/de\/product\/tira-led-24v-240xled-m-5m-smd2835-3000lm-30w-m-cri97-ip20-high-lumens\/\" \/>\n<meta property=\"og:site_name\" content=\"STARLED Iluminacion\" \/>\n<meta property=\"article:modified_time\" content=\"2022-08-14T15:27:53+00:00\" \/>\n<meta property=\"og:image\" content=\"https:\/\/starlediluminacion.com\/wp-content\/uploads\/2022\/08\/tira-led-24v-240xledm-5m-smd2835-3000lm-30wm-cri90-ip20-high-lumens-factorled.jpg\" \/>\n\t<meta property=\"og:image:width\" content=\"1000\" \/>\n\t<meta property=\"og:image:height\" content=\"1000\" \/>\n\t<meta property=\"og:image:type\" content=\"image\/jpeg\" \/>\n<meta name=\"twitter:card\" content=\"summary_large_image\" \/>\n<meta name=\"twitter:label1\" content=\"Gesch\u00e4tzte Lesezeit\" \/>\n\t<meta name=\"twitter:data1\" content=\"3\u00a0Minuten\" \/>\n<script type=\"application\/ld+json\" class=\"yoast-schema-graph\">{\"@context\":\"https:\\\/\\\/schema.org\",\"@graph\":[{\"@type\":\"WebPage\",\"@id\":\"https:\\\/\\\/starlediluminacion.com\\\/en\\\/product\\\/tira-led-24v-240xled-m-5m-smd2835-3000lm-30w-m-cri97-ip20-high-lumens\\\/\",\"url\":\"https:\\\/\\\/starlediluminacion.com\\\/en\\\/product\\\/tira-led-24v-240xled-m-5m-smd2835-3000lm-30w-m-cri97-ip20-high-lumens\\\/\",\"name\":\"Tira LED 24V | 240xLED\\\/m | 5m | SMD2835 | 3000Lm | 30W\\\/M | CRI97 | | IP20| HIGH LUMENS - STARLED Iluminacion\",\"isPartOf\":{\"@id\":\"https:\\\/\\\/starlediluminacion.com\\\/#website\"},\"primaryImageOfPage\":{\"@id\":\"https:\\\/\\\/starlediluminacion.com\\\/en\\\/product\\\/tira-led-24v-240xled-m-5m-smd2835-3000lm-30w-m-cri97-ip20-high-lumens\\\/#primaryimage\"},\"image\":{\"@id\":\"https:\\\/\\\/starlediluminacion.com\\\/en\\\/product\\\/tira-led-24v-240xled-m-5m-smd2835-3000lm-30w-m-cri97-ip20-high-lumens\\\/#primaryimage\"},\"thumbnailUrl\":\"https:\\\/\\\/starlediluminacion.com\\\/wp-content\\\/uploads\\\/2022\\\/08\\\/tira-led-24v-240xledm-5m-smd2835-3000lm-30wm-cri90-ip20-high-lumens-factorled.jpg\",\"datePublished\":\"2022-08-14T14:49:40+00:00\",\"dateModified\":\"2022-08-14T15:27:53+00:00\",\"breadcrumb\":{\"@id\":\"https:\\\/\\\/starlediluminacion.com\\\/en\\\/product\\\/tira-led-24v-240xled-m-5m-smd2835-3000lm-30w-m-cri97-ip20-high-lumens\\\/#breadcrumb\"},\"inLanguage\":\"de\",\"potentialAction\":[{\"@type\":\"ReadAction\",\"target\":[\"https:\\\/\\\/starlediluminacion.com\\\/en\\\/product\\\/tira-led-24v-240xled-m-5m-smd2835-3000lm-30w-m-cri97-ip20-high-lumens\\\/\"]}]},{\"@type\":\"ImageObject\",\"inLanguage\":\"de\",\"@id\":\"https:\\\/\\\/starlediluminacion.com\\\/en\\\/product\\\/tira-led-24v-240xled-m-5m-smd2835-3000lm-30w-m-cri97-ip20-high-lumens\\\/#primaryimage\",\"url\":\"https:\\\/\\\/starlediluminacion.com\\\/wp-content\\\/uploads\\\/2022\\\/08\\\/tira-led-24v-240xledm-5m-smd2835-3000lm-30wm-cri90-ip20-high-lumens-factorled.jpg\",\"contentUrl\":\"https:\\\/\\\/starlediluminacion.com\\\/wp-content\\\/uploads\\\/2022\\\/08\\\/tira-led-24v-240xledm-5m-smd2835-3000lm-30wm-cri90-ip20-high-lumens-factorled.jpg\",\"width\":1000,\"height\":1000},{\"@type\":\"BreadcrumbList\",\"@id\":\"https:\\\/\\\/starlediluminacion.com\\\/en\\\/product\\\/tira-led-24v-240xled-m-5m-smd2835-3000lm-30w-m-cri97-ip20-high-lumens\\\/#breadcrumb\",\"itemListElement\":[{\"@type\":\"ListItem\",\"position\":1,\"name\":\"Portada\",\"item\":\"https:\\\/\\\/starlediluminacion.com\\\/\"},{\"@type\":\"ListItem\",\"position\":2,\"name\":\"Shop\",\"item\":\"https:\\\/\\\/starlediluminacion.com\\\/shop-2\\\/\"},{\"@type\":\"ListItem\",\"position\":3,\"name\":\"Tira LED 24V | 240xLED\\\/m | 5m | SMD2835 | 3000Lm | 30W\\\/M | CRI97 | | IP20| HIGH LUMENS\"}]},{\"@type\":\"WebSite\",\"@id\":\"https:\\\/\\\/starlediluminacion.com\\\/#website\",\"url\":\"https:\\\/\\\/starlediluminacion.com\\\/\",\"name\":\"STARLED Iluminacion\",\"description\":\"\",\"potentialAction\":[{\"@type\":\"SearchAction\",\"target\":{\"@type\":\"EntryPoint\",\"urlTemplate\":\"https:\\\/\\\/starlediluminacion.com\\\/?s={search_term_string}\"},\"query-input\":{\"@type\":\"PropertyValueSpecification\",\"valueRequired\":true,\"valueName\":\"search_term_string\"}}],\"inLanguage\":\"de\"}]}<\/script>\n<!-- \/ Yoast SEO plugin. -->","yoast_head_json":{"title":"Tira LED 24V | 240xLED\/m | 5m | SMD2835 | 3000Lm | 30W\/M | CRI97 | | IP20| HIGH LUMENS - STARLED Iluminacion","robots":{"index":"index","follow":"follow","max-snippet":"max-snippet:-1","max-image-preview":"max-image-preview:large","max-video-preview":"max-video-preview:-1"},"canonical":"https:\/\/starlediluminacion.com\/de\/product\/tira-led-24v-240xled-m-5m-smd2835-3000lm-30w-m-cri97-ip20-high-lumens\/","og_locale":"de_DE","og_type":"article","og_title":"Tira LED 24V | 240xLED\/m | 5m | SMD2835 | 3000Lm | 30W\/M | CRI97 | | IP20| HIGH LUMENS - STARLED Iluminacion","og_description":"\u00a0Entrega en 24\/48 horas \u00a0Garant\u00eda asegurada \u00a0200 unidad(es) por Masterbox       TEMPERATURA DE COLOR:2400K\/3000K\/4000K\/6000K\u00a0","og_url":"https:\/\/starlediluminacion.com\/de\/product\/tira-led-24v-240xled-m-5m-smd2835-3000lm-30w-m-cri97-ip20-high-lumens\/","og_site_name":"STARLED Iluminacion","article_modified_time":"2022-08-14T15:27:53+00:00","og_image":[{"width":1000,"height":1000,"url":"https:\/\/starlediluminacion.com\/wp-content\/uploads\/2022\/08\/tira-led-24v-240xledm-5m-smd2835-3000lm-30wm-cri90-ip20-high-lumens-factorled.jpg","type":"image\/jpeg"}],"twitter_card":"summary_large_image","twitter_misc":{"Gesch\u00e4tzte Lesezeit":"3\u00a0Minuten"},"schema":{"@context":"https:\/\/schema.org","@graph":[{"@type":"WebPage","@id":"https:\/\/starlediluminacion.com\/en\/product\/tira-led-24v-240xled-m-5m-smd2835-3000lm-30w-m-cri97-ip20-high-lumens\/","url":"https:\/\/starlediluminacion.com\/en\/product\/tira-led-24v-240xled-m-5m-smd2835-3000lm-30w-m-cri97-ip20-high-lumens\/","name":"Tira LED 24V | 240xLED\/m | 5m | SMD2835 | 3000Lm | 30W\/M | CRI97 | | IP20| HIGH LUMENS - STARLED Iluminacion","isPartOf":{"@id":"https:\/\/starlediluminacion.com\/#website"},"primaryImageOfPage":{"@id":"https:\/\/starlediluminacion.com\/en\/product\/tira-led-24v-240xled-m-5m-smd2835-3000lm-30w-m-cri97-ip20-high-lumens\/#primaryimage"},"image":{"@id":"https:\/\/starlediluminacion.com\/en\/product\/tira-led-24v-240xled-m-5m-smd2835-3000lm-30w-m-cri97-ip20-high-lumens\/#primaryimage"},"thumbnailUrl":"https:\/\/starlediluminacion.com\/wp-content\/uploads\/2022\/08\/tira-led-24v-240xledm-5m-smd2835-3000lm-30wm-cri90-ip20-high-lumens-factorled.jpg","datePublished":"2022-08-14T14:49:40+00:00","dateModified":"2022-08-14T15:27:53+00:00","breadcrumb":{"@id":"https:\/\/starlediluminacion.com\/en\/product\/tira-led-24v-240xled-m-5m-smd2835-3000lm-30w-m-cri97-ip20-high-lumens\/#breadcrumb"},"inLanguage":"de","potentialAction":[{"@type":"ReadAction","target":["https:\/\/starlediluminacion.com\/en\/product\/tira-led-24v-240xled-m-5m-smd2835-3000lm-30w-m-cri97-ip20-high-lumens\/"]}]},{"@type":"ImageObject","inLanguage":"de","@id":"https:\/\/starlediluminacion.com\/en\/product\/tira-led-24v-240xled-m-5m-smd2835-3000lm-30w-m-cri97-ip20-high-lumens\/#primaryimage","url":"https:\/\/starlediluminacion.com\/wp-content\/uploads\/2022\/08\/tira-led-24v-240xledm-5m-smd2835-3000lm-30wm-cri90-ip20-high-lumens-factorled.jpg","contentUrl":"https:\/\/starlediluminacion.com\/wp-content\/uploads\/2022\/08\/tira-led-24v-240xledm-5m-smd2835-3000lm-30wm-cri90-ip20-high-lumens-factorled.jpg","width":1000,"height":1000},{"@type":"BreadcrumbList","@id":"https:\/\/starlediluminacion.com\/en\/product\/tira-led-24v-240xled-m-5m-smd2835-3000lm-30w-m-cri97-ip20-high-lumens\/#breadcrumb","itemListElement":[{"@type":"ListItem","position":1,"name":"Portada","item":"https:\/\/starlediluminacion.com\/"},{"@type":"ListItem","position":2,"name":"Shop","item":"https:\/\/starlediluminacion.com\/shop-2\/"},{"@type":"ListItem","position":3,"name":"Tira LED 24V | 240xLED\/m | 5m | SMD2835 | 3000Lm | 30W\/M | CRI97 | | IP20| HIGH LUMENS"}]},{"@type":"WebSite","@id":"https:\/\/starlediluminacion.com\/#website","url":"https:\/\/starlediluminacion.com\/","name":"STARLED Iluminacion","description":"","potentialAction":[{"@type":"SearchAction","target":{"@type":"EntryPoint","urlTemplate":"https:\/\/starlediluminacion.com\/?s={search_term_string}"},"query-input":{"@type":"PropertyValueSpecification","valueRequired":true,"valueName":"search_term_string"}}],"inLanguage":"de"}]}},"_links":{"self":[{"href":"https:\/\/starlediluminacion.com\/de\/wp-json\/wp\/v3\/product\/6494","targetHints":{"allow":["GET"]}}],"collection":[{"href":"https:\/\/starlediluminacion.com\/de\/wp-json\/wp\/v3\/product"}],"about":[{"href":"https:\/\/starlediluminacion.com\/de\/wp-json\/wp\/v2\/types\/product"}],"wp:featuredmedia":[{"embeddable":true,"href":"https:\/\/starlediluminacion.com\/de\/wp-json\/wp\/v2\/media\/6500"}],"wp:attachment":[{"href":"https:\/\/starlediluminacion.com\/de\/wp-json\/wp\/v2\/media?parent=6494"}],"wp:term":[{"taxonomy":"product_cat","embeddable":true,"href":"https:\/\/starlediluminacion.com\/de\/wp-json\/wp\/v2\/product_cat?post=6494"},{"taxonomy":"product_tag","embeddable":true,"href":"https:\/\/starlediluminacion.com\/de\/wp-json\/wp\/v2\/product_tag?post=6494"}],"curies":[{"name":"wp","href":"https:\/\/api.w.org\/{rel}","templated":true}]}}