{"id":6492,"date":"2022-08-14T14:45:35","date_gmt":"2022-08-14T14:45:35","guid":{"rendered":"https:\/\/starlediluminacion.com\/?post_type=product&#038;p=6492"},"modified":"2022-08-14T14:45:35","modified_gmt":"2022-08-14T14:45:35","slug":"tira-led-cob-24v-280-led-m-5m-flip-chip-1200lm-12w-m-cri90-ip20","status":"publish","type":"product","link":"https:\/\/starlediluminacion.com\/de\/product\/tira-led-cob-24v-280-led-m-5m-flip-chip-1200lm-12w-m-cri90-ip20\/","title":{"rendered":"<p>24V COB LED-Streifen 24V | 280 LED\/m | 5m | FLIP CHIP | 1200Lm | 12W\/M | CRI90 | IP20<\/p>"},"content":{"rendered":"<div class=\"product-info-line\">\n<p id=\"product_reference\"><label>REFERENZ:<span style=\"font-size: 16px;\"> SL<\/span><span class=\"editable\" style=\"font-size: 16px;\">SP280D12W-90701<\/span><\/label><\/p>\n<p><strong>COB-LED-Streifen<\/strong>&nbsp;von&nbsp;<strong>12W&nbsp;<\/strong>a&nbsp;<strong>24V<\/strong>&nbsp;y&nbsp;<strong>5 Meter<\/strong>&nbsp;mit Klebeband f\u00fcr eine einfache Installation. Konzipiert f\u00fcr die Innenmontage. Perfekt f\u00fcr die Beleuchtung aller Arten von R\u00e4umen. Es erfordert eine Stromversorgung und es ist ratsam, es auf einem Aluminiumprofil f\u00fcr eine gute W\u00e4rmeableitung zu installieren.<\/p>\n<p><strong>280 Leds\/Meter FLIP CHIP hohe Leistung.<\/strong><\/p>\n<h1>24V COB LED-Streifen 24V | 280 LED\/m | 5m | FLIP CHIP | 1200Lm | 12W\/M | CRI90 | IP20<\/h1>\n<p>Unser&nbsp;<strong>COB LED Streifen 24 Volt 12W<\/strong>&nbsp;ist selbstklebend f\u00fcr eine einfache Installation. Der LED-Streifen ben\u00f6tigt eine Konstantstrom-Gleichstromversorgung, um ihn zu betreiben.  Die LED-Streifen k\u00f6nnen dimmbar sein (-<strong>Dimmbare Ger\u00e4te<\/strong>-).<\/p>\n<p>Dieser COB-LED-Streifen hat 280 FLIPCHIP-Chips pro Meter, so dass wir ein gleichm\u00e4\u00dfiges Licht \u00fcber den gesamten Streifen erhalten und au\u00dferdem eine h\u00f6here Lm\/W-Leistung als herk\u00f6mmliche SMD-LEDs haben.<\/p>\n<p>Mit seinem&nbsp;<strong>CRI &gt;90<\/strong>&nbsp;sehen die Farben sehr realistisch aus. Das macht diesen LED-Streifen perfekt f\u00fcr die Beleuchtung von R\u00e4umen, in denen wir die Farben perfekt aussehen lassen wollen.<\/p>\n<p>Die LED-Leiste kann an den auf der Leiste angegebenen Stellen (Kupferanschlussbereich) abgeschnitten und zusammengef\u00fcgt werden, wobei die entsprechenden Anweisungen zu beachten sind (achten Sie darauf, dass der L\u00f6tkolben beim L\u00f6ten nur kurz mit der Leiste in Ber\u00fchrung kommt, da eine zu gro\u00dfe Hitze den Leiter besch\u00e4digt).<\/p>\n<p>Es wird empfohlen, dass jede Art von Installation dieser Art 10 Meter nicht \u00fcberschreitet, um Spannungsabf\u00e4lle im Gleichstrom, der die LED-Streifen speist, zu vermeiden, obwohl Sie auch die M\u00f6glichkeit haben, den Streifen an beiden Enden zu speisen, eine empfehlenswertere Option, wenn Sie 20 durchgehende Meter installieren wollen.  F\u00fcr die Installation von mehr durchgehenden Metern m\u00fcssen Sie Signalverst\u00e4rker f\u00fcr die LED-Leiste installieren.<\/p>\n<p>Um die Lebensdauer des LED-Streifens zu erh\u00f6hen, ist es&nbsp;<strong>empfohlen<\/strong>&nbsp;verwenden Sie die&nbsp;<strong>K\u00fchlk\u00f6rperband<\/strong>&nbsp;doppelseitig, als auch auf der&nbsp;<strong>Aluminiumprofil<\/strong>f\u00fcr das richtige W\u00e4rmemanagement des LED-Streifens selbst.<\/p>\n<p>Auf unserer Website finden Sie Signalverst\u00e4rker, Ableitband, Klebezubeh\u00f6r, 12-24-V-Netzteile sowie Aluminiumprofile.<\/p>\n<p>Die&nbsp;<strong>LED-Streifen<\/strong>&nbsp;sind dank ihrer Flexibilit\u00e4t ideal f\u00fcr die Beleuchtung jeder Art von Ecke oder Element in Ihrem Gesch\u00e4ft oder Haus. Man kann sagen, dass einer ihrer Hauptvorteile die gro\u00dfe Vielseitigkeit ihrer Einsatzm\u00f6glichkeiten ist, da sie in jedem Bereich installiert werden k\u00f6nnen und sich an jede Ecke anpassen und dank ihres anpassungsf\u00e4higen linearen Designs in jeder Position platziert werden k\u00f6nnen.<\/p>\n<p>&nbsp;<\/p>\n<h2 dir=\"ltr\">Verwendung von COB LED-Streifen 24V | 280 LED\/m | 5m | FLIP CHIP | 1200Lm | 12W\/M | CRI90 | IP20:<\/h2>\n<ul>\n<li>In Bibliotheken<\/li>\n<li>Bars<\/li>\n<li>Startseite<\/li>\n<li>Restaurants<\/li>\n<li>Abdeckungen<\/li>\n<li>Gesch\u00e4fte<\/li>\n<\/ul>\n<h3 class=\"page-product-heading\">TECHNISCHE DATEN<\/h3>\n<div class=\"col-xs-12 col-md-6\">\n<table class=\"table table-data-sheet 1\">\n<tbody>\n<tr class=\"odd\">\n<td valign=\"middle\" width=\"32\"><\/td>\n<td valign=\"middle\">REFERENZEN :<\/td>\n<td valign=\"middle\">SLSP280D12W<\/td>\n<\/tr>\n<tr class=\"even\">\n<td valign=\"middle\" width=\"32\"><\/td>\n<td valign=\"middle\">Nennleistung :<\/td>\n<td valign=\"middle\">12w<\/td>\n<\/tr>\n<tr class=\"odd\">\n<td valign=\"middle\" width=\"32\"><\/td>\n<td valign=\"middle\">Nennspannung:<\/td>\n<td valign=\"middle\">24V DC<\/td>\n<\/tr>\n<tr class=\"even\">\n<td valign=\"middle\" width=\"32\"><\/td>\n<td valign=\"middle\">Lichttemperatur:<\/td>\n<td valign=\"middle\">2400K - 2700K - 4000K - 5700K<\/td>\n<\/tr>\n<tr class=\"odd\">\n<td valign=\"middle\" width=\"32\"><\/td>\n<td valign=\"middle\">CRI - Farbwiedergabeindex:<\/td>\n<td valign=\"middle\">90<\/td>\n<\/tr>\n<tr class=\"even\">\n<td valign=\"middle\" width=\"32\"><\/td>\n<td valign=\"middle\">Leuchtkraft-Lm:<\/td>\n<td valign=\"middle\">1 Meter: 100Lm - 5 Meter: 1200Lm<\/td>\n<\/tr>\n<tr class=\"odd\">\n<td valign=\"middle\" width=\"32\"><\/td>\n<td valign=\"middle\">Art der LEDs:<\/td>\n<td valign=\"middle\">COB<\/td>\n<\/tr>\n<tr class=\"even\">\n<td valign=\"middle\" width=\"32\"><\/td>\n<td valign=\"middle\">\u00d6ffnungswinkel (\u00ba):<\/td>\n<td valign=\"middle\">180\u00ba<\/td>\n<\/tr>\n<tr class=\"odd\">\n<td valign=\"middle\" width=\"32\"><\/td>\n<td valign=\"middle\">Effizienz der LED-Diode (Lm\/W):<\/td>\n<td valign=\"middle\">110 Lm\/W<\/td>\n<\/tr>\n<tr class=\"even\">\n<td valign=\"middle\" width=\"32\"><\/td>\n<td valign=\"middle\">Lichtausbeute (Lm\/W):<\/td>\n<td valign=\"middle\">100Lm\/W<\/td>\n<\/tr>\n<\/tbody>\n<\/table>\n<\/div>\n<div class=\"col-xs-12 col-md-6 2\">\n<table class=\"table table-data-sheet 2\">\n<tbody>\n<tr class=\"odd\">\n<td valign=\"middle\" width=\"32\"><\/td>\n<td valign=\"middle\">Dimmbar:<\/td>\n<td valign=\"middle\">YES<\/td>\n<\/tr>\n<tr class=\"even\">\n<td valign=\"middle\" width=\"32\"><\/td>\n<td valign=\"middle\">Bescheinigungen:<\/td>\n<td valign=\"middle\">CE - ROHS<\/td>\n<\/tr>\n<tr class=\"odd\">\n<td valign=\"middle\" width=\"32\"><\/td>\n<td valign=\"middle\">IP-Bewertung:<\/td>\n<td valign=\"middle\">IP20<\/td>\n<\/tr>\n<tr class=\"even\">\n<td valign=\"middle\" width=\"32\"><\/td>\n<td valign=\"middle\">Gesch\u00e4tzte Lebensdauer der LED-Diode (H):<\/td>\n<td valign=\"middle\">100.000<\/td>\n<\/tr>\n<tr class=\"odd\">\n<td valign=\"middle\" width=\"32\"><\/td>\n<td valign=\"middle\">Abmessungen (mm):<\/td>\n<td valign=\"middle\">5m. x 10mm<\/td>\n<\/tr>\n<tr class=\"even\">\n<td valign=\"middle\" width=\"32\"><\/td>\n<td valign=\"middle\">Temperaturbereich (\u00baC):<\/td>\n<td valign=\"middle\">-20\u00b0C ~ +55\u00b0C<\/td>\n<\/tr>\n<tr class=\"odd\">\n<td valign=\"middle\" width=\"32\"><\/td>\n<td valign=\"middle\">Z\u00fcndungszyklen:<\/td>\n<td valign=\"middle\">100.000<\/td>\n<\/tr>\n<tr class=\"even\">\n<td valign=\"middle\" width=\"32\"><\/td>\n<td valign=\"middle\">Energieklasse (2021-EU-2019\/2015):<\/td>\n<td valign=\"middle\">A+<\/td>\n<\/tr>\n<tr class=\"odd\">\n<td valign=\"middle\" width=\"32\"><\/td>\n<td valign=\"middle\">Energieklasse (2023 - EU-2019\/2015):<\/td>\n<td valign=\"middle\">F<\/td>\n<\/tr>\n<tr class=\"even\">\n<td valign=\"middle\" width=\"32\"><\/td>\n<td valign=\"middle\">Gew\u00e4hrleistungsjahre:<\/td>\n<td valign=\"middle\">3<\/td>\n<\/tr>\n<\/tbody>\n<\/table>\n<p>&nbsp;<\/p>\n<\/div>\n<\/div>","protected":false},"excerpt":{"rendered":"<div class=\"col-md-12\"><i class=\"fa fa-truck\"><\/i>&nbsp;<span class=\"text-muted textprop\">Lieferung innerhalb von 24\/48 Stunden<\/span><div class=\"col-md-12\"><i class=\"fa fa-exchange\"><\/i>&nbsp;<span class=\"text-muted textprop\">Versicherte Garantie<\/span><\/div><div class=\"col-md-12\"><i class=\"fa fa-box\"><\/i>&nbsp;<span class=\"text-muted textprop\">20 Einheit(en) pro Masterbox<\/span><\/div><div>\n<div class=\"hidden-xs parrafo\"><\/div>\n<div id=\"views_block\" class=\"clearfix\">\n<div id=\"thumbs_list\">\n<p><strong>COLOUR TEMPERATURE:2400K\/2700K\/4000K\/5700K&nbsp;<\/strong><\/p>\n<\/div>\n<\/div>\n<\/div><\/div>","protected":false},"featured_media":6493,"template":"","meta":{"site-sidebar-layout":"default","site-content-layout":"default","ast-global-header-display":"","ast-main-header-display":"","ast-hfb-above-header-display":"","ast-hfb-below-header-display":"","ast-hfb-mobile-header-display":"","site-post-title":"","ast-breadcrumbs-content":"","ast-featured-img":"","footer-sml-layout":"","theme-transparent-header-meta":"default","adv-header-id-meta":"","stick-header-meta":"","header-above-stick-meta":"","header-main-stick-meta":"","header-below-stick-meta":""},"product_cat":[89,45],"product_tag":[],"class_list":["post-6492","product","type-product","status-publish","has-post-thumbnail","hentry","product_cat-tiras-led-24v-dc","product_cat-tiras-led-y-neon-flexible"],"_links":{"self":[{"href":"https:\/\/starlediluminacion.com\/de\/wp-json\/wp\/v3\/product\/6492","targetHints":{"allow":["GET"]}}],"collection":[{"href":"https:\/\/starlediluminacion.com\/de\/wp-json\/wp\/v3\/product"}],"about":[{"href":"https:\/\/starlediluminacion.com\/de\/wp-json\/wp\/v2\/types\/product"}],"wp:featuredmedia":[{"embeddable":true,"href":"https:\/\/starlediluminacion.com\/de\/wp-json\/wp\/v2\/media\/6493"}],"wp:attachment":[{"href":"https:\/\/starlediluminacion.com\/de\/wp-json\/wp\/v2\/media?parent=6492"}],"wp:term":[{"taxonomy":"product_cat","embeddable":true,"href":"https:\/\/starlediluminacion.com\/de\/wp-json\/wp\/v2\/product_cat?post=6492"},{"taxonomy":"product_tag","embeddable":true,"href":"https:\/\/starlediluminacion.com\/de\/wp-json\/wp\/v2\/product_tag?post=6492"}],"curies":[{"name":"wp","href":"https:\/\/api.w.org\/{rel}","templated":true}]}}