{"id":6470,"date":"2022-08-14T14:35:06","date_gmt":"2022-08-14T14:35:06","guid":{"rendered":"https:\/\/starlediluminacion.com\/?post_type=product&#038;p=6470"},"modified":"2022-08-14T14:35:06","modified_gmt":"2022-08-14T14:35:06","slug":"tira-led-24v-rgb-5m-cob-624-led-m-1650lm-m-18w-m-ip20","status":"publish","type":"product","link":"https:\/\/starlediluminacion.com\/de\/product\/tira-led-24v-rgb-5m-cob-624-led-m-1650lm-m-18w-m-ip20\/","title":{"rendered":"<p>LED-Streifen 24V RGB | 5m | COB | 624 LED\/m | 1650Lm\/m | 18W\/M | IP20<\/p>"},"content":{"rendered":"<p>REFERENZ: SLSP18WRGB-90692<div class=\"hidden-xs parrafo\">\n<p><strong>LED-Streifen<\/strong>&nbsp;<strong>RGB COB 18W pro Meter<\/strong>&nbsp;von Farben zu&nbsp;<strong>24V<\/strong>&nbsp;y&nbsp;<strong>5 Meter<\/strong>&nbsp;mit Klebeband f\u00fcr eine einfache Installation. Konzipiert f\u00fcr die Innenmontage. Perfekt f\u00fcr DEKORATION in allen Arten von R\u00e4umen. Es erfordert eine Stromversorgung und es ist ratsam, es auf einem Aluminiumprofil f\u00fcr eine gute W\u00e4rmeableitung zu installieren.<\/p>\n<\/div><div id=\"views_block\" class=\"clearfix\">\n<div id=\"thumbs_list\">\n<h1>Flexibler RGB-LED-Streifen f\u00fcr den Innenbereich 18W*5m - COB - 24V - IP20<\/h1>\n<p>Diese&nbsp;<strong>LED-Streifen 24V<\/strong>&nbsp;DC&nbsp;<strong>RGB IP20<\/strong>&nbsp;hat eine L\u00e4nge von&nbsp;<strong>5 Meter<\/strong>&nbsp;Das Licht wird durch die hocheffiziente COB-Technologie abgegeben, die nur 18 Watt pro Meter verbraucht. Das helle und farbenfrohe Licht wird in einem Winkel von 120\u00b0 ausgestrahlt.<\/p>\n<p>Unser LED-Streifen ist selbstklebend f\u00fcr eine einfache Installation. Der LED-Streifen ben\u00f6tigt eine Konstantstrom-Gleichstromversorgung (DC), um ihn zu betreiben. Die&nbsp;<strong>LED-Streifen<\/strong>&nbsp;kann sein&nbsp;<strong>regelm\u00e4\u00dfig<\/strong>&nbsp;die Intensit\u00e4t (-<strong>Dimmbar<\/strong>-).<\/p>\n<p>Die LED-Leiste kann an den auf der Leiste angegebenen Stellen (Kupferanschlussbereich) abgeschnitten und zusammengef\u00fcgt werden, wobei die entsprechenden Anweisungen zu beachten sind (achten Sie darauf, dass der L\u00f6tkolben beim L\u00f6ten nur kurz mit der Leiste in Ber\u00fchrung kommt, da eine zu gro\u00dfe Hitze den Leiter besch\u00e4digt).<\/p>\n<p>Es wird empfohlen, dass jede Art von Installation dieser Art 10 Meter nicht \u00fcberschreitet, um Spannungsabf\u00e4lle im Gleichstrom, der die LED-Streifen speist, zu vermeiden, obwohl Sie auch die M\u00f6glichkeit haben, den Streifen an beiden Enden zu speisen, eine empfehlenswertere Option, wenn Sie 20 durchgehende Meter installieren wollen. F\u00fcr die Installation von mehr durchgehenden Metern m\u00fcssen Sie Signalverst\u00e4rker f\u00fcr die LED-Streifen installieren.<\/p>\n<p>Um die Lebensdauer des LED-Streifens zu erh\u00f6hen, ist es&nbsp;<strong>empfohlen<\/strong>&nbsp;verwenden Sie die&nbsp;<strong>K\u00fchlk\u00f6rperband<\/strong>&nbsp;doppelseitig, als auch auf der&nbsp;<strong>Aluminiumprofil<\/strong>f\u00fcr das richtige W\u00e4rmemanagement des LED-Streifens selbst.<\/p>\n<p>Auf unserer Website finden Sie sowohl Signalverst\u00e4rker, als auch K\u00fchlk\u00f6rperband, Klebezubeh\u00f6r, Netzteile, Netzteile f\u00fcr&nbsp;<strong>12-24v,<\/strong>&nbsp;sowie Aluminiumprofile.<\/p>\n<p>LED-Streifen sind dank ihrer Flexibilit\u00e4t ideal f\u00fcr die Beleuchtung jeder Art von Ecke oder Element in Ihrem Gesch\u00e4ft oder Zuhause. Man kann sagen, dass einer ihrer Hauptvorteile die gro\u00dfe Vielseitigkeit der Verwendungsm\u00f6glichkeiten ist, da sie in jedem Bereich installiert werden k\u00f6nnen und sich an jede Ecke anpassen und somit in jeder Position platziert werden k\u00f6nnen, aufgrund ihres anpassungsf\u00e4higen linearen Designs.<\/p>\n<h2>\nVerwendung von LED-Streifen - RGBW- Flexibel Innen 18W*5m - COB - 24V - IP20<\/h2>\n<ul>\n<li>In Bibliotheken<\/li>\n<li>Bars<\/li>\n<li>Startseite<\/li>\n<li>Restaurants<\/li>\n<li>Abdeckungen<\/li>\n<\/ul>\n<h3 class=\"page-product-heading\">TECHNISCHE DATEN<\/h3>\n<div class=\"col-xs-12 col-md-6\">\n<table class=\"table table-data-sheet 1\">\n<tbody>\n<tr class=\"odd\">\n<td valign=\"middle\" width=\"32\"><\/td>\n<td valign=\"middle\">REFERENZEN :<\/td>\n<td valign=\"middle\">SLSP18WRGB-90692<\/td>\n<\/tr>\n<tr class=\"even\">\n<td valign=\"middle\" width=\"32\"><\/td>\n<td valign=\"middle\">Nennleistung :<\/td>\n<td valign=\"middle\">18W<\/td>\n<\/tr>\n<tr class=\"odd\">\n<td valign=\"middle\" width=\"32\"><\/td>\n<td valign=\"middle\">Nennspannung:<\/td>\n<td valign=\"middle\">24V DC<\/td>\n<\/tr>\n<tr class=\"even\">\n<td valign=\"middle\" width=\"32\"><\/td>\n<td valign=\"middle\">Lichttemperatur:<\/td>\n<td valign=\"middle\">RGB<\/td>\n<\/tr>\n<tr class=\"odd\">\n<td valign=\"middle\" width=\"32\"><\/td>\n<td valign=\"middle\">CRI - Farbwiedergabeindex:<\/td>\n<td valign=\"middle\">90<\/td>\n<\/tr>\n<tr class=\"even\">\n<td valign=\"middle\" width=\"32\"><\/td>\n<td valign=\"middle\">Baumaterial:<\/td>\n<td valign=\"middle\">PCB<\/td>\n<\/tr>\n<tr class=\"odd\">\n<td valign=\"middle\" width=\"32\"><\/td>\n<td valign=\"middle\">Leuchtkraft-Lm:<\/td>\n<td valign=\"middle\">1M: 1650Lm - 5M: 8250Lm<\/td>\n<\/tr>\n<tr class=\"even\">\n<td valign=\"middle\" width=\"32\"><\/td>\n<td valign=\"middle\">Art der LEDs:<\/td>\n<td valign=\"middle\">COB<\/td>\n<\/tr>\n<tr class=\"odd\">\n<td valign=\"middle\" width=\"32\"><\/td>\n<td valign=\"middle\">\u00d6ffnungswinkel (\u00ba):<\/td>\n<td valign=\"middle\">120\u00ba<\/td>\n<\/tr>\n<tr class=\"even\">\n<td valign=\"middle\" width=\"32\"><\/td>\n<td valign=\"middle\">Dimmbar:<\/td>\n<td valign=\"middle\">YES<\/td>\n<\/tr>\n<\/tbody>\n<\/table>\n<\/div>\n<div class=\"col-xs-12 col-md-6 2\">\n<table class=\"table table-data-sheet 2\">\n<tbody>\n<tr class=\"odd\">\n<td valign=\"middle\" width=\"32\"><\/td>\n<td valign=\"middle\">Bescheinigungen:<\/td>\n<td valign=\"middle\">CE - ROHS<\/td>\n<\/tr>\n<tr class=\"even\">\n<td valign=\"middle\" width=\"32\"><\/td>\n<td valign=\"middle\">IP-Bewertung:<\/td>\n<td valign=\"middle\">IP20<\/td>\n<\/tr>\n<tr class=\"odd\">\n<td valign=\"middle\" width=\"32\"><\/td>\n<td valign=\"middle\">Gesch\u00e4tzte Lebensdauer der LED-Diode (H):<\/td>\n<td valign=\"middle\">35.000<\/td>\n<\/tr>\n<tr class=\"even\">\n<td valign=\"middle\" width=\"32\"><\/td>\n<td valign=\"middle\">Abmessungen (mm):<\/td>\n<td valign=\"middle\">5m. x 10mm<\/td>\n<\/tr>\n<tr class=\"odd\">\n<td valign=\"middle\" width=\"32\"><\/td>\n<td valign=\"middle\">Arbeitsfrequenz (Hz):<\/td>\n<td valign=\"middle\">50\/60Hz<\/td>\n<\/tr>\n<tr class=\"even\">\n<td valign=\"middle\" width=\"32\"><\/td>\n<td valign=\"middle\">Temperaturbereich (\u00baC):<\/td>\n<td valign=\"middle\">-20\u00b0C ~ +55\u00b0C<\/td>\n<\/tr>\n<tr class=\"odd\">\n<td valign=\"middle\" width=\"32\"><\/td>\n<td valign=\"middle\">Z\u00fcndungszyklen:<\/td>\n<td valign=\"middle\">100.000<\/td>\n<\/tr>\n<tr class=\"even\">\n<td valign=\"middle\" width=\"32\"><\/td>\n<td valign=\"middle\">Energieklasse (2021-EU-2019\/2015):<\/td>\n<td valign=\"middle\">A+<\/td>\n<\/tr>\n<tr class=\"odd\">\n<td valign=\"middle\" width=\"32\"><\/td>\n<td valign=\"middle\">Gew\u00e4hrleistungsjahre:<\/td>\n<td valign=\"middle\">3<\/td>\n<\/tr>\n<\/tbody>\n<\/table>\n<\/div>\n<\/div>\n<\/div><\/p>","protected":false},"excerpt":{"rendered":"<div class=\"col-md-12\"><i class=\"fa fa-truck\"><\/i>&nbsp;<span class=\"text-muted textprop\">Lieferung innerhalb von 24\/48 Stunden<\/span><div class=\"col-md-12\"><i class=\"fa fa-exchange\"><\/i>&nbsp;<span class=\"text-muted textprop\">Versicherte Garantie<\/span><\/div><div class=\"col-md-12\"><i class=\"fa fa-box\"><\/i>&nbsp;<span class=\"text-muted textprop\">20 Einheit(en) pro Masterbox<\/span><\/div><\/div>","protected":false},"featured_media":6471,"template":"","meta":{"site-sidebar-layout":"default","site-content-layout":"default","ast-global-header-display":"","ast-main-header-display":"","ast-hfb-above-header-display":"","ast-hfb-below-header-display":"","ast-hfb-mobile-header-display":"","site-post-title":"","ast-breadcrumbs-content":"","ast-featured-img":"","footer-sml-layout":"","theme-transparent-header-meta":"default","adv-header-id-meta":"","stick-header-meta":"","header-above-stick-meta":"","header-main-stick-meta":"","header-below-stick-meta":""},"product_cat":[89,45],"product_tag":[],"class_list":["post-6470","product","type-product","status-publish","has-post-thumbnail","hentry","product_cat-tiras-led-24v-dc","product_cat-tiras-led-y-neon-flexible"],"yoast_head":"<!-- This site is optimized with the Yoast SEO plugin v27.4 - https:\/\/yoast.com\/product\/yoast-seo-wordpress\/ -->\n<title>Tira LED 24V RGB | 5m | COB | 624 LED\/m | 1650Lm\/m | 18W\/M | IP20 - STARLED Iluminacion<\/title>\n<meta name=\"robots\" content=\"index, follow, max-snippet:-1, max-image-preview:large, max-video-preview:-1\" \/>\n<link rel=\"canonical\" href=\"https:\/\/starlediluminacion.com\/de\/product\/tira-led-24v-rgb-5m-cob-624-led-m-1650lm-m-18w-m-ip20\/\" \/>\n<meta property=\"og:locale\" content=\"de_DE\" \/>\n<meta property=\"og:type\" content=\"article\" \/>\n<meta property=\"og:title\" content=\"Tira LED 24V RGB | 5m | COB | 624 LED\/m | 1650Lm\/m | 18W\/M | IP20 - STARLED Iluminacion\" \/>\n<meta property=\"og:description\" content=\"\u00a0Entrega en 24\/48 horas \u00a0Garant\u00eda asegurada \u00a020 unidad(es) por Masterbox\" \/>\n<meta property=\"og:url\" content=\"https:\/\/starlediluminacion.com\/de\/product\/tira-led-24v-rgb-5m-cob-624-led-m-1650lm-m-18w-m-ip20\/\" \/>\n<meta property=\"og:site_name\" content=\"STARLED Iluminacion\" \/>\n<meta property=\"og:image\" content=\"https:\/\/starlediluminacion.com\/wp-content\/uploads\/2022\/08\/tira-led-24v-120xledm-5m-smd2835-1100lm-12wm-ip20-factorled-1-1.jpg\" \/>\n\t<meta property=\"og:image:width\" content=\"1000\" \/>\n\t<meta property=\"og:image:height\" content=\"1000\" \/>\n\t<meta property=\"og:image:type\" content=\"image\/jpeg\" \/>\n<meta name=\"twitter:card\" content=\"summary_large_image\" \/>\n<meta name=\"twitter:label1\" content=\"Gesch\u00e4tzte Lesezeit\" \/>\n\t<meta name=\"twitter:data1\" content=\"3\u00a0Minuten\" \/>\n<script type=\"application\/ld+json\" class=\"yoast-schema-graph\">{\"@context\":\"https:\\\/\\\/schema.org\",\"@graph\":[{\"@type\":\"WebPage\",\"@id\":\"https:\\\/\\\/starlediluminacion.com\\\/producto\\\/tira-led-24v-rgb-5m-cob-624-led-m-1650lm-m-18w-m-ip20\\\/\",\"url\":\"https:\\\/\\\/starlediluminacion.com\\\/producto\\\/tira-led-24v-rgb-5m-cob-624-led-m-1650lm-m-18w-m-ip20\\\/\",\"name\":\"Tira LED 24V RGB | 5m | COB | 624 LED\\\/m | 1650Lm\\\/m | 18W\\\/M | IP20 - STARLED Iluminacion\",\"isPartOf\":{\"@id\":\"https:\\\/\\\/starlediluminacion.com\\\/#website\"},\"primaryImageOfPage\":{\"@id\":\"https:\\\/\\\/starlediluminacion.com\\\/producto\\\/tira-led-24v-rgb-5m-cob-624-led-m-1650lm-m-18w-m-ip20\\\/#primaryimage\"},\"image\":{\"@id\":\"https:\\\/\\\/starlediluminacion.com\\\/producto\\\/tira-led-24v-rgb-5m-cob-624-led-m-1650lm-m-18w-m-ip20\\\/#primaryimage\"},\"thumbnailUrl\":\"https:\\\/\\\/starlediluminacion.com\\\/wp-content\\\/uploads\\\/2022\\\/08\\\/tira-led-24v-120xledm-5m-smd2835-1100lm-12wm-ip20-factorled-1-1.jpg\",\"datePublished\":\"2022-08-14T14:35:06+00:00\",\"breadcrumb\":{\"@id\":\"https:\\\/\\\/starlediluminacion.com\\\/producto\\\/tira-led-24v-rgb-5m-cob-624-led-m-1650lm-m-18w-m-ip20\\\/#breadcrumb\"},\"inLanguage\":\"de\",\"potentialAction\":[{\"@type\":\"ReadAction\",\"target\":[\"https:\\\/\\\/starlediluminacion.com\\\/producto\\\/tira-led-24v-rgb-5m-cob-624-led-m-1650lm-m-18w-m-ip20\\\/\"]}]},{\"@type\":\"ImageObject\",\"inLanguage\":\"de\",\"@id\":\"https:\\\/\\\/starlediluminacion.com\\\/producto\\\/tira-led-24v-rgb-5m-cob-624-led-m-1650lm-m-18w-m-ip20\\\/#primaryimage\",\"url\":\"https:\\\/\\\/starlediluminacion.com\\\/wp-content\\\/uploads\\\/2022\\\/08\\\/tira-led-24v-120xledm-5m-smd2835-1100lm-12wm-ip20-factorled-1-1.jpg\",\"contentUrl\":\"https:\\\/\\\/starlediluminacion.com\\\/wp-content\\\/uploads\\\/2022\\\/08\\\/tira-led-24v-120xledm-5m-smd2835-1100lm-12wm-ip20-factorled-1-1.jpg\",\"width\":1000,\"height\":1000},{\"@type\":\"BreadcrumbList\",\"@id\":\"https:\\\/\\\/starlediluminacion.com\\\/producto\\\/tira-led-24v-rgb-5m-cob-624-led-m-1650lm-m-18w-m-ip20\\\/#breadcrumb\",\"itemListElement\":[{\"@type\":\"ListItem\",\"position\":1,\"name\":\"Portada\",\"item\":\"https:\\\/\\\/starlediluminacion.com\\\/\"},{\"@type\":\"ListItem\",\"position\":2,\"name\":\"Shop\",\"item\":\"https:\\\/\\\/starlediluminacion.com\\\/shop-2\\\/\"},{\"@type\":\"ListItem\",\"position\":3,\"name\":\"Tira LED 24V RGB | 5m | COB | 624 LED\\\/m | 1650Lm\\\/m | 18W\\\/M | IP20\"}]},{\"@type\":\"WebSite\",\"@id\":\"https:\\\/\\\/starlediluminacion.com\\\/#website\",\"url\":\"https:\\\/\\\/starlediluminacion.com\\\/\",\"name\":\"STARLED Iluminacion\",\"description\":\"\",\"potentialAction\":[{\"@type\":\"SearchAction\",\"target\":{\"@type\":\"EntryPoint\",\"urlTemplate\":\"https:\\\/\\\/starlediluminacion.com\\\/?s={search_term_string}\"},\"query-input\":{\"@type\":\"PropertyValueSpecification\",\"valueRequired\":true,\"valueName\":\"search_term_string\"}}],\"inLanguage\":\"de\"}]}<\/script>\n<!-- \/ Yoast SEO plugin. -->","yoast_head_json":{"title":"Tira LED 24V RGB | 5m | COB | 624 LED\/m | 1650Lm\/m | 18W\/M | IP20 - STARLED Iluminacion","robots":{"index":"index","follow":"follow","max-snippet":"max-snippet:-1","max-image-preview":"max-image-preview:large","max-video-preview":"max-video-preview:-1"},"canonical":"https:\/\/starlediluminacion.com\/de\/product\/tira-led-24v-rgb-5m-cob-624-led-m-1650lm-m-18w-m-ip20\/","og_locale":"de_DE","og_type":"article","og_title":"Tira LED 24V RGB | 5m | COB | 624 LED\/m | 1650Lm\/m | 18W\/M | IP20 - STARLED Iluminacion","og_description":"\u00a0Entrega en 24\/48 horas \u00a0Garant\u00eda asegurada \u00a020 unidad(es) por Masterbox","og_url":"https:\/\/starlediluminacion.com\/de\/product\/tira-led-24v-rgb-5m-cob-624-led-m-1650lm-m-18w-m-ip20\/","og_site_name":"STARLED Iluminacion","og_image":[{"width":1000,"height":1000,"url":"https:\/\/starlediluminacion.com\/wp-content\/uploads\/2022\/08\/tira-led-24v-120xledm-5m-smd2835-1100lm-12wm-ip20-factorled-1-1.jpg","type":"image\/jpeg"}],"twitter_card":"summary_large_image","twitter_misc":{"Gesch\u00e4tzte Lesezeit":"3\u00a0Minuten"},"schema":{"@context":"https:\/\/schema.org","@graph":[{"@type":"WebPage","@id":"https:\/\/starlediluminacion.com\/producto\/tira-led-24v-rgb-5m-cob-624-led-m-1650lm-m-18w-m-ip20\/","url":"https:\/\/starlediluminacion.com\/producto\/tira-led-24v-rgb-5m-cob-624-led-m-1650lm-m-18w-m-ip20\/","name":"Tira LED 24V RGB | 5m | COB | 624 LED\/m | 1650Lm\/m | 18W\/M | IP20 - STARLED Iluminacion","isPartOf":{"@id":"https:\/\/starlediluminacion.com\/#website"},"primaryImageOfPage":{"@id":"https:\/\/starlediluminacion.com\/producto\/tira-led-24v-rgb-5m-cob-624-led-m-1650lm-m-18w-m-ip20\/#primaryimage"},"image":{"@id":"https:\/\/starlediluminacion.com\/producto\/tira-led-24v-rgb-5m-cob-624-led-m-1650lm-m-18w-m-ip20\/#primaryimage"},"thumbnailUrl":"https:\/\/starlediluminacion.com\/wp-content\/uploads\/2022\/08\/tira-led-24v-120xledm-5m-smd2835-1100lm-12wm-ip20-factorled-1-1.jpg","datePublished":"2022-08-14T14:35:06+00:00","breadcrumb":{"@id":"https:\/\/starlediluminacion.com\/producto\/tira-led-24v-rgb-5m-cob-624-led-m-1650lm-m-18w-m-ip20\/#breadcrumb"},"inLanguage":"de","potentialAction":[{"@type":"ReadAction","target":["https:\/\/starlediluminacion.com\/producto\/tira-led-24v-rgb-5m-cob-624-led-m-1650lm-m-18w-m-ip20\/"]}]},{"@type":"ImageObject","inLanguage":"de","@id":"https:\/\/starlediluminacion.com\/producto\/tira-led-24v-rgb-5m-cob-624-led-m-1650lm-m-18w-m-ip20\/#primaryimage","url":"https:\/\/starlediluminacion.com\/wp-content\/uploads\/2022\/08\/tira-led-24v-120xledm-5m-smd2835-1100lm-12wm-ip20-factorled-1-1.jpg","contentUrl":"https:\/\/starlediluminacion.com\/wp-content\/uploads\/2022\/08\/tira-led-24v-120xledm-5m-smd2835-1100lm-12wm-ip20-factorled-1-1.jpg","width":1000,"height":1000},{"@type":"BreadcrumbList","@id":"https:\/\/starlediluminacion.com\/producto\/tira-led-24v-rgb-5m-cob-624-led-m-1650lm-m-18w-m-ip20\/#breadcrumb","itemListElement":[{"@type":"ListItem","position":1,"name":"Portada","item":"https:\/\/starlediluminacion.com\/"},{"@type":"ListItem","position":2,"name":"Shop","item":"https:\/\/starlediluminacion.com\/shop-2\/"},{"@type":"ListItem","position":3,"name":"Tira LED 24V RGB | 5m | COB | 624 LED\/m | 1650Lm\/m | 18W\/M | IP20"}]},{"@type":"WebSite","@id":"https:\/\/starlediluminacion.com\/#website","url":"https:\/\/starlediluminacion.com\/","name":"STARLED Iluminacion","description":"","potentialAction":[{"@type":"SearchAction","target":{"@type":"EntryPoint","urlTemplate":"https:\/\/starlediluminacion.com\/?s={search_term_string}"},"query-input":{"@type":"PropertyValueSpecification","valueRequired":true,"valueName":"search_term_string"}}],"inLanguage":"de"}]}},"_links":{"self":[{"href":"https:\/\/starlediluminacion.com\/de\/wp-json\/wp\/v3\/product\/6470","targetHints":{"allow":["GET"]}}],"collection":[{"href":"https:\/\/starlediluminacion.com\/de\/wp-json\/wp\/v3\/product"}],"about":[{"href":"https:\/\/starlediluminacion.com\/de\/wp-json\/wp\/v2\/types\/product"}],"wp:featuredmedia":[{"embeddable":true,"href":"https:\/\/starlediluminacion.com\/de\/wp-json\/wp\/v2\/media\/6471"}],"wp:attachment":[{"href":"https:\/\/starlediluminacion.com\/de\/wp-json\/wp\/v2\/media?parent=6470"}],"wp:term":[{"taxonomy":"product_cat","embeddable":true,"href":"https:\/\/starlediluminacion.com\/de\/wp-json\/wp\/v2\/product_cat?post=6470"},{"taxonomy":"product_tag","embeddable":true,"href":"https:\/\/starlediluminacion.com\/de\/wp-json\/wp\/v2\/product_tag?post=6470"}],"curies":[{"name":"wp","href":"https:\/\/api.w.org\/{rel}","templated":true}]}}