{"id":6216,"date":"2022-08-14T08:20:17","date_gmt":"2022-08-14T08:20:17","guid":{"rendered":"https:\/\/starlediluminacion.com\/?post_type=product&#038;p=6216"},"modified":"2025-10-18T09:22:49","modified_gmt":"2025-10-18T09:22:49","slug":"baliza-led-50w-wanda-rectangular-2","status":"publish","type":"product","link":"https:\/\/starlediluminacion.com\/de\/product\/poller-led-50w-wanda-rechteckig-2\/","title":{"rendered":"<p>LED-Leuchte 50W Wanda Rechteckig<\/p>"},"content":{"rendered":"<p>referencia: slwnd50w<div class=\"hidden-xs parrafo\">\n<p>die<strong>&nbsp;Leuchtfeuer&nbsp;<\/strong><strong>led 50w&nbsp;<\/strong>dar&aacute; a la ciudad la iluminaci&oacute;n espec&iacute;fica para los espacios urbanos. la luminaria incluye 1 m&oacute;dulos &oacute;pticos&nbsp;de 84 diodos&nbsp;<strong>leds<\/strong>&nbsp;<strong>smd 3030 2d,&nbsp;de  lumileds,&nbsp;<\/strong>seine<strong>&nbsp;<\/strong><strong>\u00d6ffnungswinkel&nbsp;<\/strong>ist<strong>&nbsp;136\u00bax78\u00ba.&nbsp;<\/strong>gracias a su gran disipaci&oacute;n la vida &uacute;til del producto puede ser mucho mayor.&nbsp;la gama de balizas&nbsp;<strong>wanda<\/strong>&nbsp;deckt dank seiner zahlreichen Modelle jede Art von Anforderung ab.<\/p>\n<h1>baliza led 50w wanda rect&aacute;ngular<\/h1>\n<p>la luminaria tipo&nbsp;<strong>wanda&nbsp;<\/strong>enth\u00e4lt ein Modul&nbsp;<strong>gef\u00fchrt<\/strong>&nbsp;<strong>&nbsp;&oacute;ptico 50w de&nbsp; lumileds&nbsp;<\/strong>que sirve para la sustituci&oacute;n de las antiguas bombillas e40 y e27, gracias a su potencia consiguen generar una gran iluminaci&oacute;n en las&nbsp;<strong>Baken&nbsp;<\/strong>Erreichen der&nbsp;<strong>7500 Lumen<\/strong>.<\/p>\n<p>mit&nbsp;<strong>modernes Architekturdesign<\/strong>&nbsp;puede crear ambientes de luz uniformes con los espacios contempor&aacute;neos que las ciudades de primer nivel exigen, adem&aacute;s podr&aacute;s elegir la temperatura de luz correcta seg&uacute;n las necesidades de cada instalaci&oacute;n, tanto blanco neutro (4000k) o blanco fr&iacute;o (5000k). fabricada en&nbsp;<strong>einbrennlackierter Stahl<\/strong>&nbsp;mit Epoxydfarbe, so dass seine Widerstandsf\u00e4higkeit und sein Gewicht ideal f\u00fcr den Transport und die Installation sind, einen gr\u00f6\u00dferen Schutz und eine lange Lebensdauer bieten, die Qualit\u00e4t seiner Materialien machen es zu einem wesentlichen Produkt, um saubere Energie zu erzeugen und in der Zeit verl\u00e4ngert.<\/p>\n<p>destaca por su aspecto sencillo, fino y elegante, adem&aacute;s tiene la opci&oacute;n de ser construida en&nbsp;<strong>color &oacute;xido o met&aacute;lico.<\/strong><\/p>\n<p>encaja en cualquier tipo de proyecto de&nbsp;<strong>Au\u00dfenbeleuchtung<\/strong>wie es ist<strong>&nbsp;<\/strong>f\u00fcgt sich ganz nat\u00fcrlich in jede Art von Stadtlandschaft oder Privatgrundst\u00fcck ein.<\/p>\n<p>gracias a la tecnolog&iacute;a led, puedes llegar&nbsp;<strong>speichern<\/strong>&nbsp;bis zu&nbsp;<strong>80% Leistung<\/strong>, adem&aacute;s de tener una vida &uacute;til mayor comparado con las de hal&oacute;geno. se considera un&nbsp;<strong>Bioprodukt<\/strong>&nbsp;da es aus umweltfreundlichen Materialien hergestellt wird, tragen Sie dazu bei, den Planeten zu sch\u00fctzen.<\/p>\n<p>su protecci&oacute;n&nbsp;<strong>ip67<\/strong>&nbsp;hace que sea apto para su uso en exteriores y tenga una seguridad contra salpicaduras o cualquier tipo de cambio climatol&oacute;gico. viene con una garant&iacute;a de 5 a&ntilde;os.<\/p>\n<h2>usos de la baliza led 50w wanda<\/h2>\n<ul>\n<li>Parks<\/li>\n<li>G\u00e4rten<\/li>\n<li>comunidades<\/li>\n<li>zonas de edificios<\/li>\n<li>Orte<\/li>\n<li>HOCHZEITSH\u00c4LLE<\/li>\n<li>Chalets<\/li>\n<li>l\u00e4ndliche H\u00e4user<\/li>\n<li>Industrielager<\/li>\n<\/ul>\n<h3 class=\"page-product-heading\">technische Details<\/h3>\n<div class=\"col-xs-12 col-md-6\">\n<table class=\"table table-data-sheet 1\">\n<tbody>\n<tr class=\"odd\">\n<td valign=\"middle\" width=\"32\"><\/td>\n<td valign=\"middle\">Hinweis :<\/td>\n<td valign=\"middle\">slwnd50w<\/td>\n<\/tr>\n<tr class=\"even\">\n<td valign=\"middle\" width=\"32\"><\/td>\n<td valign=\"middle\">Nennleistung :<\/td>\n<td valign=\"middle\">50w<\/td>\n<\/tr>\n<tr class=\"odd\">\n<td valign=\"middle\" width=\"32\"><\/td>\n<td valign=\"middle\">Nennspannung:<\/td>\n<td valign=\"middle\">85-265v<\/td>\n<\/tr>\n<tr class=\"even\">\n<td valign=\"middle\" width=\"32\"><\/td>\n<td valign=\"middle\">Lichttemperatur:<\/td>\n<td valign=\"middle\">4000k &ndash; 5000k<\/td>\n<\/tr>\n<tr class=\"odd\">\n<td valign=\"middle\" width=\"32\"><\/td>\n<td valign=\"middle\">cri -index chromatische Wiedergabe:<\/td>\n<td valign=\"middle\">80<\/td>\n<\/tr>\n<tr class=\"even\">\n<td valign=\"middle\" width=\"32\"><\/td>\n<td valign=\"middle\">Baumaterial:<\/td>\n<td valign=\"middle\">stell + aluminium +pmma<\/td>\n<\/tr>\n<tr class=\"odd\">\n<td valign=\"middle\" width=\"32\"><\/td>\n<td valign=\"middle\">Leuchtkraft-lm:<\/td>\n<td valign=\"middle\">7500<\/td>\n<\/tr>\n<tr class=\"even\">\n<td valign=\"middle\" width=\"32\"><\/td>\n<td valign=\"middle\">Art der LEDs:<\/td>\n<td valign=\"middle\">84 diodes  luneox 3030 -2d<\/td>\n<\/tr>\n<tr class=\"odd\">\n<td valign=\"middle\" width=\"32\"><\/td>\n<td valign=\"middle\">\u00d6ffnungswinkel (\u00ba):<\/td>\n<td valign=\"middle\">136\u00d778\u00ba<\/td>\n<\/tr>\n<tr class=\"even\">\n<td valign=\"middle\" width=\"32\"><\/td>\n<td valign=\"middle\">Wirkungsgrad der LED-Diode (lm\/w):<\/td>\n<td valign=\"middle\">186 lm\/w<\/td>\n<\/tr>\n<tr class=\"odd\">\n<td valign=\"middle\" width=\"32\"><\/td>\n<td valign=\"middle\">Lichtausbeute (lm\/w):<\/td>\n<td valign=\"middle\">150 lm\/W<\/td>\n<\/tr>\n<tr class=\"even\">\n<td valign=\"middle\" width=\"32\"><\/td>\n<td valign=\"middle\">Zertifikate:<\/td>\n<td valign=\"middle\">ce - rohs<\/td>\n<\/tr>\n<tr class=\"odd\">\n<td valign=\"middle\" width=\"32\"><\/td>\n<td valign=\"middle\">Grad von ip:<\/td>\n<td valign=\"middle\">ip67-exterior<\/td>\n<\/tr>\n<\/tbody>\n<\/table>\n<\/div>\n<div class=\"col-xs-12 col-md-6 2\">\n<table class=\"table table-data-sheet 2\">\n<tbody>\n<tr class=\"odd\">\n<td valign=\"middle\" width=\"32\"><\/td>\n<td valign=\"middle\">gesch\u00e4tzte Lebensdauer der LED-Diode (h):<\/td>\n<td valign=\"middle\">50.000<\/td>\n<\/tr>\n<tr class=\"even\">\n<td valign=\"middle\" width=\"32\"><\/td>\n<td valign=\"middle\">Abmessungen (mm):<\/td>\n<td valign=\"middle\">h950mm x 140 mm x 80 mm (tube 3mm)<\/td>\n<\/tr>\n<tr class=\"odd\">\n<td valign=\"middle\" width=\"32\"><\/td>\n<td valign=\"middle\">Leistungsfaktor (pf):<\/td>\n<td valign=\"middle\">0.95<\/td>\n<\/tr>\n<tr class=\"even\">\n<td valign=\"middle\" width=\"32\"><\/td>\n<td valign=\"middle\">Arbeitsfrequenz (hz):<\/td>\n<td valign=\"middle\">50\/60hz<\/td>\n<\/tr>\n<tr class=\"odd\">\n<td valign=\"middle\" width=\"32\"><\/td>\n<td valign=\"middle\">Temperaturbereich (\u00baC):<\/td>\n<td valign=\"middle\">-15\u00ba+70\u00ba -15\u00ba+70\u00ba -15\u00ba+70\u00ba -15\u00ba+70\u00ba -15\u00ba+70\u00ba<\/td>\n<\/tr>\n<tr class=\"even\">\n<td valign=\"middle\" width=\"32\"><\/td>\n<td valign=\"middle\">Z\u00fcndzyklen:<\/td>\n<td valign=\"middle\">100.000<\/td>\n<\/tr>\n<tr class=\"odd\">\n<td valign=\"middle\" width=\"32\"><\/td>\n<td valign=\"middle\">Anlaufzeit (s):<\/td>\n<td valign=\"middle\">0,2s<\/td>\n<\/tr>\n<tr class=\"even\">\n<td valign=\"middle\" width=\"32\"><\/td>\n<td valign=\"middle\">zus\u00e4tzliche Informationen:<\/td>\n<td valign=\"middle\">driver: 23-42 vdc 1300ma +-5% &ndash; 10k delivery forecast 15-20 days<\/td>\n<\/tr>\n<tr class=\"odd\">\n<td valign=\"middle\" width=\"32\"><\/td>\n<td valign=\"middle\">Aufprallschutz (IK):<\/td>\n<td valign=\"middle\">ik10<\/td>\n<\/tr>\n<tr class=\"even\">\n<td valign=\"middle\" width=\"32\"><\/td>\n<td valign=\"middle\">Treiber enthalten:<\/td>\n<td valign=\"middle\">si<\/td>\n<\/tr>\n<tr class=\"odd\">\n<td valign=\"middle\" width=\"32\"><\/td>\n<td valign=\"middle\">Energieklasse (2021-EU-2019\/2015):<\/td>\n<td valign=\"middle\">a++<\/td>\n<\/tr>\n<tr class=\"even\">\n<td valign=\"middle\" width=\"32\"><\/td>\n<td valign=\"middle\">Garantiejahre:<\/td>\n<td valign=\"middle\">5<\/td>\n<\/tr>\n<\/tbody>\n<\/table>\n<\/div>\n<\/div><\/p>","protected":false},"excerpt":{"rendered":"<div class=\"woocommerce-product-details__short-description\">\n<div class=\"col-md-12\"><i class=\"fa fa-truck\"><\/i>&nbsp;<span class=\"text-muted textprop\">Lieferung innerhalb von 24\/48 Stunden<\/span><\/div>\n<div class=\"col-md-12\"><i class=\"fa fa-exchange\"><\/i>&nbsp;<span class=\"text-muted textprop\">Versicherte Garantie<\/span><\/div>\n<div class=\"col-md-12\"><i class=\"fa fa-box\"><\/i>&nbsp;<span class=\"text-muted textprop\">1 Einheit(en) pro Masterbox<\/span><\/div>\n<div><strong>FARBTEMPERATUR: 4000K\/5000K<\/strong><\/div>\n<\/div>","protected":false},"featured_media":0,"template":"","meta":{"site-sidebar-layout":"default","site-content-layout":"default","ast-global-header-display":"","ast-main-header-display":"","ast-hfb-above-header-display":"","ast-hfb-below-header-display":"","ast-hfb-mobile-header-display":"","site-post-title":"","ast-breadcrumbs-content":"","ast-featured-img":"","footer-sml-layout":"","theme-transparent-header-meta":"default","adv-header-id-meta":"","stick-header-meta":"","header-above-stick-meta":"","header-main-stick-meta":"","header-below-stick-meta":""},"product_cat":[103,38],"product_tag":[],"class_list":["post-6216","product","type-product","status-publish","hentry","product_cat-balizas-led","product_cat-senalizacion-y-emergencias-led"],"_links":{"self":[{"href":"https:\/\/starlediluminacion.com\/de\/wp-json\/wp\/v3\/product\/6216","targetHints":{"allow":["GET"]}}],"collection":[{"href":"https:\/\/starlediluminacion.com\/de\/wp-json\/wp\/v3\/product"}],"about":[{"href":"https:\/\/starlediluminacion.com\/de\/wp-json\/wp\/v2\/types\/product"}],"wp:attachment":[{"href":"https:\/\/starlediluminacion.com\/de\/wp-json\/wp\/v2\/media?parent=6216"}],"wp:term":[{"taxonomy":"product_cat","embeddable":true,"href":"https:\/\/starlediluminacion.com\/de\/wp-json\/wp\/v2\/product_cat?post=6216"},{"taxonomy":"product_tag","embeddable":true,"href":"https:\/\/starlediluminacion.com\/de\/wp-json\/wp\/v2\/product_tag?post=6216"}],"curies":[{"name":"wp","href":"https:\/\/api.w.org\/{rel}","templated":true}]}}