{"id":6188,"date":"2022-08-13T17:59:20","date_gmt":"2022-08-13T17:59:20","guid":{"rendered":"https:\/\/starlediluminacion.com\/?post_type=product&#038;p=6188"},"modified":"2025-10-18T09:21:57","modified_gmt":"2025-10-18T09:21:57","slug":"proyector-led-400w-magnum-air-180lm-w-136ox78o","status":"publish","type":"product","link":"https:\/\/starlediluminacion.com\/de\/product\/proyector-led-400w-magnum-air-180lm-w-136ox78o\/","title":{"rendered":"<p>Proyector LED 400W MAGNUM AIR 180Lm\/W 136&ordm;x78&ordm;<\/p>"},"content":{"rendered":"<div class=\"product-info-line\">\n<p id=\"product_reference\"><label>referencia: slmagnum400w136<br>\n<\/label><\/p>\n<p>der Schwerpunkt<strong>&nbsp;Projektor<\/strong>&nbsp;<strong>led 400w magnum air<\/strong>&nbsp;ist eine Mischung aus gro\u00dfer Macht und gro\u00dfer<strong>&nbsp;Leichtigkeit&nbsp;<\/strong>wird hergestellt<strong>&nbsp;100%<\/strong>&nbsp;unter&nbsp;<strong>Aluminium 6063<\/strong>&nbsp;(einschlie\u00dflich der Halterung), ist einbrennlackiert, um Salzoxidation zu verhindern, und sehr kompakt, um gro\u00dfe St\u00fctzstangen zu vermeiden.&nbsp;<strong>Winkel von 136\u00bax78\u00ba,<\/strong>&nbsp;f\u00fcr eine breite Ausleuchtung.<\/p>\n<h1>proyector led 400w magnum air aluminio<\/h1>\n<h1>136\u00bax78\u00ba.<\/h1>\n<p>die Spezifikationen dieses Typs von&nbsp;<strong>proyector de 400w&nbsp;<\/strong>Das neue Modell ist ein Scheinwerfer, der jede Art von Raum effektiv beleuchten kann.&nbsp;<strong>Magnum-Luft&nbsp;<\/strong>&nbsp;zeichnet sich durch seinen Chiptyp aus&nbsp;<strong> leuchtet<\/strong>&nbsp;die mit einer hohen Wattleistung einen hohen Farbfluss erzielt, bietet die Effizienz und Zuverl\u00e4ssigkeit, die von jeder Art von Innen- oder Au\u00dfenbeleuchtung verlangt wird.<\/p>\n<p>esta dise&ntilde;ado para&nbsp;obtener una gran iluminaci&oacute;n creando ambientes perfectos especialmente para, distancias cortas y grandes espacios, gracias a su&nbsp;<strong>136\u00ba x 78\u00ba Winkel<\/strong>Damit wird ein Wirkungsgrad von&nbsp;<strong>180lm\/W Diode<\/strong>&nbsp;und einer Lichtleistung von&nbsp;<strong>150lm\/w<\/strong>die alle Bed\u00fcrfnisse der Endnutzer abdecken.<\/p>\n<p>seine Herstellung wurde mit&nbsp;<strong>100%&nbsp;<\/strong>unter<strong>&nbsp;Aluminium<\/strong>Das Produkt ist daher sehr robust, sowohl was das Geh\u00e4use als auch was die Griffe betrifft.&nbsp;<strong>sehr leicht<\/strong>&nbsp;f\u00fcr einen einfachen Transport und Einbau. Dar\u00fcber hinaus ist die Lackierung&nbsp;<strong>Korrosionsschutz<\/strong>Die LED-Technologie und die neuesten Entwicklungen auf dem Markt sorgen f\u00fcr eine lange Lebensdauer und reduzieren alle Arten von Oxidation.&nbsp;<strong>Einsparungen<\/strong>&nbsp;von bis zu 80% bei seinem Verbrauch von&nbsp;<strong>Energie<\/strong>.<\/p>\n<h2><strong>Anwendungen des&nbsp;<\/strong>led-flutlicht 400w magnum air<\/h2>\n<ul>\n<li>G\u00e4rten<\/li>\n<li>Parks<\/li>\n<li>Orte<\/li>\n<li>Kreisverkehre<\/li>\n<li>Museen<\/li>\n<li>Stra\u00dfen<\/li>\n<li>Galerien<\/li>\n<li>R\u00e4ume f\u00fcr Veranstaltungen<\/li>\n<\/ul>\n<p>Dieser Projektor hat eine&nbsp;<strong>5 Jahre Garantie.<\/strong><\/p>\n<h3 class=\"page-product-heading\">technische Details<\/h3><div class=\"col-xs-12 col-md-6\">\n<table class=\"table table-data-sheet 1\">\n<tbody>\n<tr class=\"odd\">\n<td valign=\"middle\" width=\"32\"><\/td>\n<td valign=\"middle\">Hinweis :<\/td>\n<td valign=\"middle\">slmagnum400w136<\/td>\n<\/tr>\n<tr class=\"even\">\n<td valign=\"middle\" width=\"32\"><\/td>\n<td valign=\"middle\">Nennleistung :<\/td>\n<td valign=\"middle\">400w<\/td>\n<\/tr>\n<tr class=\"odd\">\n<td valign=\"middle\" width=\"32\"><\/td>\n<td valign=\"middle\">Nennspannung:<\/td>\n<td valign=\"middle\">100v-277v<\/td>\n<\/tr>\n<tr class=\"even\">\n<td valign=\"middle\" width=\"32\"><\/td>\n<td valign=\"middle\">Lichttemperatur:<\/td>\n<td valign=\"middle\">4000k -5000k<\/td>\n<\/tr>\n<tr class=\"odd\">\n<td valign=\"middle\" width=\"32\"><\/td>\n<td valign=\"middle\">cri -index chromatische Wiedergabe:<\/td>\n<td valign=\"middle\">70<\/td>\n<\/tr>\n<tr class=\"even\">\n<td valign=\"middle\" width=\"32\"><\/td>\n<td valign=\"middle\">Baumaterial:<\/td>\n<td valign=\"middle\">Aluminium +pmma<\/td>\n<\/tr>\n<tr class=\"odd\">\n<td valign=\"middle\" width=\"32\"><\/td>\n<td valign=\"middle\">Leuchtkraft-lm:<\/td>\n<td valign=\"middle\">60.000 lm<\/td>\n<\/tr>\n<tr class=\"even\">\n<td valign=\"middle\" width=\"32\"><\/td>\n<td valign=\"middle\">Art der LEDs:<\/td>\n<td valign=\"middle\">84 dioden smd 3030 lumileds chip 3d (3 corel)<\/td>\n<\/tr>\n<tr class=\"odd\">\n<td valign=\"middle\" width=\"32\"><\/td>\n<td valign=\"middle\">\u00d6ffnungswinkel (\u00ba):<\/td>\n<td valign=\"middle\">136\u00bax78\u00ba.<\/td>\n<\/tr>\n<tr class=\"even\">\n<td valign=\"middle\" width=\"32\"><\/td>\n<td valign=\"middle\">Wirkungsgrad der LED-Diode (lm\/w):<\/td>\n<td valign=\"middle\">180lm\/w<\/td>\n<\/tr>\n<tr class=\"odd\">\n<td valign=\"middle\" width=\"32\"><\/td>\n<td valign=\"middle\">Lichtausbeute (lm\/w):<\/td>\n<td valign=\"middle\">150 lm\/W<\/td>\n<\/tr>\n<tr class=\"even\">\n<td valign=\"middle\" width=\"32\"><\/td>\n<td valign=\"middle\">Zertifikate:<\/td>\n<td valign=\"middle\">ce - rohs<\/td>\n<\/tr>\n<tr class=\"odd\">\n<td valign=\"middle\" width=\"32\"><\/td>\n<td valign=\"middle\">Grad von ip:<\/td>\n<td valign=\"middle\">ip65-au\u00dfen<\/td>\n<\/tr>\n<\/tbody>\n<\/table>\n<\/div><div class=\"col-xs-12 col-md-6 2\">\n<table class=\"table table-data-sheet 2\">\n<tbody>\n<tr class=\"odd\">\n<td valign=\"middle\" width=\"32\"><\/td>\n<td valign=\"middle\">gesch\u00e4tzte Lebensdauer der LED-Diode (h):<\/td>\n<td valign=\"middle\">50.000<\/td>\n<\/tr>\n<tr class=\"even\">\n<td valign=\"middle\" width=\"32\"><\/td>\n<td valign=\"middle\">Abmessungen (mm):<\/td>\n<td valign=\"middle\">610x315x80mm<\/td>\n<\/tr>\n<tr class=\"odd\">\n<td valign=\"middle\" width=\"32\"><\/td>\n<td valign=\"middle\">Leistungsfaktor (pf):<\/td>\n<td valign=\"middle\">0,94<\/td>\n<\/tr>\n<tr class=\"even\">\n<td valign=\"middle\" width=\"32\"><\/td>\n<td valign=\"middle\">Arbeitsfrequenz (hz):<\/td>\n<td valign=\"middle\">50\/60hz<\/td>\n<\/tr>\n<tr class=\"odd\">\n<td valign=\"middle\" width=\"32\"><\/td>\n<td valign=\"middle\">Temperaturbereich (\u00baC):<\/td>\n<td valign=\"middle\">-20\u00b0c ~ +55\u00b0c<\/td>\n<\/tr>\n<tr class=\"even\">\n<td valign=\"middle\" width=\"32\"><\/td>\n<td valign=\"middle\">Z\u00fcndzyklen:<\/td>\n<td valign=\"middle\">100.000<\/td>\n<\/tr>\n<tr class=\"odd\">\n<td valign=\"middle\" width=\"32\"><\/td>\n<td valign=\"middle\">Anlaufzeit (s):<\/td>\n<td valign=\"middle\">0,2s<\/td>\n<\/tr>\n<tr class=\"even\">\n<td valign=\"middle\" width=\"32\"><\/td>\n<td valign=\"middle\">zus\u00e4tzliche Informationen:<\/td>\n<td valign=\"middle\">dieses Produkt wird unmontiert geliefert<\/td>\n<\/tr>\n<tr class=\"odd\">\n<td valign=\"middle\" width=\"32\"><\/td>\n<td valign=\"middle\">Aufprallschutz (IK):<\/td>\n<td valign=\"middle\">ik10<\/td>\n<\/tr>\n<tr class=\"even\">\n<td valign=\"middle\" width=\"32\"><\/td>\n<td valign=\"middle\">Treiber enthalten:<\/td>\n<td valign=\"middle\"> xitanium 5 Jahre<\/td>\n<\/tr>\n<tr class=\"odd\">\n<td valign=\"middle\" width=\"32\"><\/td>\n<td valign=\"middle\">Energieklasse (2021-EU-2019\/2015):<\/td>\n<td valign=\"middle\">a++<\/td>\n<\/tr>\n<tr class=\"even\">\n<td valign=\"middle\" width=\"32\"><\/td>\n<td valign=\"middle\">Garantiejahre:<\/td>\n<td valign=\"middle\">5<\/td>\n<\/tr>\n<\/tbody>\n<\/table>\n<p>&nbsp;<\/p>\n<\/div><\/div>","protected":false},"excerpt":{"rendered":"<div class=\"col-md-12\"><i class=\"fa fa-truck\"><\/i>&nbsp;<span class=\"text-muted textprop\">Lieferung innerhalb von 24\/48 Stunden<\/span><div class=\"col-md-12\"><i class=\"fa fa-exchange\"><\/i>&nbsp;<span class=\"text-muted textprop\">Versicherte Garantie<\/span><\/div><div class=\"col-md-12\"><i class=\"fa fa-box\"><\/i>&nbsp;<span class=\"text-muted textprop\">1 Einheit(en) pro Masterbox<\/span><\/div><div><strong>FARBTEMPERATUR: 4000K\/5000K<\/strong><\/div><\/div>","protected":false},"featured_media":0,"template":"","meta":{"site-sidebar-layout":"default","site-content-layout":"default","ast-global-header-display":"","ast-main-header-display":"","ast-hfb-above-header-display":"","ast-hfb-below-header-display":"","ast-hfb-mobile-header-display":"","site-post-title":"","ast-breadcrumbs-content":"","ast-featured-img":"","footer-sml-layout":"","theme-transparent-header-meta":"default","adv-header-id-meta":"","stick-header-meta":"","header-above-stick-meta":"","header-main-stick-meta":"","header-below-stick-meta":""},"product_cat":[84,28],"product_tag":[],"class_list":["post-6188","product","type-product","status-publish","hentry","product_cat-foco-proyector-serie-diy-magnum","product_cat-proyectores-led-exterior-y-jardin"],"yoast_head":"<!-- This site is optimized with the Yoast SEO plugin v27.4 - https:\/\/yoast.com\/product\/yoast-seo-wordpress\/ -->\n<title>Proyector LED 400W MAGNUM AIR 180Lm\/W 136\u00bax78\u00ba - STARLED Iluminacion<\/title>\n<meta name=\"robots\" content=\"index, follow, max-snippet:-1, max-image-preview:large, max-video-preview:-1\" \/>\n<link rel=\"canonical\" href=\"https:\/\/starlediluminacion.com\/de\/product\/proyector-led-400w-magnum-air-180lm-w-136ox78o\/\" \/>\n<meta property=\"og:locale\" content=\"de_DE\" \/>\n<meta property=\"og:type\" content=\"article\" \/>\n<meta property=\"og:title\" content=\"Proyector LED 400W MAGNUM AIR 180Lm\/W 136\u00bax78\u00ba - STARLED Iluminacion\" \/>\n<meta property=\"og:description\" content=\"\u00a0Entrega en 24\/48 horas \u00a0Garant\u00eda asegurada \u00a01 unidad(es) por Masterbox TEMPERATURA DE COLOR: 4000K\/5000K\" \/>\n<meta property=\"og:url\" content=\"https:\/\/starlediluminacion.com\/de\/product\/proyector-led-400w-magnum-air-180lm-w-136ox78o\/\" \/>\n<meta property=\"og:site_name\" content=\"STARLED Iluminacion\" \/>\n<meta property=\"article:modified_time\" content=\"2025-10-18T09:21:57+00:00\" \/>\n<meta name=\"twitter:card\" content=\"summary_large_image\" \/>\n<meta name=\"twitter:label1\" content=\"Gesch\u00e4tzte Lesezeit\" \/>\n\t<meta name=\"twitter:data1\" content=\"2\u00a0Minuten\" \/>\n<script type=\"application\/ld+json\" class=\"yoast-schema-graph\">{\"@context\":\"https:\\\/\\\/schema.org\",\"@graph\":[{\"@type\":\"WebPage\",\"@id\":\"https:\\\/\\\/starlediluminacion.com\\\/fr\\\/product\\\/proyector-led-400w-magnum-air-180lm-w-136ox78o\\\/\",\"url\":\"https:\\\/\\\/starlediluminacion.com\\\/fr\\\/product\\\/proyector-led-400w-magnum-air-180lm-w-136ox78o\\\/\",\"name\":\"Proyector LED 400W MAGNUM AIR 180Lm\\\/W 136\u00bax78\u00ba - STARLED Iluminacion\",\"isPartOf\":{\"@id\":\"https:\\\/\\\/starlediluminacion.com\\\/#website\"},\"datePublished\":\"2022-08-13T17:59:20+00:00\",\"dateModified\":\"2025-10-18T09:21:57+00:00\",\"breadcrumb\":{\"@id\":\"https:\\\/\\\/starlediluminacion.com\\\/fr\\\/product\\\/proyector-led-400w-magnum-air-180lm-w-136ox78o\\\/#breadcrumb\"},\"inLanguage\":\"de\",\"potentialAction\":[{\"@type\":\"ReadAction\",\"target\":[\"https:\\\/\\\/starlediluminacion.com\\\/fr\\\/product\\\/proyector-led-400w-magnum-air-180lm-w-136ox78o\\\/\"]}]},{\"@type\":\"BreadcrumbList\",\"@id\":\"https:\\\/\\\/starlediluminacion.com\\\/fr\\\/product\\\/proyector-led-400w-magnum-air-180lm-w-136ox78o\\\/#breadcrumb\",\"itemListElement\":[{\"@type\":\"ListItem\",\"position\":1,\"name\":\"Portada\",\"item\":\"https:\\\/\\\/starlediluminacion.com\\\/\"},{\"@type\":\"ListItem\",\"position\":2,\"name\":\"Shop\",\"item\":\"https:\\\/\\\/starlediluminacion.com\\\/shop-2\\\/\"},{\"@type\":\"ListItem\",\"position\":3,\"name\":\"Proyector LED 400W MAGNUM AIR 180Lm\\\/W 136\u00bax78\u00ba\"}]},{\"@type\":\"WebSite\",\"@id\":\"https:\\\/\\\/starlediluminacion.com\\\/#website\",\"url\":\"https:\\\/\\\/starlediluminacion.com\\\/\",\"name\":\"STARLED Iluminacion\",\"description\":\"\",\"potentialAction\":[{\"@type\":\"SearchAction\",\"target\":{\"@type\":\"EntryPoint\",\"urlTemplate\":\"https:\\\/\\\/starlediluminacion.com\\\/?s={search_term_string}\"},\"query-input\":{\"@type\":\"PropertyValueSpecification\",\"valueRequired\":true,\"valueName\":\"search_term_string\"}}],\"inLanguage\":\"de\"}]}<\/script>\n<!-- \/ Yoast SEO plugin. -->","yoast_head_json":{"title":"Proyector LED 400W MAGNUM AIR 180Lm\/W 136\u00bax78\u00ba - STARLED Iluminacion","robots":{"index":"index","follow":"follow","max-snippet":"max-snippet:-1","max-image-preview":"max-image-preview:large","max-video-preview":"max-video-preview:-1"},"canonical":"https:\/\/starlediluminacion.com\/de\/product\/proyector-led-400w-magnum-air-180lm-w-136ox78o\/","og_locale":"de_DE","og_type":"article","og_title":"Proyector LED 400W MAGNUM AIR 180Lm\/W 136\u00bax78\u00ba - STARLED Iluminacion","og_description":"\u00a0Entrega en 24\/48 horas \u00a0Garant\u00eda asegurada \u00a01 unidad(es) por Masterbox TEMPERATURA DE COLOR: 4000K\/5000K","og_url":"https:\/\/starlediluminacion.com\/de\/product\/proyector-led-400w-magnum-air-180lm-w-136ox78o\/","og_site_name":"STARLED Iluminacion","article_modified_time":"2025-10-18T09:21:57+00:00","twitter_card":"summary_large_image","twitter_misc":{"Gesch\u00e4tzte Lesezeit":"2\u00a0Minuten"},"schema":{"@context":"https:\/\/schema.org","@graph":[{"@type":"WebPage","@id":"https:\/\/starlediluminacion.com\/fr\/product\/proyector-led-400w-magnum-air-180lm-w-136ox78o\/","url":"https:\/\/starlediluminacion.com\/fr\/product\/proyector-led-400w-magnum-air-180lm-w-136ox78o\/","name":"Proyector LED 400W MAGNUM AIR 180Lm\/W 136\u00bax78\u00ba - STARLED Iluminacion","isPartOf":{"@id":"https:\/\/starlediluminacion.com\/#website"},"datePublished":"2022-08-13T17:59:20+00:00","dateModified":"2025-10-18T09:21:57+00:00","breadcrumb":{"@id":"https:\/\/starlediluminacion.com\/fr\/product\/proyector-led-400w-magnum-air-180lm-w-136ox78o\/#breadcrumb"},"inLanguage":"de","potentialAction":[{"@type":"ReadAction","target":["https:\/\/starlediluminacion.com\/fr\/product\/proyector-led-400w-magnum-air-180lm-w-136ox78o\/"]}]},{"@type":"BreadcrumbList","@id":"https:\/\/starlediluminacion.com\/fr\/product\/proyector-led-400w-magnum-air-180lm-w-136ox78o\/#breadcrumb","itemListElement":[{"@type":"ListItem","position":1,"name":"Portada","item":"https:\/\/starlediluminacion.com\/"},{"@type":"ListItem","position":2,"name":"Shop","item":"https:\/\/starlediluminacion.com\/shop-2\/"},{"@type":"ListItem","position":3,"name":"Proyector LED 400W MAGNUM AIR 180Lm\/W 136\u00bax78\u00ba"}]},{"@type":"WebSite","@id":"https:\/\/starlediluminacion.com\/#website","url":"https:\/\/starlediluminacion.com\/","name":"STARLED Iluminacion","description":"","potentialAction":[{"@type":"SearchAction","target":{"@type":"EntryPoint","urlTemplate":"https:\/\/starlediluminacion.com\/?s={search_term_string}"},"query-input":{"@type":"PropertyValueSpecification","valueRequired":true,"valueName":"search_term_string"}}],"inLanguage":"de"}]}},"_links":{"self":[{"href":"https:\/\/starlediluminacion.com\/de\/wp-json\/wp\/v3\/product\/6188","targetHints":{"allow":["GET"]}}],"collection":[{"href":"https:\/\/starlediluminacion.com\/de\/wp-json\/wp\/v3\/product"}],"about":[{"href":"https:\/\/starlediluminacion.com\/de\/wp-json\/wp\/v2\/types\/product"}],"wp:attachment":[{"href":"https:\/\/starlediluminacion.com\/de\/wp-json\/wp\/v2\/media?parent=6188"}],"wp:term":[{"taxonomy":"product_cat","embeddable":true,"href":"https:\/\/starlediluminacion.com\/de\/wp-json\/wp\/v2\/product_cat?post=6188"},{"taxonomy":"product_tag","embeddable":true,"href":"https:\/\/starlediluminacion.com\/de\/wp-json\/wp\/v2\/product_tag?post=6188"}],"curies":[{"name":"wp","href":"https:\/\/api.w.org\/{rel}","templated":true}]}}