{"id":6103,"date":"2022-08-12T20:48:33","date_gmt":"2022-08-12T20:48:33","guid":{"rendered":"https:\/\/starlediluminacion.com\/?post_type=product&#038;p=6103"},"modified":"2022-08-12T20:48:33","modified_gmt":"2022-08-12T20:48:33","slug":"foco-proyector-exterior-led-50w-evolution-ip65-osram-chip-140lm-w","status":"publish","type":"product","link":"https:\/\/starlediluminacion.com\/de\/product\/spotlight-projektor-ausen-led-50w-evolution-ip65-osram-chip-140lm-w\/","title":{"rendered":"<p>50W EVOLUTION IP65 Osram Chip 140Lm\/W LED-Flutlicht f\u00fcr den Au\u00dfenbereich LED 50W EVOLUTION IP65 Osram Chip 140Lm\/W<\/p>"},"content":{"rendered":"<p><label>REFERENZ: SLFP50EVO<\/label><p><strong>50W EVOLUTION LED-Strahler Osram Chip.<\/strong>&nbsp;Ihr avantgardistisches Design macht sie besonders geeignet f\u00fcr Architektur-, Werbe- und Dekorationsbeleuchtung. Reduziert den Wattverbrauch und damit die Stromrechnung. Sofortiges Ein- und Ausschalten mit Schutz&nbsp;<strong>IP65<\/strong>&nbsp;und ist somit f\u00fcr den Innen- und Au\u00dfenbereich geeignet.<\/p><h1>50W EVOLUTION IP65 Au\u00dfenstrahler 50W EVOLUTION Osram Chip<\/h1><p>Die<strong>&nbsp;EVOLUTION LED-Flutlicht 50W Osram Chip holophotes&nbsp;<\/strong>eignet sich hervorragend f\u00fcr Architektur-, Werbe- und Dekorationsbeleuchtung. Dank seiner&nbsp;<strong>120\u00ba-Winkel<\/strong>&nbsp;erm\u00f6glicht eine gleichm\u00e4\u00dfige Verteilung des Lichts dort, wo es ben\u00f6tigt wird.<strong>&nbsp;reichlich Beleuchtung.&nbsp;<\/strong>Dank der schwarzen Geh\u00e4usefarbe k\u00f6nnen Sie Ihre R\u00e4ume auf exklusive Weise gestalten und eine elegante und moderne Atmosph\u00e4re schaffen.<\/p><p>Dar\u00fcber hinaus ist der Strahler f\u00fcr den Einsatz in verschiedenen R\u00e4umen konzipiert, weshalb er \u00fcber ein&nbsp;<strong>IP65<\/strong>&nbsp;so dass sie sowohl im Bereich der&nbsp;<strong>au\u00dferhalb&nbsp;<\/strong>ab dem<strong>&nbsp;im Inland; &nbsp;&nbsp;<\/strong>wo eine hohe Lichtqualit\u00e4t erforderlich ist und zus\u00e4tzlich&nbsp;<strong>die Stromrechnung zu senken.<\/strong><\/p><p>Sie haben 3 Produktfarboptionen Farbtemperaturen, warmes Wei\u00df (<strong>3000K<\/strong>) neutral wei\u00df (<strong>4000k<\/strong>) und kaltes Wei\u00df (<strong>6000k<\/strong>).<\/p><p>Es ist hergestellt aus&nbsp;<strong>Aluminium<\/strong>&nbsp;y&nbsp;<strong>Glas<\/strong>&nbsp;Die hohe Widerstandsf\u00e4higkeit des Produkts erh\u00f6ht die Lebensdauer des Produkts, so dass es l\u00e4nger funktioniert und seine maximale Leistung erbringen kann.<\/p><p>&nbsp;<\/p><h2>50W EVOLUTION IP65 Osram Chip LED-Flutlicht f\u00fcr den Au\u00dfenbereich 50W EVOLUTION IP65 Osram Chip Anwendungen<\/h2><ul>\n<li>G\u00e4rten<\/li>\n<li>Parks<\/li>\n<li>Orte<\/li>\n<li>Kreisverkehre<\/li>\n<li>Museen<\/li>\n<li>Wege<\/li>\n<li>Galerien<\/li>\n<\/ul><h3 class=\"page-product-heading\">TECHNISCHE DATEN<\/h3><div class=\"col-xs-12 col-md-6\">\n<table class=\"table table-data-sheet 1\">\n<tbody>\n<tr class=\"odd\">\n<td valign=\"middle\" width=\"32\"><\/td>\n<td valign=\"middle\">REFERENZEN :<\/td>\n<td valign=\"middle\">SLFP50EVO<\/td>\n<\/tr>\n<tr class=\"even\">\n<td valign=\"middle\" width=\"32\"><\/td>\n<td valign=\"middle\">Nennleistung :<\/td>\n<td valign=\"middle\">50w<\/td>\n<\/tr>\n<tr class=\"odd\">\n<td valign=\"middle\" width=\"32\"><\/td>\n<td valign=\"middle\">Nennspannung:<\/td>\n<td valign=\"middle\">180-265V<\/td>\n<\/tr>\n<tr class=\"even\">\n<td valign=\"middle\" width=\"32\"><\/td>\n<td valign=\"middle\">Lichttemperatur:<\/td>\n<td valign=\"middle\">3000K - 4000K - 6000K<\/td>\n<\/tr>\n<tr class=\"odd\">\n<td valign=\"middle\" width=\"32\"><\/td>\n<td valign=\"middle\">CRI - Farbwiedergabeindex:<\/td>\n<td valign=\"middle\">80<\/td>\n<\/tr>\n<tr class=\"even\">\n<td valign=\"middle\" width=\"32\"><\/td>\n<td valign=\"middle\">Baumaterial:<\/td>\n<td valign=\"middle\">Aluminium + Glas<\/td>\n<\/tr>\n<tr class=\"odd\">\n<td valign=\"middle\" width=\"32\"><\/td>\n<td valign=\"middle\">Leuchtkraft-Lm:<\/td>\n<td valign=\"middle\">7000<\/td>\n<\/tr>\n<tr class=\"even\">\n<td valign=\"middle\" width=\"32\"><\/td>\n<td valign=\"middle\">Art der LEDs:<\/td>\n<td valign=\"middle\">SMD 2835 OSRAM CHIP<\/td>\n<\/tr>\n<tr class=\"odd\">\n<td valign=\"middle\" width=\"32\"><\/td>\n<td valign=\"middle\">\u00d6ffnungswinkel (\u00ba):<\/td>\n<td valign=\"middle\">103\u00ba<\/td>\n<\/tr>\n<tr class=\"even\">\n<td valign=\"middle\" width=\"32\"><\/td>\n<td valign=\"middle\">Effizienz der LED-Diode (Lm\/W):<\/td>\n<td valign=\"middle\">150Lm\/W<\/td>\n<\/tr>\n<tr class=\"odd\">\n<td valign=\"middle\" width=\"32\"><\/td>\n<td valign=\"middle\">Lichtausbeute (Lm\/W):<\/td>\n<td valign=\"middle\">140Lm\/W<\/td>\n<\/tr>\n<tr class=\"even\">\n<td valign=\"middle\" width=\"32\"><\/td>\n<td valign=\"middle\">Bescheinigungen:<\/td>\n<td valign=\"middle\">CE - ROHS<\/td>\n<\/tr>\n<\/tbody>\n<\/table>\n<\/div><div class=\"col-xs-12 col-md-6 2\">\n<table class=\"table table-data-sheet 2\">\n<tbody>\n<tr class=\"odd\">\n<td valign=\"middle\" width=\"32\"><\/td>\n<td valign=\"middle\">IP-Bewertung:<\/td>\n<td valign=\"middle\">IP65-Au\u00dfenbereich<\/td>\n<\/tr>\n<tr class=\"even\">\n<td valign=\"middle\" width=\"32\"><\/td>\n<td valign=\"middle\">Gesch\u00e4tzte Lebensdauer der LED-Diode (H):<\/td>\n<td valign=\"middle\">35.000<\/td>\n<\/tr>\n<tr class=\"odd\">\n<td valign=\"middle\" width=\"32\"><\/td>\n<td valign=\"middle\">Abmessungen (mm):<\/td>\n<td valign=\"middle\">240x200x45 mm<\/td>\n<\/tr>\n<tr class=\"even\">\n<td valign=\"middle\" width=\"32\"><\/td>\n<td valign=\"middle\">Leistungsfaktor (PF):<\/td>\n<td valign=\"middle\">0.95<\/td>\n<\/tr>\n<tr class=\"odd\">\n<td valign=\"middle\" width=\"32\"><\/td>\n<td valign=\"middle\">Arbeitsfrequenz (Hz):<\/td>\n<td valign=\"middle\">50\/60Hz<\/td>\n<\/tr>\n<tr class=\"even\">\n<td valign=\"middle\" width=\"32\"><\/td>\n<td valign=\"middle\">Temperaturbereich (\u00baC):<\/td>\n<td valign=\"middle\">-20\u00b0C ~ +55\u00b0C<\/td>\n<\/tr>\n<tr class=\"odd\">\n<td valign=\"middle\" width=\"32\"><\/td>\n<td valign=\"middle\">Z\u00fcndungszyklen:<\/td>\n<td valign=\"middle\">100.000<\/td>\n<\/tr>\n<tr class=\"even\">\n<td valign=\"middle\" width=\"32\"><\/td>\n<td valign=\"middle\">Einschaltzeit (s):<\/td>\n<td valign=\"middle\">0,2s<\/td>\n<\/tr>\n<tr class=\"odd\">\n<td valign=\"middle\" width=\"32\"><\/td>\n<td valign=\"middle\">Zus\u00e4tzliche Informationen:<\/td>\n<td valign=\"middle\">HOHE LEUCHTKRAFT<\/td>\n<\/tr>\n<tr class=\"even\">\n<td valign=\"middle\" width=\"32\"><\/td>\n<td valign=\"middle\">Energieklasse (2021-EU-2019\/2015):<\/td>\n<td valign=\"middle\">A+<\/td>\n<\/tr>\n<tr class=\"odd\">\n<td valign=\"middle\" width=\"32\"><\/td>\n<td valign=\"middle\">Gew\u00e4hrleistungsjahre:<\/td>\n<td valign=\"middle\">5<\/td>\n<\/tr>\n<\/tbody>\n<\/table>\n<p>&nbsp;<\/p>\n<\/div><\/p>","protected":false},"excerpt":{"rendered":"<div class=\"col-md-12\"><i class=\"fa fa-truck\"><\/i>&nbsp;<span class=\"text-muted textprop\">Lieferung innerhalb von 24\/48 Stunden<\/span><div class=\"col-md-12\"><i class=\"fa fa-exchange\"><\/i>&nbsp;<span class=\"text-muted textprop\">Versicherte Garantie<\/span><\/div><div class=\"col-md-12\"><i class=\"fa fa-box\"><\/i>&nbsp;<span class=\"text-muted textprop\">20 Einheit(en) pro Masterbox<\/span><\/div><div><strong>FARBTEMPERATUR: 3000K\/4000K\/6000K<\/strong><\/div><\/div>","protected":false},"featured_media":6105,"template":"","meta":{"site-sidebar-layout":"default","site-content-layout":"default","ast-global-header-display":"","ast-main-header-display":"","ast-hfb-above-header-display":"","ast-hfb-below-header-display":"","ast-hfb-mobile-header-display":"","site-post-title":"","ast-breadcrumbs-content":"","ast-featured-img":"","footer-sml-layout":"","theme-transparent-header-meta":"default","adv-header-id-meta":"","stick-header-meta":"","header-above-stick-meta":"","header-main-stick-meta":"","header-below-stick-meta":""},"product_cat":[82,28],"product_tag":[],"class_list":["post-6103","product","type-product","status-publish","has-post-thumbnail","hentry","product_cat-foco-proyector-serie-evolution","product_cat-proyectores-led-exterior-y-jardin"],"_links":{"self":[{"href":"https:\/\/starlediluminacion.com\/de\/wp-json\/wp\/v3\/product\/6103","targetHints":{"allow":["GET"]}}],"collection":[{"href":"https:\/\/starlediluminacion.com\/de\/wp-json\/wp\/v3\/product"}],"about":[{"href":"https:\/\/starlediluminacion.com\/de\/wp-json\/wp\/v2\/types\/product"}],"wp:featuredmedia":[{"embeddable":true,"href":"https:\/\/starlediluminacion.com\/de\/wp-json\/wp\/v2\/media\/6105"}],"wp:attachment":[{"href":"https:\/\/starlediluminacion.com\/de\/wp-json\/wp\/v2\/media?parent=6103"}],"wp:term":[{"taxonomy":"product_cat","embeddable":true,"href":"https:\/\/starlediluminacion.com\/de\/wp-json\/wp\/v2\/product_cat?post=6103"},{"taxonomy":"product_tag","embeddable":true,"href":"https:\/\/starlediluminacion.com\/de\/wp-json\/wp\/v2\/product_tag?post=6103"}],"curies":[{"name":"wp","href":"https:\/\/api.w.org\/{rel}","templated":true}]}}