{"id":6009,"date":"2022-08-12T19:37:01","date_gmt":"2022-08-12T19:37:01","guid":{"rendered":"https:\/\/starlediluminacion.com\/?post_type=product&#038;p=6009"},"modified":"2022-08-12T19:37:01","modified_gmt":"2022-08-12T19:37:01","slug":"foco-proyector-led-50w-new-evolution-osram-chip-con-sensor-movimiento-pir","status":"publish","type":"product","link":"https:\/\/starlediluminacion.com\/de\/product\/spotlight-projektor-led-50w-neue-evolution-osram-chip-mit-bewegungssensor-pir\/","title":{"rendered":"<p>50W LED-Flutlicht NEW EVOLUTION OSRAM Chip mit PIR-Bewegungssensor<\/p>"},"content":{"rendered":"<p>TEILENUMMER: SLFLOSRS50W-PIR-90561<p dir=\"ltr\">Diese&nbsp;<strong>50W LED-Flutlicht mit Bewegungssensor NEW EVOLUTION OSRAM CHIP,<\/strong>&nbsp;ist ein technologischer Durchbruch in Sachen Hocheffizienz.<\/p><p dir=\"ltr\">Schaltet sich automatisch ein, wenn er eine Bewegung erkennt, hat einen Schutz&nbsp;<strong>IP44<\/strong>&nbsp;Regenfest und rostfrei. Selbst bei Schnee oder Regen enth\u00e4lt er einen D\u00e4mmerungssensor und eine Zeitschaltuhr.<\/p><h1>50W LED-Flutlicht mit Bewegungssensor NEW EVOLUTION OSRAM CHIP<\/h1><p>Es ist aus Aluminium gefertigt&nbsp;<strong>GRAU<\/strong>&nbsp;-RAL9006- und hochwertigem Glas und wird mit Hilfe einer Halterung installiert, die es erm\u00f6glicht, die&nbsp;<strong>Fokus<\/strong>&nbsp;von&nbsp;<strong>50W<\/strong>&nbsp;in verschiedenen Positionen.<\/p><p>Dank seiner&nbsp;<strong>Bewegungsmelder<\/strong>&nbsp;ist f\u00e4hig zu&nbsp;<strong>das Vorhandensein von<\/strong>&nbsp;die Nutzung zu optimieren und Energie zu sparen, ist seine Funktionsweise&nbsp;<strong>Kontrolle<\/strong>&nbsp;ist f\u00fcr&nbsp;<strong>Infrarot<\/strong>.<\/p><p>Die leistungsstarke Lichtquelle ist mehr als ausreichend, um Leuchten zu ersetzen, sogar Industrieleuchten, und spart bis zu 80% an Strom.<\/p><p>Sie zeichnet sich durch ihre Effizienz, ihren hohen CRI, ihren hohen Leistungsfaktor und ihre Robustheit aus. Sie hat eine hohe&nbsp;<strong>IP44<\/strong>&nbsp;und mit IK06-Aufprallschutz.<\/p><p>Dank ihres hohen Chromatic Rendering Index (CRI) +80 bietet sie eine sehr hohe Lichtqualit\u00e4t, selbst bei Installationen in 5 oder 6 Metern H\u00f6he.<\/p><p>Aufgrund seiner Zuverl\u00e4ssigkeit, Leistung und Langlebigkeit kann es in allen Arten von Innen- und Au\u00dfeninstallationen eingesetzt werden.<\/p><p>Genie\u00dfen Sie in unserem Online-Shop FactorLED Beleuchtung von h\u00f6chster Qualit\u00e4t, zum besten Preis f\u00fcr dieses Produkt und mit f\u00fcnf Jahren Garantie.<\/p><p>&nbsp;<\/p><h2><strong>Anwendungen des 50W LED-Flutlichts NEW EVOLUTION OSRAM Chip mit PIR-Bewegungssensor<\/strong><\/h2><ul>\n<li>G\u00e4rten<\/li>\n<li>Parks<\/li>\n<li>Orte<\/li>\n<li>Kreisverkehre<\/li>\n<li>Museen<\/li>\n<li>Wege<\/li>\n<li>Galerien<\/li>\n<\/ul><h3 class=\"page-product-heading\">TECHNISCHE DATEN<\/h3><div class=\"col-xs-12 col-md-6\">\n<table class=\"table table-data-sheet 1\">\n<tbody>\n<tr class=\"odd\">\n<td valign=\"middle\" width=\"32\"><\/td>\n<td valign=\"middle\">REFERENZEN :<\/td>\n<td valign=\"middle\">SLFLOSRS50W-PIR<\/td>\n<\/tr>\n<tr class=\"even\">\n<td valign=\"middle\" width=\"32\"><\/td>\n<td valign=\"middle\">Nennleistung :<\/td>\n<td valign=\"middle\">50w<\/td>\n<\/tr>\n<tr class=\"odd\">\n<td valign=\"middle\" width=\"32\"><\/td>\n<td valign=\"middle\">Nennspannung:<\/td>\n<td valign=\"middle\">175-265V<\/td>\n<\/tr>\n<tr class=\"even\">\n<td valign=\"middle\" width=\"32\"><\/td>\n<td valign=\"middle\">Lichttemperatur:<\/td>\n<td valign=\"middle\">4000K-6000K<\/td>\n<\/tr>\n<tr class=\"odd\">\n<td valign=\"middle\" width=\"32\"><\/td>\n<td valign=\"middle\">CRI - Farbwiedergabeindex:<\/td>\n<td valign=\"middle\">80<\/td>\n<\/tr>\n<tr class=\"even\">\n<td valign=\"middle\" width=\"32\"><\/td>\n<td valign=\"middle\">Baumaterial:<\/td>\n<td valign=\"middle\">Aluminium + Glas<\/td>\n<\/tr>\n<tr class=\"odd\">\n<td valign=\"middle\" width=\"32\"><\/td>\n<td valign=\"middle\">Leuchtkraft-Lm:<\/td>\n<td valign=\"middle\">6500Lm<\/td>\n<\/tr>\n<tr class=\"even\">\n<td valign=\"middle\" width=\"32\"><\/td>\n<td valign=\"middle\">Art der LEDs:<\/td>\n<td valign=\"middle\">SMD 2835 OSRAM CHIP<\/td>\n<\/tr>\n<tr class=\"odd\">\n<td valign=\"middle\" width=\"32\"><\/td>\n<td valign=\"middle\">\u00d6ffnungswinkel (\u00ba):<\/td>\n<td valign=\"middle\">110\u00ba<\/td>\n<\/tr>\n<tr class=\"even\">\n<td valign=\"middle\" width=\"32\"><\/td>\n<td valign=\"middle\">Effizienz der LED-Diode (Lm\/W):<\/td>\n<td valign=\"middle\">150Lm\/W<\/td>\n<\/tr>\n<tr class=\"odd\">\n<td valign=\"middle\" width=\"32\"><\/td>\n<td valign=\"middle\">Lichtausbeute (Lm\/W):<\/td>\n<td valign=\"middle\">150 Lm\/W<\/td>\n<\/tr>\n<tr class=\"even\">\n<td valign=\"middle\" width=\"32\"><\/td>\n<td valign=\"middle\">Bescheinigungen:<\/td>\n<td valign=\"middle\">CE - ROHS<\/td>\n<\/tr>\n<tr class=\"odd\">\n<td valign=\"middle\" width=\"32\"><\/td>\n<td valign=\"middle\">IP-Bewertung:<\/td>\n<td valign=\"middle\">IP65 - IP44 Detektor<\/td>\n<\/tr>\n<\/tbody>\n<\/table>\n<\/div><div class=\"col-xs-12 col-md-6 2\">\n<table class=\"table table-data-sheet 2\">\n<tbody>\n<tr class=\"odd\">\n<td valign=\"middle\" width=\"32\"><\/td>\n<td valign=\"middle\">Gesch\u00e4tzte Lebensdauer der LED-Diode (H):<\/td>\n<td valign=\"middle\">30.000<\/td>\n<\/tr>\n<tr class=\"even\">\n<td valign=\"middle\" width=\"32\"><\/td>\n<td valign=\"middle\">Abmessungen (mm):<\/td>\n<td valign=\"middle\">155x59x235<\/td>\n<\/tr>\n<tr class=\"odd\">\n<td valign=\"middle\" width=\"32\"><\/td>\n<td valign=\"middle\">Leistungsfaktor (PF):<\/td>\n<td valign=\"middle\">0.9<\/td>\n<\/tr>\n<tr class=\"even\">\n<td valign=\"middle\" width=\"32\"><\/td>\n<td valign=\"middle\">Temperaturbereich (\u00baC):<\/td>\n<td valign=\"middle\">-20\u00b0C ~ +55\u00b0C<\/td>\n<\/tr>\n<tr class=\"odd\">\n<td valign=\"middle\" width=\"32\"><\/td>\n<td valign=\"middle\">Z\u00fcndungszyklen:<\/td>\n<td valign=\"middle\">100.000<\/td>\n<\/tr>\n<tr class=\"even\">\n<td valign=\"middle\" width=\"32\"><\/td>\n<td valign=\"middle\">Kontrollmodi:<\/td>\n<td valign=\"middle\">INFRARED<\/td>\n<\/tr>\n<tr class=\"odd\">\n<td valign=\"middle\" width=\"32\"><\/td>\n<td valign=\"middle\">Aufprallschutz (IK):<\/td>\n<td valign=\"middle\">IK06<\/td>\n<\/tr>\n<tr class=\"even\">\n<td valign=\"middle\" width=\"32\"><\/td>\n<td valign=\"middle\">Energieklasse (2021-EU-2019\/2015):<\/td>\n<td valign=\"middle\">A+<\/td>\n<\/tr>\n<tr class=\"odd\">\n<td valign=\"middle\" width=\"32\"><\/td>\n<td valign=\"middle\">Energieklasse (2023 - EU-2019\/2015):<\/td>\n<td valign=\"middle\">E<\/td>\n<\/tr>\n<tr class=\"even\">\n<td valign=\"middle\" width=\"32\"><\/td>\n<td valign=\"middle\">Gew\u00e4hrleistungsjahre:<\/td>\n<td valign=\"middle\">5<\/td>\n<\/tr>\n<tr class=\"odd\">\n<td valign=\"middle\" width=\"32\"><\/td>\n<td valign=\"middle\">Reichweite (m) :<\/td>\n<td valign=\"middle\">Reichweite: 120\u00ba - Entfernung: 0,5-12m<\/td>\n<\/tr>\n<tr class=\"even\">\n<td valign=\"middle\" width=\"32\"><\/td>\n<td valign=\"middle\">Einschaltzeit :<\/td>\n<td valign=\"middle\">Zeit: 10 Sec 10min.<\/td>\n<\/tr>\n<\/tbody>\n<\/table>\n<p>&nbsp;<\/p>\n<\/div><\/p>","protected":false},"excerpt":{"rendered":"<div class=\"col-md-12\"><i class=\"fa fa-truck\"><\/i>&nbsp;<span class=\"text-muted textprop\">Lieferung innerhalb von 24\/48 Stunden<\/span><div class=\"col-md-12\"><i class=\"fa fa-exchange\"><\/i>&nbsp;<span class=\"text-muted textprop\">Versicherte Garantie<\/span><\/div><div class=\"col-md-12\"><i class=\"fa fa-box\"><\/i>&nbsp;<span class=\"text-muted textprop\">10 Einheit(en) pro Masterbox<\/span><\/div><div><strong>FARBTEMPERATUR: 4000K\/6000K&nbsp;<\/strong><\/div><\/div>","protected":false},"featured_media":6019,"template":"","meta":{"site-sidebar-layout":"default","site-content-layout":"default","ast-global-header-display":"","ast-main-header-display":"","ast-hfb-above-header-display":"","ast-hfb-below-header-display":"","ast-hfb-mobile-header-display":"","site-post-title":"","ast-breadcrumbs-content":"","ast-featured-img":"","footer-sml-layout":"","theme-transparent-header-meta":"default","adv-header-id-meta":"","stick-header-meta":"","header-above-stick-meta":"","header-main-stick-meta":"","header-below-stick-meta":""},"product_cat":[82,28],"product_tag":[],"class_list":["post-6009","product","type-product","status-publish","has-post-thumbnail","hentry","product_cat-foco-proyector-serie-evolution","product_cat-proyectores-led-exterior-y-jardin"],"_links":{"self":[{"href":"https:\/\/starlediluminacion.com\/de\/wp-json\/wp\/v3\/product\/6009","targetHints":{"allow":["GET"]}}],"collection":[{"href":"https:\/\/starlediluminacion.com\/de\/wp-json\/wp\/v3\/product"}],"about":[{"href":"https:\/\/starlediluminacion.com\/de\/wp-json\/wp\/v2\/types\/product"}],"wp:featuredmedia":[{"embeddable":true,"href":"https:\/\/starlediluminacion.com\/de\/wp-json\/wp\/v2\/media\/6019"}],"wp:attachment":[{"href":"https:\/\/starlediluminacion.com\/de\/wp-json\/wp\/v2\/media?parent=6009"}],"wp:term":[{"taxonomy":"product_cat","embeddable":true,"href":"https:\/\/starlediluminacion.com\/de\/wp-json\/wp\/v2\/product_cat?post=6009"},{"taxonomy":"product_tag","embeddable":true,"href":"https:\/\/starlediluminacion.com\/de\/wp-json\/wp\/v2\/product_tag?post=6009"}],"curies":[{"name":"wp","href":"https:\/\/api.w.org\/{rel}","templated":true}]}}