{"id":5995,"date":"2022-08-12T18:41:48","date_gmt":"2022-08-12T18:41:48","guid":{"rendered":"https:\/\/starlediluminacion.com\/?post_type=product&#038;p=5995"},"modified":"2022-08-12T18:41:48","modified_gmt":"2022-08-12T18:41:48","slug":"foco-proyector-exterior-led-50w-4000k-new-evolution-osram-chip-150lm-w-con-sensor-de-movimiento-y-mando-a-distancia","status":"publish","type":"product","link":"https:\/\/starlediluminacion.com\/de\/product\/spot-projektor-ausen-led-50w-4000k-new-evolution-osram-chip-150lm-w-w-mit-bewegungssensor-und-entfernung-steuerung\/","title":{"rendered":"<p>Au\u00dfen-LED-Flutlicht 50W 4000K NEW EVOLUTION Osram Chip 150Lm\/W mit Bewegungssensor &amp; Fernsteuerung<\/p>"},"content":{"rendered":"<div class=\"product-info-line\">\n<p id=\"product_reference\"><label>TEILENUMMER: SLFLMSOSR50W<br>\n<\/label><\/p>\n<p>Die<strong>&nbsp;LED-Flutlicht<\/strong><strong>&nbsp;NEW EVOLUTION Osram Chip,&nbsp;<\/strong>hat eine Leistung von&nbsp;<strong>50W 4000k<\/strong>&nbsp;und hat eine&nbsp;<strong>Bewegungsmelder<\/strong>&nbsp;Ihr avantgardistisches Design macht sie besonders geeignet f\u00fcr Architektur-, Werbe- und Dekorationsbeleuchtung. Es hat auch einen Grad des Schutzes&nbsp;<strong>IP65<\/strong>&nbsp;Dadurch ist es regenfest und kann nicht rosten.<\/p>\n<p>Unser neuer Projektor mit&nbsp;<strong>Bewegungsmelder<\/strong>&nbsp;wird mit einer Fernbedienung geliefert, mit der Sie die Funktion ausw\u00e4hlen k\u00f6nnen, die Ihren Bed\u00fcrfnissen am besten entspricht.<\/p>\n<h1>Au\u00dfen-LED-Flutlicht 50W 4000k NEW EVOLUTION Osram Chip 150Lm\/W mit Bewegungssensor &amp; Fernsteuerung<\/h1>\n<p>Die<strong>&nbsp;LED-Strahler NEW EVOLUTION&nbsp;<\/strong>von<strong>&nbsp;50W Osram Chip&nbsp;&nbsp;<\/strong>eignet sich hervorragend f\u00fcr Architektur-, Werbe- und Dekorationsbeleuchtung. Dank seines Winkels von<strong>&nbsp;110\u00ba<\/strong>&nbsp;erm\u00f6glicht eine homogene Verteilung des Lichts und damit eine<strong>&nbsp;<\/strong>reichlich Beleuchtung.<strong>&nbsp;<\/strong>Dank des farbigen Geh\u00e4uses<strong>&nbsp;-<\/strong>GRAU RAL9006<strong>-<\/strong>&nbsp;k\u00f6nnen Sie Ihre R\u00e4ume auf exklusive Weise gestalten und eine elegante und moderne Atmosph\u00e4re schaffen.<\/p>\n<p>Unser neuer Projektor mit&nbsp;<strong>Bewegungsmelder<\/strong>&nbsp;wird mit einer Fernbedienung geliefert, mit der Sie die Funktion ausw\u00e4hlen k\u00f6nnen, die Ihren Bed\u00fcrfnissen am besten entspricht.<\/p>\n<p>Er verf\u00fcgt \u00fcber verschiedene Funktionen, wie z.B. die Einschaltzeit, die gew\u00fcnschte Lichtmenge oder den Erfassungswinkel, die dank seiner Fernbedienung reguliert werden k\u00f6nnen.<\/p>\n<p>Dar\u00fcber hinaus ist der Strahler f\u00fcr den Einsatz in verschiedenen R\u00e4umen konzipiert, weshalb er eine gewisse Schutzart aufweist.&nbsp;<strong>IP65<\/strong>&nbsp;so dass sie sowohl im Bereich der&nbsp;<strong>au\u00dferhalb&nbsp;<\/strong>ab dem<strong>&nbsp;im Inland; &nbsp;<\/strong>wo eine hohe Lichtqualit\u00e4t erforderlich ist, und auch um die Stromrechnung zu senken.<\/p>\n<p>Es ist hergestellt aus&nbsp;<strong>Aluminium<\/strong>&nbsp;y&nbsp;<strong>Glas<\/strong>&nbsp;Die hohe Widerstandsf\u00e4higkeit des Produkts erh\u00f6ht die Lebensdauer des Produkts, so dass es l\u00e4nger funktioniert und seine maximale Leistung erbringen kann.<\/p>\n<p>&nbsp;<\/p>\n<h2>Anwendungen des 50W NEW EVOLUTION Osram Chip 150Lm\/W Outdoor LED-Strahlers mit Bewegungssensor und Fernbedienung<\/h2>\n<ul>\n<li>G\u00e4rten<\/li>\n<li>Parks<\/li>\n<li>Orte<\/li>\n<li>Kreisverkehre<\/li>\n<li>Museen<\/li>\n<li>Wege<\/li>\n<li>Galerien<\/li>\n<\/ul>\n<h3 class=\"page-product-heading\">TECHNISCHE DATEN<\/h3>\n<div class=\"col-xs-12 col-md-6\">\n<table class=\"table table-data-sheet 1\">\n<tbody>\n<tr class=\"odd\">\n<td valign=\"middle\" width=\"32\"><\/td>\n<td valign=\"middle\">REFERENZEN :<\/td>\n<td valign=\"middle\">SLFLMSOSR50W<\/td>\n<\/tr>\n<tr class=\"even\">\n<td valign=\"middle\" width=\"32\"><\/td>\n<td valign=\"middle\">Nennleistung :<\/td>\n<td valign=\"middle\">50w<\/td>\n<\/tr>\n<tr class=\"odd\">\n<td valign=\"middle\" width=\"32\"><\/td>\n<td valign=\"middle\">Nennspannung:<\/td>\n<td valign=\"middle\">220-240V<\/td>\n<\/tr>\n<tr class=\"even\">\n<td valign=\"middle\" width=\"32\"><\/td>\n<td valign=\"middle\">Lichttemperatur:<\/td>\n<td valign=\"middle\">4000K<\/td>\n<\/tr>\n<tr class=\"odd\">\n<td valign=\"middle\" width=\"32\"><\/td>\n<td valign=\"middle\">CRI - Farbwiedergabeindex:<\/td>\n<td valign=\"middle\">70<\/td>\n<\/tr>\n<tr class=\"even\">\n<td valign=\"middle\" width=\"32\"><\/td>\n<td valign=\"middle\">Baumaterial:<\/td>\n<td valign=\"middle\">Aluminium + Glas<\/td>\n<\/tr>\n<tr class=\"odd\">\n<td valign=\"middle\" width=\"32\"><\/td>\n<td valign=\"middle\">Leuchtkraft-Lm:<\/td>\n<td valign=\"middle\">7500<\/td>\n<\/tr>\n<tr class=\"even\">\n<td valign=\"middle\" width=\"32\"><\/td>\n<td valign=\"middle\">Art der LEDs:<\/td>\n<td valign=\"middle\">SMD 2835 OSRAM CHIP<\/td>\n<\/tr>\n<tr class=\"odd\">\n<td valign=\"middle\" width=\"32\"><\/td>\n<td valign=\"middle\">\u00d6ffnungswinkel (\u00ba):<\/td>\n<td valign=\"middle\">110\u00ba<\/td>\n<\/tr>\n<tr class=\"even\">\n<td valign=\"middle\" width=\"32\"><\/td>\n<td valign=\"middle\">Effizienz der LED-Diode (Lm\/W):<\/td>\n<td valign=\"middle\">150Lm\/W<\/td>\n<\/tr>\n<tr class=\"odd\">\n<td valign=\"middle\" width=\"32\"><\/td>\n<td valign=\"middle\">Lichtausbeute (Lm\/W):<\/td>\n<td valign=\"middle\">130 Lm\/W<\/td>\n<\/tr>\n<tr class=\"even\">\n<td valign=\"middle\" width=\"32\"><\/td>\n<td valign=\"middle\">Bescheinigungen:<\/td>\n<td valign=\"middle\">CE - ROHS<\/td>\n<\/tr>\n<tr class=\"odd\">\n<td valign=\"middle\" width=\"32\"><\/td>\n<td valign=\"middle\">IP-Bewertung:<\/td>\n<td valign=\"middle\">IP65-Au\u00dfenbereich<\/td>\n<\/tr>\n<\/tbody>\n<\/table>\n<\/div>\n<div class=\"col-xs-12 col-md-6 2\">\n<table class=\"table table-data-sheet 2\">\n<tbody>\n<tr class=\"odd\">\n<td valign=\"middle\" width=\"32\"><\/td>\n<td valign=\"middle\">Gesch\u00e4tzte Lebensdauer der LED-Diode (H):<\/td>\n<td valign=\"middle\">30.000<\/td>\n<\/tr>\n<tr class=\"even\">\n<td valign=\"middle\" width=\"32\"><\/td>\n<td valign=\"middle\">Abmessungen (mm):<\/td>\n<td valign=\"middle\">188x45x212<\/td>\n<\/tr>\n<tr class=\"odd\">\n<td valign=\"middle\" width=\"32\"><\/td>\n<td valign=\"middle\">Leistungsfaktor (PF):<\/td>\n<td valign=\"middle\">0,98<\/td>\n<\/tr>\n<tr class=\"even\">\n<td valign=\"middle\" width=\"32\"><\/td>\n<td valign=\"middle\">Arbeitsfrequenz (Hz):<\/td>\n<td valign=\"middle\">50\/60Hz<\/td>\n<\/tr>\n<tr class=\"odd\">\n<td valign=\"middle\" width=\"32\"><\/td>\n<td valign=\"middle\">Temperaturbereich (\u00baC):<\/td>\n<td valign=\"middle\">-20\u00b0C ~ +55\u00b0C<\/td>\n<\/tr>\n<tr class=\"even\">\n<td valign=\"middle\" width=\"32\"><\/td>\n<td valign=\"middle\">Z\u00fcndungszyklen:<\/td>\n<td valign=\"middle\">100.000<\/td>\n<\/tr>\n<tr class=\"odd\">\n<td valign=\"middle\" width=\"32\"><\/td>\n<td valign=\"middle\">Einschaltzeit (s):<\/td>\n<td valign=\"middle\">0,2s<\/td>\n<\/tr>\n<tr class=\"even\">\n<td valign=\"middle\" width=\"32\"><\/td>\n<td valign=\"middle\">Zus\u00e4tzliche Informationen:<\/td>\n<td valign=\"middle\">Fahrer No Flick<\/td>\n<\/tr>\n<tr class=\"odd\">\n<td valign=\"middle\" width=\"32\"><\/td>\n<td valign=\"middle\">Kontrollmodi:<\/td>\n<td valign=\"middle\">STEUERGER\u00c4T + INFRAROT<\/td>\n<\/tr>\n<tr class=\"even\">\n<td valign=\"middle\" width=\"32\"><\/td>\n<td valign=\"middle\">Aufprallschutz (IK):<\/td>\n<td valign=\"middle\">IK06<\/td>\n<\/tr>\n<tr class=\"odd\">\n<td valign=\"middle\" width=\"32\"><\/td>\n<td valign=\"middle\">Energieklasse (2021-EU-2019\/2015):<\/td>\n<td valign=\"middle\">A+<\/td>\n<\/tr>\n<tr class=\"even\">\n<td valign=\"middle\" width=\"32\"><\/td>\n<td valign=\"middle\">Energieklasse (2023 - EU-2019\/2015):<\/td>\n<td valign=\"middle\">E<\/td>\n<\/tr>\n<tr class=\"odd\">\n<td valign=\"middle\" width=\"32\"><\/td>\n<td valign=\"middle\">Gew\u00e4hrleistungsjahre:<\/td>\n<td valign=\"middle\">5<\/td>\n<\/tr>\n<\/tbody>\n<\/table>\n<\/div>\n<\/div>","protected":false},"excerpt":{"rendered":"<div class=\"col-md-12\"><i class=\"fa fa-truck\"><\/i>&nbsp;<span class=\"text-muted textprop\">Lieferung innerhalb von 24\/48 Stunden<\/span><div class=\"col-md-12\"><i class=\"fa fa-exchange\"><\/i>&nbsp;<span class=\"text-muted textprop\">Versicherte Garantie<\/span><\/div><div class=\"col-md-12\"><i class=\"fa fa-box\"><\/i>&nbsp;<span class=\"text-muted textprop\">30 Einheit(en) pro Masterbox<\/span><\/div><\/div>","protected":false},"featured_media":6003,"template":"","meta":{"site-sidebar-layout":"default","site-content-layout":"default","ast-global-header-display":"","ast-main-header-display":"","ast-hfb-above-header-display":"","ast-hfb-below-header-display":"","ast-hfb-mobile-header-display":"","site-post-title":"","ast-breadcrumbs-content":"","ast-featured-img":"","footer-sml-layout":"","theme-transparent-header-meta":"default","adv-header-id-meta":"","stick-header-meta":"","header-above-stick-meta":"","header-main-stick-meta":"","header-below-stick-meta":""},"product_cat":[82,28],"product_tag":[],"class_list":["post-5995","product","type-product","status-publish","has-post-thumbnail","hentry","product_cat-foco-proyector-serie-evolution","product_cat-proyectores-led-exterior-y-jardin"],"yoast_head":"<!-- This site is optimized with the Yoast SEO plugin v27.4 - https:\/\/yoast.com\/product\/yoast-seo-wordpress\/ -->\n<title>Foco Proyector Exterior LED 50W 4000K NEW EVOLUTION Osram Chip 150Lm\/W con Sensor de Movimiento y Mando a Distancia - STARLED Iluminacion<\/title>\n<meta name=\"robots\" content=\"index, follow, max-snippet:-1, max-image-preview:large, max-video-preview:-1\" \/>\n<link rel=\"canonical\" href=\"https:\/\/starlediluminacion.com\/de\/product\/spot-projektor-ausen-led-50w-4000k-new-evolution-osram-chip-150lm-w-w-mit-bewegungssensor-und-entfernung-steuerung\/\" \/>\n<meta property=\"og:locale\" content=\"de_DE\" \/>\n<meta property=\"og:type\" content=\"article\" \/>\n<meta property=\"og:title\" content=\"Foco Proyector Exterior LED 50W 4000K NEW EVOLUTION Osram Chip 150Lm\/W con Sensor de Movimiento y Mando a Distancia - STARLED Iluminacion\" \/>\n<meta property=\"og:description\" content=\"\u00a0Entrega en 24\/48 horas \u00a0Garant\u00eda asegurada \u00a030 unidad(es) por Masterbox\" \/>\n<meta property=\"og:url\" content=\"https:\/\/starlediluminacion.com\/de\/product\/spot-projektor-ausen-led-50w-4000k-new-evolution-osram-chip-150lm-w-w-mit-bewegungssensor-und-entfernung-steuerung\/\" \/>\n<meta property=\"og:site_name\" content=\"STARLED Iluminacion\" \/>\n<meta property=\"og:image\" content=\"https:\/\/starlediluminacion.com\/wp-content\/uploads\/2022\/08\/foco-proyector-exterior-led-50w-new-evolution-osram-sensor-movimiento-factorled.jpg\" \/>\n\t<meta property=\"og:image:width\" content=\"1000\" \/>\n\t<meta property=\"og:image:height\" content=\"1000\" \/>\n\t<meta property=\"og:image:type\" content=\"image\/jpeg\" \/>\n<meta name=\"twitter:card\" content=\"summary_large_image\" \/>\n<meta name=\"twitter:label1\" content=\"Gesch\u00e4tzte Lesezeit\" \/>\n\t<meta name=\"twitter:data1\" content=\"2\u00a0Minuten\" \/>\n<script type=\"application\/ld+json\" class=\"yoast-schema-graph\">{\"@context\":\"https:\\\/\\\/schema.org\",\"@graph\":[{\"@type\":\"WebPage\",\"@id\":\"https:\\\/\\\/starlediluminacion.com\\\/producto\\\/foco-proyector-exterior-led-50w-4000k-new-evolution-osram-chip-150lm-w-con-sensor-de-movimiento-y-mando-a-distancia\\\/\",\"url\":\"https:\\\/\\\/starlediluminacion.com\\\/producto\\\/foco-proyector-exterior-led-50w-4000k-new-evolution-osram-chip-150lm-w-con-sensor-de-movimiento-y-mando-a-distancia\\\/\",\"name\":\"Foco Proyector Exterior LED 50W 4000K NEW EVOLUTION Osram Chip 150Lm\\\/W con Sensor de Movimiento y Mando a Distancia - STARLED Iluminacion\",\"isPartOf\":{\"@id\":\"https:\\\/\\\/starlediluminacion.com\\\/#website\"},\"primaryImageOfPage\":{\"@id\":\"https:\\\/\\\/starlediluminacion.com\\\/producto\\\/foco-proyector-exterior-led-50w-4000k-new-evolution-osram-chip-150lm-w-con-sensor-de-movimiento-y-mando-a-distancia\\\/#primaryimage\"},\"image\":{\"@id\":\"https:\\\/\\\/starlediluminacion.com\\\/producto\\\/foco-proyector-exterior-led-50w-4000k-new-evolution-osram-chip-150lm-w-con-sensor-de-movimiento-y-mando-a-distancia\\\/#primaryimage\"},\"thumbnailUrl\":\"https:\\\/\\\/starlediluminacion.com\\\/wp-content\\\/uploads\\\/2022\\\/08\\\/foco-proyector-exterior-led-50w-new-evolution-osram-sensor-movimiento-factorled.jpg\",\"datePublished\":\"2022-08-12T18:41:48+00:00\",\"breadcrumb\":{\"@id\":\"https:\\\/\\\/starlediluminacion.com\\\/producto\\\/foco-proyector-exterior-led-50w-4000k-new-evolution-osram-chip-150lm-w-con-sensor-de-movimiento-y-mando-a-distancia\\\/#breadcrumb\"},\"inLanguage\":\"de\",\"potentialAction\":[{\"@type\":\"ReadAction\",\"target\":[\"https:\\\/\\\/starlediluminacion.com\\\/producto\\\/foco-proyector-exterior-led-50w-4000k-new-evolution-osram-chip-150lm-w-con-sensor-de-movimiento-y-mando-a-distancia\\\/\"]}]},{\"@type\":\"ImageObject\",\"inLanguage\":\"de\",\"@id\":\"https:\\\/\\\/starlediluminacion.com\\\/producto\\\/foco-proyector-exterior-led-50w-4000k-new-evolution-osram-chip-150lm-w-con-sensor-de-movimiento-y-mando-a-distancia\\\/#primaryimage\",\"url\":\"https:\\\/\\\/starlediluminacion.com\\\/wp-content\\\/uploads\\\/2022\\\/08\\\/foco-proyector-exterior-led-50w-new-evolution-osram-sensor-movimiento-factorled.jpg\",\"contentUrl\":\"https:\\\/\\\/starlediluminacion.com\\\/wp-content\\\/uploads\\\/2022\\\/08\\\/foco-proyector-exterior-led-50w-new-evolution-osram-sensor-movimiento-factorled.jpg\",\"width\":1000,\"height\":1000},{\"@type\":\"BreadcrumbList\",\"@id\":\"https:\\\/\\\/starlediluminacion.com\\\/producto\\\/foco-proyector-exterior-led-50w-4000k-new-evolution-osram-chip-150lm-w-con-sensor-de-movimiento-y-mando-a-distancia\\\/#breadcrumb\",\"itemListElement\":[{\"@type\":\"ListItem\",\"position\":1,\"name\":\"Portada\",\"item\":\"https:\\\/\\\/starlediluminacion.com\\\/\"},{\"@type\":\"ListItem\",\"position\":2,\"name\":\"Shop\",\"item\":\"https:\\\/\\\/starlediluminacion.com\\\/shop-2\\\/\"},{\"@type\":\"ListItem\",\"position\":3,\"name\":\"Foco Proyector Exterior LED 50W 4000K NEW EVOLUTION Osram Chip 150Lm\\\/W con Sensor de Movimiento y Mando a Distancia\"}]},{\"@type\":\"WebSite\",\"@id\":\"https:\\\/\\\/starlediluminacion.com\\\/#website\",\"url\":\"https:\\\/\\\/starlediluminacion.com\\\/\",\"name\":\"STARLED Iluminacion\",\"description\":\"\",\"potentialAction\":[{\"@type\":\"SearchAction\",\"target\":{\"@type\":\"EntryPoint\",\"urlTemplate\":\"https:\\\/\\\/starlediluminacion.com\\\/?s={search_term_string}\"},\"query-input\":{\"@type\":\"PropertyValueSpecification\",\"valueRequired\":true,\"valueName\":\"search_term_string\"}}],\"inLanguage\":\"de\"}]}<\/script>\n<!-- \/ Yoast SEO plugin. -->","yoast_head_json":{"title":"Foco Proyector Exterior LED 50W 4000K NEW EVOLUTION Osram Chip 150Lm\/W con Sensor de Movimiento y Mando a Distancia - STARLED Iluminacion","robots":{"index":"index","follow":"follow","max-snippet":"max-snippet:-1","max-image-preview":"max-image-preview:large","max-video-preview":"max-video-preview:-1"},"canonical":"https:\/\/starlediluminacion.com\/de\/product\/spot-projektor-ausen-led-50w-4000k-new-evolution-osram-chip-150lm-w-w-mit-bewegungssensor-und-entfernung-steuerung\/","og_locale":"de_DE","og_type":"article","og_title":"Foco Proyector Exterior LED 50W 4000K NEW EVOLUTION Osram Chip 150Lm\/W con Sensor de Movimiento y Mando a Distancia - STARLED Iluminacion","og_description":"\u00a0Entrega en 24\/48 horas \u00a0Garant\u00eda asegurada \u00a030 unidad(es) por Masterbox","og_url":"https:\/\/starlediluminacion.com\/de\/product\/spot-projektor-ausen-led-50w-4000k-new-evolution-osram-chip-150lm-w-w-mit-bewegungssensor-und-entfernung-steuerung\/","og_site_name":"STARLED Iluminacion","og_image":[{"width":1000,"height":1000,"url":"https:\/\/starlediluminacion.com\/wp-content\/uploads\/2022\/08\/foco-proyector-exterior-led-50w-new-evolution-osram-sensor-movimiento-factorled.jpg","type":"image\/jpeg"}],"twitter_card":"summary_large_image","twitter_misc":{"Gesch\u00e4tzte Lesezeit":"2\u00a0Minuten"},"schema":{"@context":"https:\/\/schema.org","@graph":[{"@type":"WebPage","@id":"https:\/\/starlediluminacion.com\/producto\/foco-proyector-exterior-led-50w-4000k-new-evolution-osram-chip-150lm-w-con-sensor-de-movimiento-y-mando-a-distancia\/","url":"https:\/\/starlediluminacion.com\/producto\/foco-proyector-exterior-led-50w-4000k-new-evolution-osram-chip-150lm-w-con-sensor-de-movimiento-y-mando-a-distancia\/","name":"Foco Proyector Exterior LED 50W 4000K NEW EVOLUTION Osram Chip 150Lm\/W con Sensor de Movimiento y Mando a Distancia - STARLED Iluminacion","isPartOf":{"@id":"https:\/\/starlediluminacion.com\/#website"},"primaryImageOfPage":{"@id":"https:\/\/starlediluminacion.com\/producto\/foco-proyector-exterior-led-50w-4000k-new-evolution-osram-chip-150lm-w-con-sensor-de-movimiento-y-mando-a-distancia\/#primaryimage"},"image":{"@id":"https:\/\/starlediluminacion.com\/producto\/foco-proyector-exterior-led-50w-4000k-new-evolution-osram-chip-150lm-w-con-sensor-de-movimiento-y-mando-a-distancia\/#primaryimage"},"thumbnailUrl":"https:\/\/starlediluminacion.com\/wp-content\/uploads\/2022\/08\/foco-proyector-exterior-led-50w-new-evolution-osram-sensor-movimiento-factorled.jpg","datePublished":"2022-08-12T18:41:48+00:00","breadcrumb":{"@id":"https:\/\/starlediluminacion.com\/producto\/foco-proyector-exterior-led-50w-4000k-new-evolution-osram-chip-150lm-w-con-sensor-de-movimiento-y-mando-a-distancia\/#breadcrumb"},"inLanguage":"de","potentialAction":[{"@type":"ReadAction","target":["https:\/\/starlediluminacion.com\/producto\/foco-proyector-exterior-led-50w-4000k-new-evolution-osram-chip-150lm-w-con-sensor-de-movimiento-y-mando-a-distancia\/"]}]},{"@type":"ImageObject","inLanguage":"de","@id":"https:\/\/starlediluminacion.com\/producto\/foco-proyector-exterior-led-50w-4000k-new-evolution-osram-chip-150lm-w-con-sensor-de-movimiento-y-mando-a-distancia\/#primaryimage","url":"https:\/\/starlediluminacion.com\/wp-content\/uploads\/2022\/08\/foco-proyector-exterior-led-50w-new-evolution-osram-sensor-movimiento-factorled.jpg","contentUrl":"https:\/\/starlediluminacion.com\/wp-content\/uploads\/2022\/08\/foco-proyector-exterior-led-50w-new-evolution-osram-sensor-movimiento-factorled.jpg","width":1000,"height":1000},{"@type":"BreadcrumbList","@id":"https:\/\/starlediluminacion.com\/producto\/foco-proyector-exterior-led-50w-4000k-new-evolution-osram-chip-150lm-w-con-sensor-de-movimiento-y-mando-a-distancia\/#breadcrumb","itemListElement":[{"@type":"ListItem","position":1,"name":"Portada","item":"https:\/\/starlediluminacion.com\/"},{"@type":"ListItem","position":2,"name":"Shop","item":"https:\/\/starlediluminacion.com\/shop-2\/"},{"@type":"ListItem","position":3,"name":"Foco Proyector Exterior LED 50W 4000K NEW EVOLUTION Osram Chip 150Lm\/W con Sensor de Movimiento y Mando a Distancia"}]},{"@type":"WebSite","@id":"https:\/\/starlediluminacion.com\/#website","url":"https:\/\/starlediluminacion.com\/","name":"STARLED Iluminacion","description":"","potentialAction":[{"@type":"SearchAction","target":{"@type":"EntryPoint","urlTemplate":"https:\/\/starlediluminacion.com\/?s={search_term_string}"},"query-input":{"@type":"PropertyValueSpecification","valueRequired":true,"valueName":"search_term_string"}}],"inLanguage":"de"}]}},"_links":{"self":[{"href":"https:\/\/starlediluminacion.com\/de\/wp-json\/wp\/v3\/product\/5995","targetHints":{"allow":["GET"]}}],"collection":[{"href":"https:\/\/starlediluminacion.com\/de\/wp-json\/wp\/v3\/product"}],"about":[{"href":"https:\/\/starlediluminacion.com\/de\/wp-json\/wp\/v2\/types\/product"}],"wp:featuredmedia":[{"embeddable":true,"href":"https:\/\/starlediluminacion.com\/de\/wp-json\/wp\/v2\/media\/6003"}],"wp:attachment":[{"href":"https:\/\/starlediluminacion.com\/de\/wp-json\/wp\/v2\/media?parent=5995"}],"wp:term":[{"taxonomy":"product_cat","embeddable":true,"href":"https:\/\/starlediluminacion.com\/de\/wp-json\/wp\/v2\/product_cat?post=5995"},{"taxonomy":"product_tag","embeddable":true,"href":"https:\/\/starlediluminacion.com\/de\/wp-json\/wp\/v2\/product_tag?post=5995"}],"curies":[{"name":"wp","href":"https:\/\/api.w.org\/{rel}","templated":true}]}}