{"id":5700,"date":"2022-08-12T15:10:29","date_gmt":"2022-08-12T15:10:29","guid":{"rendered":"https:\/\/starlediluminacion.com\/?post_type=product&#038;p=5700"},"modified":"2022-08-12T15:10:29","modified_gmt":"2022-08-12T15:10:29","slug":"carril-monofasico-1-metro-reforzado-para-focos-led","status":"publish","type":"product","link":"https:\/\/starlediluminacion.com\/de\/product\/einphasige-schiene-1-meter-verstarkt-fur-led-strahler-led-schienen\/","title":{"rendered":"<p>Einphasige 1-Meter REINFORCED-Schiene f\u00fcr LED-Strahler<\/p>"},"content":{"rendered":"<div class=\"product-info-line\">\n<p id=\"product_reference\"><label>REFERENZ: SLCFM1000716C1<br>\n<\/label><\/p>\n<p><strong>EINPHASENSCHIENE<\/strong>&nbsp;<strong>REINFORCED&nbsp;<\/strong>kompatibel mit allen unseren&nbsp;<strong>Scheinwerfer<\/strong>&nbsp;<strong>Led<\/strong>&nbsp;von&nbsp;<strong>Schaukasten<\/strong>.<\/p>\n<p>Erh\u00e4ltlich in den Farben&nbsp;<strong>schwarz<\/strong>&nbsp;y&nbsp;<strong>wei\u00df<\/strong><\/p>\n<h1>Einphasige 1-Meter REINFORCED-Schiene f\u00fcr LED-Strahler<\/h1>\n<p>Da es sich bei dieser Stromschiene um einen einzigen Stromkreis handelt, werden beim Einschalten des Lichts alle Strahler direkt eingeschaltet, ohne die M\u00f6glichkeit, sie zu dimmen. Dieses Produkt ist verbunden mit unserer&nbsp;<strong>einphasige LED-Strahler<\/strong>.<\/p>\n<p>Sie ist mit einer Struktur versehen, die&nbsp;<strong>verst\u00e4rkt<\/strong>&nbsp;um seine Widerstandsf\u00e4higkeit zu gew\u00e4hrleisten. Enth\u00e4lt&nbsp;<strong>Stecker<\/strong>&nbsp;am einen Ende und am anderen Ende die&nbsp;<strong>Zubringer&nbsp;<\/strong>das direkt an das Stromnetz angeschlossen ist. Au\u00dferdem haben wir verschiedene Arten von<strong> Zubeh\u00f6r&nbsp;<\/strong>mit denen Sie Ihre Leuchten nach Ihren Bed\u00fcrfnissen gestalten k\u00f6nnen.<\/p>\n<p>Perfekt f\u00fcr&nbsp;<strong>beleuchten.<\/strong>&nbsp;und dekorieren&nbsp;<strong>Gewerbefl\u00e4chen.&nbsp;<\/strong><\/p>\n<h2>Verst\u00e4rkte einphasige Schiene Verwendungszwecke<\/h2>\n<ul>\n<li>Kommerzielle Gesch\u00e4fte<\/li>\n<li>Museen<\/li>\n<li>Galerien<\/li>\n<li>Schaufenster<\/li>\n<li>\u00c4mter<\/li>\n<li>Schauk\u00e4sten<\/li>\n<\/ul>\n<h3 class=\"page-product-heading\">TECHNISCHE DATEN<\/h3>\n<div class=\"col-xs-12 col-md-6\">\n<table class=\"table table-data-sheet 1\">\n<tbody>\n<tr class=\"odd\">\n<td valign=\"middle\" width=\"32\"><\/td>\n<td valign=\"middle\">REFERENZEN :<\/td>\n<td valign=\"middle\">SLCFM1000716<\/td>\n<\/tr>\n<tr class=\"even\">\n<td valign=\"middle\" width=\"32\"><\/td>\n<td valign=\"middle\">Baumaterial:<\/td>\n<td valign=\"middle\">Aluminium<\/td>\n<\/tr>\n<tr class=\"odd\">\n<td valign=\"middle\" width=\"32\"><\/td>\n<td valign=\"middle\">Bescheinigungen:<\/td>\n<td valign=\"middle\">CE - ROHS<\/td>\n<\/tr>\n<\/tbody>\n<\/table>\n<\/div>\n<div class=\"col-xs-12 col-md-6 2\">\n<table class=\"table table-data-sheet 2\">\n<tbody>\n<tr class=\"odd\">\n<td valign=\"middle\" width=\"32\"><\/td>\n<td valign=\"middle\">Abmessungen (mm):<\/td>\n<td valign=\"middle\">1000*20*40<\/td>\n<\/tr>\n<tr class=\"even\">\n<td valign=\"middle\" width=\"32\"><\/td>\n<td valign=\"middle\">Gew\u00e4hrleistungsjahre:<\/td>\n<td valign=\"middle\">2<\/td>\n<\/tr>\n<\/tbody>\n<\/table>\n<\/div>\n<\/div>","protected":false},"excerpt":{"rendered":"<div class=\"col-md-12\"><i class=\"fa fa-truck\"><\/i>&nbsp;<span class=\"text-muted textprop\">Lieferung innerhalb von 24\/48 Stunden<\/span><div class=\"col-md-12\"><i class=\"fa fa-exchange\"><\/i>&nbsp;<span class=\"text-muted textprop\">Versicherte Garantie<\/span><\/div><div class=\"col-md-12\"><i class=\"fa fa-box\"><\/i>&nbsp;<span class=\"text-muted textprop\">20 Einheit(en) pro Masterbox<\/span><\/div><\/div>","protected":false},"featured_media":5710,"template":"","meta":{"site-sidebar-layout":"default","site-content-layout":"default","ast-global-header-display":"","ast-main-header-display":"","ast-hfb-above-header-display":"","ast-hfb-below-header-display":"","ast-hfb-mobile-header-display":"","site-post-title":"","ast-breadcrumbs-content":"","ast-featured-img":"","footer-sml-layout":"","theme-transparent-header-meta":"default","adv-header-id-meta":"","stick-header-meta":"","header-above-stick-meta":"","header-main-stick-meta":"","header-below-stick-meta":""},"product_cat":[77,32],"product_tag":[],"class_list":["post-5700","product","type-product","status-publish","has-post-thumbnail","hentry","product_cat-accesorios-para-carril-led","product_cat-iluminacion-comercial-para-tienda"],"_links":{"self":[{"href":"https:\/\/starlediluminacion.com\/de\/wp-json\/wp\/v3\/product\/5700","targetHints":{"allow":["GET"]}}],"collection":[{"href":"https:\/\/starlediluminacion.com\/de\/wp-json\/wp\/v3\/product"}],"about":[{"href":"https:\/\/starlediluminacion.com\/de\/wp-json\/wp\/v2\/types\/product"}],"wp:featuredmedia":[{"embeddable":true,"href":"https:\/\/starlediluminacion.com\/de\/wp-json\/wp\/v2\/media\/5710"}],"wp:attachment":[{"href":"https:\/\/starlediluminacion.com\/de\/wp-json\/wp\/v2\/media?parent=5700"}],"wp:term":[{"taxonomy":"product_cat","embeddable":true,"href":"https:\/\/starlediluminacion.com\/de\/wp-json\/wp\/v2\/product_cat?post=5700"},{"taxonomy":"product_tag","embeddable":true,"href":"https:\/\/starlediluminacion.com\/de\/wp-json\/wp\/v2\/product_tag?post=5700"}],"curies":[{"name":"wp","href":"https:\/\/api.w.org\/{rel}","templated":true}]}}