{"id":5661,"date":"2022-08-12T14:53:20","date_gmt":"2022-08-12T14:53:20","guid":{"rendered":"https:\/\/starlediluminacion.com\/?post_type=product&#038;p=5661"},"modified":"2022-08-12T14:53:20","modified_gmt":"2022-08-12T14:53:20","slug":"foco-de-carril-blanco-para-lampara-gu10-monofasico","status":"publish","type":"product","link":"https:\/\/starlediluminacion.com\/de\/product\/weis-weiser-schienenstrahler-fur-gu10-einphasige-lampe\/","title":{"rendered":"<p>Stromschienenstrahler WHITE f\u00fcr Einphasen-GU10-Lampe<\/p>"},"content":{"rendered":"<p>REFERENZ: SL8015<p><strong>Schwerpunkt<\/strong>&nbsp;von<strong>&nbsp;einphasige Schiene<\/strong>&nbsp;farbig&nbsp;<strong>Wei\u00df<\/strong>&nbsp;f\u00fcr Einschraubgl\u00fchlampen&nbsp;<strong>GU10<\/strong>. Es ist aus Aluminium gefertigt. Einfach zu installieren.<\/p><p>Auch in SCHWARZ erh\u00e4ltlich.<\/p><h1>Stromschienenstrahler WHITE f\u00fcr GU10 Gl\u00fchbirne<\/h1><p><strong>Schwerpunkt<\/strong>&nbsp;von&nbsp;<strong>einphasige Schiene<\/strong>&nbsp;von&nbsp;<strong>Aluminium<\/strong>farblich&nbsp;<strong>wei\u00df<\/strong>&nbsp;f\u00fcr&nbsp;<strong>Lampen<\/strong>&nbsp;o&nbsp;<strong>Gl\u00fchbirnen<\/strong>&nbsp;mit Buchse&nbsp;<strong>GU10<\/strong>.<\/p><p>Es zeichnet sich dadurch aus, dass der Lichtwinkel je nach dem vom Benutzer gew\u00e4hlten Modell variiert.<\/p><p>Mit dieser Art von Geh\u00e4use f\u00fcr die GU10-Gewindekolben k\u00f6nnen Sie das Ambiente eines jeden Innenraums gestalten. Auf diese Weise k\u00f6nnen Sie eine hervorragende Beleuchtung schaffen.<\/p><p>Gl\u00fchbirne nicht enthalten.<\/p><h2>Verwendungszwecke des WHITE-Schienenstrahlers f\u00fcr GU10-Lampe<\/h2><ul>\n<li>Gesch\u00e4fte<\/li>\n<li>Superm\u00e4rkte<\/li>\n<li>Einkaufszentren<\/li>\n<li>\u00c4mter<\/li>\n<li>Kunstgalerien<\/li>\n<li>Museen<\/li>\n<\/ul><h3 class=\"page-product-heading\">TECHNISCHE DATEN<\/h3><div class=\"col-xs-12 col-md-6\">\n<table class=\"table table-data-sheet 1\">\n<tbody>\n<tr class=\"odd\">\n<td valign=\"middle\" width=\"32\"><\/td>\n<td valign=\"middle\">REFERENZEN :<\/td>\n<td valign=\"middle\">SL8015<\/td>\n<\/tr>\n<tr class=\"even\">\n<td valign=\"middle\" width=\"32\"><\/td>\n<td valign=\"middle\">Baumaterial:<\/td>\n<td valign=\"middle\">Aluminium<\/td>\n<\/tr>\n<tr class=\"odd\">\n<td valign=\"middle\" width=\"32\"><\/td>\n<td valign=\"middle\">Buchse:<\/td>\n<td valign=\"middle\">GU10<\/td>\n<\/tr>\n<tr class=\"even\">\n<td valign=\"middle\" width=\"32\"><\/td>\n<td valign=\"middle\">Bescheinigungen:<\/td>\n<td valign=\"middle\">CE - ROHS<\/td>\n<\/tr>\n<\/tbody>\n<\/table>\n<\/div><div class=\"col-xs-12 col-md-6 2\">\n<table class=\"table table-data-sheet 2\">\n<tbody>\n<tr class=\"odd\">\n<td valign=\"middle\" width=\"32\"><\/td>\n<td valign=\"middle\">IP-Bewertung:<\/td>\n<td valign=\"middle\">IP20<\/td>\n<\/tr>\n<tr class=\"even\">\n<td valign=\"middle\" width=\"32\"><\/td>\n<td valign=\"middle\">Abmessungen (mm):<\/td>\n<td valign=\"middle\">105X130X35<\/td>\n<\/tr>\n<tr class=\"odd\">\n<td valign=\"middle\" width=\"32\"><\/td>\n<td valign=\"middle\">Gew\u00e4hrleistungsjahre:<\/td>\n<td valign=\"middle\">2<\/td>\n<\/tr>\n<\/tbody>\n<\/table>\n<p>&nbsp;<\/p>\n<\/div><\/p>","protected":false},"excerpt":{"rendered":"<div class=\"col-md-12\"><i class=\"fa fa-truck\"><\/i>&nbsp;<span class=\"text-muted textprop\">Lieferung innerhalb von 24\/48 Stunden<\/span><div class=\"col-md-12\"><i class=\"fa fa-exchange\"><\/i>&nbsp;<span class=\"text-muted textprop\">Versicherte Garantie<\/span><\/div><div class=\"col-md-12\"><i class=\"fa fa-box\"><\/i>&nbsp;<span class=\"text-muted textprop\">100 Einheit(en) pro Masterbox<\/span><\/div><\/div>","protected":false},"featured_media":5670,"template":"","meta":{"site-sidebar-layout":"default","site-content-layout":"default","ast-global-header-display":"","ast-main-header-display":"","ast-hfb-above-header-display":"","ast-hfb-below-header-display":"","ast-hfb-mobile-header-display":"","site-post-title":"","ast-breadcrumbs-content":"","ast-featured-img":"","footer-sml-layout":"","theme-transparent-header-meta":"default","adv-header-id-meta":"","stick-header-meta":"","header-above-stick-meta":"","header-main-stick-meta":"","header-below-stick-meta":""},"product_cat":[77,32],"product_tag":[],"class_list":["post-5661","product","type-product","status-publish","has-post-thumbnail","hentry","product_cat-accesorios-para-carril-led","product_cat-iluminacion-comercial-para-tienda"],"_links":{"self":[{"href":"https:\/\/starlediluminacion.com\/de\/wp-json\/wp\/v3\/product\/5661","targetHints":{"allow":["GET"]}}],"collection":[{"href":"https:\/\/starlediluminacion.com\/de\/wp-json\/wp\/v3\/product"}],"about":[{"href":"https:\/\/starlediluminacion.com\/de\/wp-json\/wp\/v2\/types\/product"}],"wp:featuredmedia":[{"embeddable":true,"href":"https:\/\/starlediluminacion.com\/de\/wp-json\/wp\/v2\/media\/5670"}],"wp:attachment":[{"href":"https:\/\/starlediluminacion.com\/de\/wp-json\/wp\/v2\/media?parent=5661"}],"wp:term":[{"taxonomy":"product_cat","embeddable":true,"href":"https:\/\/starlediluminacion.com\/de\/wp-json\/wp\/v2\/product_cat?post=5661"},{"taxonomy":"product_tag","embeddable":true,"href":"https:\/\/starlediluminacion.com\/de\/wp-json\/wp\/v2\/product_tag?post=5661"}],"curies":[{"name":"wp","href":"https:\/\/api.w.org\/{rel}","templated":true}]}}