{"id":5502,"date":"2022-08-12T12:57:44","date_gmt":"2022-08-12T12:57:44","guid":{"rendered":"https:\/\/starlediluminacion.com\/?post_type=product&#038;p=5502"},"modified":"2022-09-15T13:07:48","modified_gmt":"2022-09-15T13:07:48","slug":"foco-led-40w-graz-blanco-bridgelux-chip-carril-monofasico-cri-90","status":"publish","type":"product","link":"https:\/\/starlediluminacion.com\/de\/product\/gluhbirne-led-40w-schwarz-weis-bridgelux-chip-track-monophase-cri-90\/","title":{"rendered":"<p>40W GRAZ Wei\u00dfer LED-Strahler BRIDGELUX Chip Einphasen-Stromschiene CRI +90<\/p>"},"content":{"rendered":"<div class=\"product-info-line\">\n<p id=\"product_reference\"><label>AKTENZEICHEN: SL4849<br>\n<\/label><\/p>\n<div class=\"hidden-xs parrafo\">\n<p>Die&nbsp;<strong>GRAZ BRIDGELUX LED-Strahler 40W Chip<\/strong>&nbsp;f\u00fcr&nbsp;<strong>Einphasige Schiene<\/strong>&nbsp;eignet sich perfekt als Einstimmungslicht in jedem Stromschienensystem, wodurch es ideal ist, um bestimmte Elemente hervorzuheben, und hat au\u00dferdem einen Prim\u00e4rwinkel von&nbsp;<strong>100\u00ba \u00d6ffnung<\/strong>.<\/p>\n<\/div>\n<div id=\"views_block-1\" class=\"clearfix\">\n<div id=\"thumbs_list\">\n<h1>LED-Strahler 40W&nbsp;<strong>GRAZ BRIDGELUX Chip<\/strong>&nbsp;Wei\u00df f\u00fcr 100\u00ba Einphasengleis<\/h1>\n<p>Die&nbsp;<strong>Schwerpunkt GRAZ BRIDGELUX Chip&nbsp;<\/strong>von&nbsp;<strong>40w<\/strong>&nbsp;zeichnet sich durch ein Design aus, das zu jedem Stil passt, und durch eine hervorragende Leistung.&nbsp;<strong>LED-Strahler&nbsp;<\/strong><strong>GRAZ BRIDGELUX Chip<\/strong>&nbsp;ist ideal, um jeden Ort zu beleuchten, den Sie hervorheben wollen, es ist auch perfekt f\u00fcr Situationen in R\u00e4umen, die f\u00fcr Klasse und Unterscheidung in seiner Beleuchtung Netzwerk suchen auch die in verschiedenen Temperaturen.&nbsp;<strong>3000k,4000k,6000k<\/strong>.<\/p>\n<p>Seine Farbgestaltung&nbsp;<strong>wei\u00df<\/strong>&nbsp;ist ideal, um minimalistische Atmosph\u00e4ren zu schaffen und gleichzeitig die R\u00e4ume zu betonen, die Sie hervorheben m\u00f6chten. Seine Installation ist einfach, auf einer einphasigen Schiene platziert werden, jetzt ist die Dekoration in Ihren H\u00e4nden und in der einfachsten Weise.<\/p>\n<p>Dieses Produkt wurde speziell f\u00fcr die Verwendung in Innenr\u00e4umen hergestellt, daher ist sein Schutz&nbsp;<strong>IP20<\/strong>.<\/p>\n<p>Unser&nbsp;<strong>LED-Strahler<\/strong>&nbsp;Sendungen&nbsp;<strong>4400 Lumen<\/strong>&nbsp;(COB BRIDGELUX CHIP 2630 DS-C30 4800lm) und spart uns bis zu&nbsp;<strong>90%<\/strong>&nbsp;auf unserer Rechnung. Der Foco vertr\u00e4gt eine Spannung von&nbsp;<strong>85V bis 265V.<\/strong><\/p>\n<h2>ANWENDUNGEN F\u00dcR LED-SCHEINWERFER&nbsp;<strong>GRAZ BRIDGELUX Chip<\/strong>&nbsp;Wei\u00df<\/h2>\n<ul>\n<li>Schaufenster<\/li>\n<li>\u00c4mter<\/li>\n<li>Kunstgalerien<\/li>\n<li>Museen<\/li>\n<\/ul>\n<h3 class=\"page-product-heading\">TECHNISCHE DATEN<\/h3>\n<div class=\"col-xs-12 col-md-6\">\n<table class=\"table table-data-sheet 1\">\n<tbody>\n<tr class=\"odd\">\n<td valign=\"middle\" width=\"32\"><\/td>\n<td valign=\"middle\">REFERENZEN :<\/td>\n<td valign=\"middle\">SL4849<\/td>\n<\/tr>\n<tr class=\"even\">\n<td valign=\"middle\" width=\"32\"><\/td>\n<td valign=\"middle\">Nennleistung :<\/td>\n<td valign=\"middle\">40w<\/td>\n<\/tr>\n<tr class=\"odd\">\n<td valign=\"middle\" width=\"32\"><\/td>\n<td valign=\"middle\">Nennspannung:<\/td>\n<td valign=\"middle\">85-265V<\/td>\n<\/tr>\n<tr class=\"even\">\n<td valign=\"middle\" width=\"32\"><\/td>\n<td valign=\"middle\">Lichttemperatur:<\/td>\n<td valign=\"middle\">3000K-4000K-6000K<\/td>\n<\/tr>\n<tr class=\"odd\">\n<td valign=\"middle\" width=\"32\"><\/td>\n<td valign=\"middle\">CRI - Farbwiedergabeindex:<\/td>\n<td valign=\"middle\">92<\/td>\n<\/tr>\n<tr class=\"even\">\n<td valign=\"middle\" width=\"32\"><\/td>\n<td valign=\"middle\">Baumaterial:<\/td>\n<td valign=\"middle\">Aluminium +PMMA<\/td>\n<\/tr>\n<tr class=\"odd\">\n<td valign=\"middle\" width=\"32\"><\/td>\n<td valign=\"middle\">Leuchtkraft-Lm:<\/td>\n<td valign=\"middle\">4800<\/td>\n<\/tr>\n<tr class=\"even\">\n<td valign=\"middle\" width=\"32\"><\/td>\n<td valign=\"middle\">Art der LEDs:<\/td>\n<td valign=\"middle\">COB BRIDGELUX CHIP 2630 DS-C30<\/td>\n<\/tr>\n<tr class=\"odd\">\n<td valign=\"middle\" width=\"32\"><\/td>\n<td valign=\"middle\">\u00d6ffnungswinkel (\u00ba):<\/td>\n<td valign=\"middle\">100\u00ba<\/td>\n<\/tr>\n<tr class=\"even\">\n<td valign=\"middle\" width=\"32\"><\/td>\n<td valign=\"middle\">Effizienz der LED-Diode (Lm\/W):<\/td>\n<td valign=\"middle\">130Lm\/W<\/td>\n<\/tr>\n<tr class=\"odd\">\n<td valign=\"middle\" width=\"32\"><\/td>\n<td valign=\"middle\">Lichtausbeute (Lm\/W):<\/td>\n<td valign=\"middle\">120 Lm\/W<\/td>\n<\/tr>\n<tr class=\"even\">\n<td valign=\"middle\" width=\"32\"><\/td>\n<td valign=\"middle\">Bescheinigungen:<\/td>\n<td valign=\"middle\">CE - ROHS<\/td>\n<\/tr>\n<\/tbody>\n<\/table>\n<\/div>\n<div class=\"col-xs-12 col-md-6 2\">\n<table class=\"table table-data-sheet 2\">\n<tbody>\n<tr class=\"odd\">\n<td valign=\"middle\" width=\"32\"><\/td>\n<td valign=\"middle\">IP-Bewertung:<\/td>\n<td valign=\"middle\">IP20<\/td>\n<\/tr>\n<tr class=\"even\">\n<td valign=\"middle\" width=\"32\"><\/td>\n<td valign=\"middle\">Gesch\u00e4tzte Lebensdauer der LED-Diode (H):<\/td>\n<td valign=\"middle\">35.000<\/td>\n<\/tr>\n<tr class=\"odd\">\n<td valign=\"middle\" width=\"32\"><\/td>\n<td valign=\"middle\">Abmessungen (mm):<\/td>\n<td valign=\"middle\">120mmx\u00d8100mm<\/td>\n<\/tr>\n<tr class=\"even\">\n<td valign=\"middle\" width=\"32\"><\/td>\n<td valign=\"middle\">Leistungsfaktor (PF):<\/td>\n<td valign=\"middle\">0.92<\/td>\n<\/tr>\n<tr class=\"odd\">\n<td valign=\"middle\" width=\"32\"><\/td>\n<td valign=\"middle\">Arbeitsfrequenz (Hz):<\/td>\n<td valign=\"middle\">50\/60Hz<\/td>\n<\/tr>\n<tr class=\"even\">\n<td valign=\"middle\" width=\"32\"><\/td>\n<td valign=\"middle\">Temperaturbereich (\u00baC):<\/td>\n<td valign=\"middle\">-20\u00ba ~ +40\u00ba.<\/td>\n<\/tr>\n<tr class=\"odd\">\n<td valign=\"middle\" width=\"32\"><\/td>\n<td valign=\"middle\">Z\u00fcndungszyklen:<\/td>\n<td valign=\"middle\">100.000<\/td>\n<\/tr>\n<tr class=\"even\">\n<td valign=\"middle\" width=\"32\"><\/td>\n<td valign=\"middle\">Einschaltzeit (s):<\/td>\n<td valign=\"middle\">0,2s<\/td>\n<\/tr>\n<tr class=\"odd\">\n<td valign=\"middle\" width=\"32\"><\/td>\n<td valign=\"middle\">Zus\u00e4tzliche Informationen:<\/td>\n<td valign=\"middle\">Anstrich: AkzoNobel Interpon 600 C33883<\/td>\n<\/tr>\n<tr class=\"even\">\n<td valign=\"middle\" width=\"32\"><\/td>\n<td valign=\"middle\">Energieklasse (2021-EU-2019\/2015):<\/td>\n<td valign=\"middle\">A+<\/td>\n<\/tr>\n<tr class=\"odd\">\n<td valign=\"middle\" width=\"32\"><\/td>\n<td valign=\"middle\">Gew\u00e4hrleistungsjahre:<\/td>\n<td valign=\"middle\">3<\/td>\n<\/tr>\n<\/tbody>\n<\/table>\n<\/div>\n<\/div>\n<\/div>\n<\/div>","protected":false},"excerpt":{"rendered":"<div class=\"col-md-12\"><i class=\"fa fa-truck\"><\/i>&nbsp;<span class=\"text-muted textprop\">Lieferung innerhalb von 24\/48 Stunden<\/span><div class=\"col-md-12\"><i class=\"fa fa-exchange\"><\/i>&nbsp;<span class=\"text-muted textprop\">Versicherte Garantie<\/span><\/div><div class=\"col-md-12\"><i class=\"fa fa-box\"><\/i>&nbsp;<span class=\"text-muted textprop\">20 Einheit(en) pro Masterbox<\/span><\/div><div>\n<div class=\"woocommerce-product-details__short-description\">\n<div><strong>FARBTEMPERATUR: 3000K\/4000K\/6000K<\/strong><\/div>\n<\/div>\n<\/div><\/div>","protected":false},"featured_media":5509,"template":"","meta":{"site-sidebar-layout":"default","site-content-layout":"default","ast-global-header-display":"","ast-main-header-display":"","ast-hfb-above-header-display":"","ast-hfb-below-header-display":"","ast-hfb-mobile-header-display":"","site-post-title":"","ast-breadcrumbs-content":"","ast-featured-img":"","footer-sml-layout":"","theme-transparent-header-meta":"default","adv-header-id-meta":"","stick-header-meta":"","header-above-stick-meta":"","header-main-stick-meta":"","header-below-stick-meta":""},"product_cat":[32,76,42],"product_tag":[],"class_list":["post-5502","product","type-product","status-publish","has-post-thumbnail","hentry","product_cat-iluminacion-comercial-para-tienda","product_cat-iluminacion-led-carril","product_cat-mas-vendidos"],"yoast_head":"<!-- This site is optimized with the Yoast SEO plugin v27.4 - https:\/\/yoast.com\/product\/yoast-seo-wordpress\/ -->\n<title>Foco LED 40W GRAZ Blanco BRIDGELUX Chip Carril Monof\u00e1sico CRI +90 - STARLED Iluminacion<\/title>\n<meta name=\"robots\" content=\"index, follow, max-snippet:-1, max-image-preview:large, max-video-preview:-1\" \/>\n<link rel=\"canonical\" href=\"https:\/\/starlediluminacion.com\/de\/product\/gluhbirne-led-40w-schwarz-weis-bridgelux-chip-track-monophase-cri-90\/\" \/>\n<meta property=\"og:locale\" content=\"de_DE\" \/>\n<meta property=\"og:type\" content=\"article\" \/>\n<meta property=\"og:title\" content=\"Foco LED 40W GRAZ Blanco BRIDGELUX Chip Carril Monof\u00e1sico CRI +90 - STARLED Iluminacion\" \/>\n<meta property=\"og:description\" content=\"\u00a0Entrega en 24\/48 horas \u00a0Garant\u00eda asegurada \u00a020 unidad(es) por Masterbox   TEMPERATURA DE COLOR: 3000K\/4000K\/6000K\" \/>\n<meta property=\"og:url\" content=\"https:\/\/starlediluminacion.com\/de\/product\/gluhbirne-led-40w-schwarz-weis-bridgelux-chip-track-monophase-cri-90\/\" \/>\n<meta property=\"og:site_name\" content=\"STARLED Iluminacion\" \/>\n<meta property=\"article:modified_time\" content=\"2022-09-15T13:07:48+00:00\" \/>\n<meta property=\"og:image\" content=\"https:\/\/starlediluminacion.com\/wp-content\/uploads\/2022\/08\/foco-led-40w-graz-blanco-bridgelux-chip-para-carril-monofasico-100-cri-90-factorled.webp\" \/>\n\t<meta property=\"og:image:width\" content=\"1000\" \/>\n\t<meta property=\"og:image:height\" content=\"1000\" \/>\n\t<meta property=\"og:image:type\" content=\"image\/webp\" \/>\n<meta name=\"twitter:card\" content=\"summary_large_image\" \/>\n<meta name=\"twitter:label1\" content=\"Gesch\u00e4tzte Lesezeit\" \/>\n\t<meta name=\"twitter:data1\" content=\"2\u00a0Minuten\" \/>\n<script type=\"application\/ld+json\" class=\"yoast-schema-graph\">{\"@context\":\"https:\\\/\\\/schema.org\",\"@graph\":[{\"@type\":\"WebPage\",\"@id\":\"https:\\\/\\\/starlediluminacion.com\\\/producto\\\/foco-led-40w-graz-blanco-bridgelux-chip-carril-monofasico-cri-90\\\/\",\"url\":\"https:\\\/\\\/starlediluminacion.com\\\/producto\\\/foco-led-40w-graz-blanco-bridgelux-chip-carril-monofasico-cri-90\\\/\",\"name\":\"Foco LED 40W GRAZ Blanco BRIDGELUX Chip Carril Monof\u00e1sico CRI +90 - STARLED Iluminacion\",\"isPartOf\":{\"@id\":\"https:\\\/\\\/starlediluminacion.com\\\/#website\"},\"primaryImageOfPage\":{\"@id\":\"https:\\\/\\\/starlediluminacion.com\\\/producto\\\/foco-led-40w-graz-blanco-bridgelux-chip-carril-monofasico-cri-90\\\/#primaryimage\"},\"image\":{\"@id\":\"https:\\\/\\\/starlediluminacion.com\\\/producto\\\/foco-led-40w-graz-blanco-bridgelux-chip-carril-monofasico-cri-90\\\/#primaryimage\"},\"thumbnailUrl\":\"https:\\\/\\\/starlediluminacion.com\\\/wp-content\\\/uploads\\\/2022\\\/08\\\/foco-led-40w-graz-blanco-bridgelux-chip-para-carril-monofasico-100-cri-90-factorled.webp\",\"datePublished\":\"2022-08-12T12:57:44+00:00\",\"dateModified\":\"2022-09-15T13:07:48+00:00\",\"breadcrumb\":{\"@id\":\"https:\\\/\\\/starlediluminacion.com\\\/producto\\\/foco-led-40w-graz-blanco-bridgelux-chip-carril-monofasico-cri-90\\\/#breadcrumb\"},\"inLanguage\":\"de\",\"potentialAction\":[{\"@type\":\"ReadAction\",\"target\":[\"https:\\\/\\\/starlediluminacion.com\\\/producto\\\/foco-led-40w-graz-blanco-bridgelux-chip-carril-monofasico-cri-90\\\/\"]}]},{\"@type\":\"ImageObject\",\"inLanguage\":\"de\",\"@id\":\"https:\\\/\\\/starlediluminacion.com\\\/producto\\\/foco-led-40w-graz-blanco-bridgelux-chip-carril-monofasico-cri-90\\\/#primaryimage\",\"url\":\"https:\\\/\\\/starlediluminacion.com\\\/wp-content\\\/uploads\\\/2022\\\/08\\\/foco-led-40w-graz-blanco-bridgelux-chip-para-carril-monofasico-100-cri-90-factorled.webp\",\"contentUrl\":\"https:\\\/\\\/starlediluminacion.com\\\/wp-content\\\/uploads\\\/2022\\\/08\\\/foco-led-40w-graz-blanco-bridgelux-chip-para-carril-monofasico-100-cri-90-factorled.webp\",\"width\":1000,\"height\":1000},{\"@type\":\"BreadcrumbList\",\"@id\":\"https:\\\/\\\/starlediluminacion.com\\\/producto\\\/foco-led-40w-graz-blanco-bridgelux-chip-carril-monofasico-cri-90\\\/#breadcrumb\",\"itemListElement\":[{\"@type\":\"ListItem\",\"position\":1,\"name\":\"Portada\",\"item\":\"https:\\\/\\\/starlediluminacion.com\\\/\"},{\"@type\":\"ListItem\",\"position\":2,\"name\":\"Shop\",\"item\":\"https:\\\/\\\/starlediluminacion.com\\\/shop-2\\\/\"},{\"@type\":\"ListItem\",\"position\":3,\"name\":\"Foco LED 40W GRAZ Blanco BRIDGELUX Chip Carril Monof\u00e1sico CRI +90\"}]},{\"@type\":\"WebSite\",\"@id\":\"https:\\\/\\\/starlediluminacion.com\\\/#website\",\"url\":\"https:\\\/\\\/starlediluminacion.com\\\/\",\"name\":\"STARLED Iluminacion\",\"description\":\"\",\"potentialAction\":[{\"@type\":\"SearchAction\",\"target\":{\"@type\":\"EntryPoint\",\"urlTemplate\":\"https:\\\/\\\/starlediluminacion.com\\\/?s={search_term_string}\"},\"query-input\":{\"@type\":\"PropertyValueSpecification\",\"valueRequired\":true,\"valueName\":\"search_term_string\"}}],\"inLanguage\":\"de\"}]}<\/script>\n<!-- \/ Yoast SEO plugin. -->","yoast_head_json":{"title":"Foco LED 40W GRAZ Blanco BRIDGELUX Chip Carril Monof\u00e1sico CRI +90 - STARLED Iluminacion","robots":{"index":"index","follow":"follow","max-snippet":"max-snippet:-1","max-image-preview":"max-image-preview:large","max-video-preview":"max-video-preview:-1"},"canonical":"https:\/\/starlediluminacion.com\/de\/product\/gluhbirne-led-40w-schwarz-weis-bridgelux-chip-track-monophase-cri-90\/","og_locale":"de_DE","og_type":"article","og_title":"Foco LED 40W GRAZ Blanco BRIDGELUX Chip Carril Monof\u00e1sico CRI +90 - STARLED Iluminacion","og_description":"\u00a0Entrega en 24\/48 horas \u00a0Garant\u00eda asegurada \u00a020 unidad(es) por Masterbox   TEMPERATURA DE COLOR: 3000K\/4000K\/6000K","og_url":"https:\/\/starlediluminacion.com\/de\/product\/gluhbirne-led-40w-schwarz-weis-bridgelux-chip-track-monophase-cri-90\/","og_site_name":"STARLED Iluminacion","article_modified_time":"2022-09-15T13:07:48+00:00","og_image":[{"width":1000,"height":1000,"url":"https:\/\/starlediluminacion.com\/wp-content\/uploads\/2022\/08\/foco-led-40w-graz-blanco-bridgelux-chip-para-carril-monofasico-100-cri-90-factorled.webp","type":"image\/webp"}],"twitter_card":"summary_large_image","twitter_misc":{"Gesch\u00e4tzte Lesezeit":"2\u00a0Minuten"},"schema":{"@context":"https:\/\/schema.org","@graph":[{"@type":"WebPage","@id":"https:\/\/starlediluminacion.com\/producto\/foco-led-40w-graz-blanco-bridgelux-chip-carril-monofasico-cri-90\/","url":"https:\/\/starlediluminacion.com\/producto\/foco-led-40w-graz-blanco-bridgelux-chip-carril-monofasico-cri-90\/","name":"Foco LED 40W GRAZ Blanco BRIDGELUX Chip Carril Monof\u00e1sico CRI +90 - STARLED Iluminacion","isPartOf":{"@id":"https:\/\/starlediluminacion.com\/#website"},"primaryImageOfPage":{"@id":"https:\/\/starlediluminacion.com\/producto\/foco-led-40w-graz-blanco-bridgelux-chip-carril-monofasico-cri-90\/#primaryimage"},"image":{"@id":"https:\/\/starlediluminacion.com\/producto\/foco-led-40w-graz-blanco-bridgelux-chip-carril-monofasico-cri-90\/#primaryimage"},"thumbnailUrl":"https:\/\/starlediluminacion.com\/wp-content\/uploads\/2022\/08\/foco-led-40w-graz-blanco-bridgelux-chip-para-carril-monofasico-100-cri-90-factorled.webp","datePublished":"2022-08-12T12:57:44+00:00","dateModified":"2022-09-15T13:07:48+00:00","breadcrumb":{"@id":"https:\/\/starlediluminacion.com\/producto\/foco-led-40w-graz-blanco-bridgelux-chip-carril-monofasico-cri-90\/#breadcrumb"},"inLanguage":"de","potentialAction":[{"@type":"ReadAction","target":["https:\/\/starlediluminacion.com\/producto\/foco-led-40w-graz-blanco-bridgelux-chip-carril-monofasico-cri-90\/"]}]},{"@type":"ImageObject","inLanguage":"de","@id":"https:\/\/starlediluminacion.com\/producto\/foco-led-40w-graz-blanco-bridgelux-chip-carril-monofasico-cri-90\/#primaryimage","url":"https:\/\/starlediluminacion.com\/wp-content\/uploads\/2022\/08\/foco-led-40w-graz-blanco-bridgelux-chip-para-carril-monofasico-100-cri-90-factorled.webp","contentUrl":"https:\/\/starlediluminacion.com\/wp-content\/uploads\/2022\/08\/foco-led-40w-graz-blanco-bridgelux-chip-para-carril-monofasico-100-cri-90-factorled.webp","width":1000,"height":1000},{"@type":"BreadcrumbList","@id":"https:\/\/starlediluminacion.com\/producto\/foco-led-40w-graz-blanco-bridgelux-chip-carril-monofasico-cri-90\/#breadcrumb","itemListElement":[{"@type":"ListItem","position":1,"name":"Portada","item":"https:\/\/starlediluminacion.com\/"},{"@type":"ListItem","position":2,"name":"Shop","item":"https:\/\/starlediluminacion.com\/shop-2\/"},{"@type":"ListItem","position":3,"name":"Foco LED 40W GRAZ Blanco BRIDGELUX Chip Carril Monof\u00e1sico CRI +90"}]},{"@type":"WebSite","@id":"https:\/\/starlediluminacion.com\/#website","url":"https:\/\/starlediluminacion.com\/","name":"STARLED Iluminacion","description":"","potentialAction":[{"@type":"SearchAction","target":{"@type":"EntryPoint","urlTemplate":"https:\/\/starlediluminacion.com\/?s={search_term_string}"},"query-input":{"@type":"PropertyValueSpecification","valueRequired":true,"valueName":"search_term_string"}}],"inLanguage":"de"}]}},"_links":{"self":[{"href":"https:\/\/starlediluminacion.com\/de\/wp-json\/wp\/v3\/product\/5502","targetHints":{"allow":["GET"]}}],"collection":[{"href":"https:\/\/starlediluminacion.com\/de\/wp-json\/wp\/v3\/product"}],"about":[{"href":"https:\/\/starlediluminacion.com\/de\/wp-json\/wp\/v2\/types\/product"}],"wp:featuredmedia":[{"embeddable":true,"href":"https:\/\/starlediluminacion.com\/de\/wp-json\/wp\/v2\/media\/5509"}],"wp:attachment":[{"href":"https:\/\/starlediluminacion.com\/de\/wp-json\/wp\/v2\/media?parent=5502"}],"wp:term":[{"taxonomy":"product_cat","embeddable":true,"href":"https:\/\/starlediluminacion.com\/de\/wp-json\/wp\/v2\/product_cat?post=5502"},{"taxonomy":"product_tag","embeddable":true,"href":"https:\/\/starlediluminacion.com\/de\/wp-json\/wp\/v2\/product_tag?post=5502"}],"curies":[{"name":"wp","href":"https:\/\/api.w.org\/{rel}","templated":true}]}}