{"id":5331,"date":"2022-08-12T11:50:35","date_gmt":"2022-08-12T11:50:35","guid":{"rendered":"https:\/\/starlediluminacion.com\/?post_type=product&#038;p=5331"},"modified":"2022-08-12T11:50:35","modified_gmt":"2022-08-12T11:50:35","slug":"foco-led-28w-leipzig-trifasico-driver-vossloh-optica-regulable-36o-60o","status":"publish","type":"product","link":"https:\/\/starlediluminacion.com\/de\/product\/strahler-led-28w-leipzig-triphase-treiber-vossloh-optisch-dimmbar-36o-60o\/","title":{"rendered":"<p>LED-Strahler 28W LEIPZIG 3-Phasen - VOSSLOH Treiber - Dimmbare Optik 36\u00ba-60\u00ba<\/p>"},"content":{"rendered":"<p>REFERENZ: SLVLT227-9040<p><strong>Scheinwerfer f\u00fcr den professionellen und kommerziellen Einsatz,<\/strong>&nbsp;<strong>MULTIANGLE von 36\u00ba bis 60\u00ba.&nbsp;<\/strong>&nbsp;Hochwertiger Drehstromtreiber von&nbsp;<strong>VOSSLOH-SCHWABE DEUTSCHLAND GmbH.&nbsp;<\/strong>Hohe Leuchtkraft COB-Lichtquelle, die Linse ist einstellbar und bietet eine Gesamthelligkeit von Lumen in einer Apertur Strahl von verschiedenen Grad von 36\u00ba bis 60\u00ba konzentriert.  Hohe Farbwiedergabequalit\u00e4t +90 (CRI).&nbsp;<strong>&nbsp;5 Jahre Garantie.&nbsp;<\/strong><\/p><h1>LED-Strahler 40W LEIPZIG Dreiphasig -&nbsp;<strong>VOSSLOH SCHWABE&nbsp;<\/strong>&nbsp;- Einstellbare Optik 36\u00ba-60\u00ba Einstellbare Optik 36\u00ba-60\u00ba Einstellbare Optik 36\u00ba-60\u00ba Einstellbare Optik 36\u00ba-60\u00ba<\/h1><p>Drehstrom-Flutlicht f\u00fcr Schaufenster und gewerbliche Nutzung,&nbsp;<strong>MULTIANGLE,<\/strong>&nbsp;hocheffiziente COB-Lichtquelle. Der Scheinwerfer hat verschiedene \u00d6ffnungswinkel, um das Beste aus den Elementen zu machen, die wir mit unseren Scheinwerfern hervorheben wollen. Der LED-Strahler kann durch einfaches Drehen des vorderen Teils des gew\u00fcnschten Winkels von 36\u00ba bis 60\u00ba eingestellt werden.<\/p><p>Mit diesen Stromschienenstrahlern k\u00f6nnen Sie die Lichtpunkte ausw\u00e4hlen, die Sie am meisten hervorheben m\u00f6chten, da sie horizontal um 360 Grad und vertikal um 180 Grad reguliert werden k\u00f6nnen. LED-Stromschienenstrahler perfekt f\u00fcr die kommerzielle Beleuchtung. Vorbereitet f\u00fcr eine einfache Installation an einer dreiphasigen Stromschiene. Aufgrund der Schutzart IP20 nur f\u00fcr den Innenbereich geeignet.<\/p><p>Die LED-Leuchte verf\u00fcgt \u00fcber einen dreiphasigen Treiber h\u00f6chster Qualit\u00e4t von&nbsp;<strong>VOSSLOH-SCHWABE DEUTSCHLAND GmbH<\/strong>die eine intensive Lebensdauer von mehr als 50.000 Stunden hat.<\/p><p>Die Art des Lichts sorgt f\u00fcr ein angenehmes und geeignetes Klima f\u00fcr Ihre Kunden, das Licht ist von hoher Qualit\u00e4t und gibt die Farben auf nat\u00fcrliche Weise wieder, der Farbwiedergabeindex ist h\u00f6her als 90 (CRI).<\/p><p>Der LED-Strahler ist aus hochreinem Aluminium gefertigt, das eine korrekte Ableitung der von der hochwertigen COB-LED-Diode erzeugten W\u00e4rme erm\u00f6glicht.<\/p><p>Aufgrund ihrer Gr\u00f6\u00dfe l\u00e4sst sie sich \u00fcberall leicht integrieren, und die LED-Beleuchtung ist nur ein weiteres dekoratives Objekt, das Ihre R\u00e4ume und Gesch\u00e4fte aufwertet.<\/p><p>Die Montage ist sehr einfach, wir setzen den Strahler auf eine zuvor installierte Dreiphasenschiene.<\/p><p>Diese&nbsp;<strong>LED-Strahler<\/strong>&nbsp;verf\u00fcgt \u00fcber einen Selektor, mit dem wir die Leitung der Drehstromschiene ausw\u00e4hlen k\u00f6nnen, die wir anschlie\u00dfen wollen (<em>Siehe Detailbild)<\/em><\/p><p>&nbsp;<\/p><h2>Anwendungen:  LED-Strahler 40W LEIPZIG Dreiphasig - VOSSLO - Optik Dimmbar 36\u00ba-60\u00ba<\/h2><ul>\n<li>Museen<\/li>\n<li>Kunstgalerien<\/li>\n<li>Schaufenster<\/li>\n<li>\u00c4mter<\/li>\n<\/ul><h3 class=\"page-product-heading\">TECHNISCHE DATEN<\/h3><div class=\"col-xs-12 col-md-6\">\n<table class=\"table table-data-sheet 1\">\n<tbody>\n<tr class=\"odd\">\n<td valign=\"middle\" width=\"32\"><\/td>\n<td valign=\"middle\">REFERENZEN :<\/td>\n<td valign=\"middle\">SLVLT227-9040<\/td>\n<\/tr>\n<tr class=\"even\">\n<td valign=\"middle\" width=\"32\"><\/td>\n<td valign=\"middle\">Nennleistung :<\/td>\n<td valign=\"middle\">28W<\/td>\n<\/tr>\n<tr class=\"odd\">\n<td valign=\"middle\" width=\"32\"><\/td>\n<td valign=\"middle\">Lichttemperatur:<\/td>\n<td valign=\"middle\">3000K - 4000K<\/td>\n<\/tr>\n<tr class=\"even\">\n<td valign=\"middle\" width=\"32\"><\/td>\n<td valign=\"middle\">CRI - Farbwiedergabeindex:<\/td>\n<td valign=\"middle\">90<\/td>\n<\/tr>\n<tr class=\"odd\">\n<td valign=\"middle\" width=\"32\"><\/td>\n<td valign=\"middle\">Baumaterial:<\/td>\n<td valign=\"middle\">Aluminium +PMMA<\/td>\n<\/tr>\n<tr class=\"even\">\n<td valign=\"middle\" width=\"32\"><\/td>\n<td valign=\"middle\">Leuchtkraft-Lm:<\/td>\n<td valign=\"middle\">3080<\/td>\n<\/tr>\n<tr class=\"odd\">\n<td valign=\"middle\" width=\"32\"><\/td>\n<td valign=\"middle\">Art der LEDs:<\/td>\n<td valign=\"middle\">COB<\/td>\n<\/tr>\n<tr class=\"even\">\n<td valign=\"middle\" width=\"32\"><\/td>\n<td valign=\"middle\">\u00d6ffnungswinkel (\u00ba):<\/td>\n<td valign=\"middle\">30\u00ba bis 60\u00ba.<\/td>\n<\/tr>\n<tr class=\"odd\">\n<td valign=\"middle\" width=\"32\"><\/td>\n<td valign=\"middle\">Effizienz der LED-Diode (Lm\/W):<\/td>\n<td valign=\"middle\">120Lm\/W<\/td>\n<\/tr>\n<tr class=\"even\">\n<td valign=\"middle\" width=\"32\"><\/td>\n<td valign=\"middle\">Lichtausbeute (Lm\/W):<\/td>\n<td valign=\"middle\">110Lm\/W<\/td>\n<\/tr>\n<tr class=\"odd\">\n<td valign=\"middle\" width=\"32\"><\/td>\n<td valign=\"middle\">Bescheinigungen:<\/td>\n<td valign=\"middle\">CE - ROHS - ENEC05<\/td>\n<\/tr>\n<\/tbody>\n<\/table>\n<\/div><div class=\"col-xs-12 col-md-6 2\">\n<table class=\"table table-data-sheet 2\">\n<tbody>\n<tr class=\"odd\">\n<td valign=\"middle\" width=\"32\"><\/td>\n<td valign=\"middle\">IP-Bewertung:<\/td>\n<td valign=\"middle\">IP20<\/td>\n<\/tr>\n<tr class=\"even\">\n<td valign=\"middle\" width=\"32\"><\/td>\n<td valign=\"middle\">Gesch\u00e4tzte Lebensdauer der LED-Diode (H):<\/td>\n<td valign=\"middle\">50.000<\/td>\n<\/tr>\n<tr class=\"odd\">\n<td valign=\"middle\" width=\"32\"><\/td>\n<td valign=\"middle\">Abmessungen (mm):<\/td>\n<td valign=\"middle\">30x21mm<\/td>\n<\/tr>\n<tr class=\"even\">\n<td valign=\"middle\" width=\"32\"><\/td>\n<td valign=\"middle\">Leistungsfaktor (PF):<\/td>\n<td valign=\"middle\">0.95<\/td>\n<\/tr>\n<tr class=\"odd\">\n<td valign=\"middle\" width=\"32\"><\/td>\n<td valign=\"middle\">Arbeitsfrequenz (Hz):<\/td>\n<td valign=\"middle\">50\/60Hz<\/td>\n<\/tr>\n<tr class=\"even\">\n<td valign=\"middle\" width=\"32\"><\/td>\n<td valign=\"middle\">Temperaturbereich (\u00baC):<\/td>\n<td valign=\"middle\">-20?C ~ +55?C<\/td>\n<\/tr>\n<tr class=\"odd\">\n<td valign=\"middle\" width=\"32\"><\/td>\n<td valign=\"middle\">Z\u00fcndungszyklen:<\/td>\n<td valign=\"middle\">100.000<\/td>\n<\/tr>\n<tr class=\"even\">\n<td valign=\"middle\" width=\"32\"><\/td>\n<td valign=\"middle\">Einschaltzeit (s):<\/td>\n<td valign=\"middle\">0,2s<\/td>\n<\/tr>\n<tr class=\"odd\">\n<td valign=\"middle\" width=\"32\"><\/td>\n<td valign=\"middle\">Treiber enthalten:<\/td>\n<td valign=\"middle\">YES<\/td>\n<\/tr>\n<tr class=\"even\">\n<td valign=\"middle\" width=\"32\"><\/td>\n<td valign=\"middle\">Energieklasse (2021-EU-2019\/2015):<\/td>\n<td valign=\"middle\">A+<\/td>\n<\/tr>\n<tr class=\"odd\">\n<td valign=\"middle\" width=\"32\"><\/td>\n<td valign=\"middle\">Gew\u00e4hrleistungsjahre:<\/td>\n<td valign=\"middle\">5<\/td>\n<\/tr>\n<\/tbody>\n<\/table>\n<p>&nbsp;<\/p>\n<\/div><\/p>","protected":false},"excerpt":{"rendered":"<div class=\"col-md-12\"><i class=\"fa fa-truck\"><\/i>&nbsp;<span class=\"text-muted textprop\">Lieferung innerhalb von 24\/48 Stunden<\/span><div class=\"col-md-12\"><i class=\"fa fa-exchange\"><\/i>&nbsp;<span class=\"text-muted textprop\">Versicherte Garantie<\/span><\/div><div class=\"col-md-12\"><i class=\"fa fa-box\"><\/i>&nbsp;<span class=\"text-muted textprop\">12 Einheit(en) pro Masterbox<\/span><\/div><div><strong>FARBTEMPERATUR: 3000K\/4000K<\/strong><\/div><\/div>","protected":false},"featured_media":5338,"template":"","meta":{"site-sidebar-layout":"default","site-content-layout":"default","ast-global-header-display":"","ast-main-header-display":"","ast-hfb-above-header-display":"","ast-hfb-below-header-display":"","ast-hfb-mobile-header-display":"","site-post-title":"","ast-breadcrumbs-content":"","ast-featured-img":"","footer-sml-layout":"","theme-transparent-header-meta":"default","adv-header-id-meta":"","stick-header-meta":"","header-above-stick-meta":"","header-main-stick-meta":"","header-below-stick-meta":""},"product_cat":[32,76],"product_tag":[],"class_list":["post-5331","product","type-product","status-publish","has-post-thumbnail","hentry","product_cat-iluminacion-comercial-para-tienda","product_cat-iluminacion-led-carril"],"_links":{"self":[{"href":"https:\/\/starlediluminacion.com\/de\/wp-json\/wp\/v3\/product\/5331","targetHints":{"allow":["GET"]}}],"collection":[{"href":"https:\/\/starlediluminacion.com\/de\/wp-json\/wp\/v3\/product"}],"about":[{"href":"https:\/\/starlediluminacion.com\/de\/wp-json\/wp\/v2\/types\/product"}],"wp:featuredmedia":[{"embeddable":true,"href":"https:\/\/starlediluminacion.com\/de\/wp-json\/wp\/v2\/media\/5338"}],"wp:attachment":[{"href":"https:\/\/starlediluminacion.com\/de\/wp-json\/wp\/v2\/media?parent=5331"}],"wp:term":[{"taxonomy":"product_cat","embeddable":true,"href":"https:\/\/starlediluminacion.com\/de\/wp-json\/wp\/v2\/product_cat?post=5331"},{"taxonomy":"product_tag","embeddable":true,"href":"https:\/\/starlediluminacion.com\/de\/wp-json\/wp\/v2\/product_tag?post=5331"}],"curies":[{"name":"wp","href":"https:\/\/api.w.org\/{rel}","templated":true}]}}