{"id":5233,"date":"2022-08-12T10:17:41","date_gmt":"2022-08-12T10:17:41","guid":{"rendered":"https:\/\/starlediluminacion.com\/?post_type=product&#038;p=5233"},"modified":"2022-12-18T10:25:28","modified_gmt":"2022-12-18T10:25:28","slug":"foco-led-40w-34w-farum-blanco-carril-monofasico-cri92-ugr13-high-lumen-140lm-w","status":"publish","type":"product","link":"https:\/\/starlediluminacion.com\/de\/product\/foco-led-40w-34w-farum-blanco-carril-monofasico-cri92-ugr13-high-lumen-140lm-w\/","title":{"rendered":"<p>LED-Strahler 40W - 34W FARUM Wei\u00df Einphasige Stromschiene - CRI+92 - UGR13 - HIGH LUMEN 140Lm\/W<\/p>"},"content":{"rendered":"<div class=\"product-info-line\">\n<p id=\"product_reference\"><label>TEILENUMMER: SLTLWM40W-90767<br>\n<\/label><\/p>\n<p>LED-Schienenstrahler Modell&nbsp;<strong>FARUM<\/strong>&nbsp;von&nbsp;<strong>einstellbare Leistung 40W-38W-36W-34W<\/strong>.  Mit professionellem Farbwiedergabeindex +98 - Professionelle und naturgetreue Farben.&nbsp;<strong>&nbsp;Sie hat 2 austauschbare Lichtwinkel - 24\u00ba und 60\u00ba.<\/strong>&nbsp;-. Deshalb ist dieser Strahler perfekt geeignet, um bestimmte Elemente hervorzuheben und so verschiedene Stimmungen zu schaffen.&nbsp;<strong>Keine Blendung UGR13.<\/strong><\/p>\n<h1>LED-Strahler 40W - 34W FARUM Wei\u00df Einphasige Stromschiene - CRI+92 - UGR13 - HIGH LUMEN 140Lm\/W<\/h1>\n<p>Dies ist einer der flexibelsten Strahler, wenn es um die Dekoration Ihres Ladens geht. Aufgrund seines Designs k\u00f6nnen wir ihn fast vollst\u00e4ndig drehen, er ist leicht, aber vielseitig und wir erzielen unglaubliche Ergebnisse bei der Dekoration.<\/p>\n<p>Dieser Scheinwerfer verf\u00fcgt \u00fcber eine halbkugelf\u00f6rmige Kollimationslinse (B\u00fcndelung der Lichtstrahlen) der neuesten Generation aus PMMA (Polymethylmethacrylat) und einen gekr\u00fcmmten Reflektor aus poliertem Aluminium, der in Rauten gespiegelt ist und ein Grundlicht und einen konzentrierteren Winkel erzeugt, um das zu beleuchtende Objekt hervorzuheben, ohne akzentuierte Schatten zu verursachen, mit einem Prim\u00e4rwinkel von 24\u00ba und einem Sekund\u00e4rwinkel von 60\u00ba.<\/p>\n<p>Der Projektor f\u00fcr den kommerziellen Einsatz ist au\u00dferdem mit einem 60\u00ba-Reflektor ausgestattet, der einen breiteren \u00d6ffnungswinkel des Lichtstrahls erm\u00f6glicht, was sich besonders f\u00fcr Bereiche mit niedrigeren Decken eignet oder wenn ein gr\u00f6\u00dferes Objekt beleuchtet werden soll.<\/p>\n<p>Hoher CRI-Wert: Unser Projekt zeichnet sich durch einen sehr hohen Farbwiedergabeindex aus, der die Farben scharf und naturgetreu erscheinen l\u00e4sst.<\/p>\n<p>Die Gl\u00fchbirne ist mit 40w programmiert, obwohl durch das \u00d6ffnen der Abdeckung des -Treibers- k\u00f6nnen Sie die Leistung auf die gleiche, wie Sie die Ausgabe Milliampere regulieren k\u00f6nnen, und erhalten 38w-36w-34w.<\/p>\n<p>Unser LED-Strahler verf\u00fcgt \u00fcber eine COB BRIDGELUX CHIP-Diode mit 2240 DS-C30-Kernen und erreicht eine sehr hohe Lichtleistung.<\/p>\n<p>Mit unserem kommerziellen Projektor sparen wir bis zu 90% auf unserer Stromrechnung.<\/p>\n<p>&nbsp;<\/p>\n<h2>Verwendungsm\u00f6glichkeiten des LED-Strahlers 40W - 34W FARUM White Single Phase Track - Professional Colour CRI+98 - UGR13<\/h2>\n<ul>\n<li>Schaufenster<\/li>\n<li>\u00c4mter<\/li>\n<li>Kunstgalerien<\/li>\n<li>Museen<\/li>\n<\/ul>\n<h3 class=\"page-product-heading\">TECHNISCHE DATEN<\/h3>\n<div class=\"col-xs-12 col-md-6\">\n<table class=\"table table-data-sheet 1\">\n<tbody>\n<tr class=\"odd\">\n<td valign=\"middle\" width=\"32\"><\/td>\n<td valign=\"middle\">REFERENZEN :<\/td>\n<td valign=\"middle\">SL90766-40W<\/td>\n<\/tr>\n<tr class=\"even\">\n<td valign=\"middle\" width=\"32\"><\/td>\n<td valign=\"middle\">Nennleistung :<\/td>\n<td valign=\"middle\">40w<\/td>\n<\/tr>\n<tr class=\"odd\">\n<td valign=\"middle\" width=\"32\"><\/td>\n<td valign=\"middle\">Nennspannung:<\/td>\n<td valign=\"middle\">85V-265V<\/td>\n<\/tr>\n<tr class=\"even\">\n<td valign=\"middle\" width=\"32\"><\/td>\n<td valign=\"middle\">Lichttemperatur:<\/td>\n<td valign=\"middle\">3000K - 4000K<\/td>\n<\/tr>\n<tr class=\"odd\">\n<td valign=\"middle\" width=\"32\"><\/td>\n<td valign=\"middle\">CRI - Farbwiedergabeindex:<\/td>\n<td valign=\"middle\">92<\/td>\n<\/tr>\n<tr class=\"even\">\n<td valign=\"middle\" width=\"32\"><\/td>\n<td valign=\"middle\">Baumaterial:<\/td>\n<td valign=\"middle\">Aluminium +PMMA<\/td>\n<\/tr>\n<tr class=\"odd\">\n<td valign=\"middle\" width=\"32\"><\/td>\n<td valign=\"middle\">Leuchtkraft-Lm:<\/td>\n<td valign=\"middle\">5600<\/td>\n<\/tr>\n<tr class=\"even\">\n<td valign=\"middle\" width=\"32\"><\/td>\n<td valign=\"middle\">Art der LEDs:<\/td>\n<td valign=\"middle\">COB<\/td>\n<\/tr>\n<tr class=\"odd\">\n<td valign=\"middle\" width=\"32\"><\/td>\n<td valign=\"middle\">\u00d6ffnungswinkel (\u00ba):<\/td>\n<td valign=\"middle\">Auswechselbare Winkel: 24\u00ba - 60\u00ba.<\/td>\n<\/tr>\n<tr class=\"even\">\n<td valign=\"middle\" width=\"32\"><\/td>\n<td valign=\"middle\">Effizienz der LED-Diode (Lm\/W):<\/td>\n<td valign=\"middle\">160 Lm\/w<\/td>\n<\/tr>\n<tr class=\"odd\">\n<td valign=\"middle\" width=\"32\"><\/td>\n<td valign=\"middle\">Lichtausbeute (Lm\/W):<\/td>\n<td valign=\"middle\">140 Lm\/W<\/td>\n<\/tr>\n<tr class=\"even\">\n<td valign=\"middle\" width=\"32\"><\/td>\n<td valign=\"middle\">Bescheinigungen:<\/td>\n<td valign=\"middle\">CE - ROHS<\/td>\n<\/tr>\n<\/tbody>\n<\/table>\n<\/div>\n<div class=\"col-xs-12 col-md-6 2\">\n<table class=\"table table-data-sheet 2\">\n<tbody>\n<tr class=\"odd\">\n<td valign=\"middle\" width=\"32\"><\/td>\n<td valign=\"middle\">Gesch\u00e4tzte Lebensdauer der LED-Diode (H):<\/td>\n<td valign=\"middle\">30.000<\/td>\n<\/tr>\n<tr class=\"even\">\n<td valign=\"middle\" width=\"32\"><\/td>\n<td valign=\"middle\">Leistungsfaktor (PF):<\/td>\n<td valign=\"middle\">0.91<\/td>\n<\/tr>\n<tr class=\"odd\">\n<td valign=\"middle\" width=\"32\"><\/td>\n<td valign=\"middle\">Arbeitsfrequenz (Hz):<\/td>\n<td valign=\"middle\">50\/60Hz<\/td>\n<\/tr>\n<tr class=\"even\">\n<td valign=\"middle\" width=\"32\"><\/td>\n<td valign=\"middle\">Temperaturbereich (\u00baC):<\/td>\n<td valign=\"middle\">25\u00baC ~ 45\u00baC<\/td>\n<\/tr>\n<tr class=\"odd\">\n<td valign=\"middle\" width=\"32\"><\/td>\n<td valign=\"middle\">Z\u00fcndungszyklen:<\/td>\n<td valign=\"middle\">100.000<\/td>\n<\/tr>\n<tr class=\"even\">\n<td valign=\"middle\" width=\"32\"><\/td>\n<td valign=\"middle\">Einschaltzeit (s):<\/td>\n<td valign=\"middle\">0,2s<\/td>\n<\/tr>\n<tr class=\"odd\">\n<td valign=\"middle\" width=\"32\"><\/td>\n<td valign=\"middle\">Blendungsindex (UGR):<\/td>\n<td valign=\"middle\">13<\/td>\n<\/tr>\n<tr class=\"even\">\n<td valign=\"middle\" width=\"32\"><\/td>\n<td valign=\"middle\">Treiber enthalten:<\/td>\n<td valign=\"middle\">Fahrer No Flick<\/td>\n<\/tr>\n<tr class=\"odd\">\n<td valign=\"middle\" width=\"32\"><\/td>\n<td valign=\"middle\">Energieklasse (2021-EU-2019\/2015):<\/td>\n<td valign=\"middle\">A++<\/td>\n<\/tr>\n<tr class=\"even\">\n<td valign=\"middle\" width=\"32\"><\/td>\n<td valign=\"middle\">Energieklasse (2023 - EU-2019\/2015):<\/td>\n<td valign=\"middle\">D<\/td>\n<\/tr>\n<tr class=\"odd\">\n<td valign=\"middle\" width=\"32\"><\/td>\n<td valign=\"middle\">Gew\u00e4hrleistungsjahre:<\/td>\n<td valign=\"middle\">5<\/td>\n<\/tr>\n<\/tbody>\n<\/table>\n<\/div>\n<\/div>","protected":false},"excerpt":{"rendered":"<div class=\"col-md-12\"><i class=\"fa fa-truck\"><\/i>&nbsp;<span class=\"text-muted textprop\">Lieferung innerhalb von 24\/48 Stunden<\/span><div class=\"col-md-12\"><i class=\"fa fa-exchange\"><\/i>&nbsp;<span class=\"text-muted textprop\">Versicherte Garantie<\/span><\/div><div class=\"col-md-12\"><i class=\"fa fa-box\"><\/i>&nbsp;<span class=\"text-muted textprop\">20 Einheit(en) pro Masterbox<\/span><\/div><div><strong>FARBTEMPERATUR: 3000K\/4000K<\/strong><\/div><\/div>","protected":false},"featured_media":5235,"template":"","meta":{"site-sidebar-layout":"default","site-content-layout":"default","ast-global-header-display":"","ast-main-header-display":"","ast-hfb-above-header-display":"","ast-hfb-below-header-display":"","ast-hfb-mobile-header-display":"","site-post-title":"","ast-breadcrumbs-content":"","ast-featured-img":"","footer-sml-layout":"","theme-transparent-header-meta":"default","adv-header-id-meta":"","stick-header-meta":"","header-above-stick-meta":"","header-main-stick-meta":"","header-below-stick-meta":""},"product_cat":[32,76,42],"product_tag":[],"class_list":["post-5233","product","type-product","status-publish","has-post-thumbnail","hentry","product_cat-iluminacion-comercial-para-tienda","product_cat-iluminacion-led-carril","product_cat-mas-vendidos"],"_links":{"self":[{"href":"https:\/\/starlediluminacion.com\/de\/wp-json\/wp\/v3\/product\/5233","targetHints":{"allow":["GET"]}}],"collection":[{"href":"https:\/\/starlediluminacion.com\/de\/wp-json\/wp\/v3\/product"}],"about":[{"href":"https:\/\/starlediluminacion.com\/de\/wp-json\/wp\/v2\/types\/product"}],"wp:featuredmedia":[{"embeddable":true,"href":"https:\/\/starlediluminacion.com\/de\/wp-json\/wp\/v2\/media\/5235"}],"wp:attachment":[{"href":"https:\/\/starlediluminacion.com\/de\/wp-json\/wp\/v2\/media?parent=5233"}],"wp:term":[{"taxonomy":"product_cat","embeddable":true,"href":"https:\/\/starlediluminacion.com\/de\/wp-json\/wp\/v2\/product_cat?post=5233"},{"taxonomy":"product_tag","embeddable":true,"href":"https:\/\/starlediluminacion.com\/de\/wp-json\/wp\/v2\/product_tag?post=5233"}],"curies":[{"name":"wp","href":"https:\/\/api.w.org\/{rel}","templated":true}]}}