{"id":5207,"date":"2022-08-12T09:37:14","date_gmt":"2022-08-12T09:37:14","guid":{"rendered":"https:\/\/starlediluminacion.com\/?post_type=product&#038;p=5207"},"modified":"2025-10-18T09:28:19","modified_gmt":"2025-10-18T09:28:19","slug":"foco-led-75w-lineal-arendal-philips-xitanium-blanco-carril-trifasico-58cm","status":"publish","type":"product","link":"https:\/\/starlediluminacion.com\/de\/product\/foco-led-75w-lineal-arendal-philips-xitanium-blanco-carril-trifasico-58cm\/","title":{"rendered":"<p>arendal led-strahler 75w linear xitanium wei\u00df dreiphasige schiene - 58cm<\/p>"},"content":{"rendered":"<div class=\"product-info-line\">\n<p id=\"product_reference\"><label>referencia: slt07a58<br>\n<\/label><\/p>\n<p>auf&nbsp;<strong>foco led lineal -arendal- &nbsp; xitanium&nbsp; -de 58cm y 75w<\/strong>&nbsp;f\u00fcr&nbsp;<strong>Drehstromschiene<\/strong>&nbsp;eignet sich perfekt als Einstimmungslicht in jedem Stromschienensystem und ist somit die perfekte L\u00f6sung, um Ihr Unternehmen zu pr\u00e4sentieren und gleichzeitig bis zu 85% an Stromkosten zu sparen.<\/p>\n<h1>foco led 75w lineal arendal &nbsp; xitanium&nbsp;blanco carril trif&aacute;sico &ndash; 58cm&nbsp;&ndash; 90&ordm;+da25&ordm;<\/h1>\n<p>auf&nbsp;<strong>foco&nbsp;led arendal&nbsp;<\/strong>von&nbsp;<strong>75w&nbsp;<\/strong>se caracteriza porque tiene un dise&ntilde;o que combinar&aacute; con cualquier estilo y unas excelentes prestaciones. el&nbsp;<strong>LED-Strahler<\/strong><strong>&nbsp;<\/strong>ist ideal, um jeden Ort zu beleuchten, den Sie hervorheben wollen, es ist auch perfekt f\u00fcr Situationen in R\u00e4umen, die f\u00fcr Klasse und Unterscheidung in seiner Beleuchtung Netzwerk suchen auch die in verschiedenen Temperaturen.<\/p>\n<p>su dise&ntilde;o en color&nbsp;<strong>wei\u00df<\/strong>&nbsp;es ideal para crear ambientes minimalistas mientras resaltas los espacios que necesites destacar. su instalaci&oacute;n es sencilla para ser colocado en&nbsp;el soporte trif&aacute;sico, ahora la decoraci&oacute;n esta en tus manos y del modo m&aacute;s sencillo.<\/p>\n<p>este producto ha sido fabricado para un uso especial de interiores, por ello su protecci&oacute;n&nbsp;<strong>ip20&nbsp;<\/strong>und dank seiner&nbsp;<strong>&aacute;ngulo de 90&ordm;+da25&ordm;<\/strong>&nbsp;k\u00f6nnen Sie gro\u00dfe R\u00e4ume beleuchten und Ihre Stromrechnung senken.<\/p>\n<p>unser&nbsp;<strong>LED-Strahler<\/strong>&nbsp;lineal arendal&nbsp;consigue que ahorremos hasta un 85% en nuestra factura.<\/p>\n<p>el foco led lineal arendal dispone de un selector en donde podr&aacute;s cambiar la potencia entre un rango de 40w a 75w (40w &ndash; 45w &ndash; 50w &ndash; 55w &ndash; 60w &ndash; 65w &ndash; 70w &ndash; 75w)<\/p>\n<h2>usos para&nbsp;foco led 66w lineal arendal&nbsp;&nbsp; xitanium&nbsp; blanco carril trif&aacute;sico &ndash; 150cm:<\/h2>\n<ul>\n<li>escaparates<\/li>\n<li>B\u00fcros<\/li>\n<li>galer&iacute;as de arte<\/li>\n<li>Museen<\/li>\n<li>Superm\u00e4rkte<\/li>\n<li>hipermercados<\/li>\n<li>galer&iacute;as de alimentaci&oacute;n<\/li>\n<\/ul>\n<h3 class=\"page-product-heading\">technische Details<\/h3>\n<div class=\"col-xs-12 col-md-6\">\n<table class=\"table table-data-sheet 1\">\n<tbody>\n<tr class=\"odd\">\n<td valign=\"middle\" width=\"32\"><\/td>\n<td valign=\"middle\">Hinweis :<\/td>\n<td valign=\"middle\">slt07a58<\/td>\n<\/tr>\n<tr class=\"even\">\n<td valign=\"middle\" width=\"32\"><\/td>\n<td valign=\"middle\">Nennleistung :<\/td>\n<td valign=\"middle\">40w \u2013 45w \u2013 50w \u2013 55w \u2013 60w \u2013 65w \u2013 70w \u2013 75w<\/td>\n<\/tr>\n<tr class=\"odd\">\n<td valign=\"middle\" width=\"32\"><\/td>\n<td valign=\"middle\">Nennspannung:<\/td>\n<td valign=\"middle\">220-240v<\/td>\n<\/tr>\n<tr class=\"even\">\n<td valign=\"middle\" width=\"32\"><\/td>\n<td valign=\"middle\">Lichttemperatur:<\/td>\n<td valign=\"middle\">4000k-6000k<\/td>\n<\/tr>\n<tr class=\"odd\">\n<td valign=\"middle\" width=\"32\"><\/td>\n<td valign=\"middle\">cri -index chromatische Wiedergabe:<\/td>\n<td valign=\"middle\">80<\/td>\n<\/tr>\n<tr class=\"even\">\n<td valign=\"middle\" width=\"32\"><\/td>\n<td valign=\"middle\">Baumaterial:<\/td>\n<td valign=\"middle\">Aluminium +pmma<\/td>\n<\/tr>\n<tr class=\"odd\">\n<td valign=\"middle\" width=\"32\"><\/td>\n<td valign=\"middle\">Leuchtkraft-lm:<\/td>\n<td valign=\"middle\">75w: 10500lm<\/td>\n<\/tr>\n<tr class=\"even\">\n<td valign=\"middle\" width=\"32\"><\/td>\n<td valign=\"middle\">Art der LEDs:<\/td>\n<td valign=\"middle\">smd2835 bridgelux chip<\/td>\n<\/tr>\n<tr class=\"odd\">\n<td valign=\"middle\" width=\"32\"><\/td>\n<td valign=\"middle\">\u00d6ffnungswinkel (\u00ba):<\/td>\n<td valign=\"middle\">asymmetric: 90&ordm; + da25&ordm;<\/td>\n<\/tr>\n<tr class=\"even\">\n<td valign=\"middle\" width=\"32\"><\/td>\n<td valign=\"middle\">Wirkungsgrad der LED-Diode (lm\/w):<\/td>\n<td valign=\"middle\">160 lm\/W<\/td>\n<\/tr>\n<tr class=\"odd\">\n<td valign=\"middle\" width=\"32\"><\/td>\n<td valign=\"middle\">Lichtausbeute (lm\/w):<\/td>\n<td valign=\"middle\">140 lm\/W<\/td>\n<\/tr>\n<tr class=\"even\">\n<td valign=\"middle\" width=\"32\"><\/td>\n<td valign=\"middle\">Zertifikate:<\/td>\n<td valign=\"middle\">enec tuv cb gs ce rohs<\/td>\n<\/tr>\n<tr class=\"odd\">\n<td valign=\"middle\" width=\"32\"><\/td>\n<td valign=\"middle\">Grad von ip:<\/td>\n<td valign=\"middle\">ip20<\/td>\n<\/tr>\n<\/tbody>\n<\/table>\n<\/div>\n<div class=\"col-xs-12 col-md-6 2\">\n<table class=\"table table-data-sheet 2\">\n<tbody>\n<tr class=\"odd\">\n<td valign=\"middle\" width=\"32\"><\/td>\n<td valign=\"middle\">gesch\u00e4tzte Lebensdauer der LED-Diode (h):<\/td>\n<td valign=\"middle\">35.000<\/td>\n<\/tr>\n<tr class=\"even\">\n<td valign=\"middle\" width=\"32\"><\/td>\n<td valign=\"middle\">Abmessungen (mm):<\/td>\n<td valign=\"middle\">630x240x160mm<\/td>\n<\/tr>\n<tr class=\"odd\">\n<td valign=\"middle\" width=\"32\"><\/td>\n<td valign=\"middle\">Leistungsfaktor (pf):<\/td>\n<td valign=\"middle\">0.98<\/td>\n<\/tr>\n<tr class=\"even\">\n<td valign=\"middle\" width=\"32\"><\/td>\n<td valign=\"middle\">Arbeitsfrequenz (hz):<\/td>\n<td valign=\"middle\">50\/60hz<\/td>\n<\/tr>\n<tr class=\"odd\">\n<td valign=\"middle\" width=\"32\"><\/td>\n<td valign=\"middle\">Temperaturbereich (\u00baC):<\/td>\n<td valign=\"middle\">-20\u00ba ~ +40\u00ba.<\/td>\n<\/tr>\n<tr class=\"even\">\n<td valign=\"middle\" width=\"32\"><\/td>\n<td valign=\"middle\">Z\u00fcndzyklen:<\/td>\n<td valign=\"middle\">100.000<\/td>\n<\/tr>\n<tr class=\"odd\">\n<td valign=\"middle\" width=\"32\"><\/td>\n<td valign=\"middle\">Anlaufzeit (s):<\/td>\n<td valign=\"middle\">0,2s<\/td>\n<\/tr>\n<tr class=\"even\">\n<td valign=\"middle\" width=\"32\"><\/td>\n<td valign=\"middle\">Aufprallschutz (IK):<\/td>\n<td valign=\"middle\">ik10<\/td>\n<\/tr>\n<tr class=\"odd\">\n<td valign=\"middle\" width=\"32\"><\/td>\n<td valign=\"middle\">Treiber enthalten:<\/td>\n<td valign=\"middle\"> xitanium 100.000h.<\/td>\n<\/tr>\n<tr class=\"even\">\n<td valign=\"middle\" width=\"32\"><\/td>\n<td valign=\"middle\">Energieklasse (2021-EU-2019\/2015):<\/td>\n<td valign=\"middle\">a+<\/td>\n<\/tr>\n<tr class=\"odd\">\n<td valign=\"middle\" width=\"32\"><\/td>\n<td valign=\"middle\">Garantiejahre:<\/td>\n<td valign=\"middle\">5<\/td>\n<\/tr>\n<tr class=\"even\">\n<td valign=\"middle\" width=\"32\"><\/td>\n<td valign=\"middle\">color de cuerpo:<\/td>\n<td valign=\"middle\">wei\u00df<\/td>\n<\/tr>\n<\/tbody>\n<\/table>\n<\/div>\n<\/div>","protected":false},"excerpt":{"rendered":"<div class=\"col-md-12\"><i class=\"fa fa-truck\"><\/i>&nbsp;<span class=\"text-muted textprop\">Lieferung innerhalb von 24\/48 Stunden<\/span><div class=\"col-md-12\"><i class=\"fa fa-exchange\"><\/i>&nbsp;<span class=\"text-muted textprop\">Versicherte Garantie<\/span><\/div><div class=\"col-md-12\"><i class=\"fa fa-box\"><\/i>&nbsp;<span class=\"text-muted textprop\">6 Einheit(en) pro Masterbox<\/span><\/div><\/div>","protected":false},"featured_media":0,"template":"","meta":{"site-sidebar-layout":"default","site-content-layout":"default","ast-global-header-display":"","ast-main-header-display":"","ast-hfb-above-header-display":"","ast-hfb-below-header-display":"","ast-hfb-mobile-header-display":"","site-post-title":"","ast-breadcrumbs-content":"","ast-featured-img":"","footer-sml-layout":"","theme-transparent-header-meta":"default","adv-header-id-meta":"","stick-header-meta":"","header-above-stick-meta":"","header-main-stick-meta":"","header-below-stick-meta":""},"product_cat":[32,76],"product_tag":[],"class_list":["post-5207","product","type-product","status-publish","hentry","product_cat-iluminacion-comercial-para-tienda","product_cat-iluminacion-led-carril"],"_links":{"self":[{"href":"https:\/\/starlediluminacion.com\/de\/wp-json\/wp\/v3\/product\/5207","targetHints":{"allow":["GET"]}}],"collection":[{"href":"https:\/\/starlediluminacion.com\/de\/wp-json\/wp\/v3\/product"}],"about":[{"href":"https:\/\/starlediluminacion.com\/de\/wp-json\/wp\/v2\/types\/product"}],"wp:attachment":[{"href":"https:\/\/starlediluminacion.com\/de\/wp-json\/wp\/v2\/media?parent=5207"}],"wp:term":[{"taxonomy":"product_cat","embeddable":true,"href":"https:\/\/starlediluminacion.com\/de\/wp-json\/wp\/v2\/product_cat?post=5207"},{"taxonomy":"product_tag","embeddable":true,"href":"https:\/\/starlediluminacion.com\/de\/wp-json\/wp\/v2\/product_tag?post=5207"}],"curies":[{"name":"wp","href":"https:\/\/api.w.org\/{rel}","templated":true}]}}