{"id":5166,"date":"2022-08-12T08:46:49","date_gmt":"2022-08-12T08:46:49","guid":{"rendered":"https:\/\/starlediluminacion.com\/?post_type=product&#038;p=5166"},"modified":"2025-10-18T09:59:30","modified_gmt":"2025-10-18T09:59:30","slug":"driver-philips-xitanium-para-luminarias-led-de-hasta-200w-2800-ma-5-anos-garantia","status":"publish","type":"product","link":"https:\/\/starlediluminacion.com\/de\/product\/treiber-philips-xitanium-treiber-fur-led-leuchten-bis-200w-2800-ma-5-jahre-garantie\/","title":{"rendered":"<p>driver  xitanium para luminarias led de hasta 200w &ndash; 2800 ma &ndash; 5 a&ntilde;os garantia<\/p>"},"content":{"rendered":"<div class=\"product-info-line\">\n<p id=\"product_reference\"><label>referencia: slxitanium-200w<br>\n<\/label><\/p>\n<p>auf<strong>&nbsp;Xitanium-Treiber&nbsp;<\/strong>f\u00fcr Leuchten<strong>&nbsp;led de 200w,<\/strong>&nbsp;ist eingerichtet f\u00fcr<strong>&nbsp;100.000 Stunden.&nbsp;<\/strong>Der \u00dcberspannungsschutz ist im Treiber selbst integriert.<\/p>\n<p>entrada: ac198-264v&nbsp; salida dc71-21v<\/p>\n<p>iout: 2.8-5.6adc&nbsp; (amperios dc)<\/p>\n<h1>driver  xitanium para luminarias led de hasta 200w &ndash; 2800ma &ndash; 5 a&ntilde;os garant&iacute;a<\/h1>\n<p>&nbsp;<\/p>\n<p>die&nbsp;<strong>Taucher Xitan <\/strong>&nbsp;sind speziell f\u00fcr maximale Zuverl\u00e4ssigkeit und Flexibilit\u00e4t bei Niederspannungsanwendungen im Freien konzipiert.<\/p>\n<p>mit einem \u00dcberspannungsschutz ausgestattet sind, sind diese Taucher sehr langlebig mit einer&nbsp;<strong>Lebensdauer von 100.000 Stunden<\/strong>&nbsp;die f\u00fcr eine gleichbleibend hohe Leistung der Leuchten sorgen, auch nach mehreren indirekten Blitzeinschl\u00e4gen (Sonderschutz f\u00fcr den Au\u00dfenbereich).<\/p>\n<p>&nbsp;<\/p>\n<h2><strong>Vorteile:<\/strong><\/h2>\n<p>? der Niederspannungs-\/Hochstromausgang ist auf die Anwendung der Leuchte abgestimmt<br>\nvon parallel geschalteten LED-Strings.<\/p>\n<p>? das Geh\u00e4use wird&nbsp;<strong>ip65<\/strong>&nbsp;kann direkt im Freien platziert werden.<\/p>\n<p>? schnelle L\u00f6sung ohne Neukonstruktion der Leuchte (perfekt f\u00fcr Tunnelbeleuchtungsanwendungen).<\/p>\n<p>? aoc (<strong>einstellbarer Ausgangsstrom<\/strong>) bietet die volle Flexibilit\u00e4t, verschiedene Datenstr\u00f6me f\u00fcr verschiedene Projekte zu spezifizieren.<\/p>\n<p>? einfache Einstellung des Ausgangsstroms\/der Ausgangsspannung mittels eines einfachen Schraubendrehers.<\/p>\n<p>? robuste Spezifikationen zum Schutz vor Feuchtigkeit, Vibrationen und extremen Temperaturen.<\/p>\n<p>? hohe Lichtqualit\u00e4t w\u00e4hrend des gesamten Lebenszyklus des Treibers.<\/p>\n<h2><\/h2>\n<h2>aplicaciones del driver  xitanium para luminarias led de hasta 200w &ndash; 2800ma &ndash; 5 a&ntilde;os garant&iacute;a<\/h2>\n<p>? \u00f6ffentliche und Stra\u00dfenbeleuchtung.<br>\n? Ausleuchtung gro\u00dfer Fl\u00e4chen.<br>\n? die Tunnelbeleuchtung.<br>\n? die Beleuchtung in gro\u00dfer H\u00f6he.<\/p>\n<h3 class=\"page-product-heading\">technische Details<\/h3>\n<div class=\"col-xs-12 col-md-6\">\n<table class=\"table table-data-sheet 1\">\n<tbody>\n<tr class=\"odd\">\n<td valign=\"middle\" width=\"32\"><\/td>\n<td valign=\"middle\">Hinweis :<\/td>\n<td valign=\"middle\">slxitanium-200w<\/td>\n<\/tr>\n<tr class=\"even\">\n<td valign=\"middle\" width=\"32\"><\/td>\n<td valign=\"middle\">Nennleistung :<\/td>\n<td valign=\"middle\">200w<\/td>\n<\/tr>\n<tr class=\"odd\">\n<td valign=\"middle\" width=\"32\"><\/td>\n<td valign=\"middle\">Nennspannung:<\/td>\n<td valign=\"middle\">198-264v<\/td>\n<\/tr>\n<tr class=\"even\">\n<td valign=\"middle\" width=\"32\"><\/td>\n<td valign=\"middle\">Baumaterial:<\/td>\n<td valign=\"middle\">Aluminium<\/td>\n<\/tr>\n<tr class=\"odd\">\n<td valign=\"middle\" width=\"32\"><\/td>\n<td valign=\"middle\">Zertifikate:<\/td>\n<td valign=\"middle\">ce - enec 05 - ccc - rohs<\/td>\n<\/tr>\n<tr class=\"even\">\n<td valign=\"middle\" width=\"32\"><\/td>\n<td valign=\"middle\">Grad von ip:<\/td>\n<td valign=\"middle\">ip65-au\u00dfen<\/td>\n<\/tr>\n<\/tbody>\n<\/table>\n<\/div>\n<div class=\"col-xs-12 col-md-6 2\">\n<table class=\"table table-data-sheet 2\">\n<tbody>\n<tr class=\"odd\">\n<td valign=\"middle\" width=\"32\"><\/td>\n<td valign=\"middle\">Abmessungen (mm):<\/td>\n<td valign=\"middle\">230*65*h45mm<\/td>\n<\/tr>\n<tr class=\"even\">\n<td valign=\"middle\" width=\"32\"><\/td>\n<td valign=\"middle\">Leistungsfaktor (pf):<\/td>\n<td valign=\"middle\">0.99<\/td>\n<\/tr>\n<tr class=\"odd\">\n<td valign=\"middle\" width=\"32\"><\/td>\n<td valign=\"middle\">Arbeitsfrequenz (hz):<\/td>\n<td valign=\"middle\">50\/60hz<\/td>\n<\/tr>\n<tr class=\"even\">\n<td valign=\"middle\" width=\"32\"><\/td>\n<td valign=\"middle\">Temperaturbereich (\u00baC):<\/td>\n<td valign=\"middle\">-40&ordm;c +50&ordm;c<\/td>\n<\/tr>\n<tr class=\"odd\">\n<td valign=\"middle\" width=\"32\"><\/td>\n<td valign=\"middle\">zus\u00e4tzliche Informationen:<\/td>\n<td valign=\"middle\">inside: ac220-240v &ndash; outside: dc71-21v &mdash; 2.8a-5.6adc<\/td>\n<\/tr>\n<tr class=\"even\">\n<td valign=\"middle\" width=\"32\"><\/td>\n<td valign=\"middle\">Garantiejahre:<\/td>\n<td valign=\"middle\"> xitanium 5 Jahre<\/td>\n<\/tr>\n<\/tbody>\n<\/table>\n<p>&nbsp;<\/p>\n<\/div>\n<\/div>","protected":false},"excerpt":{"rendered":"<div class=\"col-md-12\"><i class=\"fa fa-truck\"><\/i>&nbsp;<span class=\"text-muted textprop\">Lieferung innerhalb von 24\/48 Stunden<\/span><div class=\"col-md-12\"><i class=\"fa fa-exchange\"><\/i>&nbsp;<span class=\"text-muted textprop\">Versicherte Garantie<\/span><\/div><div class=\"col-md-12\"><i class=\"fa fa-box\"><\/i>&nbsp;<span class=\"text-muted textprop\">1 Einheit(en) pro Masterbox<\/span><\/div><\/div>","protected":false},"featured_media":0,"template":"","meta":{"site-sidebar-layout":"default","site-content-layout":"default","ast-global-header-display":"","ast-main-header-display":"","ast-hfb-above-header-display":"","ast-hfb-below-header-display":"","ast-hfb-mobile-header-display":"","site-post-title":"","ast-breadcrumbs-content":"","ast-featured-img":"","footer-sml-layout":"","theme-transparent-header-meta":"default","adv-header-id-meta":"","stick-header-meta":"","header-above-stick-meta":"","header-main-stick-meta":"","header-below-stick-meta":""},"product_cat":[75,35],"product_tag":[],"class_list":["post-5166","product","type-product","status-publish","hentry","product_cat-drivers-led","product_cat-fuentes-de-alimentacion-y-driver"],"_links":{"self":[{"href":"https:\/\/starlediluminacion.com\/de\/wp-json\/wp\/v3\/product\/5166","targetHints":{"allow":["GET"]}}],"collection":[{"href":"https:\/\/starlediluminacion.com\/de\/wp-json\/wp\/v3\/product"}],"about":[{"href":"https:\/\/starlediluminacion.com\/de\/wp-json\/wp\/v2\/types\/product"}],"wp:attachment":[{"href":"https:\/\/starlediluminacion.com\/de\/wp-json\/wp\/v2\/media?parent=5166"}],"wp:term":[{"taxonomy":"product_cat","embeddable":true,"href":"https:\/\/starlediluminacion.com\/de\/wp-json\/wp\/v2\/product_cat?post=5166"},{"taxonomy":"product_tag","embeddable":true,"href":"https:\/\/starlediluminacion.com\/de\/wp-json\/wp\/v2\/product_tag?post=5166"}],"curies":[{"name":"wp","href":"https:\/\/api.w.org\/{rel}","templated":true}]}}