{"id":5058,"date":"2022-08-11T19:52:04","date_gmt":"2022-08-11T19:52:04","guid":{"rendered":"https:\/\/starlediluminacion.com\/?post_type=product&#038;p=5058"},"modified":"2022-08-11T19:52:05","modified_gmt":"2022-08-11T19:52:05","slug":"fuente-alimentacion-profesional-24v-200w-ecoled-ip67-tuv","status":"publish","type":"product","link":"https:\/\/starlediluminacion.com\/de\/product\/fuente-alimentacion-profesional-24v-200w-ecoled-ip67-tuv\/","title":{"rendered":"<p>24V 200W PROFESSIONELLE STROMVERSORGUNG - ECOLED - IP67 - T\u00dcV<\/p>"},"content":{"rendered":"<div class=\"product-info-line\">\n<p id=\"product_reference\"><label>REFERENZ: SL<span style=\"font-size: 16px;\">FAECOLED200W24V<\/span><\/label><\/p>\n<div class=\"hidden-xs parrafo\">\n<p dir=\"ltr\"><strong>Professioneller Transformator&nbsp;<\/strong>von&nbsp;<strong>200W<\/strong>&nbsp;a&nbsp;<strong>24 Volt<\/strong>Die Lampe ECOLED LUZNEGRA der renommierten Marke ECOLED LUZNEGRA hat die F\u00e4higkeit, Wechselstrom in Gleichstrom umzuwandeln. Sie hat auch&nbsp;<strong>T\u00dcV-zertifiziert. Produkt f\u00fcr den Einsatz 24 Stunden\/365 Tage im Jahr.&nbsp;<\/strong>&nbsp;<strong>5 Jahre Garantie.<\/strong><\/p>\n<h1>Fuente Alimentaci&oacute;n 24V 200W &ndash; ECOLED &ndash; IP67-T&Uuml;V<\/h1>\n<p dir=\"ltr\">Diese<strong>&nbsp;Stromzufuhr<\/strong>&nbsp;Mit ECOLED k\u00f6nnen Sie Wechselstrom (AC) aus dem Stromnetz in Gleichstrom (DC) aus dem Stromnetz umwandeln.&nbsp;<strong>24 Volt.<\/strong>&nbsp;Sie hat eine Kraft von&nbsp;<strong>200W<\/strong>.<\/p>\n<p dir=\"ltr\">Sein Geh\u00e4use macht ihn zu einem sto\u00dffesten und dennoch leichten Produkt.<\/p>\n<p dir=\"ltr\">Das Produkt ist gegen \u00dcberlast und Kurzschluss gesch\u00fctzt.<\/p>\n<p dir=\"ltr\">Dieses Produkt hat alle&nbsp;<strong>CE-, ROHS- und T\u00dcV-Zertifikate<\/strong>&nbsp;die die hohe Qualit\u00e4t des Produkts gew\u00e4hrleisten: Einhaltung der europ\u00e4ischen Beleuchtungsnormen EN-61347-1-2-13, EN-61547, EN-61000-3-2, EN-62384, EN-55015.<\/p>\n<p>&nbsp;<\/p>\n<h2 dir=\"ltr\">Usos de la fuente Alimentaci&oacute;n 24V 200W &ndash; ECOLED &ndash; IP67<\/h2>\n<p dir=\"ltr\">Obwohl ihre Verwendungszwecke vielf\u00e4ltig sind, werden sie am h\u00e4ufigsten bei der Installation von Beleuchtungssystemen verwendet, die aus Leisten bestehen.&nbsp;<strong>LED<\/strong>.<\/p>\n<h3 class=\"page-product-heading\">TECHNISCHE DATEN<\/h3>\n<div class=\"col-xs-12 col-md-6\">\n<table class=\"table table-data-sheet 1\">\n<tbody>\n<tr class=\"odd\">\n<td valign=\"middle\" width=\"32\"><\/td>\n<td valign=\"middle\">REFERENZEN :<\/td>\n<td valign=\"middle\">SLFAECOLED200W24V<\/td>\n<\/tr>\n<tr class=\"even\">\n<td valign=\"middle\" width=\"32\"><\/td>\n<td valign=\"middle\">Nennleistung :<\/td>\n<td valign=\"middle\">200w<\/td>\n<\/tr>\n<tr class=\"odd\">\n<td valign=\"middle\" width=\"32\"><\/td>\n<td valign=\"middle\">Nennspannung:<\/td>\n<td valign=\"middle\">85V-265V<\/td>\n<\/tr>\n<tr class=\"even\">\n<td valign=\"middle\" width=\"32\"><\/td>\n<td valign=\"middle\">Baumaterial:<\/td>\n<td valign=\"middle\">Thermoplastisches Flammschutzmittel<\/td>\n<\/tr>\n<tr class=\"odd\">\n<td valign=\"middle\" width=\"32\"><\/td>\n<td valign=\"middle\">Bescheinigungen:<\/td>\n<td valign=\"middle\">CE - ROHS<\/td>\n<\/tr>\n<tr class=\"even\">\n<td valign=\"middle\" width=\"32\"><\/td>\n<td valign=\"middle\">IP-Bewertung:<\/td>\n<td valign=\"middle\">IP67-Au\u00dfenbereich<\/td>\n<\/tr>\n<tr class=\"odd\">\n<td valign=\"middle\" width=\"32\"><\/td>\n<td valign=\"middle\">Gesch\u00e4tzte Lebensdauer der LED-Diode (H):<\/td>\n<td valign=\"middle\">50.000<\/td>\n<\/tr>\n<tr class=\"even\">\n<td valign=\"middle\" width=\"32\"><\/td>\n<td valign=\"middle\">Abmessungen (mm):<\/td>\n<td valign=\"middle\">230x90x43mm<\/td>\n<\/tr>\n<\/tbody>\n<\/table>\n<\/div>\n<div class=\"col-xs-12 col-md-6 2\">\n<table class=\"table table-data-sheet 2\">\n<tbody>\n<tr class=\"odd\">\n<td valign=\"middle\" width=\"32\"><\/td>\n<td valign=\"middle\">Leistungsfaktor (PF):<\/td>\n<td valign=\"middle\">0,95<\/td>\n<\/tr>\n<tr class=\"even\">\n<td valign=\"middle\" width=\"32\"><\/td>\n<td valign=\"middle\">Arbeitsfrequenz (Hz):<\/td>\n<td valign=\"middle\">50\/60Hz<\/td>\n<\/tr>\n<tr class=\"odd\">\n<td valign=\"middle\" width=\"32\"><\/td>\n<td valign=\"middle\">Temperaturbereich (\u00baC):<\/td>\n<td valign=\"middle\">-20\u00b0C ~ +55\u00b0C<\/td>\n<\/tr>\n<tr class=\"even\">\n<td valign=\"middle\" width=\"32\"><\/td>\n<td valign=\"middle\">Z\u00fcndungszyklen:<\/td>\n<td valign=\"middle\">100.000<\/td>\n<\/tr>\n<tr class=\"odd\">\n<td valign=\"middle\" width=\"32\"><\/td>\n<td valign=\"middle\">Einschaltzeit (s):<\/td>\n<td valign=\"middle\">0,2s<\/td>\n<\/tr>\n<tr class=\"even\">\n<td valign=\"middle\" width=\"32\"><\/td>\n<td valign=\"middle\">Energieklasse (2021-EU-2019\/2015):<\/td>\n<td valign=\"middle\">A++<\/td>\n<\/tr>\n<tr class=\"odd\">\n<td valign=\"middle\" width=\"32\"><\/td>\n<td valign=\"middle\">Gew\u00e4hrleistungsjahre:<\/td>\n<td valign=\"middle\">5<\/td>\n<\/tr>\n<\/tbody>\n<\/table>\n<\/div>\n<\/div>\n<\/div>","protected":false},"excerpt":{"rendered":"<div class=\"col-md-12\"><i class=\"fa fa-truck\"><\/i>&nbsp;<span class=\"text-muted textprop\">Lieferung innerhalb von 24\/48 Stunden<\/span><div class=\"col-md-12\"><i class=\"fa fa-exchange\"><\/i>&nbsp;<span class=\"text-muted textprop\">Versicherte Garantie<\/span><\/div><div class=\"col-md-12\"><i class=\"fa fa-box\"><\/i>&nbsp;<span class=\"text-muted textprop\">12 Einheit(en) pro Masterbox<\/span><\/div><div class=\"col-md-12 certificados\"><\/div><\/div>","protected":false},"featured_media":5064,"template":"","meta":{"site-sidebar-layout":"default","site-content-layout":"default","ast-global-header-display":"","ast-main-header-display":"","ast-hfb-above-header-display":"","ast-hfb-below-header-display":"","ast-hfb-mobile-header-display":"","site-post-title":"","ast-breadcrumbs-content":"","ast-featured-img":"","footer-sml-layout":"","theme-transparent-header-meta":"default","adv-header-id-meta":"","stick-header-meta":"","header-above-stick-meta":"","header-main-stick-meta":"","header-below-stick-meta":""},"product_cat":[74,35],"product_tag":[],"class_list":["post-5058","product","type-product","status-publish","has-post-thumbnail","hentry","product_cat-fuentes-24v","product_cat-fuentes-de-alimentacion-y-driver"],"_links":{"self":[{"href":"https:\/\/starlediluminacion.com\/de\/wp-json\/wp\/v3\/product\/5058","targetHints":{"allow":["GET"]}}],"collection":[{"href":"https:\/\/starlediluminacion.com\/de\/wp-json\/wp\/v3\/product"}],"about":[{"href":"https:\/\/starlediluminacion.com\/de\/wp-json\/wp\/v2\/types\/product"}],"wp:featuredmedia":[{"embeddable":true,"href":"https:\/\/starlediluminacion.com\/de\/wp-json\/wp\/v2\/media\/5064"}],"wp:attachment":[{"href":"https:\/\/starlediluminacion.com\/de\/wp-json\/wp\/v2\/media?parent=5058"}],"wp:term":[{"taxonomy":"product_cat","embeddable":true,"href":"https:\/\/starlediluminacion.com\/de\/wp-json\/wp\/v2\/product_cat?post=5058"},{"taxonomy":"product_tag","embeddable":true,"href":"https:\/\/starlediluminacion.com\/de\/wp-json\/wp\/v2\/product_tag?post=5058"}],"curies":[{"name":"wp","href":"https:\/\/api.w.org\/{rel}","templated":true}]}}