{"id":4893,"date":"2022-08-11T13:55:50","date_gmt":"2022-08-11T13:55:50","guid":{"rendered":"https:\/\/starlediluminacion.com\/?post_type=product&#038;p=4893"},"modified":"2022-08-11T13:55:50","modified_gmt":"2022-08-11T13:55:50","slug":"foco-led-par-54w-austin-rgbw-dmx","status":"publish","type":"product","link":"https:\/\/starlediluminacion.com\/de\/product\/spot-licht-led-par-54w-austin-rgbw-dmx\/","title":{"rendered":"<p>LED PAR 54W AUSTIN RGBW DMX Scheinwerfer<\/p>"},"content":{"rendered":"<p>REFERENZ: SL7919<div class=\"hidden-xs parrafo\">\n<p><strong>AUSTIN PROFESSIONAL 54W LED-Strahler&nbsp;<\/strong><strong>RGBW<\/strong>&nbsp;f\u00fcr Leistungen, die manuell, automatisch oder durch&nbsp;<strong>DMX<\/strong>&nbsp;synchronisiert mit der Musik. Die Leuchte verwendet 54 helle 1W-Dioden mit LED-Technologie mit einer Leistung von&nbsp;<strong>54W<\/strong>. 3-polige XLR-Ein- und Ausg\u00e4nge.<\/p>\n<\/div><div id=\"views_block\" class=\"clearfix\">\n<div id=\"thumbs_list\">\n<h1><strong>LED PAR 54W AUSTIN RGBW DMX Scheinwerfer<\/strong><\/h1>\n<p>Die&nbsp;<strong>Projektor<\/strong>LED PAR 54W AUSTIN RGBW DMX Scheinwerfer hat ein flaches Design mit einem hochwertigen, robusten und kompakten ABS-Geh\u00e4use.<\/p>\n<p>Er verf\u00fcgt \u00fcber 3-polige XLR-Ein- und Ausg\u00e4nge f\u00fcr das Signal&nbsp;<strong>DMX<\/strong>.<\/p>\n<p>Die&nbsp;<strong>Schwerpunkt<\/strong>&nbsp;Der AUSTIN RGBW DMX 54W PAR 54W LED-Scheinwerfer wird mit einer multifunktionalen Aluminiumhalterung geliefert, die eine Vielzahl von Montagem\u00f6glichkeiten bietet.<\/p>\n<p>Die 54 leuchtstarken 1W-LEDs erm\u00f6glichen eine breite Palette von RGBW-Farben.<\/p>\n<p>&nbsp;<\/p>\n<p>Mit einem&nbsp;<strong>Winkel<\/strong>&nbsp;Projektion von&nbsp;<strong>24\u00b0<\/strong>&nbsp;und eine hohe Beleuchtungsst\u00e4rke von 28.000 Lux.<\/p>\n<p>Der DALLAS PRO 300W bietet 2 DMX-Modi mit zahlreichen integrierten Funktionen und Programmen und verf\u00fcgt \u00fcber ein integriertes Mikrofon zur Soundaktivierung. Er arbeitet im Master-, Slave- und Stand-Alone-Modus im Takt der Musik und das beleuchtete Display macht es einfach, die Einstellungen mit den 4 Tasten anzupassen. Er ist professionell verkabelt mit DMX-Eingang und -Ausgang \u00fcber 3-Pin-XLR.<\/p>\n<p>Merkmale:<\/p>\n<ul>\n<li>54 1W LEDs : 54W<\/li>\n<li>Winkel: 24<\/li>\n<li>DMX-Eingang: 3-poliger XLR-Stecker<\/li>\n<li>DMX-Ausgang: 3-polige XLR-Buchse<\/li>\n<li>DMX-Modus: 8 Kan\u00e4le<\/li>\n<li>Funktionen:DMX512, Master-Slave, Musikrhythmus.<\/li>\n<li>Anzeige: hintergrundbeleuchtetes Display<\/li>\n<\/ul>\n<p>&nbsp;<\/p>\n<h2>Einsatzm\u00f6glichkeiten des LED PAR 54W AUSTIN RGBW DMX LED-Scheinwerfers<\/h2>\n<ul>\n<li>Nachtclubs<\/li>\n<li>Messen<\/li>\n<li>Kneipen<\/li>\n<li>Balls\u00e4le<\/li>\n<li>Szenarien<\/li>\n<li>Veranstaltungen<\/li>\n<\/ul>\n<h3 class=\"page-product-heading\">TECHNISCHE DATEN<\/h3>\n<div class=\"col-xs-12 col-md-6\">\n<table class=\"table table-data-sheet 1\">\n<tbody>\n<tr class=\"odd\">\n<td valign=\"middle\" width=\"32\"><\/td>\n<td valign=\"middle\">REFERENZEN :<\/td>\n<td valign=\"middle\">SL7919<\/td>\n<\/tr>\n<tr class=\"even\">\n<td valign=\"middle\" width=\"32\"><\/td>\n<td valign=\"middle\">Nennleistung :<\/td>\n<td valign=\"middle\">80W<\/td>\n<\/tr>\n<tr class=\"odd\">\n<td valign=\"middle\" width=\"32\"><\/td>\n<td valign=\"middle\">Nennspannung:<\/td>\n<td valign=\"middle\">85V-265V<\/td>\n<\/tr>\n<tr class=\"even\">\n<td valign=\"middle\" width=\"32\"><\/td>\n<td valign=\"middle\">Lichttemperatur:<\/td>\n<td valign=\"middle\">RGBW<\/td>\n<\/tr>\n<tr class=\"odd\">\n<td valign=\"middle\" width=\"32\"><\/td>\n<td valign=\"middle\">Baumaterial:<\/td>\n<td valign=\"middle\">ABS<\/td>\n<\/tr>\n<tr class=\"even\">\n<td valign=\"middle\" width=\"32\"><\/td>\n<td valign=\"middle\">Leuchtkraft-Lm:<\/td>\n<td valign=\"middle\">5000<\/td>\n<\/tr>\n<tr class=\"odd\">\n<td valign=\"middle\" width=\"32\"><\/td>\n<td valign=\"middle\">Art der LEDs:<\/td>\n<td valign=\"middle\">54x1w LED RGBW<\/td>\n<\/tr>\n<tr class=\"even\">\n<td valign=\"middle\" width=\"32\"><\/td>\n<td valign=\"middle\">\u00d6ffnungswinkel (\u00ba):<\/td>\n<td valign=\"middle\">24\u00ba<\/td>\n<\/tr>\n<tr class=\"odd\">\n<td valign=\"middle\" width=\"32\"><\/td>\n<td valign=\"middle\">Bescheinigungen:<\/td>\n<td valign=\"middle\">CE - ROHS<\/td>\n<\/tr>\n<tr class=\"even\">\n<td valign=\"middle\" width=\"32\"><\/td>\n<td valign=\"middle\">IP-Bewertung:<\/td>\n<td valign=\"middle\">IP20<\/td>\n<\/tr>\n<\/tbody>\n<\/table>\n<\/div>\n<div class=\"col-xs-12 col-md-6 2\">\n<table class=\"table table-data-sheet 2\">\n<tbody>\n<tr class=\"odd\">\n<td valign=\"middle\" width=\"32\"><\/td>\n<td valign=\"middle\">Gesch\u00e4tzte Lebensdauer der LED-Diode (H):<\/td>\n<td valign=\"middle\">50.000<\/td>\n<\/tr>\n<tr class=\"even\">\n<td valign=\"middle\" width=\"32\"><\/td>\n<td valign=\"middle\">Abmessungen (mm):<\/td>\n<td valign=\"middle\">220x245x65mm<\/td>\n<\/tr>\n<tr class=\"odd\">\n<td valign=\"middle\" width=\"32\"><\/td>\n<td valign=\"middle\">Arbeitsfrequenz (Hz):<\/td>\n<td valign=\"middle\">50\/60Hz<\/td>\n<\/tr>\n<tr class=\"even\">\n<td valign=\"middle\" width=\"32\"><\/td>\n<td valign=\"middle\">Temperaturbereich (\u00baC):<\/td>\n<td valign=\"middle\">-20\u00b0C ~ +55\u00b0C<\/td>\n<\/tr>\n<tr class=\"odd\">\n<td valign=\"middle\" width=\"32\"><\/td>\n<td valign=\"middle\">Z\u00fcndungszyklen:<\/td>\n<td valign=\"middle\">100.000<\/td>\n<\/tr>\n<tr class=\"even\">\n<td valign=\"middle\" width=\"32\"><\/td>\n<td valign=\"middle\">Einschaltzeit (s):<\/td>\n<td valign=\"middle\">0,2s<\/td>\n<\/tr>\n<tr class=\"odd\">\n<td valign=\"middle\" width=\"32\"><\/td>\n<td valign=\"middle\">Kontrollmodi:<\/td>\n<td valign=\"middle\">DMX: XLR 3 Pins<\/td>\n<\/tr>\n<tr class=\"even\">\n<td valign=\"middle\" width=\"32\"><\/td>\n<td valign=\"middle\">Energieklasse (2021-EU-2019\/2015):<\/td>\n<td valign=\"middle\">A++<\/td>\n<\/tr>\n<tr class=\"odd\">\n<td valign=\"middle\" width=\"32\"><\/td>\n<td valign=\"middle\">Gew\u00e4hrleistungsjahre:<\/td>\n<td valign=\"middle\">2<\/td>\n<\/tr>\n<\/tbody>\n<\/table>\n<\/div>\n<\/div>\n<\/div><\/p>","protected":false},"excerpt":{"rendered":"<div class=\"col-md-12\"><i class=\"fa fa-truck\"><\/i>&nbsp;<span class=\"text-muted textprop\">Lieferung innerhalb von 24\/48 Stunden<\/span><div class=\"col-md-12\"><i class=\"fa fa-exchange\"><\/i>&nbsp;<span class=\"text-muted textprop\">Versicherte Garantie<\/span><\/div><div class=\"col-md-12\"><i class=\"fa fa-box\"><\/i>&nbsp;<span class=\"text-muted textprop\">12 Einheit(en) pro Masterbox<\/span><\/div><\/div>","protected":false},"featured_media":4898,"template":"","meta":{"site-sidebar-layout":"default","site-content-layout":"default","ast-global-header-display":"","ast-main-header-display":"","ast-hfb-above-header-display":"","ast-hfb-below-header-display":"","ast-hfb-mobile-header-display":"","site-post-title":"","ast-breadcrumbs-content":"","ast-featured-img":"","footer-sml-layout":"","theme-transparent-header-meta":"default","adv-header-id-meta":"","stick-header-meta":"","header-above-stick-meta":"","header-main-stick-meta":"","header-below-stick-meta":""},"product_cat":[34],"product_tag":[],"class_list":["post-4893","product","type-product","status-publish","has-post-thumbnail","hentry","product_cat-iluminacion-espectaculos-led"],"_links":{"self":[{"href":"https:\/\/starlediluminacion.com\/de\/wp-json\/wp\/v3\/product\/4893","targetHints":{"allow":["GET"]}}],"collection":[{"href":"https:\/\/starlediluminacion.com\/de\/wp-json\/wp\/v3\/product"}],"about":[{"href":"https:\/\/starlediluminacion.com\/de\/wp-json\/wp\/v2\/types\/product"}],"wp:featuredmedia":[{"embeddable":true,"href":"https:\/\/starlediluminacion.com\/de\/wp-json\/wp\/v2\/media\/4898"}],"wp:attachment":[{"href":"https:\/\/starlediluminacion.com\/de\/wp-json\/wp\/v2\/media?parent=4893"}],"wp:term":[{"taxonomy":"product_cat","embeddable":true,"href":"https:\/\/starlediluminacion.com\/de\/wp-json\/wp\/v2\/product_cat?post=4893"},{"taxonomy":"product_tag","embeddable":true,"href":"https:\/\/starlediluminacion.com\/de\/wp-json\/wp\/v2\/product_tag?post=4893"}],"curies":[{"name":"wp","href":"https:\/\/api.w.org\/{rel}","templated":true}]}}