{"id":4677,"date":"2022-08-11T10:48:47","date_gmt":"2022-08-11T10:48:47","guid":{"rendered":"https:\/\/starlediluminacion.com\/?post_type=product&#038;p=4677"},"modified":"2022-08-11T10:48:47","modified_gmt":"2022-08-11T10:48:47","slug":"lampara-lineal-colgante-led-rgbwhite-munich-negro-0-5m-1m-15m-2m-ip54","status":"publish","type":"product","link":"https:\/\/starlediluminacion.com\/de\/product\/lampara-lineal-colgante-led-rgbwhite-munich-negro-0-5m-1m-15m-2m-ip54\/","title":{"rendered":"<p>L&aacute;mpara Lineal Colgante LED RGB+WHITE &ndash; MUNICH NEGRO &ndash; 0.5m &ndash; 1m &ndash; 1,5m &ndash; 2m &ndash; IP54<\/p>"},"content":{"rendered":"<p>REFERENCIA: SL16006-N-RGBW<p>Unser&nbsp;<strong>Professionelle LED-Leuchte<\/strong>&nbsp;linear<strong>&nbsp;<\/strong>&nbsp;<strong>&ndash; RGB+ WHITE&nbsp; &ndash; Munich&nbsp; NEGRO &ndash;<\/strong>&nbsp;ist f\u00fcr eine intensive, 24-st\u00fcndige, ununterbrochene Nutzung konzipiert. Unsere H\u00e4ngeleuchte ist&nbsp;<strong>hergestellt in Europa<\/strong>, a&nbsp;la medida de sus necesidades. Aluminio extruido de 98% de pureza, la fuente lum&iacute;nica es RGB&nbsp;&nbsp;<strong>SMD3535 de 24W\/metro<\/strong>;&nbsp;<strong>224 leds\/metro + SMD2835 -20W\/m. 140 leds\/m.<\/strong>&nbsp;La luminaria LED incluye controladora + Control remoto de alta calidad Mi-light.&nbsp;&nbsp;<strong>5 A&ntilde;os de Garant&iacute;a.&nbsp;5 A&ntilde;os de Garant&iacute;a.&nbsp;<\/strong><\/p><p><strong>Die Produktionszeit betr\u00e4gt 5 bis 7 Arbeitstage.<\/strong><strong>&nbsp;<\/strong>(Montag bis Freitag).<\/p><p>Nuestro difusor es Blanco Opal<\/p><h1>L&aacute;mpara Lineal Colgante LED&nbsp;<strong>RGB+WEISS<br>\n<\/strong><\/h1><h1><\/h1><p>Nuestros lineales&nbsp;<strong>LED RGB+W4K<\/strong>&nbsp;-&nbsp;<strong>M\u00dcNCHEN&nbsp;<\/strong>- ist ein vielseitiges und zeitloses Sortiment, das die Hauptrolle in der Inneneinrichtung eines Raums spielen oder sich an sie anpassen kann. Dank der verschiedenen Gr\u00f6\u00dfen und Farben, die zur Verf\u00fcgung stehen, kann es eine gro\u00dfe Vielfalt an visuellen Eindr\u00fccken bieten, die den Raum aus einer neuen Perspektive definieren werden.<\/p><p>Erh\u00e4ltlich in verschiedenen L\u00e4ngen und als abgeh\u00e4ngte oder an der Decke montierte Version, um unterschiedlichen Bed\u00fcrfnissen und Installationsh\u00f6hen gerecht zu werden. Die bis zu 2 Meter langen Leuchten werden zu sch\u00f6nen Lichtspuren, die den Raum gestalten.<\/p><p>Die lineare LED<strong>&nbsp;-M\u00dcNCHEN-<\/strong>&nbsp;&nbsp;zeichnet homogene Lichtlinien, die sich mit minimaler visueller Beeintr\u00e4chtigung an eine Vielzahl von R\u00e4umen anpassen und sowohl den allgemeinen Beleuchtungsbedarf als auch die Flutung vertikaler Fl\u00e4chen l\u00f6sen.<\/p><p>Su dise&ntilde;o combina un difusor opal negro, que al encender deja pasar la luz de la luminaria, lo que aportan un gran confort visual y un dise&ntilde;o exclusivo.<\/p><p>Das Zubeh\u00f6r f\u00fcr das Pendelkabel ist 2 Meter lang, so dass es auf die gew\u00fcnschte H\u00f6he eingestellt werden kann. Die Leuchte hat ein 2 Meter langes Kabel f\u00fcr einen einfachen Anschluss.<\/p><p>Unser&nbsp;<strong>professionelle lineare LED-Leuchte<\/strong>&nbsp;dispone de una potencia de RGB 24W\/metro +6000k 20W\/metro<\/p><p>La fuente luminosa de nuestra luminaria lineal LED incorpora:<\/p><ul>\n<li>224 Leds RGB\/metro de alta luminosidad SMD3535 que entrega 1150Lm\/metro.<\/li>\n<li>140 Leds\/metro &ndash; Color 4000K &ndash; SMD2835 que entrega 2050Lm\/metro<\/li>\n<\/ul><p>La luminaria incorpor&aacute; fuente de alimentacion dentro del perfil de aluminio de 24 voltios de la prestigiosa marca Ecoled (M&aacute;xima calidad), asi como la controladora de RGB. El consumo de la luminaria es de 12W para 50cm; 24W para 100cm; 36W para 150cm; y 48W para 200cm.&nbsp; La luminaria LED esta fabricada en aluminio 6063\/6060 de alta pureza (98%), con tratamiento t&eacute;rmico UNE EN 755 y UNE EN 12020-1.<\/p><p>Die Beschichtung der Leuchte besteht aus&nbsp;<strong>hohe Widerstandsf\u00e4higkeit und Qualit\u00e4t<\/strong>&nbsp;und ist schwarz und wei\u00df strukturiert - Qualicoat -, und silber eloxiert - Qualanod - mit 15 Mikron Dicke f\u00fcr eine lange Lebensdauer.<\/p><p>Unsere LED-Langfeldleuchte -<strong>M\u00dcNCHEN -<\/strong>&nbsp; Da es sich um eine Ma\u00dfanfertigung handelt, bietet es mehrere M\u00f6glichkeiten, zwischen einer w\u00e4rmeren, neutralen oder kalten Beleuchtung und eloxierten Oberfl\u00e4chen in Silber, Wei\u00df und Schwarz zu w\u00e4hlen. Die Leuchte wird in Europa auf die vom Kunden gew\u00fcnschte Gr\u00f6\u00dfe handgefertigt. Da es sich um eine Sonderanfertigung handelt, ist eine R\u00fcckgabe nicht m\u00f6glich.<\/p><p><strong>Die Produktionszeit betr\u00e4gt 5 bis 7 Arbeitstage.<\/strong><\/p><p>Unsere Langfeldleuchten k\u00f6nnen miteinander verbunden und zu einem&nbsp;<strong>Dauerlicht-Leuchte<\/strong>&nbsp;mit dem entsprechenden Zubeh\u00f6r.<\/p><p>&nbsp;<\/p><h2>Usos de la L&aacute;mpara Lineal Colgante LED&nbsp;<strong>RGB+ WHITE<\/strong>&nbsp;&ndash; MUNICH&nbsp; NEGRO<\/h2><ul>\n<li>Gesch\u00e4fte<\/li>\n<li>Ausstellungen<\/li>\n<li>Branchen<\/li>\n<li>\u00c4mter<\/li>\n<li>Haushalte<\/li>\n<\/ul><h3 class=\"page-product-heading\">TECHNISCHE DATEN<\/h3><div class=\"col-xs-12 col-md-6\">\n<table class=\"table table-data-sheet 1\">\n<tbody>\n<tr class=\"odd\">\n<td valign=\"middle\" width=\"32\"><\/td>\n<td valign=\"middle\">REFERENZEN :<\/td>\n<td valign=\"middle\">SL16006-N-RGBW<\/td>\n<\/tr>\n<tr class=\"even\">\n<td valign=\"middle\" width=\"32\"><\/td>\n<td valign=\"middle\">Nennleistung :<\/td>\n<td valign=\"middle\">12W+10W 0.5m &ndash; 24W + 20W 1m -36W+30W 1,5m-48W+40W 2m<\/td>\n<\/tr>\n<tr class=\"odd\">\n<td valign=\"middle\" width=\"32\"><\/td>\n<td valign=\"middle\">Nennspannung:<\/td>\n<td valign=\"middle\">85-265V<\/td>\n<\/tr>\n<tr class=\"even\">\n<td valign=\"middle\" width=\"32\"><\/td>\n<td valign=\"middle\">Lichttemperatur:<\/td>\n<td valign=\"middle\">RGB<\/td>\n<\/tr>\n<tr class=\"odd\">\n<td valign=\"middle\" width=\"32\"><\/td>\n<td valign=\"middle\">CRI - Farbwiedergabeindex:<\/td>\n<td valign=\"middle\">80<\/td>\n<\/tr>\n<tr class=\"even\">\n<td valign=\"middle\" width=\"32\"><\/td>\n<td valign=\"middle\">Baumaterial:<\/td>\n<td valign=\"middle\">Aluminium +PC<\/td>\n<\/tr>\n<tr class=\"odd\">\n<td valign=\"middle\" width=\"32\"><\/td>\n<td valign=\"middle\">Leuchtkraft-Lm:<\/td>\n<td valign=\"middle\">1150 Lm\/m (RGB white)+ 2050Lm\/m (4000K)<\/td>\n<\/tr>\n<tr class=\"even\">\n<td valign=\"middle\" width=\"32\"><\/td>\n<td valign=\"middle\">Art der LEDs:<\/td>\n<td valign=\"middle\">RGB: SMD3535 &ndash; 224 Chips\/M + 4K: SMD2835 -140 Chips\/M<\/td>\n<\/tr>\n<tr class=\"odd\">\n<td valign=\"middle\" width=\"32\"><\/td>\n<td valign=\"middle\">\u00d6ffnungswinkel (\u00ba):<\/td>\n<td valign=\"middle\">120\u00ba<\/td>\n<\/tr>\n<tr class=\"even\">\n<td valign=\"middle\" width=\"32\"><\/td>\n<td valign=\"middle\">Bescheinigungen:<\/td>\n<td valign=\"middle\">CE - ROHS<\/td>\n<\/tr>\n<tr class=\"odd\">\n<td valign=\"middle\" width=\"32\"><\/td>\n<td valign=\"middle\">IP-Bewertung:<\/td>\n<td valign=\"middle\">IP54<\/td>\n<\/tr>\n<\/tbody>\n<\/table>\n<\/div><div class=\"col-xs-12 col-md-6 2\">\n<table class=\"table table-data-sheet 2\">\n<tbody>\n<tr class=\"odd\">\n<td valign=\"middle\" width=\"32\"><\/td>\n<td valign=\"middle\">Gesch\u00e4tzte Lebensdauer der LED-Diode (H):<\/td>\n<td valign=\"middle\">50.000<\/td>\n<\/tr>\n<tr class=\"even\">\n<td valign=\"middle\" width=\"32\"><\/td>\n<td valign=\"middle\">Abmessungen (mm):<\/td>\n<td valign=\"middle\">L: 0,50m - 1,00m - 1,50m - 2,00m<\/td>\n<\/tr>\n<tr class=\"odd\">\n<td valign=\"middle\" width=\"32\"><\/td>\n<td valign=\"middle\">Leistungsfaktor (PF):<\/td>\n<td valign=\"middle\">0.97<\/td>\n<\/tr>\n<tr class=\"even\">\n<td valign=\"middle\" width=\"32\"><\/td>\n<td valign=\"middle\">Arbeitsfrequenz (Hz):<\/td>\n<td valign=\"middle\">50\/60Hz<\/td>\n<\/tr>\n<tr class=\"odd\">\n<td valign=\"middle\" width=\"32\"><\/td>\n<td valign=\"middle\">Temperaturbereich (\u00baC):<\/td>\n<td valign=\"middle\">-20\u00b0C ~ +55\u00b0C<\/td>\n<\/tr>\n<tr class=\"even\">\n<td valign=\"middle\" width=\"32\"><\/td>\n<td valign=\"middle\">Z\u00fcndungszyklen:<\/td>\n<td valign=\"middle\">100.000<\/td>\n<\/tr>\n<tr class=\"odd\">\n<td valign=\"middle\" width=\"32\"><\/td>\n<td valign=\"middle\">Einschaltzeit (s):<\/td>\n<td valign=\"middle\">0,2s<\/td>\n<\/tr>\n<tr class=\"odd\">\n<td valign=\"middle\" width=\"32\"><\/td>\n<td valign=\"middle\">Energieklasse (2021-EU-2019\/2015):<\/td>\n<td valign=\"middle\">A+<\/td>\n<\/tr>\n<tr class=\"even\">\n<td valign=\"middle\" width=\"32\"><\/td>\n<td valign=\"middle\">Gew\u00e4hrleistungsjahre:<\/td>\n<td valign=\"middle\">5<\/td>\n<\/tr>\n<tr class=\"odd\">\n<td valign=\"middle\" width=\"32\"><\/td>\n<td valign=\"middle\">Reichweite (m) :<\/td>\n<td valign=\"middle\">12 m.<\/td>\n<\/tr>\n<\/tbody>\n<\/table>\n<\/div><\/p>","protected":false},"excerpt":{"rendered":"<div class=\"col-md-12\"><i class=\"fa fa-truck\"><\/i>&nbsp;<span class=\"text-muted textprop\">Lieferung innerhalb von 24\/48 Stunden<\/span><div class=\"col-md-12\"><i class=\"fa fa-exchange\"><\/i>&nbsp;<span class=\"text-muted textprop\">Versicherte Garantie<\/span><\/div><div class=\"col-md-12\"><i class=\"fa fa-box\"><\/i>&nbsp;<span class=\"text-muted textprop\">20 Einheit(en) pro Masterbox<\/span><\/div><\/div>","protected":false},"featured_media":4685,"template":"","meta":{"site-sidebar-layout":"default","site-content-layout":"default","ast-global-header-display":"","ast-main-header-display":"","ast-hfb-above-header-display":"","ast-hfb-below-header-display":"","ast-hfb-mobile-header-display":"","site-post-title":"","ast-breadcrumbs-content":"","ast-featured-img":"","footer-sml-layout":"","theme-transparent-header-meta":"default","adv-header-id-meta":"","stick-header-meta":"","header-above-stick-meta":"","header-main-stick-meta":"","header-below-stick-meta":""},"product_cat":[33],"product_tag":[],"class_list":["post-4677","product","type-product","status-publish","has-post-thumbnail","hentry","product_cat-barras-lineales-led"],"_links":{"self":[{"href":"https:\/\/starlediluminacion.com\/de\/wp-json\/wp\/v3\/product\/4677","targetHints":{"allow":["GET"]}}],"collection":[{"href":"https:\/\/starlediluminacion.com\/de\/wp-json\/wp\/v3\/product"}],"about":[{"href":"https:\/\/starlediluminacion.com\/de\/wp-json\/wp\/v2\/types\/product"}],"wp:featuredmedia":[{"embeddable":true,"href":"https:\/\/starlediluminacion.com\/de\/wp-json\/wp\/v2\/media\/4685"}],"wp:attachment":[{"href":"https:\/\/starlediluminacion.com\/de\/wp-json\/wp\/v2\/media?parent=4677"}],"wp:term":[{"taxonomy":"product_cat","embeddable":true,"href":"https:\/\/starlediluminacion.com\/de\/wp-json\/wp\/v2\/product_cat?post=4677"},{"taxonomy":"product_tag","embeddable":true,"href":"https:\/\/starlediluminacion.com\/de\/wp-json\/wp\/v2\/product_tag?post=4677"}],"curies":[{"name":"wp","href":"https:\/\/api.w.org\/{rel}","templated":true}]}}