{"id":4620,"date":"2022-08-11T10:10:13","date_gmt":"2022-08-11T10:10:13","guid":{"rendered":"https:\/\/starlediluminacion.com\/?post_type=product&#038;p=4620"},"modified":"2022-08-11T10:10:13","modified_gmt":"2022-08-11T10:10:13","slug":"regleta-lineal-led-mini-munich-plata-0-44m-0-94m-144m-1-94m-ip54","status":"publish","type":"product","link":"https:\/\/starlediluminacion.com\/de\/product\/regleta-lineal-led-mini-munich-plata-0-44m-0-94m-144m-1-94m-ip54\/","title":{"rendered":"<p>LED-Streifen - MINI MUNICH SILVER - 0.44m - 0.94m - 1,44m - 1.94m - IP54<\/p>"},"content":{"rendered":"<p>REFERENZ: SLR-16002-P<p>Unser&nbsp;<strong>Professionelle Leuchte<\/strong>&nbsp;linear<strong>&nbsp;- Einstellbar<\/strong>&nbsp;<strong>- M\u00fcnchen Mini Silber-<\/strong>&nbsp;ist f\u00fcr eine intensive, 24-st\u00fcndige, ununterbrochene Nutzung ausgelegt. Unser&nbsp;<strong>Deckenanbau-Steckdosenleiste<\/strong>&nbsp;ist&nbsp;<strong>hergestellt in Europa<\/strong>um Ihren Bed\u00fcrfnissen gerecht zu werden. Stranggepresstes Aluminium 98% Reinheit, IP67 Lichtquelle liefert 1500 Lumen pro Meter - 140 Leds\/Meter SMD 2835 ?&nbsp;&nbsp;<strong>Einstellbar \u00fcber TRIAC.  5 Jahre Garantie.<\/strong><\/p><p dir=\"ltr\"><strong>Die Produktionszeit betr\u00e4gt 5 bis 7 Arbeitstage.<\/strong><\/p><p>Unser Diffusor ist MICRO PRISMA TRANSPARENT - UGR19-.<\/p><h1>LED-Oberfl\u00e4che Linear Strip - MINI<br>\nM\u00dcNCHEN SILBER<\/h1><p>Unsere LED-Linearanzeigen -&nbsp;<strong>M\u00dcNCHEN MINI<\/strong>&nbsp;- ist ein vielseitiges und zeitloses Sortiment, das die Hauptrolle in der Inneneinrichtung eines Raums spielen oder sich an sie anpassen kann. Dank der verschiedenen Gr\u00f6\u00dfen und Farben, die zur Verf\u00fcgung stehen, kann es eine gro\u00dfe Vielfalt an visuellen Eindr\u00fccken bieten, die den Raum aus einer neuen Perspektive definieren werden.<\/p><p>Erh\u00e4ltlich in verschiedenen L\u00e4ngen und als abgeh\u00e4ngte oder an der Decke montierte Version, um unterschiedlichen Bed\u00fcrfnissen und Installationsh\u00f6hen gerecht zu werden. Die bis zu 2 Meter langen Leuchten werden zu sch\u00f6nen Lichtspuren, die den Raum gestalten.<\/p><p>Die lineare LED<strong>&nbsp;-M\u00dcNCHEN MINI<\/strong>&nbsp;&nbsp;zeichnet homogene Lichtlinien, die sich mit minimaler visueller Beeintr\u00e4chtigung an eine Vielzahl von R\u00e4umen anpassen und sowohl den allgemeinen Beleuchtungsbedarf als auch die Flutung vertikaler Fl\u00e4chen l\u00f6sen.<\/p><p>Sein Design kombiniert hochtransmittierende Diffusoren, die hohen visuellen Komfort und Energieeffizienz bieten.<\/p><p>Unser<strong>&nbsp;professionelle lineare LED-Leuchte<\/strong>&nbsp;verf\u00fcgt \u00fcber eine langlebige Lichtquelle, die nur 17% der Nennleistung ihrer LED-Dioden verbraucht (0,6W-Dioden, die mit nur 0,1W arbeiten), wodurch sichergestellt wird, dass sich die Lichtquelle auch bei 24 Stunden ununterbrochenem Betrieb nicht erw\u00e4rmt und effizient und effektiv arbeitet, wodurch die Lebensdauer der Leuchte auf bis zu 50.000 Stunden verl\u00e4ngert wird.<\/p><p>Die Lichtquelle unserer linearen LED-Leuchte enth\u00e4lt 140 Leds\/Meter an&nbsp;<strong>hohe Leuchtkraft<\/strong>&nbsp;<strong>SMD2835<\/strong>&nbsp;liefert 1500lm\/Meter; LED-Dioden sind mit doppeltem Golddraht verl\u00f6tet f\u00fcr l\u00e4ngere Lebensdauer und Zuverl\u00e4ssigkeit. Sehr niedriger Flimmerpegel.<\/p><p>Unsere Leuchte&nbsp;<strong>kann auch in Gebieten mit hoher Luftfeuchtigkeit verwendet werden&nbsp;<\/strong>weil ihre IP67-Lichtquelle mit hochwertigem Silikon (UC Class F1 UL94 und VOC-frei) isoliert ist, das Vergilben und Rissbildung im Laufe der Jahre verhindert.<\/p><p>Die Leuchte wird direkt an 220 V angeschlossen und ben\u00f6tigt weder ein Netzteil noch einen Br\u00fcckengleichrichter. Der Verbrauch der Leuchte betr\u00e4gt 7W f\u00fcr 44cm; 14W f\u00fcr 94cm; 21W f\u00fcr 144cm; und 28W f\u00fcr 194cm. Die LED-Leuchte ist aus hochreinem 6063\/6060 Aluminium (98%) gefertigt, mit UNE EN 755 und UNE EN 12020-1 W\u00e4rmebehandlung.<\/p><p>Die Beschichtung der Leuchte besteht aus&nbsp;<strong>hohe Widerstandsf\u00e4higkeit und Qualit\u00e4t<\/strong>&nbsp;und ist schwarz und wei\u00df strukturiert - Qualicoat -, und silber eloxiert - Qualanod - mit 15 Mikron Dicke f\u00fcr eine lange Lebensdauer.<\/p><p>Die Leuchte kann auf Anfrage per E-Mail mit verschiedenen Diffusoroptionen hergestellt werden: Opal, Schwarz und Wei\u00df, Micro Prism transparent (UGR&lt;19), Micro Prism Opal (UGR&lt;17).<\/p><p>Unsere LED-Langfeldleuchte -<strong>M\u00dcNCHEN MINI-<\/strong>&nbsp; Da es sich um eine Ma\u00dfanfertigung handelt, bietet es mehrere M\u00f6glichkeiten, zwischen einer w\u00e4rmeren, neutralen oder kalten Beleuchtung und eloxierten Oberfl\u00e4chen in Silber, Wei\u00df und Schwarz zu w\u00e4hlen. Die Leuchte wird in Europa auf die vom Kunden gew\u00fcnschte Gr\u00f6\u00dfe handgefertigt. Da es sich um eine Sonderanfertigung handelt, ist eine R\u00fcckgabe nicht m\u00f6glich.<\/p><p dir=\"ltr\">Die Produktionszeit betr\u00e4gt 5 bis 7 Arbeitstage.<\/p><p>Unsere Langfeldleuchten k\u00f6nnen miteinander verbunden und zu einem&nbsp;<strong>Dauerlicht-Leuchte<\/strong>&nbsp;mit dem entsprechenden Zubeh\u00f6r.<\/p><p>&nbsp;<\/p><h2>Einsatzm\u00f6glichkeiten des LED-Lichtbandes - MUNICH MINI SILVER<\/h2><ul>\n<li>Gesch\u00e4fte<\/li>\n<li>Ausstellungen<\/li>\n<li>Branchen<\/li>\n<li>\u00c4mter<\/li>\n<li>Haushalte<\/li>\n<\/ul><h3 class=\"page-product-heading\">TECHNISCHE DATEN<\/h3><div class=\"col-xs-12 col-md-6\">\n<table class=\"table table-data-sheet 1\">\n<tbody>\n<tr class=\"odd\">\n<td valign=\"middle\" width=\"32\"><\/td>\n<td valign=\"middle\">REFERENZEN :<\/td>\n<td valign=\"middle\">SLR-16002-P<\/td>\n<\/tr>\n<tr class=\"even\">\n<td valign=\"middle\" width=\"32\"><\/td>\n<td valign=\"middle\">Nennleistung :<\/td>\n<td valign=\"middle\">7W 0,44m - 14W 0,94m - 21W 1,44m - 28W 1,94m - IP54<\/td>\n<\/tr>\n<tr class=\"odd\">\n<td valign=\"middle\" width=\"32\"><\/td>\n<td valign=\"middle\">Nennspannung:<\/td>\n<td valign=\"middle\">220-240V<\/td>\n<\/tr>\n<tr class=\"even\">\n<td valign=\"middle\" width=\"32\"><\/td>\n<td valign=\"middle\">Lichttemperatur:<\/td>\n<td valign=\"middle\">2700K - 3000K - 4000K - 6000K<\/td>\n<\/tr>\n<tr class=\"odd\">\n<td valign=\"middle\" width=\"32\"><\/td>\n<td valign=\"middle\">CRI - Farbwiedergabeindex:<\/td>\n<td valign=\"middle\">80<\/td>\n<\/tr>\n<tr class=\"even\">\n<td valign=\"middle\" width=\"32\"><\/td>\n<td valign=\"middle\">Baumaterial:<\/td>\n<td valign=\"middle\">Aluminium +PC<\/td>\n<\/tr>\n<tr class=\"odd\">\n<td valign=\"middle\" width=\"32\"><\/td>\n<td valign=\"middle\">Leuchtkraft-Lm:<\/td>\n<td valign=\"middle\">1M:1500Lm\/2M: 3000Lm<\/td>\n<\/tr>\n<tr class=\"even\">\n<td valign=\"middle\" width=\"32\"><\/td>\n<td valign=\"middle\">Art der LEDs:<\/td>\n<td valign=\"middle\">SMD2835 - 140 LEDs\/M PCB12mm<\/td>\n<\/tr>\n<tr class=\"odd\">\n<td valign=\"middle\" width=\"32\"><\/td>\n<td valign=\"middle\">\u00d6ffnungswinkel (\u00ba):<\/td>\n<td valign=\"middle\">120\u00ba<\/td>\n<\/tr>\n<tr class=\"even\">\n<td valign=\"middle\" width=\"32\"><\/td>\n<td valign=\"middle\">Effizienz der LED-Diode (Lm\/W):<\/td>\n<td valign=\"middle\">160 Lm\/w<\/td>\n<\/tr>\n<tr class=\"odd\">\n<td valign=\"middle\" width=\"32\"><\/td>\n<td valign=\"middle\">Lichtausbeute (Lm\/W):<\/td>\n<td valign=\"middle\">110 Lm\/W<\/td>\n<\/tr>\n<tr class=\"even\">\n<td valign=\"middle\" width=\"32\"><\/td>\n<td valign=\"middle\">Dimmbar:<\/td>\n<td valign=\"middle\">TRIAC 40%-100%<\/td>\n<\/tr>\n<\/tbody>\n<\/table>\n<\/div><div class=\"col-xs-12 col-md-6 2\">\n<table class=\"table table-data-sheet 2\">\n<tbody>\n<tr class=\"odd\">\n<td valign=\"middle\" width=\"32\"><\/td>\n<td valign=\"middle\">Bescheinigungen:<\/td>\n<td valign=\"middle\">CE - ROHS<\/td>\n<\/tr>\n<tr class=\"even\">\n<td valign=\"middle\" width=\"32\"><\/td>\n<td valign=\"middle\">IP-Bewertung:<\/td>\n<td valign=\"middle\">IP54<\/td>\n<\/tr>\n<tr class=\"odd\">\n<td valign=\"middle\" width=\"32\"><\/td>\n<td valign=\"middle\">Gesch\u00e4tzte Lebensdauer der LED-Diode (H):<\/td>\n<td valign=\"middle\">40.000<\/td>\n<\/tr>\n<tr class=\"even\">\n<td valign=\"middle\" width=\"32\"><\/td>\n<td valign=\"middle\">Abmessungen (mm):<\/td>\n<td valign=\"middle\">L: 0,44 m - 0,94 m - 1,44 m - 1,94 m<\/td>\n<\/tr>\n<tr class=\"odd\">\n<td valign=\"middle\" width=\"32\"><\/td>\n<td valign=\"middle\">Leistungsfaktor (PF):<\/td>\n<td valign=\"middle\">0.91<\/td>\n<\/tr>\n<tr class=\"even\">\n<td valign=\"middle\" width=\"32\"><\/td>\n<td valign=\"middle\">Arbeitsfrequenz (Hz):<\/td>\n<td valign=\"middle\">50\/60Hz<\/td>\n<\/tr>\n<tr class=\"odd\">\n<td valign=\"middle\" width=\"32\"><\/td>\n<td valign=\"middle\">Temperaturbereich (\u00baC):<\/td>\n<td valign=\"middle\">-20\u00b0C ~ +55\u00b0C<\/td>\n<\/tr>\n<tr class=\"even\">\n<td valign=\"middle\" width=\"32\"><\/td>\n<td valign=\"middle\">Z\u00fcndungszyklen:<\/td>\n<td valign=\"middle\">100.000<\/td>\n<\/tr>\n<tr class=\"odd\">\n<td valign=\"middle\" width=\"32\"><\/td>\n<td valign=\"middle\">Einschaltzeit (s):<\/td>\n<td valign=\"middle\">0,2s<\/td>\n<\/tr>\n<tr class=\"odd\">\n<td valign=\"middle\" width=\"32\"><\/td>\n<td valign=\"middle\">Energieklasse (2021-EU-2019\/2015):<\/td>\n<td valign=\"middle\">A+<\/td>\n<\/tr>\n<tr class=\"even\">\n<td valign=\"middle\" width=\"32\"><\/td>\n<td valign=\"middle\">Gew\u00e4hrleistungsjahre:<\/td>\n<td valign=\"middle\">5<\/td>\n<\/tr>\n<\/tbody>\n<\/table>\n<\/div><\/p>","protected":false},"excerpt":{"rendered":"<div class=\"col-md-12\"><i class=\"fa fa-truck\"><\/i>&nbsp;<span class=\"text-muted textprop\">Lieferung innerhalb von 24\/48 Stunden<\/span><div class=\"col-md-12\"><i class=\"fa fa-exchange\"><\/i>&nbsp;<span class=\"text-muted textprop\">Versicherte Garantie<\/span><\/div><div class=\"col-md-12\"><i class=\"fa fa-box\"><\/i>&nbsp;<span class=\"text-muted textprop\">1 Einheit(en) pro Masterbox<\/span><\/div><div><strong>FARBTEMPERATUR: 2700K\/3000K\/4500K\/6500K<\/strong><\/div><\/div>","protected":false},"featured_media":4629,"template":"","meta":{"site-sidebar-layout":"default","site-content-layout":"default","ast-global-header-display":"","ast-main-header-display":"","ast-hfb-above-header-display":"","ast-hfb-below-header-display":"","ast-hfb-mobile-header-display":"","site-post-title":"","ast-breadcrumbs-content":"","ast-featured-img":"","footer-sml-layout":"","theme-transparent-header-meta":"default","adv-header-id-meta":"","stick-header-meta":"","header-above-stick-meta":"","header-main-stick-meta":"","header-below-stick-meta":""},"product_cat":[33],"product_tag":[],"class_list":["post-4620","product","type-product","status-publish","has-post-thumbnail","hentry","product_cat-barras-lineales-led"],"yoast_head":"<!-- This site is optimized with the Yoast SEO plugin v27.4 - https:\/\/yoast.com\/product\/yoast-seo-wordpress\/ -->\n<title>Regleta Lineal LED - MINI MUNICH PLATA - 0.44m - 0.94m - 1,44m - 1.94m - IP54 - STARLED Iluminacion<\/title>\n<meta name=\"robots\" content=\"index, follow, max-snippet:-1, max-image-preview:large, max-video-preview:-1\" \/>\n<link rel=\"canonical\" href=\"https:\/\/starlediluminacion.com\/de\/product\/regleta-lineal-led-mini-munich-plata-0-44m-0-94m-144m-1-94m-ip54\/\" \/>\n<meta property=\"og:locale\" content=\"de_DE\" \/>\n<meta property=\"og:type\" content=\"article\" \/>\n<meta property=\"og:title\" content=\"Regleta Lineal LED - MINI MUNICH PLATA - 0.44m - 0.94m - 1,44m - 1.94m - IP54 - STARLED Iluminacion\" \/>\n<meta property=\"og:description\" content=\"\u00a0Entrega en 24\/48 horas \u00a0Garant\u00eda asegurada \u00a01 unidad(es) por Masterbox TEMPERATURA DE COLOR: 2700K\/3000K\/4500K\/6500K\" \/>\n<meta property=\"og:url\" content=\"https:\/\/starlediluminacion.com\/de\/product\/regleta-lineal-led-mini-munich-plata-0-44m-0-94m-144m-1-94m-ip54\/\" \/>\n<meta property=\"og:site_name\" content=\"STARLED Iluminacion\" \/>\n<meta property=\"og:image\" content=\"https:\/\/starlediluminacion.com\/wp-content\/uploads\/2022\/08\/regleta-lineal-led-munich-mini-plata-factorled.jpg\" \/>\n\t<meta property=\"og:image:width\" content=\"1000\" \/>\n\t<meta property=\"og:image:height\" content=\"1000\" \/>\n\t<meta property=\"og:image:type\" content=\"image\/jpeg\" \/>\n<meta name=\"twitter:card\" content=\"summary_large_image\" \/>\n<meta name=\"twitter:label1\" content=\"Gesch\u00e4tzte Lesezeit\" \/>\n\t<meta name=\"twitter:data1\" content=\"4\u00a0Minuten\" \/>\n<script type=\"application\/ld+json\" class=\"yoast-schema-graph\">{\"@context\":\"https:\\\/\\\/schema.org\",\"@graph\":[{\"@type\":\"WebPage\",\"@id\":\"https:\\\/\\\/starlediluminacion.com\\\/en\\\/product\\\/regleta-lineal-led-mini-munich-plata-0-44m-0-94m-144m-1-94m-ip54\\\/\",\"url\":\"https:\\\/\\\/starlediluminacion.com\\\/en\\\/product\\\/regleta-lineal-led-mini-munich-plata-0-44m-0-94m-144m-1-94m-ip54\\\/\",\"name\":\"Regleta Lineal LED - MINI MUNICH PLATA - 0.44m - 0.94m - 1,44m - 1.94m - IP54 - STARLED Iluminacion\",\"isPartOf\":{\"@id\":\"https:\\\/\\\/starlediluminacion.com\\\/#website\"},\"primaryImageOfPage\":{\"@id\":\"https:\\\/\\\/starlediluminacion.com\\\/en\\\/product\\\/regleta-lineal-led-mini-munich-plata-0-44m-0-94m-144m-1-94m-ip54\\\/#primaryimage\"},\"image\":{\"@id\":\"https:\\\/\\\/starlediluminacion.com\\\/en\\\/product\\\/regleta-lineal-led-mini-munich-plata-0-44m-0-94m-144m-1-94m-ip54\\\/#primaryimage\"},\"thumbnailUrl\":\"https:\\\/\\\/starlediluminacion.com\\\/wp-content\\\/uploads\\\/2022\\\/08\\\/regleta-lineal-led-munich-mini-plata-factorled.jpg\",\"datePublished\":\"2022-08-11T10:10:13+00:00\",\"breadcrumb\":{\"@id\":\"https:\\\/\\\/starlediluminacion.com\\\/en\\\/product\\\/regleta-lineal-led-mini-munich-plata-0-44m-0-94m-144m-1-94m-ip54\\\/#breadcrumb\"},\"inLanguage\":\"de\",\"potentialAction\":[{\"@type\":\"ReadAction\",\"target\":[\"https:\\\/\\\/starlediluminacion.com\\\/en\\\/product\\\/regleta-lineal-led-mini-munich-plata-0-44m-0-94m-144m-1-94m-ip54\\\/\"]}]},{\"@type\":\"ImageObject\",\"inLanguage\":\"de\",\"@id\":\"https:\\\/\\\/starlediluminacion.com\\\/en\\\/product\\\/regleta-lineal-led-mini-munich-plata-0-44m-0-94m-144m-1-94m-ip54\\\/#primaryimage\",\"url\":\"https:\\\/\\\/starlediluminacion.com\\\/wp-content\\\/uploads\\\/2022\\\/08\\\/regleta-lineal-led-munich-mini-plata-factorled.jpg\",\"contentUrl\":\"https:\\\/\\\/starlediluminacion.com\\\/wp-content\\\/uploads\\\/2022\\\/08\\\/regleta-lineal-led-munich-mini-plata-factorled.jpg\",\"width\":1000,\"height\":1000},{\"@type\":\"BreadcrumbList\",\"@id\":\"https:\\\/\\\/starlediluminacion.com\\\/en\\\/product\\\/regleta-lineal-led-mini-munich-plata-0-44m-0-94m-144m-1-94m-ip54\\\/#breadcrumb\",\"itemListElement\":[{\"@type\":\"ListItem\",\"position\":1,\"name\":\"Portada\",\"item\":\"https:\\\/\\\/starlediluminacion.com\\\/\"},{\"@type\":\"ListItem\",\"position\":2,\"name\":\"Shop\",\"item\":\"https:\\\/\\\/starlediluminacion.com\\\/shop-2\\\/\"},{\"@type\":\"ListItem\",\"position\":3,\"name\":\"Regleta Lineal LED &#8211; MINI MUNICH PLATA &#8211; 0.44m &#8211; 0.94m &#8211; 1,44m &#8211; 1.94m &#8211; IP54\"}]},{\"@type\":\"WebSite\",\"@id\":\"https:\\\/\\\/starlediluminacion.com\\\/#website\",\"url\":\"https:\\\/\\\/starlediluminacion.com\\\/\",\"name\":\"STARLED Iluminacion\",\"description\":\"\",\"potentialAction\":[{\"@type\":\"SearchAction\",\"target\":{\"@type\":\"EntryPoint\",\"urlTemplate\":\"https:\\\/\\\/starlediluminacion.com\\\/?s={search_term_string}\"},\"query-input\":{\"@type\":\"PropertyValueSpecification\",\"valueRequired\":true,\"valueName\":\"search_term_string\"}}],\"inLanguage\":\"de\"}]}<\/script>\n<!-- \/ Yoast SEO plugin. -->","yoast_head_json":{"title":"Regleta Lineal LED - MINI MUNICH PLATA - 0.44m - 0.94m - 1,44m - 1.94m - IP54 - STARLED Iluminacion","robots":{"index":"index","follow":"follow","max-snippet":"max-snippet:-1","max-image-preview":"max-image-preview:large","max-video-preview":"max-video-preview:-1"},"canonical":"https:\/\/starlediluminacion.com\/de\/product\/regleta-lineal-led-mini-munich-plata-0-44m-0-94m-144m-1-94m-ip54\/","og_locale":"de_DE","og_type":"article","og_title":"Regleta Lineal LED - MINI MUNICH PLATA - 0.44m - 0.94m - 1,44m - 1.94m - IP54 - STARLED Iluminacion","og_description":"\u00a0Entrega en 24\/48 horas \u00a0Garant\u00eda asegurada \u00a01 unidad(es) por Masterbox TEMPERATURA DE COLOR: 2700K\/3000K\/4500K\/6500K","og_url":"https:\/\/starlediluminacion.com\/de\/product\/regleta-lineal-led-mini-munich-plata-0-44m-0-94m-144m-1-94m-ip54\/","og_site_name":"STARLED Iluminacion","og_image":[{"width":1000,"height":1000,"url":"https:\/\/starlediluminacion.com\/wp-content\/uploads\/2022\/08\/regleta-lineal-led-munich-mini-plata-factorled.jpg","type":"image\/jpeg"}],"twitter_card":"summary_large_image","twitter_misc":{"Gesch\u00e4tzte Lesezeit":"4\u00a0Minuten"},"schema":{"@context":"https:\/\/schema.org","@graph":[{"@type":"WebPage","@id":"https:\/\/starlediluminacion.com\/en\/product\/regleta-lineal-led-mini-munich-plata-0-44m-0-94m-144m-1-94m-ip54\/","url":"https:\/\/starlediluminacion.com\/en\/product\/regleta-lineal-led-mini-munich-plata-0-44m-0-94m-144m-1-94m-ip54\/","name":"Regleta Lineal LED - MINI MUNICH PLATA - 0.44m - 0.94m - 1,44m - 1.94m - IP54 - STARLED Iluminacion","isPartOf":{"@id":"https:\/\/starlediluminacion.com\/#website"},"primaryImageOfPage":{"@id":"https:\/\/starlediluminacion.com\/en\/product\/regleta-lineal-led-mini-munich-plata-0-44m-0-94m-144m-1-94m-ip54\/#primaryimage"},"image":{"@id":"https:\/\/starlediluminacion.com\/en\/product\/regleta-lineal-led-mini-munich-plata-0-44m-0-94m-144m-1-94m-ip54\/#primaryimage"},"thumbnailUrl":"https:\/\/starlediluminacion.com\/wp-content\/uploads\/2022\/08\/regleta-lineal-led-munich-mini-plata-factorled.jpg","datePublished":"2022-08-11T10:10:13+00:00","breadcrumb":{"@id":"https:\/\/starlediluminacion.com\/en\/product\/regleta-lineal-led-mini-munich-plata-0-44m-0-94m-144m-1-94m-ip54\/#breadcrumb"},"inLanguage":"de","potentialAction":[{"@type":"ReadAction","target":["https:\/\/starlediluminacion.com\/en\/product\/regleta-lineal-led-mini-munich-plata-0-44m-0-94m-144m-1-94m-ip54\/"]}]},{"@type":"ImageObject","inLanguage":"de","@id":"https:\/\/starlediluminacion.com\/en\/product\/regleta-lineal-led-mini-munich-plata-0-44m-0-94m-144m-1-94m-ip54\/#primaryimage","url":"https:\/\/starlediluminacion.com\/wp-content\/uploads\/2022\/08\/regleta-lineal-led-munich-mini-plata-factorled.jpg","contentUrl":"https:\/\/starlediluminacion.com\/wp-content\/uploads\/2022\/08\/regleta-lineal-led-munich-mini-plata-factorled.jpg","width":1000,"height":1000},{"@type":"BreadcrumbList","@id":"https:\/\/starlediluminacion.com\/en\/product\/regleta-lineal-led-mini-munich-plata-0-44m-0-94m-144m-1-94m-ip54\/#breadcrumb","itemListElement":[{"@type":"ListItem","position":1,"name":"Portada","item":"https:\/\/starlediluminacion.com\/"},{"@type":"ListItem","position":2,"name":"Shop","item":"https:\/\/starlediluminacion.com\/shop-2\/"},{"@type":"ListItem","position":3,"name":"Regleta Lineal LED &#8211; MINI MUNICH PLATA &#8211; 0.44m &#8211; 0.94m &#8211; 1,44m &#8211; 1.94m &#8211; IP54"}]},{"@type":"WebSite","@id":"https:\/\/starlediluminacion.com\/#website","url":"https:\/\/starlediluminacion.com\/","name":"STARLED Iluminacion","description":"","potentialAction":[{"@type":"SearchAction","target":{"@type":"EntryPoint","urlTemplate":"https:\/\/starlediluminacion.com\/?s={search_term_string}"},"query-input":{"@type":"PropertyValueSpecification","valueRequired":true,"valueName":"search_term_string"}}],"inLanguage":"de"}]}},"_links":{"self":[{"href":"https:\/\/starlediluminacion.com\/de\/wp-json\/wp\/v3\/product\/4620","targetHints":{"allow":["GET"]}}],"collection":[{"href":"https:\/\/starlediluminacion.com\/de\/wp-json\/wp\/v3\/product"}],"about":[{"href":"https:\/\/starlediluminacion.com\/de\/wp-json\/wp\/v2\/types\/product"}],"wp:featuredmedia":[{"embeddable":true,"href":"https:\/\/starlediluminacion.com\/de\/wp-json\/wp\/v2\/media\/4629"}],"wp:attachment":[{"href":"https:\/\/starlediluminacion.com\/de\/wp-json\/wp\/v2\/media?parent=4620"}],"wp:term":[{"taxonomy":"product_cat","embeddable":true,"href":"https:\/\/starlediluminacion.com\/de\/wp-json\/wp\/v2\/product_cat?post=4620"},{"taxonomy":"product_tag","embeddable":true,"href":"https:\/\/starlediluminacion.com\/de\/wp-json\/wp\/v2\/product_tag?post=4620"}],"curies":[{"name":"wp","href":"https:\/\/api.w.org\/{rel}","templated":true}]}}