{"id":4466,"date":"2022-08-10T21:13:49","date_gmt":"2022-08-10T21:13:49","guid":{"rendered":"https:\/\/starlediluminacion.com\/?post_type=product&#038;p=4466"},"modified":"2022-12-18T10:11:39","modified_gmt":"2022-12-18T10:11:39","slug":"lampara-lineal-colgante-led-ricardo-amarillo-pastel-0-5m-1m-15m-2m","status":"publish","type":"product","link":"https:\/\/starlediluminacion.com\/de\/product\/lampara-lineal-colgante-led-ricardo-amarillo-pastel-0-5m-1m-15m-2m\/","title":{"rendered":"<p>LED Linear Pendelleuchte - RICARDO Pastellgelb - 0.5m - 1m - 1,5m - 2m<\/p>"},"content":{"rendered":"<p>REFERENCIA: SL17057-AM<p>Unser&nbsp;<strong>Professionelle Leuchte<\/strong>&nbsp;linear<strong>&nbsp;<\/strong>&nbsp;<strong>&ndash; RICARDO Amarillo pastel-<\/strong>&nbsp;ist f\u00fcr eine intensive, 24-st\u00fcndige, ununterbrochene Nutzung ausgelegt. Unser&nbsp;<strong>Pendelleuchte<\/strong>&nbsp;ist&nbsp;<strong>hergestellt in Europa<\/strong>Die Lichtquelle ist ma\u00dfgeschneidert f\u00fcr Ihre Bed\u00fcrfnisse. Die Lichtquelle besteht aus stranggepresstem Aluminium mit einer Reinheit von 98% und ist&nbsp;<strong>40W\/M SMD3040<\/strong>&nbsp;Lieferung<strong>&nbsp;5732 Lumen pro Meter<\/strong>&nbsp;- 192 Leds\/Meter<strong>.  5 Jahre Garantie.&nbsp;&nbsp;<\/strong>Produktionsvorlaufzeit: 5 bis 7 Arbeitstage<strong>&nbsp;<\/strong>(Montag bis Freitag).<\/p><p>Unser Diffusor ist ein Mikroprisma mit UGR&lt;19<\/p><h1>L&aacute;mpara Lineal Colgante LED &ndash; RICARDO Amarillo pastel- 0.5m &ndash; 1m &ndash; 1,5m &ndash; 2m<\/h1><p>&nbsp;<\/p><p>Unsere LED-Linearanzeigen -&nbsp;<strong>RICARDO&nbsp;<\/strong>- ist ein vielseitiges und zeitloses Sortiment, das die Hauptrolle in der Inneneinrichtung eines Raums spielen oder sich an sie anpassen kann. Dank der verschiedenen Gr\u00f6\u00dfen und Farben, die zur Verf\u00fcgung stehen, kann es eine gro\u00dfe Vielfalt an visuellen Eindr\u00fccken bieten, die den Raum aus einer neuen Perspektive definieren werden.<\/p><p>Erh\u00e4ltlich in verschiedenen L\u00e4ngen und als abgeh\u00e4ngte oder an der Decke montierte Version, um unterschiedlichen Bed\u00fcrfnissen und Installationsh\u00f6hen gerecht zu werden. Die bis zu 2 Meter langen Leuchten werden zu sch\u00f6nen Lichtspuren, die den Raum gestalten.<\/p><p>Die lineare LED<strong>&nbsp;-RICARDO-<\/strong>&nbsp;&nbsp;zeichnet homogene Lichtlinien, die sich mit minimaler visueller Beeintr\u00e4chtigung an eine Vielzahl von R\u00e4umen anpassen und sowohl den allgemeinen Beleuchtungsbedarf als auch die Flutung vertikaler Fl\u00e4chen l\u00f6sen.<\/p><p>Sein Design kombiniert hochtransmittierende Diffusoren, die hohen visuellen Komfort und Energieeffizienz bieten.<\/p><p>Das Zubeh\u00f6r f\u00fcr das Pendelkabel ist 2 Meter lang, so dass es auf die gew\u00fcnschte H\u00f6he eingestellt werden kann. Die Leuchte hat ein 2 Meter langes Kabel f\u00fcr einen einfachen Anschluss.<\/p><p>Unser<strong>&nbsp;professionelle lineare LED-Leuchte<\/strong>&nbsp;hat eine Leistung von&nbsp;<strong>40W\/Meter.<\/strong><\/p><p>Die Leuchte verf\u00fcgt \u00fcber eine Stromversorgung im Inneren des 24-Volt-Aluminiumprofils der renommierten Marke Ecoled (h\u00f6chste Qualit\u00e4t).<\/p><p>Der Verbrauch der Leuchte betr\u00e4gt 20W f\u00fcr 50cm; 40W f\u00fcr 100cm; 60W f\u00fcr 150cm; und 40W f\u00fcr 200cm. Die LED-Leuchte ist aus hochreinem 6063\/6060 Aluminium (98%) gefertigt, mit UNE EN 755 und UNE EN 12020-1 W\u00e4rmebehandlung.<\/p><p>Die Lichtquelle unserer linearen LED-Leuchte besteht aus 192 Leds\/Meter.&nbsp;<strong>hohe Leuchtkraft<\/strong>&nbsp;SMD3040 mit einer Lichtleistung von 5700Lm\/Meter; die LED-Dioden sind f\u00fcr eine l\u00e4ngere Lebensdauer mit Golddraht verl\u00f6tet und f\u00fcr die Zuverl\u00e4ssigkeit mit Stahl verst\u00e4rkt.<\/p><p>&nbsp;<\/p><p>Die Beschichtung der Leuchte besteht aus&nbsp;<strong>hohe Widerstandsf\u00e4higkeit und Qualit\u00e4t<\/strong>&nbsp;und ist schwarz und wei\u00df strukturiert - Qualicoat -, und silber eloxiert - Qualanod - mit 15 Mikron Dicke f\u00fcr eine lange Lebensdauer.<\/p><p>Die Leuchte ist mit unserem Diffusor ausgestattet: transparentes Mikroprisma (UGR&lt;19),<\/p><p>Unsere LED-Langfeldleuchte -<strong>RICARDO-<\/strong>&nbsp; Da es sich um eine Ma\u00dfanfertigung handelt, bietet es mehrere M\u00f6glichkeiten, zwischen einer w\u00e4rmeren, neutralen oder kalten Beleuchtung und eloxierten Oberfl\u00e4chen in Silber, Wei\u00df und Schwarz zu w\u00e4hlen. Die Leuchte wird in Europa auf die vom Kunden gew\u00fcnschte Gr\u00f6\u00dfe handgefertigt. Da es sich um eine Sonderanfertigung handelt, ist eine R\u00fcckgabe nicht m\u00f6glich.  Unsere Fertigungszeit betr\u00e4gt 48 Arbeitsstunden.<\/p><p>Unsere Langfeldleuchten lassen sich oben zusammenf\u00fcgen und zu einem&nbsp;<strong>eine Leuchte mit kontinuierlichem Effekt in der von Ihnen ben\u00f6tigten Meterzahl.<\/strong><\/p><p>&nbsp;<\/p><p>Verf\u00fcgbare Farben unserer Leuchte&nbsp;<strong>RICARDO:<\/strong><\/p><p>- Strukturiertes Azurblau -RAL 5009<\/p><p>- Wei\u00df strukturiert -RAL 9003<\/p><p>- Schwarz strukturiert -RAL 9005<\/p><p>- Strukturierte Patina gr\u00fcn -RAL 6000<\/p><p>- Strukturiertes Steingrau -RAL 7030<\/p><p>- Strukturiertes Pastellgelb -RAL 1034<\/p><p>- Strukturiertes Tomatenrot -RAL 3013<\/p><p>- Strukturiertes Elfenbein -RAL 1014<\/p><p>&nbsp;<\/p><h2>Usos de la L&aacute;mpara Lineal Colgante LED &ndash;&nbsp;RICARDO Amarillo pastel- 0.5m &ndash; 1m &ndash; 1,5m &ndash; 2m:<\/h2><p>&nbsp;<\/p><ul>\n<li>Gesch\u00e4fte<\/li>\n<li>Ausstellungen<\/li>\n<li>Branchen<\/li>\n<li>\u00c4mter<\/li>\n<li>Haushalte<\/li>\n<\/ul><h3 class=\"page-product-heading\">TECHNISCHE DATEN<\/h3><div class=\"col-xs-12 col-md-6\">\n<table class=\"table table-data-sheet 1\">\n<tbody>\n<tr class=\"odd\">\n<td valign=\"middle\" width=\"32\"><\/td>\n<td valign=\"middle\">REFERENZEN :<\/td>\n<td valign=\"middle\">SL17057-AM<\/td>\n<\/tr>\n<tr class=\"even\">\n<td valign=\"middle\" width=\"32\"><\/td>\n<td valign=\"middle\">Nennleistung :<\/td>\n<td valign=\"middle\">-20W 0,5m - 40W 1m -60W 1,5m -80W 2m<\/td>\n<\/tr>\n<tr class=\"odd\">\n<td valign=\"middle\" width=\"32\"><\/td>\n<td valign=\"middle\">Nennspannung:<\/td>\n<td valign=\"middle\">85-265V<\/td>\n<\/tr>\n<tr class=\"even\">\n<td valign=\"middle\" width=\"32\"><\/td>\n<td valign=\"middle\">Lichttemperatur:<\/td>\n<td valign=\"middle\">2700K -4000K -6000K<\/td>\n<\/tr>\n<tr class=\"odd\">\n<td valign=\"middle\" width=\"32\"><\/td>\n<td valign=\"middle\">CRI - Farbwiedergabeindex:<\/td>\n<td valign=\"middle\">82<\/td>\n<\/tr>\n<tr class=\"even\">\n<td valign=\"middle\" width=\"32\"><\/td>\n<td valign=\"middle\">Baumaterial:<\/td>\n<td valign=\"middle\">Aluminium +PC<\/td>\n<\/tr>\n<tr class=\"odd\">\n<td valign=\"middle\" width=\"32\"><\/td>\n<td valign=\"middle\">Art der LEDs:<\/td>\n<td valign=\"middle\">SMD3040 - 192 Chips\/M<\/td>\n<\/tr>\n<tr class=\"even\">\n<td valign=\"middle\" width=\"32\"><\/td>\n<td valign=\"middle\">\u00d6ffnungswinkel (\u00ba):<\/td>\n<td valign=\"middle\">60\u00ba<\/td>\n<\/tr>\n<tr class=\"odd\">\n<td valign=\"middle\" width=\"32\"><\/td>\n<td valign=\"middle\">Effizienz der LED-Diode (Lm\/W):<\/td>\n<td valign=\"middle\">160 Lm\/w<\/td>\n<\/tr>\n<tr class=\"even\">\n<td valign=\"middle\" width=\"32\"><\/td>\n<td valign=\"middle\">Lichtausbeute (Lm\/W):<\/td>\n<td valign=\"middle\">110 Lm\/W<\/td>\n<\/tr>\n<tr class=\"odd\">\n<td valign=\"middle\" width=\"32\"><\/td>\n<td valign=\"middle\">Bescheinigungen:<\/td>\n<td valign=\"middle\">CE - ROHS<\/td>\n<\/tr>\n<\/tbody>\n<\/table>\n<\/div><div class=\"col-xs-12 col-md-6 2\">\n<table class=\"table table-data-sheet 2\">\n<tbody>\n<tr class=\"odd\">\n<td valign=\"middle\" width=\"32\"><\/td>\n<td valign=\"middle\">IP-Bewertung:<\/td>\n<td valign=\"middle\">IP20<\/td>\n<\/tr>\n<tr class=\"even\">\n<td valign=\"middle\" width=\"32\"><\/td>\n<td valign=\"middle\">Gesch\u00e4tzte Lebensdauer der LED-Diode (H):<\/td>\n<td valign=\"middle\">50.000<\/td>\n<\/tr>\n<tr class=\"odd\">\n<td valign=\"middle\" width=\"32\"><\/td>\n<td valign=\"middle\">Abmessungen (mm):<\/td>\n<td valign=\"middle\">L: 0.5m - 1m - 1,50m - 2m<\/td>\n<\/tr>\n<tr class=\"even\">\n<td valign=\"middle\" width=\"32\"><\/td>\n<td valign=\"middle\">Leistungsfaktor (PF):<\/td>\n<td valign=\"middle\">0.97<\/td>\n<\/tr>\n<tr class=\"odd\">\n<td valign=\"middle\" width=\"32\"><\/td>\n<td valign=\"middle\">Arbeitsfrequenz (Hz):<\/td>\n<td valign=\"middle\">50\/60Hz<\/td>\n<\/tr>\n<tr class=\"even\">\n<td valign=\"middle\" width=\"32\"><\/td>\n<td valign=\"middle\">Temperaturbereich (\u00baC):<\/td>\n<td valign=\"middle\">-20\u00b0C ~ +55\u00b0C<\/td>\n<\/tr>\n<tr class=\"odd\">\n<td valign=\"middle\" width=\"32\"><\/td>\n<td valign=\"middle\">Z\u00fcndungszyklen:<\/td>\n<td valign=\"middle\">100.000<\/td>\n<\/tr>\n<tr class=\"even\">\n<td valign=\"middle\" width=\"32\"><\/td>\n<td valign=\"middle\">Einschaltzeit (s):<\/td>\n<td valign=\"middle\">0,2s<\/td>\n<\/tr>\n<tr class=\"even\">\n<td valign=\"middle\" width=\"32\"><\/td>\n<td valign=\"middle\">Energieklasse (2021-EU-2019\/2015):<\/td>\n<td valign=\"middle\">A+<\/td>\n<\/tr>\n<tr class=\"odd\">\n<td valign=\"middle\" width=\"32\"><\/td>\n<td valign=\"middle\">Gew\u00e4hrleistungsjahre:<\/td>\n<td valign=\"middle\">5<\/td>\n<\/tr>\n<\/tbody>\n<\/table>\n<\/div><\/p>","protected":false},"excerpt":{"rendered":"<div class=\"col-md-12\"><i class=\"fa fa-truck\"><\/i>&nbsp;<span class=\"text-muted textprop\">Lieferung innerhalb von 24\/48 Stunden<\/span><div class=\"col-md-12\"><i class=\"fa fa-exchange\"><\/i>&nbsp;<span class=\"text-muted textprop\">Versicherte Garantie<\/span><\/div><div class=\"col-md-12\"><i class=\"fa fa-box\"><\/i>&nbsp;<span class=\"text-muted textprop\">20 Einheit(en) pro Masterbox<\/span><\/div><div><strong>FARBTEMPERATUR: 2700K\/4000K\/6000K<\/strong><\/div><\/div>","protected":false},"featured_media":4469,"template":"","meta":{"site-sidebar-layout":"default","site-content-layout":"default","ast-global-header-display":"","ast-main-header-display":"","ast-hfb-above-header-display":"","ast-hfb-below-header-display":"","ast-hfb-mobile-header-display":"","site-post-title":"","ast-breadcrumbs-content":"","ast-featured-img":"","footer-sml-layout":"","theme-transparent-header-meta":"default","adv-header-id-meta":"","stick-header-meta":"","header-above-stick-meta":"","header-main-stick-meta":"","header-below-stick-meta":""},"product_cat":[33],"product_tag":[],"class_list":["post-4466","product","type-product","status-publish","has-post-thumbnail","hentry","product_cat-barras-lineales-led"],"_links":{"self":[{"href":"https:\/\/starlediluminacion.com\/de\/wp-json\/wp\/v3\/product\/4466","targetHints":{"allow":["GET"]}}],"collection":[{"href":"https:\/\/starlediluminacion.com\/de\/wp-json\/wp\/v3\/product"}],"about":[{"href":"https:\/\/starlediluminacion.com\/de\/wp-json\/wp\/v2\/types\/product"}],"wp:featuredmedia":[{"embeddable":true,"href":"https:\/\/starlediluminacion.com\/de\/wp-json\/wp\/v2\/media\/4469"}],"wp:attachment":[{"href":"https:\/\/starlediluminacion.com\/de\/wp-json\/wp\/v2\/media?parent=4466"}],"wp:term":[{"taxonomy":"product_cat","embeddable":true,"href":"https:\/\/starlediluminacion.com\/de\/wp-json\/wp\/v2\/product_cat?post=4466"},{"taxonomy":"product_tag","embeddable":true,"href":"https:\/\/starlediluminacion.com\/de\/wp-json\/wp\/v2\/product_tag?post=4466"}],"curies":[{"name":"wp","href":"https:\/\/api.w.org\/{rel}","templated":true}]}}