{"id":44323,"date":"2025-10-22T16:47:05","date_gmt":"2025-10-22T16:47:05","guid":{"rendered":"https:\/\/starlediluminacion.com\/?post_type=product&#038;p=44323"},"modified":"2025-10-22T16:48:12","modified_gmt":"2025-10-22T16:48:12","slug":"tira-led-24v-rgbic-smd5050-digital-5m-60led-m-12w-m-ip20-corte-17cm","status":"publish","type":"product","link":"https:\/\/starlediluminacion.com\/de\/product\/tira-led-24v-rgbic-smd5050-digital-5m-60led-m-12w-m-ip20-corte-17cm\/","title":{"rendered":"<p>LED-Streifen 24V RGBIC | SMD5050 DIGITAL | 5m | 60LED\/m | 12W\/M | IP20 | 1,7cm Schnitt 1,7cm<\/p>"},"content":{"rendered":"<h1>LED-Streifen 24V RGBIC | SMD5050 DIGITAL | 5 Meter | 60LED\/m | 12W\/M | IP20<p>Entdecken Sie unser&nbsp;<b>innovativer 12W SMD5050 DIGITAL RGBIC SMD5050 DIGITAL RGBIC LED-Streifen<\/b>! Dieses revolution\u00e4re Modell hebt die dekorative Beleuchtung dank seiner Technologie auf ein neues Niveau.&nbsp;<strong>RGBIC<\/strong>die es Ihnen erm\u00f6glicht&nbsp;<strong>jede LED einzeln steuern<\/strong>&nbsp;um dynamische Effekte, sanfte Farbverl\u00e4ufe und mehrfarbige \u00dcberg\u00e4nge zu erzeugen, die mit herk\u00f6mmlichen RGB-Streifen nicht m\u00f6glich sind.<\/p><p>Mit einem&nbsp;<strong>Gesamtleistung 12 W\/m (4 W rot, 4 W gr\u00fcn und 4 W blau)<\/strong>&nbsp;und eine&nbsp;<strong>Wirkungsgrad von 120Lm\/W<\/strong>bietet eine&nbsp;<strong>intensive, helle und energieeffiziente Beleuchtung<\/strong>. Sein Design mit&nbsp;<strong>60 LEDs pro Meter<\/strong>,&nbsp;<strong>8 mm breit<\/strong>&nbsp;y&nbsp;<strong>M\u00f6glichkeit, alle 1,7 cm zu schneiden<\/strong>&nbsp;gibt Ihnen&nbsp;<strong>fast v\u00f6llige Freiheit bei der Installation<\/strong>So k\u00f6nnen Sie die Leiste an jedes Innenbeleuchtungsprojekt anpassen.<\/p><p>Die&nbsp;<strong>SMD RGBIC LED-Streifen 24V DIGITAL<\/strong>&nbsp;ist ausgestattet mit&nbsp;<strong>3M-Klebeband<\/strong>die eine&nbsp;<strong>schnelle, feste und saubere Installation<\/strong>&nbsp;auf jeder ebenen Fl\u00e4che. Klassifizierung&nbsp;<strong>IP20<\/strong>&nbsp;macht es ideal f\u00fcr&nbsp;<strong>Innenr\u00e4ume<\/strong>wo Sie lebendige Farben und beeindruckende Effekte in Wohn-, Gesch\u00e4fts- oder Kunstr\u00e4umen genie\u00dfen k\u00f6nnen.<\/p><p>Dar\u00fcber hinaus ist es&nbsp;<strong>kompatibel mit dem Steuerger\u00e4t 92110-SPIR3<\/strong>&nbsp;und die&nbsp;<strong>Fernsteuerung 92111-C6<\/strong>die Ihnen eine&nbsp;<strong>intuitives und umfassendes Steuerungserlebnis<\/strong>&nbsp;um jede Umgebung je nach Stimmung oder Bedarf zu personalisieren.<\/p><h3><strong>Vorteile Highlights<\/strong><\/h3><ul>\n<li><strong>Unbegrenzte Personalisierung:<\/strong>&nbsp;Schneiden Sie alle 1,7 cm und passen Sie den Streifen genau an die L\u00e4nge an, die Sie ben\u00f6tigen. Perfekt f\u00fcr kreative und dekorative Projekte.<\/li>\n<li><strong>Starke Helligkeit und Energieeffizienz:<\/strong>&nbsp;12W\/m und 24V garantieren eine stabile Lichtleistung bei geringem Stromverbrauch.<\/li>\n<li><strong>Einfache Installation:<\/strong>&nbsp;Integriertes 3M-Klebeband f\u00fcr eine schnelle und sichere Befestigung.<\/li>\n<li><strong>Hohe Kompatibilit\u00e4t:<\/strong>&nbsp;Funktioniert perfekt mit Kontrollsystemen&nbsp;<strong>92110-SPIR3<\/strong>&nbsp;y&nbsp;<strong>92111-C6<\/strong>.<\/li>\n<li><strong>Dynamische RGBIC-Effekte:<\/strong>&nbsp;Unabh\u00e4ngige LED-Steuerung zur Erstellung einzigartiger Sequenzen, Farbverl\u00e4ufe und Muster.<\/li>\n<\/ul><h3><strong>Anwendungen und Einsatzm\u00f6glichkeiten<\/strong><\/h3><p>&nbsp;<\/p><ul>\n<li><strong>Umgebungsbeleuchtung:<\/strong>&nbsp;Ideal, um eine warme oder lebendige Atmosph\u00e4re in Wohnzimmern, Schlafzimmern, Bars oder Restaurants zu schaffen.<\/li>\n<li><strong>Veranstaltungen und Partys:<\/strong>&nbsp;Verleihen Sie jeder Feier einen festlichen Touch mit dynamischen Effekten, die jede Feier verwandeln.<\/li>\n<li><strong>Innenarchitektur:<\/strong>&nbsp;Heben Sie architektonische Details, M\u00f6bel oder dekorative Bereiche mit einem modernen und professionellen Touch hervor.<\/li>\n<li><strong>Ausstellungen und Beschilderung:<\/strong>&nbsp;Ideal f\u00fcr die Hervorhebung von Produkten, Vitrinen oder Schaufenstern.<\/li>\n<li><strong>Lichtkunst und kreative Projekte:<\/strong>&nbsp;Entfesseln Sie Ihre Fantasie mit visuellen Installationen, interaktiver Kunst oder B\u00fchnendekoration.<\/li>\n<\/ul><p><strong>* Netzteil NICHT enthalten<\/strong><\/p><h3 class=\"h6\">Produktdatenblatt<\/h3><dl class=\"data-sheet\">\n<dt class=\"name\"><img loading=\"lazy\" decoding=\"async\" src=\"https:\/\/www.factorled.com\/modules\/oa_features\/img\/2-default.jpg\" width=\"32\" height=\"32\">&nbsp;REFERENZ<\/dt>\n<dd class=\"value\">SP60D12W-RGB-91447<\/dd>\n<dt class=\"name\"><img loading=\"lazy\" decoding=\"async\" src=\"https:\/\/www.factorled.com\/modules\/oa_features\/img\/3-default.jpg\" width=\"32\" height=\"32\">&nbsp;Nennleistung<\/dt>\n<dd class=\"value\">12w<\/dd>\n<dt class=\"name\"><img loading=\"lazy\" decoding=\"async\" src=\"https:\/\/www.factorled.com\/modules\/oa_features\/img\/4-default.jpg\" width=\"32\" height=\"32\">&nbsp;Nennspannung<\/dt>\n<dd class=\"value\">24V DC<\/dd>\n<dt class=\"name\"><img loading=\"lazy\" decoding=\"async\" src=\"https:\/\/www.factorled.com\/modules\/oa_features\/img\/5-default.jpg\" width=\"32\" height=\"32\">&nbsp;Licht Temperatur<\/dt>\n<dd class=\"value\">RGBIC<\/dd>\n<dt class=\"name\"><img loading=\"lazy\" decoding=\"async\" src=\"https:\/\/www.factorled.com\/modules\/oa_features\/img\/25-default.jpg\" width=\"32\" height=\"32\">&nbsp;Baumaterial<\/dt>\n<dd class=\"value\">PCB<\/dd>\n<dt class=\"name\"><img loading=\"lazy\" decoding=\"async\" src=\"https:\/\/www.factorled.com\/modules\/oa_features\/img\/9-default.jpg\" width=\"32\" height=\"32\">&nbsp;Art der LEDs<\/dt>\n<dd class=\"value\">SMD 5050<\/dd>\n<dt class=\"name\"><img loading=\"lazy\" decoding=\"async\" src=\"https:\/\/www.factorled.com\/modules\/oa_features\/img\/10-default.jpg\" width=\"32\" height=\"32\">&nbsp;\u00d6ffnungswinkel (\u00ba)<\/dt>\n<dd class=\"value\">120\u00ba<\/dd>\n<dt class=\"name\"><img loading=\"lazy\" decoding=\"async\" src=\"https:\/\/www.factorled.com\/modules\/oa_features\/img\/12-default.jpg\" width=\"32\" height=\"32\">&nbsp;LED-Dioden-Wirkungsgrad (Lm\/W)<\/dt>\n<dd class=\"value\">100Lm\/W<\/dd>\n<dt class=\"name\"><img loading=\"lazy\" decoding=\"async\" src=\"https:\/\/www.factorled.com\/modules\/oa_features\/img\/15-default.jpg\" width=\"32\" height=\"32\">&nbsp;Bescheinigungen<\/dt>\n<dd class=\"value\">CE, CMIM, RoHS<\/dd>\n<dt class=\"name\"><img loading=\"lazy\" decoding=\"async\" src=\"https:\/\/www.factorled.com\/modules\/oa_features\/img\/16-default.jpg\" width=\"32\" height=\"32\">&nbsp;IP-Einstufung<\/dt>\n<dd class=\"value\">IP20<\/dd>\n<dt class=\"name\"><img loading=\"lazy\" decoding=\"async\" src=\"https:\/\/www.factorled.com\/modules\/oa_features\/img\/17-default.jpg\" width=\"32\" height=\"32\">&nbsp;Gesch\u00e4tzte Lebensdauer LED-Diode (H)<\/dt>\n<dd class=\"value\">35.000<\/dd>\n<dt class=\"name\"><img loading=\"lazy\" decoding=\"async\" src=\"https:\/\/www.factorled.com\/modules\/oa_features\/img\/18-default.jpg\" width=\"32\" height=\"32\">&nbsp;Abmessungen (mm)<\/dt>\n<dd class=\"value\">5m. x 8mm<\/dd>\n<dt class=\"name\"><img loading=\"lazy\" decoding=\"async\" src=\"https:\/\/www.factorled.com\/modules\/oa_features\/img\/21-default.jpg\" width=\"32\" height=\"32\">&nbsp;Arbeitsfrequenz (Hz)<\/dt>\n<dd class=\"value\">50\/60Hz<\/dd>\n<dt class=\"name\"><img loading=\"lazy\" decoding=\"async\" src=\"https:\/\/www.factorled.com\/modules\/oa_features\/img\/22-default.jpg\" width=\"32\" height=\"32\">&nbsp;Temperaturbereich (\u00baC)<\/dt>\n<dd class=\"value\">-20\u00b0C ~ +55\u00b0C<\/dd>\n<dt class=\"name\"><img loading=\"lazy\" decoding=\"async\" src=\"https:\/\/www.factorled.com\/modules\/oa_features\/img\/23-default.jpg\" width=\"32\" height=\"32\">&nbsp;Z\u00fcndungszyklen<\/dt>\n<dd class=\"value\">100.000<\/dd>\n<dt class=\"name\"><img loading=\"lazy\" decoding=\"async\" src=\"https:\/\/www.factorled.com\/modules\/oa_features\/img\/26-default.jpg\" width=\"32\" height=\"32\">&nbsp;Zus\u00e4tzliche Informationen<\/dt>\n<dd class=\"value\">SCHNITT: 1,7 cm<\/dd>\n<dt class=\"name\"><img loading=\"lazy\" decoding=\"async\" src=\"https:\/\/www.factorled.com\/modules\/oa_features\/img\/7-default.jpg\" width=\"32\" height=\"32\">&nbsp;Energieklasse (2021-EU-2019\/2015)<\/dt>\n<dd class=\"value\">A+<\/dd>\n<dt class=\"name\"><img loading=\"lazy\" decoding=\"async\" src=\"https:\/\/www.factorled.com\/modules\/oa_features\/img\/75-default.jpg\" width=\"32\" height=\"32\">&nbsp;Gew\u00e4hrleistungsjahre<\/dt>\n<dd class=\"value\">3<\/dd>\n<\/dl><\/h1>","protected":false},"excerpt":{"rendered":"<div class=\"product-reference\"><strong><label class=\"label\">Referenz:<\/label> SLSP60D12W-RGB-91447<\/strong>\n<div><\/div>\n<div class=\"product-description-short\">\n<div id=\"product-description-short-4013\">\n<p>Beleuchten Sie Ihre R\u00e4ume mit dem&nbsp;<b>LED-RGBIC SMD5050 24V Digitaler RGBIC-LED-Streifen<\/b>Die LEDs k\u00f6nnen individuell gesteuert werden, um dynamische Effekte und lebendige Farben zu erzeugen. Mit&nbsp;<strong>60 LED\/m<\/strong>,&nbsp;<strong>12W\/m<\/strong>&nbsp;und einem Wirkungsgrad von&nbsp;<strong>120Lm\/W<\/strong>bietet eine leistungsstarke und effiziente Beleuchtung. Sein Design&nbsp;<strong>IP20<\/strong>, Breite von&nbsp;<strong>8mm<\/strong>&nbsp;und schneiden jeden&nbsp;<strong>1,7cm<\/strong>&nbsp;machen es perfekt f\u00fcr den Einsatz in Innenr\u00e4umen.<\/p>\n<p>Einschlie\u00dflich Klebeband&nbsp;<strong>3M<\/strong>&nbsp;f\u00fcr eine schnelle Installation und ist vollst\u00e4ndig kompatibel mit dem&nbsp;<strong>Steuerger\u00e4t 92110-SPIR3<\/strong>&nbsp;und die&nbsp;<strong>Fernsteuerung 92111-C6<\/strong>.<\/p>\n<\/div>\n<\/div><div class=\"product-information\">\n<div class=\"col-md-6\">\n<div class=\"product-oa-features oa-features clearfix\"><\/div>\n<\/div>\n<\/div><\/div>","protected":false},"featured_media":44330,"template":"","meta":{"site-sidebar-layout":"default","site-content-layout":"default","ast-global-header-display":"","ast-main-header-display":"","ast-hfb-above-header-display":"","ast-hfb-below-header-display":"","ast-hfb-mobile-header-display":"","site-post-title":"","ast-breadcrumbs-content":"","ast-featured-img":"","footer-sml-layout":"","theme-transparent-header-meta":"default","adv-header-id-meta":"","stick-header-meta":"","header-above-stick-meta":"","header-main-stick-meta":"","header-below-stick-meta":""},"product_cat":[24,89],"product_tag":[],"class_list":["post-44323","product","type-product","status-publish","has-post-thumbnail","hentry","product_cat-novedades","product_cat-tiras-led-24v-dc"],"_links":{"self":[{"href":"https:\/\/starlediluminacion.com\/de\/wp-json\/wp\/v3\/product\/44323","targetHints":{"allow":["GET"]}}],"collection":[{"href":"https:\/\/starlediluminacion.com\/de\/wp-json\/wp\/v3\/product"}],"about":[{"href":"https:\/\/starlediluminacion.com\/de\/wp-json\/wp\/v2\/types\/product"}],"wp:featuredmedia":[{"embeddable":true,"href":"https:\/\/starlediluminacion.com\/de\/wp-json\/wp\/v2\/media\/44330"}],"wp:attachment":[{"href":"https:\/\/starlediluminacion.com\/de\/wp-json\/wp\/v2\/media?parent=44323"}],"wp:term":[{"taxonomy":"product_cat","embeddable":true,"href":"https:\/\/starlediluminacion.com\/de\/wp-json\/wp\/v2\/product_cat?post=44323"},{"taxonomy":"product_tag","embeddable":true,"href":"https:\/\/starlediluminacion.com\/de\/wp-json\/wp\/v2\/product_tag?post=44323"}],"curies":[{"name":"wp","href":"https:\/\/api.w.org\/{rel}","templated":true}]}}