{"id":43954,"date":"2025-10-17T14:43:54","date_gmt":"2025-10-17T14:43:54","guid":{"rendered":"https:\/\/starlediluminacion.com\/?post_type=product&#038;p=43954"},"modified":"2025-10-17T14:45:46","modified_gmt":"2025-10-17T14:45:46","slug":"bombilla-led-filamento-vintage-8w-e27-gold-st64-dimmable-2","status":"publish","type":"product","link":"https:\/\/starlediluminacion.com\/de\/product\/bombilla-led-filamento-vintage-8w-e27-gold-st64-dimmable-2\/","title":{"rendered":"<p>LED Vintage Gl\u00fchbirne 8W E27 Gold ST64 - dimmbar<\/p>"},"content":{"rendered":"<h1 dir=\"ltr\">LED Vintage Gl\u00fchbirne 8W E27 Gold ST64 - dimmbar<p dir=\"ltr\">Diese<strong>&nbsp;Vintage E27 LED-Gl\u00fchbirne<\/strong>&nbsp;von<strong>&nbsp;8W&nbsp;<\/strong>Das energieeffiziente, umweltfreundliche System reduziert die Stromkosten um mehr als 90%.<\/p><p dir=\"ltr\">Sie zeichnet sich dadurch aus, dass sie dimmbar ist, so dass die&nbsp;<strong>Gl\u00fchbirne<\/strong>&nbsp;kann&nbsp;<strong>regelm\u00e4\u00dfig<\/strong>&nbsp;seine Intensit\u00e4t von&nbsp;<strong>Licht<\/strong>&nbsp;zwischen 0-100%, um diese Funktion ausf\u00fchren zu k\u00f6nnen, ist der Kauf eines Reglers erforderlich.<\/p><p dir=\"ltr\">Es ist ideal, um Ihrem Zuhause zu besonderen Anl\u00e4ssen oder in Ihrem Gesch\u00e4ft einen Retro-Stil zu verleihen, hat einen sehr hohen Farbwiedergabeindex, der die echten Farben zeigt, und hat eine Art Kappe.&nbsp;<strong>E27<\/strong>&nbsp;und eine hohe Lichtausbeute von&nbsp;<strong>100lm\/w<\/strong>.<\/p><h2>Verwendungsm\u00f6glichkeiten der LED-Gl\u00fchbirne Filament Vintage Dimmbar 8W E27 Gold ST64<\/h2><ul>\n<li>Dekorative Beleuchtung<\/li>\n<li>H\u00e4ngelampen<\/li>\n<li>Industrielle Wandleuchten<\/li>\n<li>Schreibtischlampen oder Nachttischlampen<\/li>\n<\/ul><h3 class=\"h6\">Produktdatenblatt<\/h3><dl class=\"data-sheet\">\n<dt class=\"name\"><img loading=\"lazy\" decoding=\"async\" src=\"https:\/\/www.factorled.com\/modules\/oa_features\/img\/2-default.jpg\" width=\"32\" height=\"32\">&nbsp;REFERENZ<\/dt>\n<dd class=\"value\">ST64DIM8W<\/dd>\n<dt class=\"name\"><img loading=\"lazy\" decoding=\"async\" src=\"https:\/\/www.factorled.com\/modules\/oa_features\/img\/3-default.jpg\" width=\"32\" height=\"32\">&nbsp;Nennleistung<\/dt>\n<dd class=\"value\">8w<\/dd>\n<dt class=\"name\"><img loading=\"lazy\" decoding=\"async\" src=\"https:\/\/www.factorled.com\/modules\/oa_features\/img\/4-default.jpg\" width=\"32\" height=\"32\">&nbsp;Nennspannung<\/dt>\n<dd class=\"value\">175-265V<\/dd>\n<dt class=\"name\"><img loading=\"lazy\" decoding=\"async\" src=\"https:\/\/www.factorled.com\/modules\/oa_features\/img\/5-default.jpg\" width=\"32\" height=\"32\">&nbsp;Licht Temperatur<\/dt>\n<dd class=\"value\">2200K<\/dd>\n<dt class=\"name\"><img loading=\"lazy\" decoding=\"async\" src=\"https:\/\/www.factorled.com\/modules\/oa_features\/img\/6-default.jpg\" width=\"32\" height=\"32\">&nbsp;CRI - Farbwiedergabe-Index<\/dt>\n<dd class=\"value\">80<\/dd>\n<dt class=\"name\"><img loading=\"lazy\" decoding=\"async\" src=\"https:\/\/www.factorled.com\/modules\/oa_features\/img\/25-default.jpg\" width=\"32\" height=\"32\">&nbsp;Baumaterial<\/dt>\n<dd class=\"value\">Glas<\/dd>\n<dt class=\"name\"><img loading=\"lazy\" decoding=\"async\" src=\"https:\/\/www.factorled.com\/modules\/oa_features\/img\/8-default.jpg\" width=\"32\" height=\"32\">&nbsp;Leuchtkraft-Lm<\/dt>\n<dd class=\"value\">960<\/dd>\n<dt class=\"name\"><img loading=\"lazy\" decoding=\"async\" src=\"https:\/\/www.factorled.com\/modules\/oa_features\/img\/10-default.jpg\" width=\"32\" height=\"32\">&nbsp;\u00d6ffnungswinkel (\u00ba)<\/dt>\n<dd class=\"value\">360\u00ba<\/dd>\n<dt class=\"name\"><img loading=\"lazy\" decoding=\"async\" src=\"https:\/\/www.factorled.com\/modules\/oa_features\/img\/12-default.jpg\" width=\"32\" height=\"32\">&nbsp;LED-Dioden-Wirkungsgrad (Lm\/W)<\/dt>\n<dd class=\"value\">115Lm\/W<\/dd>\n<dt class=\"name\"><img loading=\"lazy\" decoding=\"async\" src=\"https:\/\/www.factorled.com\/modules\/oa_features\/img\/13-default.jpg\" width=\"32\" height=\"32\">&nbsp;Lichtausbeute (Lm\/W)<\/dt>\n<dd class=\"value\">101Lm\/W<\/dd>\n<dt class=\"name\"><img loading=\"lazy\" decoding=\"async\" src=\"https:\/\/www.factorled.com\/modules\/oa_features\/img\/11-default.jpg\" width=\"32\" height=\"32\">&nbsp;Abblendbar<\/dt>\n<dd class=\"value\">YES<\/dd>\n<dt class=\"name\"><img loading=\"lazy\" decoding=\"async\" src=\"https:\/\/www.factorled.com\/modules\/oa_features\/img\/14-default.jpg\" width=\"32\" height=\"32\">&nbsp;Kappe<\/dt>\n<dd class=\"value\">E27<\/dd>\n<dt class=\"name\"><img loading=\"lazy\" decoding=\"async\" src=\"https:\/\/www.factorled.com\/modules\/oa_features\/img\/15-default.jpg\" width=\"32\" height=\"32\">&nbsp;Bescheinigungen<\/dt>\n<dd class=\"value\">CE - ROHS<\/dd>\n<dt class=\"name\"><img loading=\"lazy\" decoding=\"async\" src=\"https:\/\/www.factorled.com\/modules\/oa_features\/img\/16-default.jpg\" width=\"32\" height=\"32\">&nbsp;IP-Einstufung<\/dt>\n<dd class=\"value\">IP20<\/dd>\n<dt class=\"name\"><img loading=\"lazy\" decoding=\"async\" src=\"https:\/\/www.factorled.com\/modules\/oa_features\/img\/17-default.jpg\" width=\"32\" height=\"32\">&nbsp;Gesch\u00e4tzte Lebensdauer LED-Diode (H)<\/dt>\n<dd class=\"value\">15.000<\/dd>\n<dt class=\"name\"><img loading=\"lazy\" decoding=\"async\" src=\"https:\/\/www.factorled.com\/modules\/oa_features\/img\/18-default.jpg\" width=\"32\" height=\"32\">&nbsp;Abmessungen (mm)<\/dt>\n<dd class=\"value\">?65*H144mm<\/dd>\n<dt class=\"name\"><img loading=\"lazy\" decoding=\"async\" src=\"https:\/\/www.factorled.com\/modules\/oa_features\/img\/21-default.jpg\" width=\"32\" height=\"32\">&nbsp;Arbeitsfrequenz (Hz)<\/dt>\n<dd class=\"value\">50\/60Hz<\/dd>\n<dt class=\"name\"><img loading=\"lazy\" decoding=\"async\" src=\"https:\/\/www.factorled.com\/modules\/oa_features\/img\/22-default.jpg\" width=\"32\" height=\"32\">&nbsp;Temperaturbereich (\u00baC)<\/dt>\n<dd class=\"value\">-20\u00b0C ~ +55\u00b0C<\/dd>\n<dt class=\"name\"><img loading=\"lazy\" decoding=\"async\" src=\"https:\/\/www.factorled.com\/modules\/oa_features\/img\/23-default.jpg\" width=\"32\" height=\"32\">&nbsp;Z\u00fcndungszyklen<\/dt>\n<dd class=\"value\">100.000<\/dd>\n<dt class=\"name\"><img loading=\"lazy\" decoding=\"async\" src=\"https:\/\/www.factorled.com\/modules\/oa_features\/img\/24-default.jpg\" width=\"32\" height=\"32\">&nbsp;Anlaufzeit (s)<\/dt>\n<dd class=\"value\">0,2s<\/dd>\n<dt class=\"name\"><img loading=\"lazy\" decoding=\"async\" src=\"https:\/\/www.factorled.com\/modules\/oa_features\/img\/7-default.jpg\" width=\"32\" height=\"32\">&nbsp;Energieklasse (2021-EU-2019\/2015)<\/dt>\n<dd class=\"value\">A+<\/dd>\n<dt class=\"name\"><img loading=\"lazy\" decoding=\"async\" src=\"https:\/\/www.factorled.com\/modules\/oa_features\/img\/101-default.jpg\" width=\"32\" height=\"32\">&nbsp;Energieklasse (2023 - EU-2019\/2015)<\/dt>\n<dd class=\"value\">F<\/dd>\n<dt class=\"name\"><img loading=\"lazy\" decoding=\"async\" src=\"https:\/\/www.factorled.com\/modules\/oa_features\/img\/75-default.jpg\" width=\"32\" height=\"32\">&nbsp;Gew\u00e4hrleistungsjahre<\/dt>\n<dd class=\"value\">2<\/dd>\n<\/dl><\/h1>","protected":false},"excerpt":{"rendered":"<p style=\"font-weight: 400;\"><strong>Referencia: SLST64DIM8W-90920-22K<\/strong><p>Sie sind bei&nbsp;<strong style=\"font-weight: 600;\">Vintage-Gl\u00fchbirnen<\/strong>&nbsp;von&nbsp;<strong style=\"font-weight: 600;\">Dimmbarer Gl\u00fchfaden&nbsp;<\/strong>von<strong style=\"font-weight: 600;\">&nbsp;8W&nbsp;<\/strong>Die Power-Lampen schaffen eine authentische und gem\u00fctliche Atmosph\u00e4re, die uns in vergangene Zeiten versetzt. Ihr birnenf\u00f6rmiger Stil schafft sowohl in Unternehmen als auch in Lounges und Restaurants eine warme Atmosph\u00e4re im Retro-Stil.<\/p><p>Die Gl\u00fchbirne ist&nbsp;<strong style=\"font-weight: 600;\">einstellbar<\/strong>&nbsp;von&nbsp;<strong style=\"font-weight: 600;\">TRIAC<\/strong><\/p><\/p>","protected":false},"featured_media":43957,"template":"","meta":{"site-sidebar-layout":"default","site-content-layout":"default","ast-global-header-display":"","ast-main-header-display":"","ast-hfb-above-header-display":"","ast-hfb-below-header-display":"","ast-hfb-mobile-header-display":"","site-post-title":"","ast-breadcrumbs-content":"","ast-featured-img":"","footer-sml-layout":"","theme-transparent-header-meta":"default","adv-header-id-meta":"","stick-header-meta":"","header-above-stick-meta":"","header-main-stick-meta":"","header-below-stick-meta":""},"product_cat":[46,23,24],"product_tag":[],"class_list":["post-43954","product","type-product","status-publish","has-post-thumbnail","hentry","product_cat-bombillas-led-e27","product_cat-bombillas-y-lamparas-led","product_cat-novedades"],"yoast_head":"<!-- This site is optimized with the Yoast SEO plugin v27.4 - https:\/\/yoast.com\/product\/yoast-seo-wordpress\/ -->\n<title>Bombilla LED Filamento Vintage 8W E27 Gold ST64 - Dimmable - STARLED Iluminacion<\/title>\n<meta name=\"robots\" content=\"index, follow, max-snippet:-1, max-image-preview:large, max-video-preview:-1\" \/>\n<link rel=\"canonical\" href=\"https:\/\/starlediluminacion.com\/de\/product\/bombilla-led-filamento-vintage-8w-e27-gold-st64-dimmable-2\/\" \/>\n<meta property=\"og:locale\" content=\"de_DE\" \/>\n<meta property=\"og:type\" content=\"article\" \/>\n<meta property=\"og:title\" content=\"Bombilla LED Filamento Vintage 8W E27 Gold ST64 - Dimmable - STARLED Iluminacion\" \/>\n<meta property=\"og:description\" content=\"Referencia: SLST64DIM8W-90920-22K Estas\u00a0Bombillas Vintage\u00a0de\u00a0Filamento\u00a0Dimmable\u00a0de\u00a08W\u00a0de potencia recrean un ambiente aut\u00e9ntico y acogedor que nos transportan a \u00e9pocas pasadas, su estilo en forma de pera. crea ambientes c\u00e1lidos con estilo retro tanto en negocios como en salones, restaurantes.  La bombilla es\u00a0regulable\u00a0por\u00a0TRIAC\" \/>\n<meta property=\"og:url\" content=\"https:\/\/starlediluminacion.com\/de\/product\/bombilla-led-filamento-vintage-8w-e27-gold-st64-dimmable-2\/\" \/>\n<meta property=\"og:site_name\" content=\"STARLED Iluminacion\" \/>\n<meta property=\"article:modified_time\" content=\"2025-10-17T14:45:46+00:00\" \/>\n<meta property=\"og:image\" content=\"https:\/\/starlediluminacion.com\/wp-content\/uploads\/2025\/10\/bombilla-led-filamento-vintage-8w-e27-gold-st64-dimmable.jpg\" \/>\n\t<meta property=\"og:image:width\" content=\"744\" \/>\n\t<meta property=\"og:image:height\" content=\"800\" \/>\n\t<meta property=\"og:image:type\" content=\"image\/jpeg\" \/>\n<meta name=\"twitter:card\" content=\"summary_large_image\" \/>\n<meta name=\"twitter:label1\" content=\"Gesch\u00e4tzte Lesezeit\" \/>\n\t<meta name=\"twitter:data1\" content=\"1\u00a0Minute\" \/>\n<script type=\"application\/ld+json\" class=\"yoast-schema-graph\">{\"@context\":\"https:\\\/\\\/schema.org\",\"@graph\":[{\"@type\":\"WebPage\",\"@id\":\"https:\\\/\\\/starlediluminacion.com\\\/producto\\\/bombilla-led-filamento-vintage-8w-e27-gold-st64-dimmable-2\\\/\",\"url\":\"https:\\\/\\\/starlediluminacion.com\\\/producto\\\/bombilla-led-filamento-vintage-8w-e27-gold-st64-dimmable-2\\\/\",\"name\":\"Bombilla LED Filamento Vintage 8W E27 Gold ST64 - Dimmable - STARLED Iluminacion\",\"isPartOf\":{\"@id\":\"https:\\\/\\\/starlediluminacion.com\\\/#website\"},\"primaryImageOfPage\":{\"@id\":\"https:\\\/\\\/starlediluminacion.com\\\/producto\\\/bombilla-led-filamento-vintage-8w-e27-gold-st64-dimmable-2\\\/#primaryimage\"},\"image\":{\"@id\":\"https:\\\/\\\/starlediluminacion.com\\\/producto\\\/bombilla-led-filamento-vintage-8w-e27-gold-st64-dimmable-2\\\/#primaryimage\"},\"thumbnailUrl\":\"https:\\\/\\\/starlediluminacion.com\\\/wp-content\\\/uploads\\\/2025\\\/10\\\/bombilla-led-filamento-vintage-8w-e27-gold-st64-dimmable.jpg\",\"datePublished\":\"2025-10-17T14:43:54+00:00\",\"dateModified\":\"2025-10-17T14:45:46+00:00\",\"breadcrumb\":{\"@id\":\"https:\\\/\\\/starlediluminacion.com\\\/producto\\\/bombilla-led-filamento-vintage-8w-e27-gold-st64-dimmable-2\\\/#breadcrumb\"},\"inLanguage\":\"de\",\"potentialAction\":[{\"@type\":\"ReadAction\",\"target\":[\"https:\\\/\\\/starlediluminacion.com\\\/producto\\\/bombilla-led-filamento-vintage-8w-e27-gold-st64-dimmable-2\\\/\"]}]},{\"@type\":\"ImageObject\",\"inLanguage\":\"de\",\"@id\":\"https:\\\/\\\/starlediluminacion.com\\\/producto\\\/bombilla-led-filamento-vintage-8w-e27-gold-st64-dimmable-2\\\/#primaryimage\",\"url\":\"https:\\\/\\\/starlediluminacion.com\\\/wp-content\\\/uploads\\\/2025\\\/10\\\/bombilla-led-filamento-vintage-8w-e27-gold-st64-dimmable.jpg\",\"contentUrl\":\"https:\\\/\\\/starlediluminacion.com\\\/wp-content\\\/uploads\\\/2025\\\/10\\\/bombilla-led-filamento-vintage-8w-e27-gold-st64-dimmable.jpg\",\"width\":744,\"height\":800},{\"@type\":\"BreadcrumbList\",\"@id\":\"https:\\\/\\\/starlediluminacion.com\\\/producto\\\/bombilla-led-filamento-vintage-8w-e27-gold-st64-dimmable-2\\\/#breadcrumb\",\"itemListElement\":[{\"@type\":\"ListItem\",\"position\":1,\"name\":\"Portada\",\"item\":\"https:\\\/\\\/starlediluminacion.com\\\/\"},{\"@type\":\"ListItem\",\"position\":2,\"name\":\"Shop\",\"item\":\"https:\\\/\\\/starlediluminacion.com\\\/shop-2\\\/\"},{\"@type\":\"ListItem\",\"position\":3,\"name\":\"Bombilla LED Filamento Vintage 8W E27 Gold ST64 &#8211; Dimmable\"}]},{\"@type\":\"WebSite\",\"@id\":\"https:\\\/\\\/starlediluminacion.com\\\/#website\",\"url\":\"https:\\\/\\\/starlediluminacion.com\\\/\",\"name\":\"STARLED Iluminacion\",\"description\":\"\",\"potentialAction\":[{\"@type\":\"SearchAction\",\"target\":{\"@type\":\"EntryPoint\",\"urlTemplate\":\"https:\\\/\\\/starlediluminacion.com\\\/?s={search_term_string}\"},\"query-input\":{\"@type\":\"PropertyValueSpecification\",\"valueRequired\":true,\"valueName\":\"search_term_string\"}}],\"inLanguage\":\"de\"}]}<\/script>\n<!-- \/ Yoast SEO plugin. -->","yoast_head_json":{"title":"Bombilla LED Filamento Vintage 8W E27 Gold ST64 - Dimmable - STARLED Iluminacion","robots":{"index":"index","follow":"follow","max-snippet":"max-snippet:-1","max-image-preview":"max-image-preview:large","max-video-preview":"max-video-preview:-1"},"canonical":"https:\/\/starlediluminacion.com\/de\/product\/bombilla-led-filamento-vintage-8w-e27-gold-st64-dimmable-2\/","og_locale":"de_DE","og_type":"article","og_title":"Bombilla LED Filamento Vintage 8W E27 Gold ST64 - Dimmable - STARLED Iluminacion","og_description":"Referencia: SLST64DIM8W-90920-22K Estas\u00a0Bombillas Vintage\u00a0de\u00a0Filamento\u00a0Dimmable\u00a0de\u00a08W\u00a0de potencia recrean un ambiente aut\u00e9ntico y acogedor que nos transportan a \u00e9pocas pasadas, su estilo en forma de pera. crea ambientes c\u00e1lidos con estilo retro tanto en negocios como en salones, restaurantes.  La bombilla es\u00a0regulable\u00a0por\u00a0TRIAC","og_url":"https:\/\/starlediluminacion.com\/de\/product\/bombilla-led-filamento-vintage-8w-e27-gold-st64-dimmable-2\/","og_site_name":"STARLED Iluminacion","article_modified_time":"2025-10-17T14:45:46+00:00","og_image":[{"width":744,"height":800,"url":"https:\/\/starlediluminacion.com\/wp-content\/uploads\/2025\/10\/bombilla-led-filamento-vintage-8w-e27-gold-st64-dimmable.jpg","type":"image\/jpeg"}],"twitter_card":"summary_large_image","twitter_misc":{"Gesch\u00e4tzte Lesezeit":"1\u00a0Minute"},"schema":{"@context":"https:\/\/schema.org","@graph":[{"@type":"WebPage","@id":"https:\/\/starlediluminacion.com\/producto\/bombilla-led-filamento-vintage-8w-e27-gold-st64-dimmable-2\/","url":"https:\/\/starlediluminacion.com\/producto\/bombilla-led-filamento-vintage-8w-e27-gold-st64-dimmable-2\/","name":"Bombilla LED Filamento Vintage 8W E27 Gold ST64 - Dimmable - STARLED Iluminacion","isPartOf":{"@id":"https:\/\/starlediluminacion.com\/#website"},"primaryImageOfPage":{"@id":"https:\/\/starlediluminacion.com\/producto\/bombilla-led-filamento-vintage-8w-e27-gold-st64-dimmable-2\/#primaryimage"},"image":{"@id":"https:\/\/starlediluminacion.com\/producto\/bombilla-led-filamento-vintage-8w-e27-gold-st64-dimmable-2\/#primaryimage"},"thumbnailUrl":"https:\/\/starlediluminacion.com\/wp-content\/uploads\/2025\/10\/bombilla-led-filamento-vintage-8w-e27-gold-st64-dimmable.jpg","datePublished":"2025-10-17T14:43:54+00:00","dateModified":"2025-10-17T14:45:46+00:00","breadcrumb":{"@id":"https:\/\/starlediluminacion.com\/producto\/bombilla-led-filamento-vintage-8w-e27-gold-st64-dimmable-2\/#breadcrumb"},"inLanguage":"de","potentialAction":[{"@type":"ReadAction","target":["https:\/\/starlediluminacion.com\/producto\/bombilla-led-filamento-vintage-8w-e27-gold-st64-dimmable-2\/"]}]},{"@type":"ImageObject","inLanguage":"de","@id":"https:\/\/starlediluminacion.com\/producto\/bombilla-led-filamento-vintage-8w-e27-gold-st64-dimmable-2\/#primaryimage","url":"https:\/\/starlediluminacion.com\/wp-content\/uploads\/2025\/10\/bombilla-led-filamento-vintage-8w-e27-gold-st64-dimmable.jpg","contentUrl":"https:\/\/starlediluminacion.com\/wp-content\/uploads\/2025\/10\/bombilla-led-filamento-vintage-8w-e27-gold-st64-dimmable.jpg","width":744,"height":800},{"@type":"BreadcrumbList","@id":"https:\/\/starlediluminacion.com\/producto\/bombilla-led-filamento-vintage-8w-e27-gold-st64-dimmable-2\/#breadcrumb","itemListElement":[{"@type":"ListItem","position":1,"name":"Portada","item":"https:\/\/starlediluminacion.com\/"},{"@type":"ListItem","position":2,"name":"Shop","item":"https:\/\/starlediluminacion.com\/shop-2\/"},{"@type":"ListItem","position":3,"name":"Bombilla LED Filamento Vintage 8W E27 Gold ST64 &#8211; Dimmable"}]},{"@type":"WebSite","@id":"https:\/\/starlediluminacion.com\/#website","url":"https:\/\/starlediluminacion.com\/","name":"STARLED Iluminacion","description":"","potentialAction":[{"@type":"SearchAction","target":{"@type":"EntryPoint","urlTemplate":"https:\/\/starlediluminacion.com\/?s={search_term_string}"},"query-input":{"@type":"PropertyValueSpecification","valueRequired":true,"valueName":"search_term_string"}}],"inLanguage":"de"}]}},"_links":{"self":[{"href":"https:\/\/starlediluminacion.com\/de\/wp-json\/wp\/v3\/product\/43954","targetHints":{"allow":["GET"]}}],"collection":[{"href":"https:\/\/starlediluminacion.com\/de\/wp-json\/wp\/v3\/product"}],"about":[{"href":"https:\/\/starlediluminacion.com\/de\/wp-json\/wp\/v2\/types\/product"}],"wp:featuredmedia":[{"embeddable":true,"href":"https:\/\/starlediluminacion.com\/de\/wp-json\/wp\/v2\/media\/43957"}],"wp:attachment":[{"href":"https:\/\/starlediluminacion.com\/de\/wp-json\/wp\/v2\/media?parent=43954"}],"wp:term":[{"taxonomy":"product_cat","embeddable":true,"href":"https:\/\/starlediluminacion.com\/de\/wp-json\/wp\/v2\/product_cat?post=43954"},{"taxonomy":"product_tag","embeddable":true,"href":"https:\/\/starlediluminacion.com\/de\/wp-json\/wp\/v2\/product_tag?post=43954"}],"curies":[{"name":"wp","href":"https:\/\/api.w.org\/{rel}","templated":true}]}}