{"id":43950,"date":"2025-10-17T14:42:30","date_gmt":"2025-10-17T14:42:30","guid":{"rendered":"https:\/\/starlediluminacion.com\/?post_type=product&#038;p=43950"},"modified":"2025-10-17T14:43:45","modified_gmt":"2025-10-17T14:43:45","slug":"bombilla-led-filamento-8w-e27-a60-dimable-2","status":"publish","type":"product","link":"https:\/\/starlediluminacion.com\/de\/product\/bombilla-led-filamento-8w-e27-a60-dimable-2\/","title":{"rendered":"<p>LED-Gl\u00fchbirne 8W E27 A60 - DIMABLE<\/p>"},"content":{"rendered":"<h1>LED-Gl\u00fchbirne 8W E27 A60 - DIMABLE<p>Diese&nbsp;<strong>LED-Gl\u00fchbirne<\/strong>&nbsp;von&nbsp;<strong>Filament<\/strong>&nbsp;hat eine Buchse Typ&nbsp;<strong>E27<\/strong>&nbsp;und hat eine Leistung von 8W. Sie bietet eine warme Atmosph\u00e4re, da ihre Temperatur 2200K betr\u00e4gt.<\/p><p>Sie zeichnet sich dadurch aus, dass sie dimmbar ist, so dass die&nbsp;<strong>Gl\u00fchbirne<\/strong>&nbsp;kann&nbsp;<strong>regelm\u00e4\u00dfig<\/strong>&nbsp;seine Intensit\u00e4t von&nbsp;<strong>Licht<\/strong>&nbsp;zwischen 0-100%, um diese Funktion ausf\u00fchren zu k\u00f6nnen, ist der Kauf eines Reglers erforderlich.<\/p><p>&nbsp;<\/p><p>Dank der LED-Technologie sparen Sie beim Energieverbrauch sowie bei den Wartungs- und Austauschkosten. Sie schonen die Umwelt, ohne auf das klassische Design der herk\u00f6mmlichen Gl\u00fchbirnen zu verzichten. Au\u00dferdem hat sie eine Lichtausbeute von&nbsp;<strong>100lm\/W<\/strong>.<\/p><p>Es handelt sich um eine vielseitig einsetzbare Gl\u00fchbirne, die sowohl zu Hause als auch am Arbeitsplatz verwendet werden kann, um originelle Atmosph\u00e4ren mit einem Retro-Touch zu schaffen, ohne dabei unsere 2-Jahres-Garantie zu vergessen.<\/p><h2>Verwendungsm\u00f6glichkeiten der LED-Gl\u00fchbirne 8W E27 A60 - DIMABLE<\/h2><ul>\n<li>Dekorative Beleuchtung<\/li>\n<li>Restaurants<\/li>\n<li>Hotels<\/li>\n<li>Zimmer<\/li>\n<li>Schreibtischlampen oder Nachttischlampen<\/li>\n<li>Wohnr\u00e4ume<\/li>\n<li>Chillout<\/li>\n<\/ul><h3 class=\"h6\">Produktdatenblatt<\/h3><dl class=\"data-sheet\">\n<dt class=\"name\"><img loading=\"lazy\" decoding=\"async\" src=\"https:\/\/www.factorled.com\/modules\/oa_features\/img\/2-default.jpg\" width=\"32\" height=\"32\">&nbsp;REFERENZ<\/dt>\n<dd class=\"value\">A60DIM8W<\/dd>\n<dt class=\"name\"><img loading=\"lazy\" decoding=\"async\" src=\"https:\/\/www.factorled.com\/modules\/oa_features\/img\/3-default.jpg\" width=\"32\" height=\"32\">&nbsp;Nennleistung<\/dt>\n<dd class=\"value\">8w<\/dd>\n<dt class=\"name\"><img loading=\"lazy\" decoding=\"async\" src=\"https:\/\/www.factorled.com\/modules\/oa_features\/img\/4-default.jpg\" width=\"32\" height=\"32\">&nbsp;Nennspannung<\/dt>\n<dd class=\"value\">220-240V<\/dd>\n<dt class=\"name\"><img loading=\"lazy\" decoding=\"async\" src=\"https:\/\/www.factorled.com\/modules\/oa_features\/img\/5-default.jpg\" width=\"32\" height=\"32\">&nbsp;Licht Temperatur<\/dt>\n<dd class=\"value\">2200K<\/dd>\n<dt class=\"name\"><img loading=\"lazy\" decoding=\"async\" src=\"https:\/\/www.factorled.com\/modules\/oa_features\/img\/6-default.jpg\" width=\"32\" height=\"32\">&nbsp;CRI - Farbwiedergabe-Index<\/dt>\n<dd class=\"value\">80<\/dd>\n<dt class=\"name\"><img loading=\"lazy\" decoding=\"async\" src=\"https:\/\/www.factorled.com\/modules\/oa_features\/img\/25-default.jpg\" width=\"32\" height=\"32\">&nbsp;Baumaterial<\/dt>\n<dd class=\"value\">Glas<\/dd>\n<dt class=\"name\"><img loading=\"lazy\" decoding=\"async\" src=\"https:\/\/www.factorled.com\/modules\/oa_features\/img\/8-default.jpg\" width=\"32\" height=\"32\">&nbsp;Leuchtkraft-Lm<\/dt>\n<dd class=\"value\">950<\/dd>\n<dt class=\"name\"><img loading=\"lazy\" decoding=\"async\" src=\"https:\/\/www.factorled.com\/modules\/oa_features\/img\/10-default.jpg\" width=\"32\" height=\"32\">&nbsp;\u00d6ffnungswinkel (\u00ba)<\/dt>\n<dd class=\"value\">180\u00ba<\/dd>\n<dt class=\"name\"><img loading=\"lazy\" decoding=\"async\" src=\"https:\/\/www.factorled.com\/modules\/oa_features\/img\/12-default.jpg\" width=\"32\" height=\"32\">&nbsp;LED-Dioden-Wirkungsgrad (Lm\/W)<\/dt>\n<dd class=\"value\">125 Lm\/W<\/dd>\n<dt class=\"name\"><img loading=\"lazy\" decoding=\"async\" src=\"https:\/\/www.factorled.com\/modules\/oa_features\/img\/13-default.jpg\" width=\"32\" height=\"32\">&nbsp;Lichtausbeute (Lm\/W)<\/dt>\n<dd class=\"value\">120 Lm\/W<\/dd>\n<dt class=\"name\"><img loading=\"lazy\" decoding=\"async\" src=\"https:\/\/www.factorled.com\/modules\/oa_features\/img\/11-default.jpg\" width=\"32\" height=\"32\">&nbsp;Abblendbar<\/dt>\n<dd class=\"value\">YES<\/dd>\n<dt class=\"name\"><img loading=\"lazy\" decoding=\"async\" src=\"https:\/\/www.factorled.com\/modules\/oa_features\/img\/14-default.jpg\" width=\"32\" height=\"32\">&nbsp;Kappe<\/dt>\n<dd class=\"value\">E27<\/dd>\n<dt class=\"name\"><img loading=\"lazy\" decoding=\"async\" src=\"https:\/\/www.factorled.com\/modules\/oa_features\/img\/15-default.jpg\" width=\"32\" height=\"32\">&nbsp;Bescheinigungen<\/dt>\n<dd class=\"value\">CE - ROHS<\/dd>\n<dt class=\"name\"><img loading=\"lazy\" decoding=\"async\" src=\"https:\/\/www.factorled.com\/modules\/oa_features\/img\/17-default.jpg\" width=\"32\" height=\"32\">&nbsp;Gesch\u00e4tzte Lebensdauer LED-Diode (H)<\/dt>\n<dd class=\"value\">15.000<\/dd>\n<dt class=\"name\"><img loading=\"lazy\" decoding=\"async\" src=\"https:\/\/www.factorled.com\/modules\/oa_features\/img\/18-default.jpg\" width=\"32\" height=\"32\">&nbsp;Abmessungen (mm)<\/dt>\n<dd class=\"value\">\u00f860x106mm<\/dd>\n<dt class=\"name\"><img loading=\"lazy\" decoding=\"async\" src=\"https:\/\/www.factorled.com\/modules\/oa_features\/img\/21-default.jpg\" width=\"32\" height=\"32\">&nbsp;Arbeitsfrequenz (Hz)<\/dt>\n<dd class=\"value\">50\/60Hz<\/dd>\n<dt class=\"name\"><img loading=\"lazy\" decoding=\"async\" src=\"https:\/\/www.factorled.com\/modules\/oa_features\/img\/22-default.jpg\" width=\"32\" height=\"32\">&nbsp;Temperaturbereich (\u00baC)<\/dt>\n<dd class=\"value\">-20\u00b0C ~ +55\u00b0C<\/dd>\n<dt class=\"name\"><img loading=\"lazy\" decoding=\"async\" src=\"https:\/\/www.factorled.com\/modules\/oa_features\/img\/23-default.jpg\" width=\"32\" height=\"32\">&nbsp;Z\u00fcndungszyklen<\/dt>\n<dd class=\"value\">100.000<\/dd>\n<dt class=\"name\"><img loading=\"lazy\" decoding=\"async\" src=\"https:\/\/www.factorled.com\/modules\/oa_features\/img\/24-default.jpg\" width=\"32\" height=\"32\">&nbsp;Anlaufzeit (s)<\/dt>\n<dd class=\"value\">0,2s<\/dd>\n<dt class=\"name\"><img loading=\"lazy\" decoding=\"async\" src=\"https:\/\/www.factorled.com\/modules\/oa_features\/img\/7-default.jpg\" width=\"32\" height=\"32\">&nbsp;Energieklasse (2021-EU-2019\/2015)<\/dt>\n<dd class=\"value\">A+<\/dd>\n<dt class=\"name\"><img loading=\"lazy\" decoding=\"async\" src=\"https:\/\/www.factorled.com\/modules\/oa_features\/img\/101-default.jpg\" width=\"32\" height=\"32\">&nbsp;Energieklasse (2023 - EU-2019\/2015)<\/dt>\n<dd class=\"value\">F<\/dd>\n<dt class=\"name\"><img loading=\"lazy\" decoding=\"async\" src=\"https:\/\/www.factorled.com\/modules\/oa_features\/img\/75-default.jpg\" width=\"32\" height=\"32\">&nbsp;Gew\u00e4hrleistungsjahre<\/dt>\n<dd class=\"value\">2<\/dd>\n<\/dl><\/h1>","protected":false},"excerpt":{"rendered":"<div class=\"product-reference\"><strong><label class=\"label\">Referenz:<\/label> SLA60DIM8W-90919-22K<\/strong>\n<div><\/div>\n<div class=\"product-description-short\">\n<div id=\"product-description-short-2701\">\n<p>Diese&nbsp;<strong>Gl\u00fchbirne<\/strong>&nbsp;A60 von&nbsp;<strong>Filament<\/strong>&nbsp;hat eine Leistung von 8W und einen Sockeltyp&nbsp;<strong>E27<\/strong>. Sie k\u00f6nnen ganz einfach Ihre herk\u00f6mmlichen Gl\u00fchbirnen und Kohlefaserlampen ersetzen, und dank seiner Technologie&nbsp;<strong>LED<\/strong>&nbsp;Ihren Stromverbrauch zu senken und gleichzeitig ein klassisches Design zu bewahren.<\/p>\n<p>Die Gl\u00fchbirne ist&nbsp;<strong>einstellbar<\/strong>&nbsp;von&nbsp;<strong>TRIAC<\/strong><\/p>\n<\/div>\n<\/div><div class=\"product-information\">\n<div class=\"col-md-6\">\n<div class=\"product-oa-features oa-features clearfix\"><\/div>\n<\/div>\n<\/div><\/div>","protected":false},"featured_media":43951,"template":"","meta":{"site-sidebar-layout":"default","site-content-layout":"default","ast-global-header-display":"","ast-main-header-display":"","ast-hfb-above-header-display":"","ast-hfb-below-header-display":"","ast-hfb-mobile-header-display":"","site-post-title":"","ast-breadcrumbs-content":"","ast-featured-img":"","footer-sml-layout":"","theme-transparent-header-meta":"default","adv-header-id-meta":"","stick-header-meta":"","header-above-stick-meta":"","header-main-stick-meta":"","header-below-stick-meta":""},"product_cat":[46,23,24],"product_tag":[],"class_list":["post-43950","product","type-product","status-publish","has-post-thumbnail","hentry","product_cat-bombillas-led-e27","product_cat-bombillas-y-lamparas-led","product_cat-novedades"],"yoast_head":"<!-- This site is optimized with the Yoast SEO plugin v27.4 - https:\/\/yoast.com\/product\/yoast-seo-wordpress\/ -->\n<title>Bombilla LED Filamento 8W E27 A60 - DIMABLE - STARLED Iluminacion<\/title>\n<meta name=\"robots\" content=\"index, follow, max-snippet:-1, max-image-preview:large, max-video-preview:-1\" \/>\n<link rel=\"canonical\" href=\"https:\/\/starlediluminacion.com\/de\/product\/bombilla-led-filamento-8w-e27-a60-dimable-2\/\" \/>\n<meta property=\"og:locale\" content=\"de_DE\" \/>\n<meta property=\"og:type\" content=\"article\" \/>\n<meta property=\"og:title\" content=\"Bombilla LED Filamento 8W E27 A60 - DIMABLE - STARLED Iluminacion\" \/>\n<meta property=\"og:description\" content=\"Referencia: SLA60DIM8W-90919-22K      Esta\u00a0bombilla\u00a0A60 de\u00a0Filamento\u00a0tiene una potencia de 8W\u00a0y un casquillo tipo\u00a0E27. Podr\u00e1s sustituir tus bombillas convencionales,\u00a0incandescentes\u00a0y\u00a0de carbono f\u00e1cilmente, y gracias a su tecnolog\u00eda\u00a0LED\u00a0reducir tu consumo de energ\u00eda el\u00e9ctrica manteniendo un dise\u00f1o cl\u00e1sico.  La bombilla es\u00a0regulable\u00a0por\u00a0TRIAC\" \/>\n<meta property=\"og:url\" content=\"https:\/\/starlediluminacion.com\/de\/product\/bombilla-led-filamento-8w-e27-a60-dimable-2\/\" \/>\n<meta property=\"og:site_name\" content=\"STARLED Iluminacion\" \/>\n<meta property=\"article:modified_time\" content=\"2025-10-17T14:43:45+00:00\" \/>\n<meta property=\"og:image\" content=\"https:\/\/starlediluminacion.com\/wp-content\/uploads\/2025\/10\/bombilla-led-filamento-8w-e27-a60-dimable.jpg\" \/>\n\t<meta property=\"og:image:width\" content=\"744\" \/>\n\t<meta property=\"og:image:height\" content=\"800\" \/>\n\t<meta property=\"og:image:type\" content=\"image\/jpeg\" \/>\n<meta name=\"twitter:card\" content=\"summary_large_image\" \/>\n<meta name=\"twitter:label1\" content=\"Gesch\u00e4tzte Lesezeit\" \/>\n\t<meta name=\"twitter:data1\" content=\"1\u00a0Minute\" \/>\n<script type=\"application\/ld+json\" class=\"yoast-schema-graph\">{\"@context\":\"https:\\\/\\\/schema.org\",\"@graph\":[{\"@type\":\"WebPage\",\"@id\":\"https:\\\/\\\/starlediluminacion.com\\\/producto\\\/bombilla-led-filamento-8w-e27-a60-dimable-2\\\/\",\"url\":\"https:\\\/\\\/starlediluminacion.com\\\/producto\\\/bombilla-led-filamento-8w-e27-a60-dimable-2\\\/\",\"name\":\"Bombilla LED Filamento 8W E27 A60 - DIMABLE - STARLED Iluminacion\",\"isPartOf\":{\"@id\":\"https:\\\/\\\/starlediluminacion.com\\\/#website\"},\"primaryImageOfPage\":{\"@id\":\"https:\\\/\\\/starlediluminacion.com\\\/producto\\\/bombilla-led-filamento-8w-e27-a60-dimable-2\\\/#primaryimage\"},\"image\":{\"@id\":\"https:\\\/\\\/starlediluminacion.com\\\/producto\\\/bombilla-led-filamento-8w-e27-a60-dimable-2\\\/#primaryimage\"},\"thumbnailUrl\":\"https:\\\/\\\/starlediluminacion.com\\\/wp-content\\\/uploads\\\/2025\\\/10\\\/bombilla-led-filamento-8w-e27-a60-dimable.jpg\",\"datePublished\":\"2025-10-17T14:42:30+00:00\",\"dateModified\":\"2025-10-17T14:43:45+00:00\",\"breadcrumb\":{\"@id\":\"https:\\\/\\\/starlediluminacion.com\\\/producto\\\/bombilla-led-filamento-8w-e27-a60-dimable-2\\\/#breadcrumb\"},\"inLanguage\":\"de\",\"potentialAction\":[{\"@type\":\"ReadAction\",\"target\":[\"https:\\\/\\\/starlediluminacion.com\\\/producto\\\/bombilla-led-filamento-8w-e27-a60-dimable-2\\\/\"]}]},{\"@type\":\"ImageObject\",\"inLanguage\":\"de\",\"@id\":\"https:\\\/\\\/starlediluminacion.com\\\/producto\\\/bombilla-led-filamento-8w-e27-a60-dimable-2\\\/#primaryimage\",\"url\":\"https:\\\/\\\/starlediluminacion.com\\\/wp-content\\\/uploads\\\/2025\\\/10\\\/bombilla-led-filamento-8w-e27-a60-dimable.jpg\",\"contentUrl\":\"https:\\\/\\\/starlediluminacion.com\\\/wp-content\\\/uploads\\\/2025\\\/10\\\/bombilla-led-filamento-8w-e27-a60-dimable.jpg\",\"width\":744,\"height\":800},{\"@type\":\"BreadcrumbList\",\"@id\":\"https:\\\/\\\/starlediluminacion.com\\\/producto\\\/bombilla-led-filamento-8w-e27-a60-dimable-2\\\/#breadcrumb\",\"itemListElement\":[{\"@type\":\"ListItem\",\"position\":1,\"name\":\"Portada\",\"item\":\"https:\\\/\\\/starlediluminacion.com\\\/\"},{\"@type\":\"ListItem\",\"position\":2,\"name\":\"Shop\",\"item\":\"https:\\\/\\\/starlediluminacion.com\\\/shop-2\\\/\"},{\"@type\":\"ListItem\",\"position\":3,\"name\":\"Bombilla LED Filamento 8W E27 A60 &#8211; DIMABLE\"}]},{\"@type\":\"WebSite\",\"@id\":\"https:\\\/\\\/starlediluminacion.com\\\/#website\",\"url\":\"https:\\\/\\\/starlediluminacion.com\\\/\",\"name\":\"STARLED Iluminacion\",\"description\":\"\",\"potentialAction\":[{\"@type\":\"SearchAction\",\"target\":{\"@type\":\"EntryPoint\",\"urlTemplate\":\"https:\\\/\\\/starlediluminacion.com\\\/?s={search_term_string}\"},\"query-input\":{\"@type\":\"PropertyValueSpecification\",\"valueRequired\":true,\"valueName\":\"search_term_string\"}}],\"inLanguage\":\"de\"}]}<\/script>\n<!-- \/ Yoast SEO plugin. -->","yoast_head_json":{"title":"Bombilla LED Filamento 8W E27 A60 - DIMABLE - STARLED Iluminacion","robots":{"index":"index","follow":"follow","max-snippet":"max-snippet:-1","max-image-preview":"max-image-preview:large","max-video-preview":"max-video-preview:-1"},"canonical":"https:\/\/starlediluminacion.com\/de\/product\/bombilla-led-filamento-8w-e27-a60-dimable-2\/","og_locale":"de_DE","og_type":"article","og_title":"Bombilla LED Filamento 8W E27 A60 - DIMABLE - STARLED Iluminacion","og_description":"Referencia: SLA60DIM8W-90919-22K      Esta\u00a0bombilla\u00a0A60 de\u00a0Filamento\u00a0tiene una potencia de 8W\u00a0y un casquillo tipo\u00a0E27. Podr\u00e1s sustituir tus bombillas convencionales,\u00a0incandescentes\u00a0y\u00a0de carbono f\u00e1cilmente, y gracias a su tecnolog\u00eda\u00a0LED\u00a0reducir tu consumo de energ\u00eda el\u00e9ctrica manteniendo un dise\u00f1o cl\u00e1sico.  La bombilla es\u00a0regulable\u00a0por\u00a0TRIAC","og_url":"https:\/\/starlediluminacion.com\/de\/product\/bombilla-led-filamento-8w-e27-a60-dimable-2\/","og_site_name":"STARLED Iluminacion","article_modified_time":"2025-10-17T14:43:45+00:00","og_image":[{"width":744,"height":800,"url":"https:\/\/starlediluminacion.com\/wp-content\/uploads\/2025\/10\/bombilla-led-filamento-8w-e27-a60-dimable.jpg","type":"image\/jpeg"}],"twitter_card":"summary_large_image","twitter_misc":{"Gesch\u00e4tzte Lesezeit":"1\u00a0Minute"},"schema":{"@context":"https:\/\/schema.org","@graph":[{"@type":"WebPage","@id":"https:\/\/starlediluminacion.com\/producto\/bombilla-led-filamento-8w-e27-a60-dimable-2\/","url":"https:\/\/starlediluminacion.com\/producto\/bombilla-led-filamento-8w-e27-a60-dimable-2\/","name":"Bombilla LED Filamento 8W E27 A60 - DIMABLE - STARLED Iluminacion","isPartOf":{"@id":"https:\/\/starlediluminacion.com\/#website"},"primaryImageOfPage":{"@id":"https:\/\/starlediluminacion.com\/producto\/bombilla-led-filamento-8w-e27-a60-dimable-2\/#primaryimage"},"image":{"@id":"https:\/\/starlediluminacion.com\/producto\/bombilla-led-filamento-8w-e27-a60-dimable-2\/#primaryimage"},"thumbnailUrl":"https:\/\/starlediluminacion.com\/wp-content\/uploads\/2025\/10\/bombilla-led-filamento-8w-e27-a60-dimable.jpg","datePublished":"2025-10-17T14:42:30+00:00","dateModified":"2025-10-17T14:43:45+00:00","breadcrumb":{"@id":"https:\/\/starlediluminacion.com\/producto\/bombilla-led-filamento-8w-e27-a60-dimable-2\/#breadcrumb"},"inLanguage":"de","potentialAction":[{"@type":"ReadAction","target":["https:\/\/starlediluminacion.com\/producto\/bombilla-led-filamento-8w-e27-a60-dimable-2\/"]}]},{"@type":"ImageObject","inLanguage":"de","@id":"https:\/\/starlediluminacion.com\/producto\/bombilla-led-filamento-8w-e27-a60-dimable-2\/#primaryimage","url":"https:\/\/starlediluminacion.com\/wp-content\/uploads\/2025\/10\/bombilla-led-filamento-8w-e27-a60-dimable.jpg","contentUrl":"https:\/\/starlediluminacion.com\/wp-content\/uploads\/2025\/10\/bombilla-led-filamento-8w-e27-a60-dimable.jpg","width":744,"height":800},{"@type":"BreadcrumbList","@id":"https:\/\/starlediluminacion.com\/producto\/bombilla-led-filamento-8w-e27-a60-dimable-2\/#breadcrumb","itemListElement":[{"@type":"ListItem","position":1,"name":"Portada","item":"https:\/\/starlediluminacion.com\/"},{"@type":"ListItem","position":2,"name":"Shop","item":"https:\/\/starlediluminacion.com\/shop-2\/"},{"@type":"ListItem","position":3,"name":"Bombilla LED Filamento 8W E27 A60 &#8211; DIMABLE"}]},{"@type":"WebSite","@id":"https:\/\/starlediluminacion.com\/#website","url":"https:\/\/starlediluminacion.com\/","name":"STARLED Iluminacion","description":"","potentialAction":[{"@type":"SearchAction","target":{"@type":"EntryPoint","urlTemplate":"https:\/\/starlediluminacion.com\/?s={search_term_string}"},"query-input":{"@type":"PropertyValueSpecification","valueRequired":true,"valueName":"search_term_string"}}],"inLanguage":"de"}]}},"_links":{"self":[{"href":"https:\/\/starlediluminacion.com\/de\/wp-json\/wp\/v3\/product\/43950","targetHints":{"allow":["GET"]}}],"collection":[{"href":"https:\/\/starlediluminacion.com\/de\/wp-json\/wp\/v3\/product"}],"about":[{"href":"https:\/\/starlediluminacion.com\/de\/wp-json\/wp\/v2\/types\/product"}],"wp:featuredmedia":[{"embeddable":true,"href":"https:\/\/starlediluminacion.com\/de\/wp-json\/wp\/v2\/media\/43951"}],"wp:attachment":[{"href":"https:\/\/starlediluminacion.com\/de\/wp-json\/wp\/v2\/media?parent=43950"}],"wp:term":[{"taxonomy":"product_cat","embeddable":true,"href":"https:\/\/starlediluminacion.com\/de\/wp-json\/wp\/v2\/product_cat?post=43950"},{"taxonomy":"product_tag","embeddable":true,"href":"https:\/\/starlediluminacion.com\/de\/wp-json\/wp\/v2\/product_tag?post=43950"}],"curies":[{"name":"wp","href":"https:\/\/api.w.org\/{rel}","templated":true}]}}