{"id":43872,"date":"2025-10-17T14:24:17","date_gmt":"2025-10-17T14:24:17","guid":{"rendered":"https:\/\/starlediluminacion.com\/?post_type=product&#038;p=43872"},"modified":"2025-10-17T14:25:38","modified_gmt":"2025-10-17T14:25:38","slug":"kit-pegamento-de-silicona-cable-conector-para-tiras-led-cob-smd-10mm-12mm-ip65","status":"publish","type":"product","link":"https:\/\/starlediluminacion.com\/de\/product\/kit-silikonkleber-silikonkabel-steckverbinder-steckverbinder-kit-fur-led-strips-cob-smd-10mm-12mm-ip65\/","title":{"rendered":"<p>KIT Silikonkleber + Anschlusskabel f\u00fcr COB + SMD LED-Streifen - 10mm - 12mm - IP65<\/p>"},"content":{"rendered":"<h1>KIT Silikonkleber + Anschlusskabel f\u00fcr COB + SMD LED-Streifen - 10mm - 12mm - IP65<p>Mit unserem Bausatz k\u00f6nnen Sie alle Arten von&nbsp;<strong>10mm und 12mm LED-Streifen mit IP65<\/strong>&nbsp;und sch\u00fctzen sie bei der Verwendung im Freien.<\/p><p>Das komplette Kit f\u00fcr die Verbindung von LED-Streifen in 10mm - 12mm ist eine umfassende und zuverl\u00e4ssige L\u00f6sung f\u00fcr LED-Beleuchtungsprojekte. Dieses Kit wurde sorgf\u00e4ltig entwickelt, um eine einfache, sichere und qualitativ hochwertige Installation von LED-Streifen in einer Vielzahl von Anwendungen zu gew\u00e4hrleisten.<\/p><p><strong>Der Bausatz f\u00fcr wasserdichte LED-Streifen besteht aus:<\/strong><\/p><ul>\n<li>Kabel mit 20 cm langem Stecker mit Schnappverbindung.<\/li>\n<li>Endkappe.<\/li>\n<li>Spezieller Silikontopf f\u00fcr LED-Streifen.<\/li>\n<\/ul><p>&nbsp;<\/p><p>Unser Silikonkleb- und Dichtstoff ist speziell f\u00fcr die Befestigung von elektronischen Ger\u00e4ten und LED-Streifen konzipiert.<\/p><ul>\n<li>Unser Silikon ist neutral, enth\u00e4lt keinen Alkohol in seiner Zusammensetzung, ist feuchtigkeitsbest\u00e4ndig und hat eine halbstarre Textur.<\/li>\n<li>Temperaturbest\u00e4ndig von -55\u00baC bis 160\u00baC.<\/li>\n<li>Best\u00e4ndigkeit gegen Alterung und Witterungseinfl\u00fcsse.<\/li>\n<li>Flexibel und stabil auf lange Sicht.<\/li>\n<li>Entspricht den RoHS-Umweltanforderungen.<\/li>\n<li>Es kann in der Maschinen-, Elektronik-, Chemie- und Hardwareindustrie eingesetzt werden.<\/li>\n<\/ul><p>&nbsp;<\/p><p>Dieser Bausatz ist besonders geeignet f\u00fcr 220V IP65 LED-Streifen aus Silikon oder PVC, mit einer Breite von 10mm (PCB 8mm) oder 12mm (PCB 10mm).<br>\nUnser Silikon verursacht keine Korrosion auf dem Kunststoff.<\/p><p><strong>Vorteile des Bausatzes:<\/strong><\/p><ul>\n<li>Es macht die Installation von LED-Streifen einfach, auch f\u00fcr diejenigen, die noch keine Erfahrung mit Beleuchtung haben.<\/li>\n<li>Sie sorgt f\u00fcr eine sichere und dauerhafte Verbindung und gew\u00e4hrleistet eine optimale Leistung \u00fcber einen langen Zeitraum.<\/li>\n<li>Sch\u00fctzt die LED-Streifen vor Witterungseinfl\u00fcssen, verl\u00e4ngert ihre Lebensdauer und erh\u00e4lt ihre Helligkeit und Lichtqualit\u00e4t.<\/li>\n<\/ul><h3 class=\"h6\">Produktdatenblatt<\/h3><dl class=\"data-sheet\">\n<dt class=\"name\"><img loading=\"lazy\" decoding=\"async\" src=\"https:\/\/www.factorled.com\/modules\/oa_features\/img\/2-default.jpg\" width=\"32\" height=\"32\">&nbsp;REFERENZ<\/dt>\n<dd class=\"value\">92067-92069<\/dd>\n<dt class=\"name\"><img loading=\"lazy\" decoding=\"async\" src=\"https:\/\/www.factorled.com\/modules\/oa_features\/img\/25-default.jpg\" width=\"32\" height=\"32\">&nbsp;Baumaterial<\/dt>\n<dd class=\"value\">Silikon<\/dd>\n<dt class=\"name\"><img loading=\"lazy\" decoding=\"async\" src=\"https:\/\/www.factorled.com\/modules\/oa_features\/img\/15-default.jpg\" width=\"32\" height=\"32\">&nbsp;Bescheinigungen<\/dt>\n<dd class=\"value\">CE - ROHS<\/dd>\n<dt class=\"name\"><img loading=\"lazy\" decoding=\"async\" src=\"https:\/\/www.factorled.com\/modules\/oa_features\/img\/16-default.jpg\" width=\"32\" height=\"32\">&nbsp;IP-Einstufung<\/dt>\n<dd class=\"value\">IP65-Au\u00dfenbereich<\/dd>\n<dt class=\"name\"><img loading=\"lazy\" decoding=\"async\" src=\"https:\/\/www.factorled.com\/modules\/oa_features\/img\/75-default.jpg\" width=\"32\" height=\"32\">&nbsp;Gew\u00e4hrleistungsjahre<\/dt>\n<dd class=\"value\">3<\/dd>\n<\/dl><\/h1>","protected":false},"excerpt":{"rendered":"<div class=\"product-reference\"><strong><label class=\"label\">Referenz:<\/label> SLWIP65-92067<\/strong>\n<div><\/div>\n<div class=\"product-description-short\">\n<div id=\"product-description-short-3559\">\n<p>Kompletter Bausatz f\u00fcr den Anschluss von&nbsp;<strong>10mm und 12mm LED-Streifen.<\/strong>&nbsp;<strong>Inklusive einem 16 cm langen Anschlusskabel<\/strong>&nbsp;mit Push-in-Anschluss f\u00fcr eine einfache und sichere F\u00fctterung. Zus\u00e4tzlich,&nbsp;<strong>ein spezieller Silikonklebstoff und eine Dichtungsleiste sind vorhanden.<\/strong>speziell entwickelt f\u00fcr die Befestigung und den Schutz von LED-Streifen. Der Bausatz&nbsp;<strong>enth\u00e4lt auch eine Endkappe<\/strong>&nbsp;um eine professionelle und dauerhafte Installation zu gew\u00e4hrleisten.<\/p>\n<\/div>\n<\/div><\/div>","protected":false},"featured_media":43878,"template":"","meta":{"site-sidebar-layout":"default","site-content-layout":"default","ast-global-header-display":"","ast-main-header-display":"","ast-hfb-above-header-display":"","ast-hfb-below-header-display":"","ast-hfb-mobile-header-display":"","site-post-title":"","ast-breadcrumbs-content":"","ast-featured-img":"","footer-sml-layout":"","theme-transparent-header-meta":"default","adv-header-id-meta":"","stick-header-meta":"","header-above-stick-meta":"","header-main-stick-meta":"","header-below-stick-meta":""},"product_cat":[92,24,45],"product_tag":[],"class_list":["post-43872","product","type-product","status-publish","has-post-thumbnail","hentry","product_cat-accesorios-tiras-led","product_cat-novedades","product_cat-tiras-led-y-neon-flexible"],"_links":{"self":[{"href":"https:\/\/starlediluminacion.com\/de\/wp-json\/wp\/v3\/product\/43872","targetHints":{"allow":["GET"]}}],"collection":[{"href":"https:\/\/starlediluminacion.com\/de\/wp-json\/wp\/v3\/product"}],"about":[{"href":"https:\/\/starlediluminacion.com\/de\/wp-json\/wp\/v2\/types\/product"}],"wp:featuredmedia":[{"embeddable":true,"href":"https:\/\/starlediluminacion.com\/de\/wp-json\/wp\/v2\/media\/43878"}],"wp:attachment":[{"href":"https:\/\/starlediluminacion.com\/de\/wp-json\/wp\/v2\/media?parent=43872"}],"wp:term":[{"taxonomy":"product_cat","embeddable":true,"href":"https:\/\/starlediluminacion.com\/de\/wp-json\/wp\/v2\/product_cat?post=43872"},{"taxonomy":"product_tag","embeddable":true,"href":"https:\/\/starlediluminacion.com\/de\/wp-json\/wp\/v2\/product_tag?post=43872"}],"curies":[{"name":"wp","href":"https:\/\/api.w.org\/{rel}","templated":true}]}}