{"id":43784,"date":"2025-10-17T11:17:04","date_gmt":"2025-10-17T11:17:04","guid":{"rendered":"https:\/\/starlediluminacion.com\/?post_type=product&#038;p=43784"},"modified":"2025-10-17T11:19:18","modified_gmt":"2025-10-17T11:19:18","slug":"driver-flicker-free-para-tira-led-autorectificada-220v-cob-ip65-10mm-250w-max","status":"publish","type":"product","link":"https:\/\/starlediluminacion.com\/de\/product\/driver-flicker-free-para-tira-led-autorectificada-220v-cob-ip65-10mm-250w-max\/","title":{"rendered":"<p>Flimmerfreier Treiber f\u00fcr selbstzertifizierte LED-Streifen 220V COB IP65 | 10mm | 250W MAX.<\/p>"},"content":{"rendered":"<h1>Flimmerfreier Treiber f\u00fcr selbstzertifizierte LED-Streifen 220V COB IP65 | 10mm | 250W MAX.<p>Optimieren Sie die Leistung und Langlebigkeit Ihrer Beleuchtungsanlagen mit diesem&nbsp;<strong>Treiber Flicker Free professional<\/strong>, dise&ntilde;ado espec&iacute;ficamente para tiras LED COB autorectificadas de&nbsp;<strong>220V<\/strong>&nbsp;mit einer Standardbreite von&nbsp;<strong>10mm (PCB 8mm)<\/strong>. Dieser fortschrittliche LED-Treiber bietet eine Hochleistungsl\u00f6sung f\u00fcr anspruchsvolle Projekte, die&nbsp;<strong>kontinuierliche, stabile und flimmerfreie Beleuchtung<\/strong>Die neuen LEDs wurden entwickelt, um die Erm\u00fcdung der Augen zu verringern und das Beleuchtungserlebnis in allen Arten von Umgebungen zu verbessern.<\/p><h3>Was bedeutet \"selbst-rektifiziert\"?<\/h3><p>&nbsp;<\/p><p>Das bedeutet, dass die&nbsp;<strong>das Band enth\u00e4lt im Inneren ein Gleichrichtungssystem<\/strong>&nbsp;(in der Regel ein Br\u00fcckengleichrichter und\/oder kleine Kondensatoren), der den Strom in die Stromst\u00e4rke umwandelt&nbsp;<strong>Wechselstrom (AC)<\/strong>&nbsp;unter&nbsp;<strong>Gleichstrom (DC)<\/strong>was die LEDs zum Funktionieren brauchen. Deshalb nennt man es \"selbstausrichtend\":&nbsp;<strong>selbst wandelt die aktuelle<\/strong>ohne die Notwendigkeit eines Treibers oder einer externen Quelle.<\/p><h3><strong>Hervorragende technische Daten:<\/strong><\/h3><ul>\n<li><strong>Maximale Leistung:<\/strong>&nbsp;zu&nbsp;<strong>250W<\/strong>ideal f\u00fcr gro\u00dfe L\u00e4ngen von LED-Streifen.<\/li>\n<li><strong>Spannungseingang:<\/strong>&nbsp;<strong>AC220V ? 240V<\/strong>kompatibel mit Standard-Stromnetzen.<\/li>\n<li><strong>Spannungsausgang:<\/strong>&nbsp;<strong>DC265V<\/strong>angepasst f\u00fcr selbstjustierende LED-Streifen.<\/li>\n<li><strong>Kompatibilit\u00e4t:<\/strong>&nbsp;Tiras LED COB de&nbsp;<strong>Breite 10mm<\/strong>PCBs von&nbsp;<strong>8mm<\/strong>.<\/li>\n<li><strong>Schutzart IP44:<\/strong>&nbsp;Geeignet f\u00fcr Innenr\u00e4ume und Bereiche mit m\u00e4\u00dfiger Luftfeuchtigkeit.<\/li>\n<li><strong>Leistungsfaktor:<\/strong>&nbsp;<strong>&gt;0.95<\/strong>hohe Energieeffizienz und geringerer Verbrauch.<\/li>\n<li><strong>Flimmerfreie Technologie:<\/strong>&nbsp;eliminiert unmerkliches Flimmern, das zu Erm\u00fcdung der Augen, Kopfschmerzen oder Sehst\u00f6rungen f\u00fchren kann.<\/li>\n<\/ul><h3><strong>Ideale Anwendungen:<\/strong><\/h3><ul>\n<li><strong>Berufliche R\u00e4ume:<\/strong>&nbsp;B\u00fcros, Ateliers, Arztpraxen oder Designb\u00fcros, in denen eine l\u00e4ngere und konstante Lichteinwirkung herrscht.<\/li>\n<li><strong>Gewerbegebiete:<\/strong>&nbsp;Schaufenster, Einzelhandelsgesch\u00e4fte, Einkaufszentren oder Restaurants, in denen eine hochwertige Beleuchtung das Kundenerlebnis verbessert.<\/li>\n<li><strong>Dekorative Projekte:<\/strong>&nbsp;architektonische Installationen, Innen- oder \u00fcberdachte Au\u00dfenbeleuchtungen, bei denen eine klare \u00c4sthetik ohne visuelle Ver\u00e4nderungen angestrebt wird.<\/li>\n<li><strong>Anspruchsvolle Wohnnutzung:<\/strong>&nbsp;ideal f\u00fcr Haushalte, die eine komfortable, moderne und erm\u00fcdungsfreie Beleuchtung in Leseecken, K\u00fcchen oder Wohnzimmern suchen.<\/li>\n<\/ul><h3><strong>Die wichtigsten Vorteile:<\/strong><\/h3><ul>\n<li><strong>Verbesserung der visuellen Gesundheit<\/strong>&nbsp;durch Beseitigung des unsichtbaren Flimmerns, das bei herk\u00f6mmlichen Treibern auftritt.<\/li>\n<li><strong>Konsistente Leistung<\/strong>&nbsp;auch bei schweren Installationen.<\/li>\n<li><strong>Hohe Energieeffizienz<\/strong>Emissionen, wodurch die Auswirkungen auf die Stromrechnungen verringert werden.<\/li>\n<li><strong>Universelle Kompatibilit\u00e4t<\/strong>&nbsp;con tiras LED COB autorectificadas de 220V, facilitando su integraci&oacute;n en instalaciones nuevas o ya existentes.<\/li>\n<\/ul><p>&nbsp;<\/p><p>Diese&nbsp;<strong>250W Flickerfreier LED-Treiber<\/strong>&nbsp;ist die professionelle Wahl f\u00fcr alle, die auf der Suche nach&nbsp;<strong>Qualit\u00e4t, Effizienz und Haltbarkeit der Beleuchtung<\/strong>. Ideal f\u00fcr alle, die bei ihren LED-Beleuchtungsprojekten keine Kompromisse bei Sehkomfort und Leistung eingehen wollen.<\/p><h3 class=\"h6\">Produktdatenblatt<\/h3><dl class=\"data-sheet\">\n<dt class=\"name\"><img loading=\"lazy\" decoding=\"async\" src=\"https:\/\/www.factorled.com\/modules\/oa_features\/img\/2-default.jpg\" width=\"32\" height=\"32\">&nbsp;REFERENZ<\/dt>\n<dd class=\"value\">91377-COB<\/dd>\n<dt class=\"name\"><img loading=\"lazy\" decoding=\"async\" src=\"https:\/\/www.factorled.com\/modules\/oa_features\/img\/3-default.jpg\" width=\"32\" height=\"32\">&nbsp;Nennleistung<\/dt>\n<dd class=\"value\">250W<\/dd>\n<dt class=\"name\"><img loading=\"lazy\" decoding=\"async\" src=\"https:\/\/www.factorled.com\/modules\/oa_features\/img\/4-default.jpg\" width=\"32\" height=\"32\">&nbsp;Nennspannung<\/dt>\n<dd class=\"value\">220-240 V AC<\/dd>\n<dt class=\"name\"><img loading=\"lazy\" decoding=\"async\" src=\"https:\/\/www.factorled.com\/modules\/oa_features\/img\/25-default.jpg\" width=\"32\" height=\"32\">&nbsp;Baumaterial<\/dt>\n<dd class=\"value\">Thermoplastischer Kunststoff<\/dd>\n<dt class=\"name\"><img loading=\"lazy\" decoding=\"async\" src=\"https:\/\/www.factorled.com\/modules\/oa_features\/img\/15-default.jpg\" width=\"32\" height=\"32\">&nbsp;Bescheinigungen<\/dt>\n<dd class=\"value\">CE, CMIM, RoHS<\/dd>\n<dt class=\"name\"><img loading=\"lazy\" decoding=\"async\" src=\"https:\/\/www.factorled.com\/modules\/oa_features\/img\/16-default.jpg\" width=\"32\" height=\"32\">&nbsp;IP-Einstufung<\/dt>\n<dd class=\"value\">IP44<\/dd>\n<dt class=\"name\"><img loading=\"lazy\" decoding=\"async\" src=\"https:\/\/www.factorled.com\/modules\/oa_features\/img\/20-default.jpg\" width=\"32\" height=\"32\">&nbsp;Leistungsfaktor (PF)<\/dt>\n<dd class=\"value\">0,95<\/dd>\n<dt class=\"name\"><img loading=\"lazy\" decoding=\"async\" src=\"https:\/\/www.factorled.com\/modules\/oa_features\/img\/22-default.jpg\" width=\"32\" height=\"32\">&nbsp;Temperaturbereich (\u00baC)<\/dt>\n<dd class=\"value\">-10\u00baC ~ +40\u00baC<\/dd>\n<dt class=\"name\"><img loading=\"lazy\" decoding=\"async\" src=\"https:\/\/www.factorled.com\/modules\/oa_features\/img\/23-default.jpg\" width=\"32\" height=\"32\">&nbsp;Z\u00fcndungszyklen<\/dt>\n<dd class=\"value\">100.000<\/dd>\n<dt class=\"name\"><img loading=\"lazy\" decoding=\"async\" src=\"https:\/\/www.factorled.com\/modules\/oa_features\/img\/75-default.jpg\" width=\"32\" height=\"32\">&nbsp;Gew\u00e4hrleistungsjahre<\/dt>\n<dd class=\"value\">3<\/dd>\n<\/dl><\/h1>","protected":false},"excerpt":{"rendered":"<div class=\"product-reference\"><strong><label class=\"label\">Referenz:<\/label> SL91377-COB<\/strong>\n<div><\/div>\n<div class=\"product-description-short\">\n<div id=\"product-description-short-3963\">\n<p>Optimieren Sie Ihre LED-Installationen mit diesem&nbsp;<strong>Flicker Free Driver, entwickelt, um Flimmern zu eliminieren<\/strong>&nbsp;und verbessern den Sehkomfort&nbsp;<strong>en tiras LED COB<\/strong>&nbsp;220 V, selbstjustierend, 10 mm breit (PCB 8 mm). Sie bietet bis zu 250 W Leistung, Schutzart IP44, Leistungsfaktor &gt;0,95 und stabile Leistung, ideal f\u00fcr professionelle, kommerzielle oder dekorative Umgebungen. Perfekt f\u00fcr R\u00e4ume, in denen eine kontinuierliche Beleuchtung ohne Erm\u00fcdung der Augen erforderlich ist.<\/p>\n<\/div>\n<\/div><\/div>","protected":false},"featured_media":43787,"template":"","meta":{"site-sidebar-layout":"default","site-content-layout":"default","ast-global-header-display":"","ast-main-header-display":"","ast-hfb-above-header-display":"","ast-hfb-below-header-display":"","ast-hfb-mobile-header-display":"","site-post-title":"","ast-breadcrumbs-content":"","ast-featured-img":"","footer-sml-layout":"","theme-transparent-header-meta":"default","adv-header-id-meta":"","stick-header-meta":"","header-above-stick-meta":"","header-main-stick-meta":"","header-below-stick-meta":""},"product_cat":[92,24,45],"product_tag":[],"class_list":["post-43784","product","type-product","status-publish","has-post-thumbnail","hentry","product_cat-accesorios-tiras-led","product_cat-novedades","product_cat-tiras-led-y-neon-flexible"],"yoast_head":"<!-- This site is optimized with the Yoast SEO plugin v27.4 - https:\/\/yoast.com\/product\/yoast-seo-wordpress\/ -->\n<title>Driver Flicker Free para Tira LED Autorectificada 220V COB IP65 | 10mm | 250W MAX. - STARLED Iluminacion<\/title>\n<meta name=\"robots\" content=\"index, follow, max-snippet:-1, max-image-preview:large, max-video-preview:-1\" \/>\n<link rel=\"canonical\" href=\"https:\/\/starlediluminacion.com\/de\/product\/driver-flicker-free-para-tira-led-autorectificada-220v-cob-ip65-10mm-250w-max\/\" \/>\n<meta property=\"og:locale\" content=\"de_DE\" \/>\n<meta property=\"og:type\" content=\"article\" \/>\n<meta property=\"og:title\" content=\"Driver Flicker Free para Tira LED Autorectificada 220V COB IP65 | 10mm | 250W MAX. - STARLED Iluminacion\" \/>\n<meta property=\"og:description\" content=\"Referencia: SL91377-COB      Optimiza tus instalaciones LED con este\u00a0Driver Flicker Free, dise\u00f1ado para eliminar el parpadeo\u00a0y mejorar la comodidad visual\u00a0en tiras LED COB\u00a0autorectificadas de 220V\u00a0con ancho de 10mm (PCB 8mm). Ofrece hasta 250W de potencia, protecci\u00f3n IP44,\u00a0factor de potencia &gt;0.95 y un rendimiento estable ideal para entornos profesionales, comerciales o decorativos. Perfecto para espacios de uso prolongado donde se requiere iluminaci\u00f3n continua y sin fatiga ocular.\" \/>\n<meta property=\"og:url\" content=\"https:\/\/starlediluminacion.com\/de\/product\/driver-flicker-free-para-tira-led-autorectificada-220v-cob-ip65-10mm-250w-max\/\" \/>\n<meta property=\"og:site_name\" content=\"STARLED Iluminacion\" \/>\n<meta property=\"article:modified_time\" content=\"2025-10-17T11:19:18+00:00\" \/>\n<meta property=\"og:image\" content=\"https:\/\/starlediluminacion.com\/wp-content\/uploads\/2025\/10\/driver-flicker-free-para-tira-led-autorectificada-220v-cob-ip65-pcb-8mm-250w-max.jpg\" \/>\n\t<meta property=\"og:image:width\" content=\"744\" \/>\n\t<meta property=\"og:image:height\" content=\"800\" \/>\n\t<meta property=\"og:image:type\" content=\"image\/jpeg\" \/>\n<meta name=\"twitter:card\" content=\"summary_large_image\" \/>\n<meta name=\"twitter:label1\" content=\"Gesch\u00e4tzte Lesezeit\" \/>\n\t<meta name=\"twitter:data1\" content=\"2\u00a0Minuten\" \/>\n<script type=\"application\/ld+json\" class=\"yoast-schema-graph\">{\"@context\":\"https:\\\/\\\/schema.org\",\"@graph\":[{\"@type\":\"WebPage\",\"@id\":\"https:\\\/\\\/starlediluminacion.com\\\/producto\\\/driver-flicker-free-para-tira-led-autorectificada-220v-cob-ip65-10mm-250w-max\\\/\",\"url\":\"https:\\\/\\\/starlediluminacion.com\\\/producto\\\/driver-flicker-free-para-tira-led-autorectificada-220v-cob-ip65-10mm-250w-max\\\/\",\"name\":\"Driver Flicker Free para Tira LED Autorectificada 220V COB IP65 | 10mm | 250W MAX. - STARLED Iluminacion\",\"isPartOf\":{\"@id\":\"https:\\\/\\\/starlediluminacion.com\\\/#website\"},\"primaryImageOfPage\":{\"@id\":\"https:\\\/\\\/starlediluminacion.com\\\/producto\\\/driver-flicker-free-para-tira-led-autorectificada-220v-cob-ip65-10mm-250w-max\\\/#primaryimage\"},\"image\":{\"@id\":\"https:\\\/\\\/starlediluminacion.com\\\/producto\\\/driver-flicker-free-para-tira-led-autorectificada-220v-cob-ip65-10mm-250w-max\\\/#primaryimage\"},\"thumbnailUrl\":\"https:\\\/\\\/starlediluminacion.com\\\/wp-content\\\/uploads\\\/2025\\\/10\\\/driver-flicker-free-para-tira-led-autorectificada-220v-cob-ip65-pcb-8mm-250w-max.jpg\",\"datePublished\":\"2025-10-17T11:17:04+00:00\",\"dateModified\":\"2025-10-17T11:19:18+00:00\",\"breadcrumb\":{\"@id\":\"https:\\\/\\\/starlediluminacion.com\\\/producto\\\/driver-flicker-free-para-tira-led-autorectificada-220v-cob-ip65-10mm-250w-max\\\/#breadcrumb\"},\"inLanguage\":\"de\",\"potentialAction\":[{\"@type\":\"ReadAction\",\"target\":[\"https:\\\/\\\/starlediluminacion.com\\\/producto\\\/driver-flicker-free-para-tira-led-autorectificada-220v-cob-ip65-10mm-250w-max\\\/\"]}]},{\"@type\":\"ImageObject\",\"inLanguage\":\"de\",\"@id\":\"https:\\\/\\\/starlediluminacion.com\\\/producto\\\/driver-flicker-free-para-tira-led-autorectificada-220v-cob-ip65-10mm-250w-max\\\/#primaryimage\",\"url\":\"https:\\\/\\\/starlediluminacion.com\\\/wp-content\\\/uploads\\\/2025\\\/10\\\/driver-flicker-free-para-tira-led-autorectificada-220v-cob-ip65-pcb-8mm-250w-max.jpg\",\"contentUrl\":\"https:\\\/\\\/starlediluminacion.com\\\/wp-content\\\/uploads\\\/2025\\\/10\\\/driver-flicker-free-para-tira-led-autorectificada-220v-cob-ip65-pcb-8mm-250w-max.jpg\",\"width\":744,\"height\":800},{\"@type\":\"BreadcrumbList\",\"@id\":\"https:\\\/\\\/starlediluminacion.com\\\/producto\\\/driver-flicker-free-para-tira-led-autorectificada-220v-cob-ip65-10mm-250w-max\\\/#breadcrumb\",\"itemListElement\":[{\"@type\":\"ListItem\",\"position\":1,\"name\":\"Portada\",\"item\":\"https:\\\/\\\/starlediluminacion.com\\\/\"},{\"@type\":\"ListItem\",\"position\":2,\"name\":\"Shop\",\"item\":\"https:\\\/\\\/starlediluminacion.com\\\/shop-2\\\/\"},{\"@type\":\"ListItem\",\"position\":3,\"name\":\"Driver Flicker Free para Tira LED Autorectificada 220V COB IP65 | 10mm | 250W MAX.\"}]},{\"@type\":\"WebSite\",\"@id\":\"https:\\\/\\\/starlediluminacion.com\\\/#website\",\"url\":\"https:\\\/\\\/starlediluminacion.com\\\/\",\"name\":\"STARLED Iluminacion\",\"description\":\"\",\"potentialAction\":[{\"@type\":\"SearchAction\",\"target\":{\"@type\":\"EntryPoint\",\"urlTemplate\":\"https:\\\/\\\/starlediluminacion.com\\\/?s={search_term_string}\"},\"query-input\":{\"@type\":\"PropertyValueSpecification\",\"valueRequired\":true,\"valueName\":\"search_term_string\"}}],\"inLanguage\":\"de\"}]}<\/script>\n<!-- \/ Yoast SEO plugin. -->","yoast_head_json":{"title":"Driver Flicker Free para Tira LED Autorectificada 220V COB IP65 | 10mm | 250W MAX. - STARLED Iluminacion","robots":{"index":"index","follow":"follow","max-snippet":"max-snippet:-1","max-image-preview":"max-image-preview:large","max-video-preview":"max-video-preview:-1"},"canonical":"https:\/\/starlediluminacion.com\/de\/product\/driver-flicker-free-para-tira-led-autorectificada-220v-cob-ip65-10mm-250w-max\/","og_locale":"de_DE","og_type":"article","og_title":"Driver Flicker Free para Tira LED Autorectificada 220V COB IP65 | 10mm | 250W MAX. - STARLED Iluminacion","og_description":"Referencia: SL91377-COB      Optimiza tus instalaciones LED con este\u00a0Driver Flicker Free, dise\u00f1ado para eliminar el parpadeo\u00a0y mejorar la comodidad visual\u00a0en tiras LED COB\u00a0autorectificadas de 220V\u00a0con ancho de 10mm (PCB 8mm). Ofrece hasta 250W de potencia, protecci\u00f3n IP44,\u00a0factor de potencia &gt;0.95 y un rendimiento estable ideal para entornos profesionales, comerciales o decorativos. Perfecto para espacios de uso prolongado donde se requiere iluminaci\u00f3n continua y sin fatiga ocular.","og_url":"https:\/\/starlediluminacion.com\/de\/product\/driver-flicker-free-para-tira-led-autorectificada-220v-cob-ip65-10mm-250w-max\/","og_site_name":"STARLED Iluminacion","article_modified_time":"2025-10-17T11:19:18+00:00","og_image":[{"width":744,"height":800,"url":"https:\/\/starlediluminacion.com\/wp-content\/uploads\/2025\/10\/driver-flicker-free-para-tira-led-autorectificada-220v-cob-ip65-pcb-8mm-250w-max.jpg","type":"image\/jpeg"}],"twitter_card":"summary_large_image","twitter_misc":{"Gesch\u00e4tzte Lesezeit":"2\u00a0Minuten"},"schema":{"@context":"https:\/\/schema.org","@graph":[{"@type":"WebPage","@id":"https:\/\/starlediluminacion.com\/producto\/driver-flicker-free-para-tira-led-autorectificada-220v-cob-ip65-10mm-250w-max\/","url":"https:\/\/starlediluminacion.com\/producto\/driver-flicker-free-para-tira-led-autorectificada-220v-cob-ip65-10mm-250w-max\/","name":"Driver Flicker Free para Tira LED Autorectificada 220V COB IP65 | 10mm | 250W MAX. - STARLED Iluminacion","isPartOf":{"@id":"https:\/\/starlediluminacion.com\/#website"},"primaryImageOfPage":{"@id":"https:\/\/starlediluminacion.com\/producto\/driver-flicker-free-para-tira-led-autorectificada-220v-cob-ip65-10mm-250w-max\/#primaryimage"},"image":{"@id":"https:\/\/starlediluminacion.com\/producto\/driver-flicker-free-para-tira-led-autorectificada-220v-cob-ip65-10mm-250w-max\/#primaryimage"},"thumbnailUrl":"https:\/\/starlediluminacion.com\/wp-content\/uploads\/2025\/10\/driver-flicker-free-para-tira-led-autorectificada-220v-cob-ip65-pcb-8mm-250w-max.jpg","datePublished":"2025-10-17T11:17:04+00:00","dateModified":"2025-10-17T11:19:18+00:00","breadcrumb":{"@id":"https:\/\/starlediluminacion.com\/producto\/driver-flicker-free-para-tira-led-autorectificada-220v-cob-ip65-10mm-250w-max\/#breadcrumb"},"inLanguage":"de","potentialAction":[{"@type":"ReadAction","target":["https:\/\/starlediluminacion.com\/producto\/driver-flicker-free-para-tira-led-autorectificada-220v-cob-ip65-10mm-250w-max\/"]}]},{"@type":"ImageObject","inLanguage":"de","@id":"https:\/\/starlediluminacion.com\/producto\/driver-flicker-free-para-tira-led-autorectificada-220v-cob-ip65-10mm-250w-max\/#primaryimage","url":"https:\/\/starlediluminacion.com\/wp-content\/uploads\/2025\/10\/driver-flicker-free-para-tira-led-autorectificada-220v-cob-ip65-pcb-8mm-250w-max.jpg","contentUrl":"https:\/\/starlediluminacion.com\/wp-content\/uploads\/2025\/10\/driver-flicker-free-para-tira-led-autorectificada-220v-cob-ip65-pcb-8mm-250w-max.jpg","width":744,"height":800},{"@type":"BreadcrumbList","@id":"https:\/\/starlediluminacion.com\/producto\/driver-flicker-free-para-tira-led-autorectificada-220v-cob-ip65-10mm-250w-max\/#breadcrumb","itemListElement":[{"@type":"ListItem","position":1,"name":"Portada","item":"https:\/\/starlediluminacion.com\/"},{"@type":"ListItem","position":2,"name":"Shop","item":"https:\/\/starlediluminacion.com\/shop-2\/"},{"@type":"ListItem","position":3,"name":"Driver Flicker Free para Tira LED Autorectificada 220V COB IP65 | 10mm | 250W MAX."}]},{"@type":"WebSite","@id":"https:\/\/starlediluminacion.com\/#website","url":"https:\/\/starlediluminacion.com\/","name":"STARLED Iluminacion","description":"","potentialAction":[{"@type":"SearchAction","target":{"@type":"EntryPoint","urlTemplate":"https:\/\/starlediluminacion.com\/?s={search_term_string}"},"query-input":{"@type":"PropertyValueSpecification","valueRequired":true,"valueName":"search_term_string"}}],"inLanguage":"de"}]}},"_links":{"self":[{"href":"https:\/\/starlediluminacion.com\/de\/wp-json\/wp\/v3\/product\/43784","targetHints":{"allow":["GET"]}}],"collection":[{"href":"https:\/\/starlediluminacion.com\/de\/wp-json\/wp\/v3\/product"}],"about":[{"href":"https:\/\/starlediluminacion.com\/de\/wp-json\/wp\/v2\/types\/product"}],"wp:featuredmedia":[{"embeddable":true,"href":"https:\/\/starlediluminacion.com\/de\/wp-json\/wp\/v2\/media\/43787"}],"wp:attachment":[{"href":"https:\/\/starlediluminacion.com\/de\/wp-json\/wp\/v2\/media?parent=43784"}],"wp:term":[{"taxonomy":"product_cat","embeddable":true,"href":"https:\/\/starlediluminacion.com\/de\/wp-json\/wp\/v2\/product_cat?post=43784"},{"taxonomy":"product_tag","embeddable":true,"href":"https:\/\/starlediluminacion.com\/de\/wp-json\/wp\/v2\/product_tag?post=43784"}],"curies":[{"name":"wp","href":"https:\/\/api.w.org\/{rel}","templated":true}]}}